{"id":22716,"date":"2021-06-12T14:18:58","date_gmt":"2021-06-12T12:18:58","guid":{"rendered":"https:\/\/wodgear.sk\/?post_type=product&#038;p=22716"},"modified":"2024-11-13T09:23:35","modified_gmt":"2024-11-13T08:23:35","slug":"indoor-jcups-l-pro","status":"publish","type":"product","link":"https:\/\/wodgear.sk\/en\/product\/indoor-jcups-l-pro\/","title":{"rendered":"JCUPS L <span>PRO<\/span>"},"content":{"rendered":"<!DOCTYPE html PUBLIC \"-\/\/W3C\/\/DTD HTML 4.0 Transitional\/\/EN\" \"http:\/\/www.w3.org\/TR\/REC-html40\/loose.dtd\">\n<html><head><meta http-equiv=\"content-type\" content=\"text\/html; charset=utf-8\"><\/head><body><p>\u00dachyty na \u010dinku s\u00fa jedn\u00fdm zo z\u00e1kladn\u00fdch doplnkov pre na\u0161e silov\u00e9 kon\u0161trukcie. S\u00fa ur\u010den\u00e9 pre drepovacie stanovi\u0161tia na odkladanie \u010diniek pri cvi\u010den\u00ed. V\u010faka modern\u00e9mu kotevn\u00e9mu syst\u00e9mu s\u00fa JCUPS L PRO jednoducho odn\u00edmate\u013en\u00e9 a pritom extr\u00e9mne pevn\u00e9. Znes\u00fa vysok\u00fa z\u00e1\u0165a\u017e a v\u010faka trom UHMW l\u00f4\u017ekam na zadnej strane lep\u0161ie chr\u00e1nia kon\u0161trukciu a samotn\u00e9 odklada\u010de pred po\u0161koden\u00edm. \u010eal\u0161ie 3cm \u0161irok\u00e9 UHMW l\u00f4\u017eko chr\u00e1ni \u010dinku pred po\u0161koden\u00edm. Oproti verzii M pon\u00fakaj\u00fa vy\u0161\u0161iu vertik\u00e1lnu sty\u010dn\u00fa plochu a mo\u017enos\u0165 upravi\u0165 si h\u00e1ky vlastn\u00fdm logom.<\/p>\n<\/body><\/html>","protected":false},"excerpt":{"rendered":"<table>\n<tbody>\n<tr>\n<td>Minimal capacity:<\/td>\n<td>430 kg\/p\u00e1r<\/td>\n<\/tr>\n<tr>\n<td>\u010cinky:<\/td>\n<td>do 50 mm<\/td>\n<\/tr>\n<tr>\n<td>Presun:<\/td>\n<td>ru\u010dn\u00fd &#8211; samoistiaci<\/td>\n<\/tr>\n<tr>\n<td>Wear strips:<\/td>\n<td>plast &#8211; UHMW<\/td>\n<\/tr>\n<tr>\n<td>Info:<\/td>\n<td>possibility to make with your own logo<\/td>\n<\/tr>\n<tr>\n<td>Color:<\/td>\n<td>pod\u013ea palety <a href=\"https:\/\/wodgear.sk\/wp-content\/uploads\/2024\/11\/vzorkovnik_palety_ral.pdf\"><span style=\"color: #000000;\">RAL<\/span><\/a><\/td>\n<\/tr>\n<tr>\n<td>Manufacturer:<\/td>\n<td>WODGEAR, s.r.o. SVK<\/td>\n<\/tr>\n<\/tbody>\n<\/table>","protected":false},"featured_media":22724,"template":"","meta":[],"yoast_head":"<!-- This site is optimized with the Yoast SEO plugin v14.8.1 - https:\/\/yoast.com\/wordpress\/plugins\/seo\/ -->\n<title>WODGEAR | JCUPS L PRO<\/title>\n<meta name=\"description\" content=\"\u00dachyty na \u010dinku s\u00fa jedn\u00fdm zo z\u00e1kladn\u00fdch doplnkov pre na\u0161e silov\u00e9 kon\u0161trukcie. JCUPS s\u00fa ur\u010den\u00e9 na odkladanie \u010diniek pri cvi\u010den\u00ed.\" \/>\n<meta name=\"robots\" content=\"index, follow\" \/>\n<meta name=\"googlebot\" content=\"index, follow, max-snippet:-1, max-image-preview:large, max-video-preview:-1\" \/>\n<meta name=\"bingbot\" content=\"index, follow, max-snippet:-1, max-image-preview:large, max-video-preview:-1\" \/>\n<link rel=\"canonical\" href=\"https:\/\/wodgear.sk\/en\/product\/indoor-jcups-l-pro\/\" \/>\n<meta property=\"og:locale\" content=\"en_US\" \/>\n<meta property=\"og:type\" content=\"article\" \/>\n<meta property=\"og:title\" content=\"WODGEAR | JCUPS L PRO\" \/>\n<meta property=\"og:description\" content=\"\u00dachyty na \u010dinku s\u00fa jedn\u00fdm zo z\u00e1kladn\u00fdch doplnkov pre na\u0161e silov\u00e9 kon\u0161trukcie. JCUPS s\u00fa ur\u010den\u00e9 na odkladanie \u010diniek pri cvi\u010den\u00ed.\" \/>\n<meta property=\"og:url\" content=\"https:\/\/wodgear.sk\/en\/product\/indoor-jcups-l-pro\/\" \/>\n<meta property=\"og:site_name\" content=\"WODGEAR\" \/>\n<meta property=\"article:modified_time\" content=\"2024-11-13T08:23:35+00:00\" \/>\n<meta property=\"og:image\" content=\"https:\/\/wodgear.sk\/wp-content\/uploads\/2021\/06\/jcups_l_pro_seo.png\" \/>\n\t<meta property=\"og:image:width\" content=\"1200\" \/>\n\t<meta property=\"og:image:height\" content=\"800\" \/>\n<meta name=\"twitter:card\" content=\"summary_large_image\" \/>\n<script type=\"application\/ld+json\" class=\"yoast-schema-graph\">{\"@context\":\"https:\/\/schema.org\",\"@graph\":[{\"@type\":\"WebSite\",\"@id\":\"https:\/\/wodgear.sk\/en\/#website\",\"url\":\"https:\/\/wodgear.sk\/en\/\",\"name\":\"WODGEAR\",\"description\":\"#MakingLifeHarder\",\"potentialAction\":[{\"@type\":\"SearchAction\",\"target\":\"https:\/\/wodgear.sk\/en\/?s={search_term_string}\",\"query-input\":\"required name=search_term_string\"}],\"inLanguage\":\"en-US\"},{\"@type\":\"ImageObject\",\"@id\":\"https:\/\/wodgear.sk\/produkt\/indoor-jcups-l-pro\/#primaryimage\",\"inLanguage\":\"en-US\",\"url\":\"https:\/\/wodgear.sk\/wp-content\/uploads\/2021\/06\/jcups_l_pro_var_main.png\",\"width\":1200,\"height\":800},{\"@type\":\"WebPage\",\"@id\":\"https:\/\/wodgear.sk\/produkt\/indoor-jcups-l-pro\/#webpage\",\"url\":\"https:\/\/wodgear.sk\/produkt\/indoor-jcups-l-pro\/\",\"name\":\"WODGEAR | JCUPS L PRO\",\"isPartOf\":{\"@id\":\"https:\/\/wodgear.sk\/en\/#website\"},\"primaryImageOfPage\":{\"@id\":\"https:\/\/wodgear.sk\/produkt\/indoor-jcups-l-pro\/#primaryimage\"},\"datePublished\":\"2021-06-12T12:18:58+00:00\",\"dateModified\":\"2024-11-13T08:23:35+00:00\",\"description\":\"\\u00dachyty na \\u010dinku s\\u00fa jedn\\u00fdm zo z\\u00e1kladn\\u00fdch doplnkov pre na\\u0161e silov\\u00e9 kon\\u0161trukcie. JCUPS s\\u00fa ur\\u010den\\u00e9 na odkladanie \\u010diniek pri cvi\\u010den\\u00ed.\",\"inLanguage\":\"en-US\",\"potentialAction\":[{\"@type\":\"ReadAction\",\"target\":[\"https:\/\/wodgear.sk\/produkt\/indoor-jcups-l-pro\/\"]}]}]}<\/script>\n<!-- \/ Yoast SEO plugin. -->","_links":{"self":[{"href":"https:\/\/wodgear.sk\/en\/wp-json\/wp\/v2\/product\/22716"}],"collection":[{"href":"https:\/\/wodgear.sk\/en\/wp-json\/wp\/v2\/product"}],"about":[{"href":"https:\/\/wodgear.sk\/en\/wp-json\/wp\/v2\/types\/product"}],"wp:featuredmedia":[{"embeddable":true,"href":"https:\/\/wodgear.sk\/en\/wp-json\/wp\/v2\/media\/22724"}],"wp:attachment":[{"href":"https:\/\/wodgear.sk\/en\/wp-json\/wp\/v2\/media?parent=22716"}],"curies":[{"name":"wp","href":"https:\/\/api.w.org\/{rel}","templated":true}]}}