{"id":22729,"date":"2021-06-14T18:42:58","date_gmt":"2021-06-14T16:42:58","guid":{"rendered":"https:\/\/wodgear.sk\/?post_type=product&#038;p=22729"},"modified":"2024-11-12T15:37:08","modified_gmt":"2024-11-12T14:37:08","slug":"outdoor-target-pro","status":"publish","type":"product","link":"https:\/\/wodgear.sk\/en\/product\/outdoor-target-pro\/","title":{"rendered":"TARGET <span>PRO<\/span>"},"content":{"rendered":"<!DOCTYPE html PUBLIC \"-\/\/W3C\/\/DTD HTML 4.0 Transitional\/\/EN\" \"http:\/\/www.w3.org\/TR\/REC-html40\/loose.dtd\">\n<html><head><meta http-equiv=\"content-type\" content=\"text\/html; charset=utf-8\"><\/head><body><p>TARGET PRO je ter\u010dom na WALL BALL pre na\u0161e vonkaj\u0161ie kon\u0161trukcie. Oproti \u0161tandardnej verzii TARGET pon\u00faka rovno dva ofici\u00e1lne v\u00fd\u0161ky ter\u010dov. A to 280cm a 300cm. Navy\u0161e ho m\u00f4\u017eete oto\u010di\u0165 na nosn\u00edku tak, aby ste pri cvi\u010den\u00ed mali \u010do najv\u00e4\u010d\u0161\u00ed komfort.<\/p>\n<\/body><\/html>","protected":false},"excerpt":{"rendered":"<table>\n<tbody>\n<tr>\n<td>Height:<\/td>\n<td>3000\/3200\/na mieru mm<\/td>\n<\/tr>\n<tr>\n<td>Osadenie:<\/td>\n<td>2800\/3000\/na mieru mm<\/td>\n<\/tr>\n<tr>\n<td>Diameter:<\/td>\n<td>400 mm<\/td>\n<\/tr>\n<tr>\n<td>Weight:<\/td>\n<td>25.0 kg<\/td>\n<\/tr>\n<tr>\n<td>Rozsah:<\/td>\n<td>180\u00b0<\/td>\n<\/tr>\n<tr>\n<td>Stanovi\u0161tia:<\/td>\n<td>2+<\/td>\n<\/tr>\n<tr>\n<td>Capacity:<\/td>\n<td>1+<\/td>\n<\/tr>\n<tr>\n<td>Info:<\/td>\n<td>possibility of diameter customization<\/td>\n<\/tr>\n<tr>\n<td>Norm:<\/td>\n<td>EN STN 16630:2015<\/td>\n<\/tr>\n<tr>\n<td>Color:<\/td>\n<td>pod\u013ea palety <a href=\"https:\/\/wodgear.sk\/wp-content\/uploads\/2024\/11\/vzorkovnik_palety_ral.pdf\"><span style=\"color: #000000;\">RAL<\/span><\/a><\/td>\n<\/tr>\n<tr>\n<td>Surface:<\/td>\n<td>sandblasted\/zinc-epoxy\/komaxite<\/td>\n<\/tr>\n<tr>\n<td>Manufacturer:<\/td>\n<td>WODGEAR, s.r.o. SVK<\/td>\n<\/tr>\n<\/tbody>\n<\/table>","protected":false},"featured_media":22725,"template":"","meta":[],"yoast_head":"<!-- This site is optimized with the Yoast SEO plugin v14.8.1 - https:\/\/yoast.com\/wordpress\/plugins\/seo\/ -->\n<title>WODGEAR | TARGET PRO<\/title>\n<meta name=\"description\" content=\"TARGET PRO je ter\u010dom na WALL BALL pre na\u0161e vonkaj\u0161ie kon\u0161trukcie. Oproti \u0161tandardnej verzii TARGET pon\u00faka rovno dva ofici\u00e1lne v\u00fd\u0161ky ter\u010dov.\" \/>\n<meta name=\"robots\" content=\"index, follow\" \/>\n<meta name=\"googlebot\" content=\"index, follow, max-snippet:-1, max-image-preview:large, max-video-preview:-1\" \/>\n<meta name=\"bingbot\" content=\"index, follow, max-snippet:-1, max-image-preview:large, max-video-preview:-1\" \/>\n<link rel=\"canonical\" href=\"https:\/\/wodgear.sk\/en\/product\/outdoor-target-pro\/\" \/>\n<meta property=\"og:locale\" content=\"en_US\" \/>\n<meta property=\"og:type\" content=\"article\" \/>\n<meta property=\"og:title\" content=\"WODGEAR | TARGET PRO\" \/>\n<meta property=\"og:description\" content=\"TARGET PRO je ter\u010dom na WALL BALL pre na\u0161e vonkaj\u0161ie kon\u0161trukcie. Oproti \u0161tandardnej verzii TARGET pon\u00faka rovno dva ofici\u00e1lne v\u00fd\u0161ky ter\u010dov.\" \/>\n<meta property=\"og:url\" content=\"https:\/\/wodgear.sk\/en\/product\/outdoor-target-pro\/\" \/>\n<meta property=\"og:site_name\" content=\"WODGEAR\" \/>\n<meta property=\"article:modified_time\" content=\"2024-11-12T14:37:08+00:00\" \/>\n<meta property=\"og:image\" content=\"https:\/\/wodgear.sk\/wp-content\/uploads\/2021\/06\/target_pro_outdoor_seo.png\" \/>\n\t<meta property=\"og:image:width\" content=\"1200\" \/>\n\t<meta property=\"og:image:height\" content=\"800\" \/>\n<meta name=\"twitter:card\" content=\"summary_large_image\" \/>\n<script type=\"application\/ld+json\" class=\"yoast-schema-graph\">{\"@context\":\"https:\/\/schema.org\",\"@graph\":[{\"@type\":\"WebSite\",\"@id\":\"https:\/\/wodgear.sk\/en\/#website\",\"url\":\"https:\/\/wodgear.sk\/en\/\",\"name\":\"WODGEAR\",\"description\":\"#MakingLifeHarder\",\"potentialAction\":[{\"@type\":\"SearchAction\",\"target\":\"https:\/\/wodgear.sk\/en\/?s={search_term_string}\",\"query-input\":\"required name=search_term_string\"}],\"inLanguage\":\"en-US\"},{\"@type\":\"ImageObject\",\"@id\":\"https:\/\/wodgear.sk\/produkt\/outdoor-target-pro\/#primaryimage\",\"inLanguage\":\"en-US\",\"url\":\"https:\/\/wodgear.sk\/wp-content\/uploads\/2021\/06\/target_pro_outdoor_main.png\",\"width\":1200,\"height\":800},{\"@type\":\"WebPage\",\"@id\":\"https:\/\/wodgear.sk\/produkt\/outdoor-target-pro\/#webpage\",\"url\":\"https:\/\/wodgear.sk\/produkt\/outdoor-target-pro\/\",\"name\":\"WODGEAR | TARGET PRO\",\"isPartOf\":{\"@id\":\"https:\/\/wodgear.sk\/en\/#website\"},\"primaryImageOfPage\":{\"@id\":\"https:\/\/wodgear.sk\/produkt\/outdoor-target-pro\/#primaryimage\"},\"datePublished\":\"2021-06-14T16:42:58+00:00\",\"dateModified\":\"2024-11-12T14:37:08+00:00\",\"description\":\"TARGET PRO je ter\\u010dom na WALL BALL pre na\\u0161e vonkaj\\u0161ie kon\\u0161trukcie. Oproti \\u0161tandardnej verzii TARGET pon\\u00faka rovno dva ofici\\u00e1lne v\\u00fd\\u0161ky ter\\u010dov.\",\"inLanguage\":\"en-US\",\"potentialAction\":[{\"@type\":\"ReadAction\",\"target\":[\"https:\/\/wodgear.sk\/produkt\/outdoor-target-pro\/\"]}]}]}<\/script>\n<!-- \/ Yoast SEO plugin. -->","_links":{"self":[{"href":"https:\/\/wodgear.sk\/en\/wp-json\/wp\/v2\/product\/22729"}],"collection":[{"href":"https:\/\/wodgear.sk\/en\/wp-json\/wp\/v2\/product"}],"about":[{"href":"https:\/\/wodgear.sk\/en\/wp-json\/wp\/v2\/types\/product"}],"wp:featuredmedia":[{"embeddable":true,"href":"https:\/\/wodgear.sk\/en\/wp-json\/wp\/v2\/media\/22725"}],"wp:attachment":[{"href":"https:\/\/wodgear.sk\/en\/wp-json\/wp\/v2\/media?parent=22729"}],"curies":[{"name":"wp","href":"https:\/\/api.w.org\/{rel}","templated":true}]}}