{"id":22758,"date":"2021-06-23T11:22:29","date_gmt":"2021-06-23T09:22:29","guid":{"rendered":"https:\/\/wodgear.sk\/?post_type=product&#038;p=22758"},"modified":"2024-11-12T15:30:30","modified_gmt":"2024-11-12T14:30:30","slug":"outdoor-battle-monkey","status":"publish","type":"product","link":"https:\/\/wodgear.sk\/en\/product\/outdoor-battle-monkey\/","title":{"rendered":"BATTLE MONKEY"},"content":{"rendered":"<!DOCTYPE html PUBLIC \"-\/\/W3C\/\/DTD HTML 4.0 Transitional\/\/EN\" \"http:\/\/www.w3.org\/TR\/REC-html40\/loose.dtd\">\n<html><head><meta http-equiv=\"content-type\" content=\"text\/html; charset=utf-8\"><\/head><body><p>BATTLE MONKEY je r\u00fa\u010dkovac\u00ed rebr\u00edk pre na\u0161e OUTDOOR a GARDEN zostavy. Jeho z\u00e1kladom je r\u00fa\u010dkovacia dr\u00e1ha s r\u00f4znymi \u00fachytmi. Gule s r\u00f4znym priemerom, obd\u013a\u017enikov\u00e9 profily, r\u00farky a pod. Okrem tejto dr\u00e1hy BATTLE MONKEY pon\u00faka aj klasick\u00fd r\u00fa\u010dkovac\u00ed rebr\u00edk, FAT-GRIP hrazdu a dr\u00e1hu pre kruhy. Pon\u00fakame ju v dvoch r\u00f4znych d\u013a\u017ekach. 2m a 2,9m.<\/p>\n<\/body><\/html>","protected":false},"excerpt":{"rendered":"<table>\n<tbody>\n<tr>\n<td>Height:<\/td>\n<td>2400\/na mieru mm<\/td>\n<\/tr>\n<tr>\n<td>Width:<\/td>\n<td>2000\/2900\/ na mieru mm<\/td>\n<\/tr>\n<tr>\n<td>Depth:<\/td>\n<td>1080\/1200\/1400mm \/custom-made<\/td>\n<\/tr>\n<tr>\n<td>Weight:<\/td>\n<td>od 55.0 kg<\/td>\n<\/tr>\n<tr>\n<td>Stanovi\u0161tia:<\/td>\n<td>3+<\/td>\n<\/tr>\n<tr>\n<td>Capacity:<\/td>\n<td>1+<\/td>\n<\/tr>\n<tr>\n<td>Info:<\/td>\n<td>\u00fachopy nie s\u00fa v z\u00e1kladnom balen\u00ed<\/td>\n<\/tr>\n<tr>\n<td>Norm:<\/td>\n<td>STN EN 16630:2015<\/td>\n<\/tr>\n<tr>\n<td>Color:<\/td>\n<td>pod\u013ea palety <a href=\"https:\/\/wodgear.sk\/wp-content\/uploads\/2024\/11\/vzorkovnik_palety_ral.pdf\"><span style=\"color: #000000;\">RAL<\/span><\/a><\/td>\n<\/tr>\n<tr>\n<td>Surface:<\/td>\n<td>sandblasted\/zinc-epoxy\/komaxite<\/td>\n<\/tr>\n<tr>\n<td>Manufacturer:<\/td>\n<td>WODGEAR, s.r.o. SVK<\/td>\n<\/tr>\n<\/tbody>\n<\/table>","protected":false},"featured_media":22759,"template":"","meta":[],"yoast_head":"<!-- This site is optimized with the Yoast SEO plugin v14.8.1 - https:\/\/yoast.com\/wordpress\/plugins\/seo\/ -->\n<title>WODGEAR | BATTLE MONKEY<\/title>\n<meta name=\"description\" content=\"BATTLE MONKEY je r\u00fa\u010dkovac\u00ed rebr\u00edk pre na\u0161e OUTDOOR a GARDEN zostavy. Jeho z\u00e1kladom je r\u00fa\u010dkovacia dr\u00e1ha s r\u00f4znymi \u00fachytmi.\" \/>\n<meta name=\"robots\" content=\"index, follow\" \/>\n<meta name=\"googlebot\" content=\"index, follow, max-snippet:-1, max-image-preview:large, max-video-preview:-1\" \/>\n<meta name=\"bingbot\" content=\"index, follow, max-snippet:-1, max-image-preview:large, max-video-preview:-1\" \/>\n<link rel=\"canonical\" href=\"https:\/\/wodgear.sk\/en\/product\/outdoor-battle-monkey\/\" \/>\n<meta property=\"og:locale\" content=\"en_US\" \/>\n<meta property=\"og:type\" content=\"article\" \/>\n<meta property=\"og:title\" content=\"WODGEAR | BATTLE MONKEY\" \/>\n<meta property=\"og:description\" content=\"BATTLE MONKEY je r\u00fa\u010dkovac\u00ed rebr\u00edk pre na\u0161e OUTDOOR a GARDEN zostavy. Jeho z\u00e1kladom je r\u00fa\u010dkovacia dr\u00e1ha s r\u00f4znymi \u00fachytmi.\" \/>\n<meta property=\"og:url\" content=\"https:\/\/wodgear.sk\/en\/product\/outdoor-battle-monkey\/\" \/>\n<meta property=\"og:site_name\" content=\"WODGEAR\" \/>\n<meta property=\"article:modified_time\" content=\"2024-11-12T14:30:30+00:00\" \/>\n<meta property=\"og:image\" content=\"https:\/\/wodgear.sk\/wp-content\/uploads\/2021\/06\/battle_monkey_seo.png\" \/>\n\t<meta property=\"og:image:width\" content=\"1200\" \/>\n\t<meta property=\"og:image:height\" content=\"800\" \/>\n<meta name=\"twitter:card\" content=\"summary_large_image\" \/>\n<script type=\"application\/ld+json\" class=\"yoast-schema-graph\">{\"@context\":\"https:\/\/schema.org\",\"@graph\":[{\"@type\":\"WebSite\",\"@id\":\"https:\/\/wodgear.sk\/en\/#website\",\"url\":\"https:\/\/wodgear.sk\/en\/\",\"name\":\"WODGEAR\",\"description\":\"#MakingLifeHarder\",\"potentialAction\":[{\"@type\":\"SearchAction\",\"target\":\"https:\/\/wodgear.sk\/en\/?s={search_term_string}\",\"query-input\":\"required name=search_term_string\"}],\"inLanguage\":\"en-US\"},{\"@type\":\"ImageObject\",\"@id\":\"https:\/\/wodgear.sk\/produkt\/outdoor-battle-monkey\/#primaryimage\",\"inLanguage\":\"en-US\",\"url\":\"https:\/\/wodgear.sk\/wp-content\/uploads\/2021\/06\/battle_monkey_main.png\",\"width\":1200,\"height\":800},{\"@type\":\"WebPage\",\"@id\":\"https:\/\/wodgear.sk\/produkt\/outdoor-battle-monkey\/#webpage\",\"url\":\"https:\/\/wodgear.sk\/produkt\/outdoor-battle-monkey\/\",\"name\":\"WODGEAR | BATTLE MONKEY\",\"isPartOf\":{\"@id\":\"https:\/\/wodgear.sk\/en\/#website\"},\"primaryImageOfPage\":{\"@id\":\"https:\/\/wodgear.sk\/produkt\/outdoor-battle-monkey\/#primaryimage\"},\"datePublished\":\"2021-06-23T09:22:29+00:00\",\"dateModified\":\"2024-11-12T14:30:30+00:00\",\"description\":\"BATTLE MONKEY je r\\u00fa\\u010dkovac\\u00ed rebr\\u00edk pre na\\u0161e OUTDOOR a GARDEN zostavy. Jeho z\\u00e1kladom je r\\u00fa\\u010dkovacia dr\\u00e1ha s r\\u00f4znymi \\u00fachytmi.\",\"inLanguage\":\"en-US\",\"potentialAction\":[{\"@type\":\"ReadAction\",\"target\":[\"https:\/\/wodgear.sk\/produkt\/outdoor-battle-monkey\/\"]}]}]}<\/script>\n<!-- \/ Yoast SEO plugin. -->","_links":{"self":[{"href":"https:\/\/wodgear.sk\/en\/wp-json\/wp\/v2\/product\/22758"}],"collection":[{"href":"https:\/\/wodgear.sk\/en\/wp-json\/wp\/v2\/product"}],"about":[{"href":"https:\/\/wodgear.sk\/en\/wp-json\/wp\/v2\/types\/product"}],"wp:featuredmedia":[{"embeddable":true,"href":"https:\/\/wodgear.sk\/en\/wp-json\/wp\/v2\/media\/22759"}],"wp:attachment":[{"href":"https:\/\/wodgear.sk\/en\/wp-json\/wp\/v2\/media?parent=22758"}],"curies":[{"name":"wp","href":"https:\/\/api.w.org\/{rel}","templated":true}]}}