{"id":22770,"date":"2021-06-23T14:17:43","date_gmt":"2021-06-23T12:17:43","guid":{"rendered":"https:\/\/wodgear.sk\/?post_type=product&#038;p=22770"},"modified":"2024-11-14T10:48:40","modified_gmt":"2024-11-14T09:48:40","slug":"indoor-roller","status":"publish","type":"product","link":"https:\/\/wodgear.sk\/en\/product\/indoor-roller\/","title":{"rendered":"ROLLER"},"content":{"rendered":"<!DOCTYPE html PUBLIC \"-\/\/W3C\/\/DTD HTML 4.0 Transitional\/\/EN\" \"http:\/\/www.w3.org\/TR\/REC-html40\/loose.dtd\">\n<html><head><meta http-equiv=\"content-type\" content=\"text\/html; charset=utf-8\"><\/head><body><p>ROLLER je ve\u013emi \u00fa\u010dinn\u00e1 pom\u00f4cka, ktor\u00e1 V\u00e1m pom\u00f4\u017ee spevni\u0165 jadro V\u00e1\u0161ho tela. Vyu\u017eijete ho pri r\u00f4znych skl\u00e1pa\u010dk\u00e1ch, v\u00fdpadoch a in\u00fdch silov\u00fdch a kondi\u010dn\u00fdch cvikoch. ROLLER pou\u017e\u00edva 110mm gumen\u00e9 kolieska s kvalitn\u00fdmi ABEC5 lo\u017eiskami. R\u00e1m je z kvalitnej ocele s pieskovan\u00fdm povrchom, epoxidom a pr\u00e1\u0161kov\u00fdm n\u00e1strekom. M\u00f4\u017eete sa teda spo\u013eahn\u00fa\u0165 na jeho dlhu \u017eivotnos\u0165. V\u010faka vy\u0161\u0161\u00edm a odoln\u00fdm kolieskam ROLLER viete pou\u017e\u00edva\u0165 aj v exteri\u00e9ri a na nerovnom povrchu.<\/p>\n<\/body><\/html>","protected":false},"excerpt":{"rendered":"<p><strong>BASE<\/strong><\/p>\n<table>\n<tbody>\n<tr>\n<td>Height:<\/td>\n<td>110 mm<\/td>\n<\/tr>\n<tr>\n<td>Width:<\/td>\n<td>649 mm<\/td>\n<\/tr>\n<tr>\n<td>Depth:<\/td>\n<td>450 mm<\/td>\n<\/tr>\n<tr>\n<td>Handle:<\/td>\n<td>34 mm<\/td>\n<\/tr>\n<tr>\n<td>Kolieska:<\/td>\n<td>gumen\u00e9 110 mm<\/td>\n<\/tr>\n<tr>\n<td>Lo\u017eisk\u00e1:<\/td>\n<td>ABEC 5<\/td>\n<\/tr>\n<tr>\n<td>Info:<\/td>\n<td>je mo\u017en\u00e9 doda\u0165 aj s ve\u0161iakom<\/td>\n<\/tr>\n<tr>\n<td>Color:<\/td>\n<td>pod\u013ea palety <a href=\"https:\/\/wodgear.sk\/wp-content\/uploads\/2024\/11\/vzorkovnik_palety_ral.pdf\"><span style=\"color: #000000;\">RAL<\/span><\/a><\/td>\n<\/tr>\n<tr>\n<td>Manufacturer:<\/td>\n<td>WODGEAR, s.r.o. SVK<\/td>\n<\/tr>\n<\/tbody>\n<\/table>\n<p><strong>LOGO<\/strong><\/p>\n<table>\n<tbody>\n<tr>\n<td>Height:<\/td>\n<td>110 mm<\/td>\n<\/tr>\n<tr>\n<td>Width:<\/td>\n<td>649 mm<\/td>\n<\/tr>\n<tr>\n<td>Depth:<\/td>\n<td>450 mm<\/td>\n<\/tr>\n<tr>\n<td>Handle:<\/td>\n<td>34 mm<\/td>\n<\/tr>\n<tr>\n<td>Kolieska:<\/td>\n<td>gumen\u00e9 110 mm<\/td>\n<\/tr>\n<tr>\n<td>Lo\u017eisk\u00e1:<\/td>\n<td>ABEC 5<\/td>\n<\/tr>\n<tr>\n<td>Info:<\/td>\n<td>je mo\u017en\u00e9 doda\u0165 aj s ve\u0161iakom a s vlastn\u00fdm logom<\/td>\n<\/tr>\n<tr>\n<td>Color:<\/td>\n<td>pod\u013ea palety <a href=\"https:\/\/wodgear.sk\/wp-content\/uploads\/2024\/11\/vzorkovnik_palety_ral.pdf\"><span style=\"color: #000000;\">RAL<\/span><\/a><\/td>\n<\/tr>\n<tr>\n<td>Manufacturer:<\/td>\n<td>WODGEAR, s.r.o. SVK<\/td>\n<\/tr>\n<\/tbody>\n<\/table>","protected":false},"featured_media":23267,"template":"","meta":[],"yoast_head":"<!-- This site is optimized with the Yoast SEO plugin v14.8.1 - https:\/\/yoast.com\/wordpress\/plugins\/seo\/ -->\n<title>WODGEAR | ROLLER<\/title>\n<meta name=\"description\" content=\"ROLLER je ve\u013emi \u00fa\u010dinn\u00e1 pom\u00f4cka, ktor\u00e1 V\u00e1m pom\u00f4\u017ee spevni\u0165 jadro V\u00e1\u0161ho tela. Vyu\u017eijete ho pri r\u00f4znych skl\u00e1pa\u010dk\u00e1ch, v\u00fdpadoch a in\u00fdch cvikoch.\" \/>\n<meta name=\"robots\" content=\"index, follow\" \/>\n<meta name=\"googlebot\" content=\"index, follow, max-snippet:-1, max-image-preview:large, max-video-preview:-1\" \/>\n<meta name=\"bingbot\" content=\"index, follow, max-snippet:-1, max-image-preview:large, max-video-preview:-1\" \/>\n<link rel=\"canonical\" href=\"https:\/\/wodgear.sk\/en\/product\/indoor-roller\/\" \/>\n<meta property=\"og:locale\" content=\"en_US\" \/>\n<meta property=\"og:type\" content=\"article\" \/>\n<meta property=\"og:title\" content=\"WODGEAR | ROLLER\" \/>\n<meta property=\"og:description\" content=\"ROLLER je ve\u013emi \u00fa\u010dinn\u00e1 pom\u00f4cka, ktor\u00e1 V\u00e1m pom\u00f4\u017ee spevni\u0165 jadro V\u00e1\u0161ho tela. Vyu\u017eijete ho pri r\u00f4znych skl\u00e1pa\u010dk\u00e1ch, v\u00fdpadoch a in\u00fdch cvikoch.\" \/>\n<meta property=\"og:url\" content=\"https:\/\/wodgear.sk\/en\/product\/indoor-roller\/\" \/>\n<meta property=\"og:site_name\" content=\"WODGEAR\" \/>\n<meta property=\"article:modified_time\" content=\"2024-11-14T09:48:40+00:00\" \/>\n<meta property=\"og:image\" content=\"https:\/\/wodgear.sk\/wp-content\/uploads\/2021\/10\/roller_seo.png\" \/>\n\t<meta property=\"og:image:width\" content=\"1200\" \/>\n\t<meta property=\"og:image:height\" content=\"800\" \/>\n<meta name=\"twitter:card\" content=\"summary_large_image\" \/>\n<script type=\"application\/ld+json\" class=\"yoast-schema-graph\">{\"@context\":\"https:\/\/schema.org\",\"@graph\":[{\"@type\":\"WebSite\",\"@id\":\"https:\/\/wodgear.sk\/en\/#website\",\"url\":\"https:\/\/wodgear.sk\/en\/\",\"name\":\"WODGEAR\",\"description\":\"#MakingLifeHarder\",\"potentialAction\":[{\"@type\":\"SearchAction\",\"target\":\"https:\/\/wodgear.sk\/en\/?s={search_term_string}\",\"query-input\":\"required name=search_term_string\"}],\"inLanguage\":\"en-US\"},{\"@type\":\"ImageObject\",\"@id\":\"https:\/\/wodgear.sk\/produkt\/indoor-roller\/#primaryimage\",\"inLanguage\":\"en-US\",\"url\":\"https:\/\/wodgear.sk\/wp-content\/uploads\/2021\/10\/roller_main.png\",\"width\":1200,\"height\":800},{\"@type\":\"WebPage\",\"@id\":\"https:\/\/wodgear.sk\/produkt\/indoor-roller\/#webpage\",\"url\":\"https:\/\/wodgear.sk\/produkt\/indoor-roller\/\",\"name\":\"WODGEAR | ROLLER\",\"isPartOf\":{\"@id\":\"https:\/\/wodgear.sk\/en\/#website\"},\"primaryImageOfPage\":{\"@id\":\"https:\/\/wodgear.sk\/produkt\/indoor-roller\/#primaryimage\"},\"datePublished\":\"2021-06-23T12:17:43+00:00\",\"dateModified\":\"2024-11-14T09:48:40+00:00\",\"description\":\"ROLLER je ve\\u013emi \\u00fa\\u010dinn\\u00e1 pom\\u00f4cka, ktor\\u00e1 V\\u00e1m pom\\u00f4\\u017ee spevni\\u0165 jadro V\\u00e1\\u0161ho tela. Vyu\\u017eijete ho pri r\\u00f4znych skl\\u00e1pa\\u010dk\\u00e1ch, v\\u00fdpadoch a in\\u00fdch cvikoch.\",\"inLanguage\":\"en-US\",\"potentialAction\":[{\"@type\":\"ReadAction\",\"target\":[\"https:\/\/wodgear.sk\/produkt\/indoor-roller\/\"]}]}]}<\/script>\n<!-- \/ Yoast SEO plugin. -->","_links":{"self":[{"href":"https:\/\/wodgear.sk\/en\/wp-json\/wp\/v2\/product\/22770"}],"collection":[{"href":"https:\/\/wodgear.sk\/en\/wp-json\/wp\/v2\/product"}],"about":[{"href":"https:\/\/wodgear.sk\/en\/wp-json\/wp\/v2\/types\/product"}],"wp:featuredmedia":[{"embeddable":true,"href":"https:\/\/wodgear.sk\/en\/wp-json\/wp\/v2\/media\/23267"}],"wp:attachment":[{"href":"https:\/\/wodgear.sk\/en\/wp-json\/wp\/v2\/media?parent=22770"}],"curies":[{"name":"wp","href":"https:\/\/api.w.org\/{rel}","templated":true}]}}