{"id":23012,"date":"2021-09-04T12:42:25","date_gmt":"2021-09-04T10:42:25","guid":{"rendered":"https:\/\/wodgear.sk\/?post_type=product&#038;p=23012"},"modified":"2024-11-14T17:16:26","modified_gmt":"2024-11-14T16:16:26","slug":"indoor-hanger-pro","status":"publish","type":"product","link":"https:\/\/wodgear.sk\/en\/product\/indoor-hanger-pro\/","title":{"rendered":"HANGER <span>PRO<\/span>"},"content":{"rendered":"<!DOCTYPE html PUBLIC \"-\/\/W3C\/\/DTD HTML 4.0 Transitional\/\/EN\" \"http:\/\/www.w3.org\/TR\/REC-html40\/loose.dtd\">\n<html><head><meta http-equiv=\"content-type\" content=\"text\/html; charset=utf-8\"><\/head><body><p>Tento prvok je ur\u010den\u00fd pre na\u0161e silov\u00e9 kon\u0161trukcie. Sl\u00fa\u017ei ako nosn\u00edk na upev\u0148ovanie r\u00f4znych doplnkov ako s\u00fa gymnastick\u00e9 kruhy, lan\u00e1 na \u0161plh, boxovacie vrece alebo TRX. Oproti klasickej verzii HANGER m\u00e1 verzia PRO mo\u017enos\u0165 cel\u00fd nosn\u00edk oto\u010di\u0165 v rozmedz\u00ed 180\u00b0 a upevni\u0165 v piatich r\u00f4znych uhloch.<\/p>\n<\/body><\/html>","protected":false},"excerpt":{"rendered":"<table>\n<tbody>\n<tr>\n<td>Length:<\/td>\n<td>920\/na mieru mm<\/td>\n<\/tr>\n<tr>\n<td>Profile:<\/td>\n<td>80x80x3\/4 mm<\/td>\n<\/tr>\n<tr>\n<td>Rozp\u00e4tie:<\/td>\n<td>180\u00b0<\/td>\n<\/tr>\n<tr>\n<td>Zaistenie:<\/td>\n<td>ka\u017ed\u00fdch 45\u00b0<\/td>\n<\/tr>\n<tr>\n<td>Presun:<\/td>\n<td>poistn\u00fdm kol\u00edkom<\/td>\n<\/tr>\n<tr>\n<td>Info:<\/td>\n<td>possibility to make with your own logo<\/td>\n<\/tr>\n<tr>\n<td>Color:<\/td>\n<td>pod\u013ea palety <a href=\"https:\/\/wodgear.sk\/wp-content\/uploads\/2024\/11\/vzorkovnik_palety_ral.pdf\"><span style=\"color: #000000;\">RAL<\/span><\/a><\/td>\n<\/tr>\n<tr>\n<td>Manufacturer:<\/td>\n<td>WODGEAR, s.r.o. SVK<\/td>\n<\/tr>\n<\/tbody>\n<\/table>","protected":false},"featured_media":25956,"template":"","meta":[],"yoast_head":"<!-- This site is optimized with the Yoast SEO plugin v14.8.1 - https:\/\/yoast.com\/wordpress\/plugins\/seo\/ -->\n<title>WODGEAR | HANGER PRO<\/title>\n<meta name=\"description\" content=\"Tento prvok je ur\u010den\u00fd pre na\u0161e silov\u00e9 kon\u0161trukcie. Sl\u00fa\u017ei ako nosn\u00edk na upev\u0148ovanie r\u00f4znych doplnkov ako s\u00fa gymnastick\u00e9 kruhy, box. vrece at\u010f.\" \/>\n<meta name=\"robots\" content=\"index, follow\" \/>\n<meta name=\"googlebot\" content=\"index, follow, max-snippet:-1, max-image-preview:large, max-video-preview:-1\" \/>\n<meta name=\"bingbot\" content=\"index, follow, max-snippet:-1, max-image-preview:large, max-video-preview:-1\" \/>\n<link rel=\"canonical\" href=\"https:\/\/wodgear.sk\/en\/product\/indoor-hanger-pro\/\" \/>\n<meta property=\"og:locale\" content=\"en_US\" \/>\n<meta property=\"og:type\" content=\"article\" \/>\n<meta property=\"og:title\" content=\"WODGEAR | HANGER PRO\" \/>\n<meta property=\"og:description\" content=\"Tento prvok je ur\u010den\u00fd pre na\u0161e silov\u00e9 kon\u0161trukcie. Sl\u00fa\u017ei ako nosn\u00edk na upev\u0148ovanie r\u00f4znych doplnkov ako s\u00fa gymnastick\u00e9 kruhy, box. vrece at\u010f.\" \/>\n<meta property=\"og:url\" content=\"https:\/\/wodgear.sk\/en\/product\/indoor-hanger-pro\/\" \/>\n<meta property=\"og:site_name\" content=\"WODGEAR\" \/>\n<meta property=\"article:modified_time\" content=\"2024-11-14T16:16:26+00:00\" \/>\n<meta property=\"og:image\" content=\"https:\/\/wodgear.sk\/wp-content\/uploads\/2024\/09\/hanger_pro_seo.png\" \/>\n\t<meta property=\"og:image:width\" content=\"1200\" \/>\n\t<meta property=\"og:image:height\" content=\"800\" \/>\n<meta name=\"twitter:card\" content=\"summary_large_image\" \/>\n<script type=\"application\/ld+json\" class=\"yoast-schema-graph\">{\"@context\":\"https:\/\/schema.org\",\"@graph\":[{\"@type\":\"WebSite\",\"@id\":\"https:\/\/wodgear.sk\/en\/#website\",\"url\":\"https:\/\/wodgear.sk\/en\/\",\"name\":\"WODGEAR\",\"description\":\"#MakingLifeHarder\",\"potentialAction\":[{\"@type\":\"SearchAction\",\"target\":\"https:\/\/wodgear.sk\/en\/?s={search_term_string}\",\"query-input\":\"required name=search_term_string\"}],\"inLanguage\":\"en-US\"},{\"@type\":\"ImageObject\",\"@id\":\"https:\/\/wodgear.sk\/produkt\/indoor-hanger-pro\/#primaryimage\",\"inLanguage\":\"en-US\",\"url\":\"https:\/\/wodgear.sk\/wp-content\/uploads\/2024\/09\/hanger_pro_main.png\",\"width\":1200,\"height\":800},{\"@type\":\"WebPage\",\"@id\":\"https:\/\/wodgear.sk\/produkt\/indoor-hanger-pro\/#webpage\",\"url\":\"https:\/\/wodgear.sk\/produkt\/indoor-hanger-pro\/\",\"name\":\"WODGEAR | HANGER PRO\",\"isPartOf\":{\"@id\":\"https:\/\/wodgear.sk\/en\/#website\"},\"primaryImageOfPage\":{\"@id\":\"https:\/\/wodgear.sk\/produkt\/indoor-hanger-pro\/#primaryimage\"},\"datePublished\":\"2021-09-04T10:42:25+00:00\",\"dateModified\":\"2024-11-14T16:16:26+00:00\",\"description\":\"Tento prvok je ur\\u010den\\u00fd pre na\\u0161e silov\\u00e9 kon\\u0161trukcie. Sl\\u00fa\\u017ei ako nosn\\u00edk na upev\\u0148ovanie r\\u00f4znych doplnkov ako s\\u00fa gymnastick\\u00e9 kruhy, box. vrece at\\u010f.\",\"inLanguage\":\"en-US\",\"potentialAction\":[{\"@type\":\"ReadAction\",\"target\":[\"https:\/\/wodgear.sk\/produkt\/indoor-hanger-pro\/\"]}]}]}<\/script>\n<!-- \/ Yoast SEO plugin. -->","_links":{"self":[{"href":"https:\/\/wodgear.sk\/en\/wp-json\/wp\/v2\/product\/23012"}],"collection":[{"href":"https:\/\/wodgear.sk\/en\/wp-json\/wp\/v2\/product"}],"about":[{"href":"https:\/\/wodgear.sk\/en\/wp-json\/wp\/v2\/types\/product"}],"wp:featuredmedia":[{"embeddable":true,"href":"https:\/\/wodgear.sk\/en\/wp-json\/wp\/v2\/media\/25956"}],"wp:attachment":[{"href":"https:\/\/wodgear.sk\/en\/wp-json\/wp\/v2\/media?parent=23012"}],"curies":[{"name":"wp","href":"https:\/\/api.w.org\/{rel}","templated":true}]}}