{"id":23303,"date":"2021-10-31T17:20:50","date_gmt":"2021-10-31T16:20:50","guid":{"rendered":"https:\/\/wodgear.sk\/?post_type=product&#038;p=23303"},"modified":"2024-11-13T10:24:34","modified_gmt":"2024-11-13T09:24:34","slug":"indoor-weight-pulley-shield","status":"publish","type":"product","link":"https:\/\/wodgear.sk\/en\/product\/indoor-weight-pulley-shield\/","title":{"rendered":"WEIGHT PULLEY <span>SHIELD<\/span>"},"content":{"rendered":"<!DOCTYPE html PUBLIC \"-\/\/W3C\/\/DTD HTML 4.0 Transitional\/\/EN\" \"http:\/\/www.w3.org\/TR\/REC-html40\/loose.dtd\">\n<html><head><meta http-equiv=\"content-type\" content=\"text\/html; charset=utf-8\"><\/head><body><p>WEIGHT PULLEY SHIELD je ochrann\u00fdm krytom na z\u00e1va\u017eie pre na\u0161e WEIGHT PULLEY kladkov\u00e9 syst\u00e9my. Vonkaj\u0161\u00ed kryt WEIGHT PULLEY SHIELD BACK s logom a WEIGHT PULLE SHIELD FRONT je mo\u017en\u00e9 doplni\u0165 ako dodato\u010dn\u00fd bezpe\u010dnostn\u00fd prvok na v\u0161etky varianty WEIGHT PULLEY kladiek. Na tieto kryty je mo\u017en\u00e9 spravi\u0165 vlastn\u00e9 logo, motto alebo in\u00fd vzor pod\u013ea \u017eelania.<\/p>\n<\/body><\/html>","protected":false},"excerpt":{"rendered":"<table>\n<tbody>\n<tr>\n<td>Ur\u010denie:<\/td>\n<td>WEIGHT PULLEY 1&#215;1\/2&#215;1\/PRO<\/td>\n<\/tr>\n<tr>\n<td>Material:<\/td>\n<td>profiled steel<\/td>\n<\/tr>\n<tr>\n<td>Presun:<\/td>\n<td>fixn\u00e9<\/td>\n<\/tr>\n<tr>\n<td>Info:<\/td>\n<td>possibility to make with your own logo<\/td>\n<\/tr>\n<tr>\n<td>Color:<\/td>\n<td>pod\u013ea palety <a href=\"https:\/\/wodgear.sk\/wp-content\/uploads\/2024\/11\/vzorkovnik_palety_ral.pdf\"><span style=\"color: #000000;\">RAL<\/span><\/a><\/td>\n<\/tr>\n<tr>\n<td>Manufacturer:<\/td>\n<td>WODGEAR, s.r.o. SVK<\/td>\n<\/tr>\n<\/tbody>\n<\/table>","protected":false},"featured_media":25945,"template":"","meta":[],"yoast_head":"<!-- This site is optimized with the Yoast SEO plugin v14.8.1 - https:\/\/yoast.com\/wordpress\/plugins\/seo\/ -->\n<title>WODGEAR | WEIGHT PULLEY SHIELD<\/title>\n<meta name=\"description\" content=\"WEIGHT PULLEY SHIELD je ochrann\u00fdm krytom na z\u00e1va\u017eie pre na\u0161e PULLEY kladkov\u00e9 syst\u00e9my. Vonkaj\u0161\u00ed BACK a vn\u00fatorn\u00fd FRONT.\" \/>\n<meta name=\"robots\" content=\"index, follow\" \/>\n<meta name=\"googlebot\" content=\"index, follow, max-snippet:-1, max-image-preview:large, max-video-preview:-1\" \/>\n<meta name=\"bingbot\" content=\"index, follow, max-snippet:-1, max-image-preview:large, max-video-preview:-1\" \/>\n<link rel=\"canonical\" href=\"https:\/\/wodgear.sk\/en\/product\/indoor-weight-pulley-shield\/\" \/>\n<meta property=\"og:locale\" content=\"en_US\" \/>\n<meta property=\"og:type\" content=\"article\" \/>\n<meta property=\"og:title\" content=\"WODGEAR | WEIGHT PULLEY SHIELD\" \/>\n<meta property=\"og:description\" content=\"WEIGHT PULLEY SHIELD je ochrann\u00fdm krytom na z\u00e1va\u017eie pre na\u0161e PULLEY kladkov\u00e9 syst\u00e9my. Vonkaj\u0161\u00ed BACK a vn\u00fatorn\u00fd FRONT.\" \/>\n<meta property=\"og:url\" content=\"https:\/\/wodgear.sk\/en\/product\/indoor-weight-pulley-shield\/\" \/>\n<meta property=\"og:site_name\" content=\"WODGEAR\" \/>\n<meta property=\"article:modified_time\" content=\"2024-11-13T09:24:34+00:00\" \/>\n<meta property=\"og:image\" content=\"https:\/\/wodgear.sk\/wp-content\/uploads\/2023\/04\/weight_pulley_shield_seo.png\" \/>\n\t<meta property=\"og:image:width\" content=\"1200\" \/>\n\t<meta property=\"og:image:height\" content=\"800\" \/>\n<meta name=\"twitter:card\" content=\"summary_large_image\" \/>\n<script type=\"application\/ld+json\" class=\"yoast-schema-graph\">{\"@context\":\"https:\/\/schema.org\",\"@graph\":[{\"@type\":\"WebSite\",\"@id\":\"https:\/\/wodgear.sk\/en\/#website\",\"url\":\"https:\/\/wodgear.sk\/en\/\",\"name\":\"WODGEAR\",\"description\":\"#MakingLifeHarder\",\"potentialAction\":[{\"@type\":\"SearchAction\",\"target\":\"https:\/\/wodgear.sk\/en\/?s={search_term_string}\",\"query-input\":\"required name=search_term_string\"}],\"inLanguage\":\"en-US\"},{\"@type\":\"ImageObject\",\"@id\":\"https:\/\/wodgear.sk\/produkt\/indoor-weight-pulley-shield\/#primaryimage\",\"inLanguage\":\"en-US\",\"url\":\"https:\/\/wodgear.sk\/wp-content\/uploads\/2024\/09\/weight_pulley_shield_main.png\",\"width\":1200,\"height\":800},{\"@type\":\"WebPage\",\"@id\":\"https:\/\/wodgear.sk\/produkt\/indoor-weight-pulley-shield\/#webpage\",\"url\":\"https:\/\/wodgear.sk\/produkt\/indoor-weight-pulley-shield\/\",\"name\":\"WODGEAR | WEIGHT PULLEY SHIELD\",\"isPartOf\":{\"@id\":\"https:\/\/wodgear.sk\/en\/#website\"},\"primaryImageOfPage\":{\"@id\":\"https:\/\/wodgear.sk\/produkt\/indoor-weight-pulley-shield\/#primaryimage\"},\"datePublished\":\"2021-10-31T16:20:50+00:00\",\"dateModified\":\"2024-11-13T09:24:34+00:00\",\"description\":\"WEIGHT PULLEY SHIELD je ochrann\\u00fdm krytom na z\\u00e1va\\u017eie pre na\\u0161e PULLEY kladkov\\u00e9 syst\\u00e9my. Vonkaj\\u0161\\u00ed BACK a vn\\u00fatorn\\u00fd FRONT.\",\"inLanguage\":\"en-US\",\"potentialAction\":[{\"@type\":\"ReadAction\",\"target\":[\"https:\/\/wodgear.sk\/produkt\/indoor-weight-pulley-shield\/\"]}]}]}<\/script>\n<!-- \/ Yoast SEO plugin. -->","_links":{"self":[{"href":"https:\/\/wodgear.sk\/en\/wp-json\/wp\/v2\/product\/23303"}],"collection":[{"href":"https:\/\/wodgear.sk\/en\/wp-json\/wp\/v2\/product"}],"about":[{"href":"https:\/\/wodgear.sk\/en\/wp-json\/wp\/v2\/types\/product"}],"wp:featuredmedia":[{"embeddable":true,"href":"https:\/\/wodgear.sk\/en\/wp-json\/wp\/v2\/media\/25945"}],"wp:attachment":[{"href":"https:\/\/wodgear.sk\/en\/wp-json\/wp\/v2\/media?parent=23303"}],"curies":[{"name":"wp","href":"https:\/\/api.w.org\/{rel}","templated":true}]}}