{"id":23448,"date":"2021-11-07T20:02:11","date_gmt":"2021-11-07T19:02:11","guid":{"rendered":"https:\/\/wodgear.sk\/?post_type=product&#038;p=23448"},"modified":"2024-11-13T09:02:39","modified_gmt":"2024-11-13T08:02:39","slug":"indoor-safety-pipes","status":"publish","type":"product","link":"https:\/\/wodgear.sk\/en\/product\/indoor-safety-pipes\/","title":{"rendered":"SAFETY PIPES"},"content":{"rendered":"<!DOCTYPE html PUBLIC \"-\/\/W3C\/\/DTD HTML 4.0 Transitional\/\/EN\" \"http:\/\/www.w3.org\/TR\/REC-html40\/loose.dtd\">\n<html><head><meta http-equiv=\"content-type\" content=\"text\/html; charset=utf-8\"><\/head><body><p>Klasika je klasika. SAFETY PIPES s\u00fa efekt\u00edvnym bezpe\u010dnostn\u00fdm doplnkom pre cvi\u010denie s \u010dinkou. Vyu\u017eijete ich hlavne pri drepoch a bench-presse. Upev\u0148uj\u00fa sa medzi stojky kon\u0161trukci\u00ed RACK alebo RIG pomocou nerezov\u00fdch t\u0155\u0148ov. Jednoduch\u00fdm sp\u00f4sobom kotvenia si viete nastavi\u0165 v\u00fd\u0161ku ich zavesenia.<\/p>\n<\/body><\/html>","protected":false},"excerpt":{"rendered":"<table>\n<tbody>\n<tr>\n<td>Minimal capacity:<\/td>\n<td>300 kg\/p\u00e1r<\/td>\n<\/tr>\n<tr>\n<td>Length:<\/td>\n<td>640\/1080 mm<\/td>\n<\/tr>\n<tr>\n<td>Presun:<\/td>\n<td>nerezov\u00fdm kol\u00edkom<\/td>\n<\/tr>\n<tr>\n<td>Info:<\/td>\n<td>possible to custom-made the length<\/td>\n<\/tr>\n<tr>\n<td>Color:<\/td>\n<td>pod\u013ea palety <a href=\"https:\/\/wodgear.sk\/wp-content\/uploads\/2024\/11\/vzorkovnik_palety_ral.pdf\"><span style=\"color: #000000;\">RAL<\/span><\/a><\/td>\n<\/tr>\n<tr>\n<td>Manufacturer:<\/td>\n<td>WODGEAR, s.r.o. SVK<\/td>\n<\/tr>\n<\/tbody>\n<\/table>","protected":false},"featured_media":22098,"template":"","meta":[],"yoast_head":"<!-- This site is optimized with the Yoast SEO plugin v14.8.1 - https:\/\/yoast.com\/wordpress\/plugins\/seo\/ -->\n<title>WODGEAR | SAFETY PIPES<\/title>\n<meta name=\"description\" content=\"Klasika je klasika. SAFETY PIPES s\u00fa efekt\u00edvnym bezpe\u010dnostn\u00fdm doplnkom pre cvi\u010denie s \u010dinkou. Vyu\u017eijete ich hlavne pri drepoch a bench-presse.\" \/>\n<meta name=\"robots\" content=\"index, follow\" \/>\n<meta name=\"googlebot\" content=\"index, follow, max-snippet:-1, max-image-preview:large, max-video-preview:-1\" \/>\n<meta name=\"bingbot\" content=\"index, follow, max-snippet:-1, max-image-preview:large, max-video-preview:-1\" \/>\n<link rel=\"canonical\" href=\"https:\/\/wodgear.sk\/en\/product\/indoor-safety-pipes\/\" \/>\n<meta property=\"og:locale\" content=\"en_US\" \/>\n<meta property=\"og:type\" content=\"article\" \/>\n<meta property=\"og:title\" content=\"WODGEAR | SAFETY PIPES\" \/>\n<meta property=\"og:description\" content=\"SAFETY PIPES s\u00fa ve\u013emi efekt\u00edvnym bezpe\u010dnostn\u00fdm a pomocn\u00fdm doplnkom pre cvi\u010denie s \u010dinkou. Vyu\u017eijete ich hlavne pri drepoch alebo bench-presse.\" \/>\n<meta property=\"og:url\" content=\"https:\/\/wodgear.sk\/en\/product\/indoor-safety-pipes\/\" \/>\n<meta property=\"og:site_name\" content=\"WODGEAR\" \/>\n<meta property=\"article:modified_time\" content=\"2024-11-13T08:02:39+00:00\" \/>\n<meta property=\"og:image\" content=\"https:\/\/wodgear.sk\/wp-content\/uploads\/2021\/02\/safety_pipes_seo.png\" \/>\n\t<meta property=\"og:image:width\" content=\"1200\" \/>\n\t<meta property=\"og:image:height\" content=\"800\" \/>\n<meta name=\"twitter:card\" content=\"summary_large_image\" \/>\n<script type=\"application\/ld+json\" class=\"yoast-schema-graph\">{\"@context\":\"https:\/\/schema.org\",\"@graph\":[{\"@type\":\"WebSite\",\"@id\":\"https:\/\/wodgear.sk\/en\/#website\",\"url\":\"https:\/\/wodgear.sk\/en\/\",\"name\":\"WODGEAR\",\"description\":\"#MakingLifeHarder\",\"potentialAction\":[{\"@type\":\"SearchAction\",\"target\":\"https:\/\/wodgear.sk\/en\/?s={search_term_string}\",\"query-input\":\"required name=search_term_string\"}],\"inLanguage\":\"en-US\"},{\"@type\":\"ImageObject\",\"@id\":\"https:\/\/wodgear.sk\/produkt\/indoor-safety-pipes\/#primaryimage\",\"inLanguage\":\"en-US\",\"url\":\"https:\/\/wodgear.sk\/wp-content\/uploads\/2021\/02\/safety_pipes_main.png\",\"width\":1200,\"height\":800},{\"@type\":\"WebPage\",\"@id\":\"https:\/\/wodgear.sk\/produkt\/indoor-safety-pipes\/#webpage\",\"url\":\"https:\/\/wodgear.sk\/produkt\/indoor-safety-pipes\/\",\"name\":\"WODGEAR | SAFETY PIPES\",\"isPartOf\":{\"@id\":\"https:\/\/wodgear.sk\/en\/#website\"},\"primaryImageOfPage\":{\"@id\":\"https:\/\/wodgear.sk\/produkt\/indoor-safety-pipes\/#primaryimage\"},\"datePublished\":\"2021-11-07T19:02:11+00:00\",\"dateModified\":\"2024-11-13T08:02:39+00:00\",\"description\":\"Klasika je klasika. SAFETY PIPES s\\u00fa efekt\\u00edvnym bezpe\\u010dnostn\\u00fdm doplnkom pre cvi\\u010denie s \\u010dinkou. Vyu\\u017eijete ich hlavne pri drepoch a bench-presse.\",\"inLanguage\":\"en-US\",\"potentialAction\":[{\"@type\":\"ReadAction\",\"target\":[\"https:\/\/wodgear.sk\/produkt\/indoor-safety-pipes\/\"]}]}]}<\/script>\n<!-- \/ Yoast SEO plugin. -->","_links":{"self":[{"href":"https:\/\/wodgear.sk\/en\/wp-json\/wp\/v2\/product\/23448"}],"collection":[{"href":"https:\/\/wodgear.sk\/en\/wp-json\/wp\/v2\/product"}],"about":[{"href":"https:\/\/wodgear.sk\/en\/wp-json\/wp\/v2\/types\/product"}],"wp:featuredmedia":[{"embeddable":true,"href":"https:\/\/wodgear.sk\/en\/wp-json\/wp\/v2\/media\/22098"}],"wp:attachment":[{"href":"https:\/\/wodgear.sk\/en\/wp-json\/wp\/v2\/media?parent=23448"}],"curies":[{"name":"wp","href":"https:\/\/api.w.org\/{rel}","templated":true}]}}