{"id":235,"date":"2017-07-03T22:55:30","date_gmt":"2017-07-03T20:55:30","guid":{"rendered":"http:\/\/wodgear.sk\/?post_type=product&#038;p=235"},"modified":"2024-11-14T17:08:59","modified_gmt":"2024-11-14T16:08:59","slug":"indoor-bar-holder-m","status":"publish","type":"product","link":"https:\/\/wodgear.sk\/en\/product\/indoor-bar-holder-m\/","title":{"rendered":"BAR HOLDER <span>M<\/span>"},"content":{"rendered":"<!DOCTYPE html PUBLIC \"-\/\/W3C\/\/DTD HTML 4.0 Transitional\/\/EN\" \"http:\/\/www.w3.org\/TR\/REC-html40\/loose.dtd\">\n<html><head><meta http-equiv=\"content-type\" content=\"text\/html; charset=utf-8\"><\/head><body><p>These holders offer space for 5 olympic bars. You can mount it to the wall or to our indoor construction. You can order it with a plastic wear strip for extra protection of your axles and the holder from damage.<\/p>\n<\/body><\/html>","protected":false},"excerpt":{"rendered":"<p><strong>SEMI<\/strong><\/p>\n<table>\n<tbody>\n<tr>\n<td>Capacity:<\/td>\n<td>olympic bar 5x<\/td>\n<\/tr>\n<tr>\n<td>Height:<\/td>\n<td>700 mm<\/td>\n<\/tr>\n<tr>\n<td>Width:<\/td>\n<td>70 mm<\/td>\n<\/tr>\n<tr>\n<td>Depth:<\/td>\n<td>115 mm<\/td>\n<\/tr>\n<tr>\n<td>Material:<\/td>\n<td>steel<\/td>\n<\/tr>\n<tr>\n<td>Wear strips:<\/td>\n<td>bez l\u00f4\u017eka<\/td>\n<\/tr>\n<tr>\n<td>Mounting:<\/td>\n<td>wall \/ construction<\/td>\n<\/tr>\n<tr>\n<td>Info:<\/td>\n<td>1 p\u00e1r odklada\u010dov v balen\u00ed<\/td>\n<\/tr>\n<tr>\n<td>Color:<\/td>\n<td>pod\u013ea palety <a href=\"https:\/\/wodgear.sk\/wp-content\/uploads\/2024\/11\/vzorkovnik_palety_ral.pdf\"><span style=\"color: #000000;\">RAL<\/span><\/a><\/td>\n<\/tr>\n<tr>\n<td>Manufacturer:<\/td>\n<td>WODGEAR, s.r.o. SVK<\/td>\n<\/tr>\n<\/tbody>\n<\/table>\n<p><strong>PRO<\/strong><\/p>\n<table>\n<tbody>\n<tr>\n<td>Capacity:<\/td>\n<td>olympic bar 5x<\/td>\n<\/tr>\n<tr>\n<td>Height:<\/td>\n<td>700 mm<\/td>\n<\/tr>\n<tr>\n<td>Width:<\/td>\n<td>70 mm<\/td>\n<\/tr>\n<tr>\n<td>Depth:<\/td>\n<td>120 mm<\/td>\n<\/tr>\n<tr>\n<td>Material:<\/td>\n<td>steel<\/td>\n<\/tr>\n<tr>\n<td>Wear strips:<\/td>\n<td>plast &#8211; UHMW<\/td>\n<\/tr>\n<tr>\n<td>Mounting:<\/td>\n<td>wall \/ construction<\/td>\n<\/tr>\n<tr>\n<td>Info:<\/td>\n<td>1 p\u00e1r odklada\u010dov v balen\u00ed<\/td>\n<\/tr>\n<tr>\n<td>Color:<\/td>\n<td>pod\u013ea palety <a href=\"https:\/\/wodgear.sk\/wp-content\/uploads\/2024\/11\/vzorkovnik_palety_ral.pdf\"><span style=\"color: #000000;\">RAL<\/span><\/a><\/td>\n<\/tr>\n<tr>\n<td>Manufacturer:<\/td>\n<td>WODGEAR, s.r.o. SVK<\/td>\n<\/tr>\n<\/tbody>\n<\/table>","protected":false},"featured_media":9190,"template":"","meta":[],"yoast_head":"<!-- This site is optimized with the Yoast SEO plugin v14.8.1 - https:\/\/yoast.com\/wordpress\/plugins\/seo\/ -->\n<title>WODGEAR | BAR HOLDER M<\/title>\n<meta name=\"description\" content=\"Tieto odklada\u010de pon\u00fakaj\u00fa miesto pre 5 kusov olympijsk\u00fdch ty\u010d\u00ed. M\u00f4\u017eete ich upevni\u0165 do steny, alebo na na\u0161e indoorov\u00e9 kon\u0161trukcie.\" \/>\n<meta name=\"robots\" content=\"index, follow\" \/>\n<meta name=\"googlebot\" content=\"index, follow, max-snippet:-1, max-image-preview:large, max-video-preview:-1\" \/>\n<meta name=\"bingbot\" content=\"index, follow, max-snippet:-1, max-image-preview:large, max-video-preview:-1\" \/>\n<link rel=\"canonical\" href=\"https:\/\/wodgear.sk\/en\/product\/indoor-bar-holder-m\/\" \/>\n<meta property=\"og:locale\" content=\"en_US\" \/>\n<meta property=\"og:type\" content=\"article\" \/>\n<meta property=\"og:title\" content=\"WODGEAR | BAR HOLDER M\" \/>\n<meta property=\"og:description\" content=\"Tieto odklada\u010de pon\u00fakaj\u00fa miesto pre 5 kusov olympijsk\u00fdch ty\u010d\u00ed. M\u00f4\u017eete ich upevni\u0165 do steny, alebo na na\u0161e indoorov\u00e9 kon\u0161trukcie.\" \/>\n<meta property=\"og:url\" content=\"https:\/\/wodgear.sk\/en\/product\/indoor-bar-holder-m\/\" \/>\n<meta property=\"og:site_name\" content=\"WODGEAR\" \/>\n<meta property=\"article:modified_time\" content=\"2024-11-14T16:08:59+00:00\" \/>\n<meta property=\"og:image\" content=\"https:\/\/wodgear.sk\/wp-content\/uploads\/2017\/07\/seo_bar-holder-m.png\" \/>\n\t<meta property=\"og:image:width\" content=\"1620\" \/>\n\t<meta property=\"og:image:height\" content=\"1080\" \/>\n<meta name=\"twitter:card\" content=\"summary_large_image\" \/>\n<script type=\"application\/ld+json\" class=\"yoast-schema-graph\">{\"@context\":\"https:\/\/schema.org\",\"@graph\":[{\"@type\":\"WebSite\",\"@id\":\"https:\/\/wodgear.sk\/en\/#website\",\"url\":\"https:\/\/wodgear.sk\/en\/\",\"name\":\"WODGEAR\",\"description\":\"#MakingLifeHarder\",\"potentialAction\":[{\"@type\":\"SearchAction\",\"target\":\"https:\/\/wodgear.sk\/en\/?s={search_term_string}\",\"query-input\":\"required name=search_term_string\"}],\"inLanguage\":\"en-US\"},{\"@type\":\"ImageObject\",\"@id\":\"https:\/\/wodgear.sk\/produkt\/indoor-bar-holder-m\/#primaryimage\",\"inLanguage\":\"en-US\",\"url\":\"https:\/\/wodgear.sk\/wp-content\/uploads\/2019\/03\/bar_holder_m_var_1a.png\",\"width\":1620,\"height\":1080},{\"@type\":\"WebPage\",\"@id\":\"https:\/\/wodgear.sk\/produkt\/indoor-bar-holder-m\/#webpage\",\"url\":\"https:\/\/wodgear.sk\/produkt\/indoor-bar-holder-m\/\",\"name\":\"WODGEAR | BAR HOLDER M\",\"isPartOf\":{\"@id\":\"https:\/\/wodgear.sk\/en\/#website\"},\"primaryImageOfPage\":{\"@id\":\"https:\/\/wodgear.sk\/produkt\/indoor-bar-holder-m\/#primaryimage\"},\"datePublished\":\"2017-07-03T20:55:30+00:00\",\"dateModified\":\"2024-11-14T16:08:59+00:00\",\"description\":\"Tieto odklada\\u010de pon\\u00fakaj\\u00fa miesto pre 5 kusov olympijsk\\u00fdch ty\\u010d\\u00ed. M\\u00f4\\u017eete ich upevni\\u0165 do steny, alebo na na\\u0161e indoorov\\u00e9 kon\\u0161trukcie.\",\"inLanguage\":\"en-US\",\"potentialAction\":[{\"@type\":\"ReadAction\",\"target\":[\"https:\/\/wodgear.sk\/produkt\/indoor-bar-holder-m\/\"]}]}]}<\/script>\n<!-- \/ Yoast SEO plugin. -->","_links":{"self":[{"href":"https:\/\/wodgear.sk\/en\/wp-json\/wp\/v2\/product\/235"}],"collection":[{"href":"https:\/\/wodgear.sk\/en\/wp-json\/wp\/v2\/product"}],"about":[{"href":"https:\/\/wodgear.sk\/en\/wp-json\/wp\/v2\/types\/product"}],"wp:featuredmedia":[{"embeddable":true,"href":"https:\/\/wodgear.sk\/en\/wp-json\/wp\/v2\/media\/9190"}],"wp:attachment":[{"href":"https:\/\/wodgear.sk\/en\/wp-json\/wp\/v2\/media?parent=235"}],"curies":[{"name":"wp","href":"https:\/\/api.w.org\/{rel}","templated":true}]}}