{"id":23561,"date":"2022-01-31T14:55:06","date_gmt":"2022-01-31T13:55:06","guid":{"rendered":"https:\/\/wodgear.sk\/?post_type=product&#038;p=23561"},"modified":"2024-11-14T17:06:19","modified_gmt":"2024-11-14T16:06:19","slug":"indoor-plate-rack","status":"publish","type":"product","link":"https:\/\/wodgear.sk\/en\/product\/indoor-plate-rack\/","title":{"rendered":"PLATE RACK"},"content":{"rendered":"<!DOCTYPE html PUBLIC \"-\/\/W3C\/\/DTD HTML 4.0 Transitional\/\/EN\" \"http:\/\/www.w3.org\/TR\/REC-html40\/loose.dtd\">\n<html><head><meta http-equiv=\"content-type\" content=\"text\/html; charset=utf-8\"><\/head><body><p>Ak h\u013ead\u00e1te \u013eahko premiestnite\u013en\u00fd reg\u00e1l na kot\u00fa\u010de, u\u017e \u010falej neh\u013eadajte. PLATE RACK je mobiln\u00fd, odoln\u00fd a znesie v\u0161etko, \u010do na neho nalo\u017e\u00edte. Je vyroben\u00fd z mas\u00edvnych profilov 80\u00d780 a 60\u00d760 s hr\u00fabkou steny 3mm. Nerezov\u00e9 prie\u010dny m\u00f4\u017eete r\u00fdchlo premiestni\u0165 a tak zv\u00e4\u010d\u0161i\u0165 alebo zmen\u0161i\u0165 odkladac\u00ed priestor pre ur\u010dit\u00e9 kot\u00fa\u010de. R\u00fa\u010dka je vyroben\u00e1 z dr\u00e1\u017ekovanej nerezovej ocele.<\/p>\n<\/body><\/html>","protected":false},"excerpt":{"rendered":"<p><strong>SEMI<\/strong><\/p>\n<table>\n<tbody>\n<tr>\n<td>Height:<\/td>\n<td>108 mm (266 mm s prie\u010dkami)<\/td>\n<\/tr>\n<tr>\n<td>Width:<\/td>\n<td>1408\/na mieru mm<\/td>\n<\/tr>\n<tr>\n<td>Depth:<\/td>\n<td>600 mm<\/td>\n<\/tr>\n<tr>\n<td>Polica:<\/td>\n<td>1080mm \/custom-made<\/td>\n<\/tr>\n<tr>\n<td>Prie\u010dky:<\/td>\n<td>5 ks<\/td>\n<\/tr>\n<tr>\n<td>Kolieska:<\/td>\n<td>2 ks<\/td>\n<\/tr>\n<tr>\n<td>No\u017ei\u010dky:<\/td>\n<td>4 ks<\/td>\n<\/tr>\n<tr>\n<td>Handle:<\/td>\n<td>stainless<\/td>\n<\/tr>\n<tr>\n<td>Profile:<\/td>\n<td>80x80x3 mm<\/td>\n<\/tr>\n<tr>\n<td>Mounting:<\/td>\n<td>unnecessary<\/td>\n<\/tr>\n<tr>\n<td>Info:<\/td>\n<td>je mo\u017en\u00e9 doda\u0165 s in\u00fdm po\u010dtom deliacich prie\u010dok<\/td>\n<\/tr>\n<tr>\n<td>Color:<\/td>\n<td>pod\u013ea palety <a href=\"https:\/\/wodgear.sk\/wp-content\/uploads\/2024\/11\/vzorkovnik_palety_ral.pdf\"><span style=\"color: #000000;\">RAL<\/span><\/a><\/td>\n<\/tr>\n<tr>\n<td>Manufacturer:<\/td>\n<td>WODGEAR, s.r.o. SVK<\/td>\n<\/tr>\n<\/tbody>\n<\/table>\n<p><strong>PRO<\/strong><\/p>\n<table>\n<tbody>\n<tr>\n<td>Height:<\/td>\n<td>108 mm (266 mm s prie\u010dkami)<\/td>\n<\/tr>\n<tr>\n<td>Width:<\/td>\n<td>1408\/na mieru mm<\/td>\n<\/tr>\n<tr>\n<td>Depth:<\/td>\n<td>600 mm<\/td>\n<\/tr>\n<tr>\n<td>Polica:<\/td>\n<td>1080mm \/custom-made<\/td>\n<\/tr>\n<tr>\n<td>Prie\u010dky:<\/td>\n<td>5 ks<\/td>\n<\/tr>\n<tr>\n<td>Kolieska:<\/td>\n<td>2 ks<\/td>\n<\/tr>\n<tr>\n<td>No\u017ei\u010dky:<\/td>\n<td>4 ks<\/td>\n<\/tr>\n<tr>\n<td>Handle:<\/td>\n<td>stainless<\/td>\n<\/tr>\n<tr>\n<td>Profile:<\/td>\n<td>80x80x3 mm<\/td>\n<\/tr>\n<tr>\n<td>Mounting:<\/td>\n<td>unnecessary<\/td>\n<\/tr>\n<tr>\n<td>Info:<\/td>\n<td>je mo\u017en\u00e9 doda\u0165 s in\u00fdm po\u010dtom deliacich prie\u010dok<\/td>\n<\/tr>\n<tr>\n<td>Color:<\/td>\n<td>pod\u013ea palety <a href=\"https:\/\/wodgear.sk\/wp-content\/uploads\/2024\/11\/vzorkovnik_palety_ral.pdf\"><span style=\"color: #000000;\">RAL<\/span><\/a><\/td>\n<\/tr>\n<tr>\n<td>Manufacturer:<\/td>\n<td>WODGEAR, s.r.o. SVK<\/td>\n<\/tr>\n<\/tbody>\n<\/table>","protected":false},"featured_media":23568,"template":"","meta":[],"yoast_head":"<!-- This site is optimized with the Yoast SEO plugin v14.8.1 - https:\/\/yoast.com\/wordpress\/plugins\/seo\/ -->\n<title>WODGEAR | PLATE RACK<\/title>\n<meta name=\"description\" content=\"Ak h\u013ead\u00e1te \u013eahko premiestnite\u013en\u00fd reg\u00e1l na kot\u00fa\u010de, u\u017e \u010falej neh\u013eadajte. PLATE RACK je mobiln\u00fd, odoln\u00fd a znesie v\u0161etko, \u010do na neho nalo\u017e\u00edte.\" \/>\n<meta name=\"robots\" content=\"index, follow\" \/>\n<meta name=\"googlebot\" content=\"index, follow, max-snippet:-1, max-image-preview:large, max-video-preview:-1\" \/>\n<meta name=\"bingbot\" content=\"index, follow, max-snippet:-1, max-image-preview:large, max-video-preview:-1\" \/>\n<link rel=\"canonical\" href=\"https:\/\/wodgear.sk\/en\/product\/indoor-plate-rack\/\" \/>\n<meta property=\"og:locale\" content=\"en_US\" \/>\n<meta property=\"og:type\" content=\"article\" \/>\n<meta property=\"og:title\" content=\"WODGEAR | PLATE RACK\" \/>\n<meta property=\"og:description\" content=\"Ak h\u013ead\u00e1te \u013eahko premiestnite\u013en\u00fd reg\u00e1l na kot\u00fa\u010de, u\u017e \u010falej neh\u013eadajte. PLATE RACK je mobiln\u00fd, odoln\u00fd a znesie v\u0161etko, \u010do na neho nalo\u017e\u00edte.\" \/>\n<meta property=\"og:url\" content=\"https:\/\/wodgear.sk\/en\/product\/indoor-plate-rack\/\" \/>\n<meta property=\"og:site_name\" content=\"WODGEAR\" \/>\n<meta property=\"article:modified_time\" content=\"2024-11-14T16:06:19+00:00\" \/>\n<meta property=\"og:image\" content=\"https:\/\/wodgear.sk\/wp-content\/uploads\/2022\/01\/plate_rack_seo.png\" \/>\n\t<meta property=\"og:image:width\" content=\"1199\" \/>\n\t<meta property=\"og:image:height\" content=\"800\" \/>\n<meta name=\"twitter:card\" content=\"summary_large_image\" \/>\n<script type=\"application\/ld+json\" class=\"yoast-schema-graph\">{\"@context\":\"https:\/\/schema.org\",\"@graph\":[{\"@type\":\"WebSite\",\"@id\":\"https:\/\/wodgear.sk\/en\/#website\",\"url\":\"https:\/\/wodgear.sk\/en\/\",\"name\":\"WODGEAR\",\"description\":\"#MakingLifeHarder\",\"potentialAction\":[{\"@type\":\"SearchAction\",\"target\":\"https:\/\/wodgear.sk\/en\/?s={search_term_string}\",\"query-input\":\"required name=search_term_string\"}],\"inLanguage\":\"en-US\"},{\"@type\":\"ImageObject\",\"@id\":\"https:\/\/wodgear.sk\/produkt\/indoor-plate-rack\/#primaryimage\",\"inLanguage\":\"en-US\",\"url\":\"https:\/\/wodgear.sk\/wp-content\/uploads\/2022\/01\/plate_rack_main.png\",\"width\":1199,\"height\":800},{\"@type\":\"WebPage\",\"@id\":\"https:\/\/wodgear.sk\/produkt\/indoor-plate-rack\/#webpage\",\"url\":\"https:\/\/wodgear.sk\/produkt\/indoor-plate-rack\/\",\"name\":\"WODGEAR | PLATE RACK\",\"isPartOf\":{\"@id\":\"https:\/\/wodgear.sk\/en\/#website\"},\"primaryImageOfPage\":{\"@id\":\"https:\/\/wodgear.sk\/produkt\/indoor-plate-rack\/#primaryimage\"},\"datePublished\":\"2022-01-31T13:55:06+00:00\",\"dateModified\":\"2024-11-14T16:06:19+00:00\",\"description\":\"Ak h\\u013ead\\u00e1te \\u013eahko premiestnite\\u013en\\u00fd reg\\u00e1l na kot\\u00fa\\u010de, u\\u017e \\u010falej neh\\u013eadajte. PLATE RACK je mobiln\\u00fd, odoln\\u00fd a znesie v\\u0161etko, \\u010do na neho nalo\\u017e\\u00edte.\",\"inLanguage\":\"en-US\",\"potentialAction\":[{\"@type\":\"ReadAction\",\"target\":[\"https:\/\/wodgear.sk\/produkt\/indoor-plate-rack\/\"]}]}]}<\/script>\n<!-- \/ Yoast SEO plugin. -->","_links":{"self":[{"href":"https:\/\/wodgear.sk\/en\/wp-json\/wp\/v2\/product\/23561"}],"collection":[{"href":"https:\/\/wodgear.sk\/en\/wp-json\/wp\/v2\/product"}],"about":[{"href":"https:\/\/wodgear.sk\/en\/wp-json\/wp\/v2\/types\/product"}],"wp:featuredmedia":[{"embeddable":true,"href":"https:\/\/wodgear.sk\/en\/wp-json\/wp\/v2\/media\/23568"}],"wp:attachment":[{"href":"https:\/\/wodgear.sk\/en\/wp-json\/wp\/v2\/media?parent=23561"}],"curies":[{"name":"wp","href":"https:\/\/api.w.org\/{rel}","templated":true}]}}