{"id":23637,"date":"2022-01-31T16:36:57","date_gmt":"2022-01-31T15:36:57","guid":{"rendered":"https:\/\/wodgear.sk\/?post_type=product&#038;p=23637"},"modified":"2024-11-13T15:02:02","modified_gmt":"2024-11-13T14:02:02","slug":"outdoor-multibar","status":"publish","type":"product","link":"https:\/\/wodgear.sk\/en\/product\/outdoor-multibar\/","title":{"rendered":"MULTIBAR"},"content":{"rendered":"<!DOCTYPE html PUBLIC \"-\/\/W3C\/\/DTD HTML 4.0 Transitional\/\/EN\" \"http:\/\/www.w3.org\/TR\/REC-html40\/loose.dtd\">\n<html><head><meta http-equiv=\"content-type\" content=\"text\/html; charset=utf-8\"><\/head><body><p>MULTIBAR je pr\u00eddavn\u00fd komponent k na\u0161im outdoorov\u00fdm workoutov\u00fdm kon\u0161trukci\u00e1m. Je to hrazda ur\u010den\u00e1 pre cvi\u010denie pr\u00ed\u0165ahov s \u00fachopom na \u0161iroko, neutr\u00e1lnym \u00fachopom na \u00fazko a na \u0161iroko.<\/p>\n<\/body><\/html>","protected":false},"excerpt":{"rendered":"<table>\n<tbody>\n<tr>\n<td>Height:<\/td>\n<td>2400\/na mieru mm<\/td>\n<\/tr>\n<tr>\n<td>Width:<\/td>\n<td>1100 mm<\/td>\n<\/tr>\n<tr>\n<td>Depth:<\/td>\n<td>150 mm<\/td>\n<\/tr>\n<tr>\n<td>Diameter:<\/td>\n<td>34 mm<\/td>\n<\/tr>\n<tr>\n<td>Weight:<\/td>\n<td>12.0 kg<\/td>\n<\/tr>\n<tr>\n<td>Stanovi\u0161tia:<\/td>\n<td>1+<\/td>\n<\/tr>\n<tr>\n<td>Capacity:<\/td>\n<td>1+<\/td>\n<\/tr>\n<tr>\n<td>Info:<\/td>\n<td>possibility of diameter customization<\/td>\n<\/tr>\n<tr>\n<td>Norm:<\/td>\n<td>EN STN 16630:2015<\/td>\n<\/tr>\n<tr>\n<td>Color:<\/td>\n<td>pod\u013ea palety <a href=\"https:\/\/wodgear.sk\/wp-content\/uploads\/2024\/11\/vzorkovnik_palety_ral.pdf\"><span style=\"color: #000000;\">RAL<\/span><\/a><\/td>\n<\/tr>\n<tr>\n<td>Surface:<\/td>\n<td>sandblasted\/zinc-epoxy\/komaxite<\/td>\n<\/tr>\n<tr>\n<td>Manufacturer:<\/td>\n<td>WODGEAR, s.r.o. SVK<\/td>\n<\/tr>\n<\/tbody>\n<\/table>","protected":false},"featured_media":23638,"template":"","meta":[],"yoast_head":"<!-- This site is optimized with the Yoast SEO plugin v14.8.1 - https:\/\/yoast.com\/wordpress\/plugins\/seo\/ -->\n<title>WODGEAR | MULTIBAR<\/title>\n<meta name=\"description\" content=\"MULTIBAR je hrazda ur\u010den\u00e1 pre cvi\u010denie pr\u00ed\u0165ahov s \u00fachopom na \u0161iroko a neutr\u00e1lnym \u00fachopom. Je ur\u010den\u00e1 pre na\u0161e vonkaj\u0161ie workoutov\u00e9 kon\u0161trukcie\" \/>\n<meta name=\"robots\" content=\"index, follow\" \/>\n<meta name=\"googlebot\" content=\"index, follow, max-snippet:-1, max-image-preview:large, max-video-preview:-1\" \/>\n<meta name=\"bingbot\" content=\"index, follow, max-snippet:-1, max-image-preview:large, max-video-preview:-1\" \/>\n<link rel=\"canonical\" href=\"https:\/\/wodgear.sk\/en\/product\/outdoor-multibar\/\" \/>\n<meta property=\"og:locale\" content=\"en_US\" \/>\n<meta property=\"og:type\" content=\"article\" \/>\n<meta property=\"og:title\" content=\"WODGEAR | MULTIBAR\" \/>\n<meta property=\"og:description\" content=\"MULTIBAR je hrazda ur\u010den\u00e1 pre cvi\u010denie pr\u00ed\u0165ahov s \u00fachopom na \u0161iroko a neutr\u00e1lnym \u00fachopom. Je ur\u010den\u00e1 pre na\u0161e vonkaj\u0161ie workoutov\u00e9 kon\u0161trukcie\" \/>\n<meta property=\"og:url\" content=\"https:\/\/wodgear.sk\/en\/product\/outdoor-multibar\/\" \/>\n<meta property=\"og:site_name\" content=\"WODGEAR\" \/>\n<meta property=\"article:modified_time\" content=\"2024-11-13T14:02:02+00:00\" \/>\n<meta property=\"og:image\" content=\"https:\/\/wodgear.sk\/wp-content\/uploads\/2022\/01\/multibar_outdoor_seo.png\" \/>\n\t<meta property=\"og:image:width\" content=\"1200\" \/>\n\t<meta property=\"og:image:height\" content=\"800\" \/>\n<meta name=\"twitter:card\" content=\"summary_large_image\" \/>\n<script type=\"application\/ld+json\" class=\"yoast-schema-graph\">{\"@context\":\"https:\/\/schema.org\",\"@graph\":[{\"@type\":\"WebSite\",\"@id\":\"https:\/\/wodgear.sk\/en\/#website\",\"url\":\"https:\/\/wodgear.sk\/en\/\",\"name\":\"WODGEAR\",\"description\":\"#MakingLifeHarder\",\"potentialAction\":[{\"@type\":\"SearchAction\",\"target\":\"https:\/\/wodgear.sk\/en\/?s={search_term_string}\",\"query-input\":\"required name=search_term_string\"}],\"inLanguage\":\"en-US\"},{\"@type\":\"ImageObject\",\"@id\":\"https:\/\/wodgear.sk\/produkt\/outdoor-multibar\/#primaryimage\",\"inLanguage\":\"en-US\",\"url\":\"https:\/\/wodgear.sk\/wp-content\/uploads\/2022\/01\/multibar_outdoor_main.png\",\"width\":1200,\"height\":800},{\"@type\":\"WebPage\",\"@id\":\"https:\/\/wodgear.sk\/produkt\/outdoor-multibar\/#webpage\",\"url\":\"https:\/\/wodgear.sk\/produkt\/outdoor-multibar\/\",\"name\":\"WODGEAR | MULTIBAR\",\"isPartOf\":{\"@id\":\"https:\/\/wodgear.sk\/en\/#website\"},\"primaryImageOfPage\":{\"@id\":\"https:\/\/wodgear.sk\/produkt\/outdoor-multibar\/#primaryimage\"},\"datePublished\":\"2022-01-31T15:36:57+00:00\",\"dateModified\":\"2024-11-13T14:02:02+00:00\",\"description\":\"MULTIBAR je hrazda ur\\u010den\\u00e1 pre cvi\\u010denie pr\\u00ed\\u0165ahov s \\u00fachopom na \\u0161iroko a neutr\\u00e1lnym \\u00fachopom. Je ur\\u010den\\u00e1 pre na\\u0161e vonkaj\\u0161ie workoutov\\u00e9 kon\\u0161trukcie\",\"inLanguage\":\"en-US\",\"potentialAction\":[{\"@type\":\"ReadAction\",\"target\":[\"https:\/\/wodgear.sk\/produkt\/outdoor-multibar\/\"]}]}]}<\/script>\n<!-- \/ Yoast SEO plugin. -->","_links":{"self":[{"href":"https:\/\/wodgear.sk\/en\/wp-json\/wp\/v2\/product\/23637"}],"collection":[{"href":"https:\/\/wodgear.sk\/en\/wp-json\/wp\/v2\/product"}],"about":[{"href":"https:\/\/wodgear.sk\/en\/wp-json\/wp\/v2\/types\/product"}],"wp:featuredmedia":[{"embeddable":true,"href":"https:\/\/wodgear.sk\/en\/wp-json\/wp\/v2\/media\/23638"}],"wp:attachment":[{"href":"https:\/\/wodgear.sk\/en\/wp-json\/wp\/v2\/media?parent=23637"}],"curies":[{"name":"wp","href":"https:\/\/api.w.org\/{rel}","templated":true}]}}