{"id":24184,"date":"2022-07-25T20:32:51","date_gmt":"2022-07-25T18:32:51","guid":{"rendered":"https:\/\/wodgear.sk\/?post_type=product&#038;p=24184"},"modified":"2024-11-14T17:15:40","modified_gmt":"2024-11-14T16:15:40","slug":"indoor-dip-horns-pro","status":"publish","type":"product","link":"https:\/\/wodgear.sk\/en\/product\/indoor-dip-horns-pro\/","title":{"rendered":"DIP HORNS <span>PRO<\/span>"},"content":{"rendered":"<!DOCTYPE html PUBLIC \"-\/\/W3C\/\/DTD HTML 4.0 Transitional\/\/EN\" \"http:\/\/www.w3.org\/TR\/REC-html40\/loose.dtd\">\n<html><head><meta http-equiv=\"content-type\" content=\"text\/html; charset=utf-8\"><\/head><body><p>Bradl\u00e1 DIP HORNS PRO s\u00fa navrhnut\u00e9 tak, aby boli jednoducho premiestnite\u013en\u00e9 a z\u00e1rove\u0148 ve\u013emi stabiln\u00e9 a odoln\u00e9. V\u010faka otvorom na ramen\u00e1ch si nerezov\u00e9 madl\u00e1 viete pomocou ru\u010dn\u00fdch mat\u00edc r\u00fdchlo a bezpe\u010dne pos\u00fava\u0165 a meni\u0165 tak ich rozostup. V\u010faka osadeniu bradiel vo vn\u00fatri klietky V\u00e1m pri cvi\u010den\u00ed nezavadzia stojka a tak je cvi\u010denie s pr\u00eddavnou z\u00e1\u0165a\u017eou o to jednoduch\u0161ie. Madl\u00e1 z nerezovej ocele s\u00fa s\u00fastru\u017een\u00e9-dr\u00e1\u017ekovan\u00e9 pre dokonal\u00fd grip. UHMW l\u00f4\u017eka na zadnej strane bradiel chr\u00e1nia kon\u0161trukciu a samotn\u00e9 bradl\u00e1 pred po\u0161koden\u00edm.<\/p>\n<\/body><\/html>","protected":false},"excerpt":{"rendered":"<table>\n<tbody>\n<tr>\n<td>Distance:<\/td>\n<td>440\/520\/600\/680\/760\/840\/920 mm<\/td>\n<\/tr>\n<tr>\n<td>Length:<\/td>\n<td>280 mm<\/td>\n<\/tr>\n<tr>\n<td>Diameter:<\/td>\n<td>40 mm<\/td>\n<\/tr>\n<tr>\n<td>Profile:<\/td>\n<td>80x80x3\/4 mm<\/td>\n<\/tr>\n<tr>\n<td>Presun:<\/td>\n<td>ru\u010dn\u00fd &#8211; samoistiaci<\/td>\n<\/tr>\n<tr>\n<td>Wear strips:<\/td>\n<td>plast &#8211; UHMW<\/td>\n<\/tr>\n<tr>\n<td>Madl\u00e1:<\/td>\n<td>stainless<\/td>\n<\/tr>\n<tr>\n<td>Surface:<\/td>\n<td>s\u00fastru\u017een\u00fd &#8211; dr\u00e1\u017ekovan\u00fd<\/td>\n<\/tr>\n<tr>\n<td>Info:<\/td>\n<td>possibility to make with your own logo<\/td>\n<\/tr>\n<tr>\n<td>Color:<\/td>\n<td>pod\u013ea palety <a href=\"https:\/\/wodgear.sk\/wp-content\/uploads\/2024\/11\/vzorkovnik_palety_ral.pdf\"><span style=\"color: #000000;\">RAL<\/span><\/a><\/td>\n<\/tr>\n<tr>\n<td>Manufacturer:<\/td>\n<td>WODGEAR, s.r.o. SVK<\/td>\n<\/tr>\n<\/tbody>\n<\/table>","protected":false},"featured_media":24186,"template":"","meta":[],"yoast_head":"<!-- This site is optimized with the Yoast SEO plugin v14.8.1 - https:\/\/yoast.com\/wordpress\/plugins\/seo\/ -->\n<title>WODGEAR | DIP HORNS PRO<\/title>\n<meta name=\"description\" content=\"Bradl\u00e1 DIP HORNS PRO s\u00fa navrhnut\u00e9 tak, aby boli jednoducho premiestnite\u013en\u00e9 a z\u00e1rove\u0148 ve\u013emi stabiln\u00e9 a odoln\u00e9.\" \/>\n<meta name=\"robots\" content=\"index, follow\" \/>\n<meta name=\"googlebot\" content=\"index, follow, max-snippet:-1, max-image-preview:large, max-video-preview:-1\" \/>\n<meta name=\"bingbot\" content=\"index, follow, max-snippet:-1, max-image-preview:large, max-video-preview:-1\" \/>\n<link rel=\"canonical\" href=\"https:\/\/wodgear.sk\/en\/product\/indoor-dip-horns-pro\/\" \/>\n<meta property=\"og:locale\" content=\"en_US\" \/>\n<meta property=\"og:type\" content=\"article\" \/>\n<meta property=\"og:title\" content=\"WODGEAR | DIP HORNS PRO\" \/>\n<meta property=\"og:description\" content=\"Bradl\u00e1 DIP HORNS PRO s\u00fa navrhnut\u00e9 tak, aby boli jednoducho premiestnite\u013en\u00e9 a z\u00e1rove\u0148 ve\u013emi stabiln\u00e9 a odoln\u00e9.\" \/>\n<meta property=\"og:url\" content=\"https:\/\/wodgear.sk\/en\/product\/indoor-dip-horns-pro\/\" \/>\n<meta property=\"og:site_name\" content=\"WODGEAR\" \/>\n<meta property=\"article:modified_time\" content=\"2024-11-14T16:15:40+00:00\" \/>\n<meta property=\"og:image\" content=\"https:\/\/wodgear.sk\/wp-content\/uploads\/2022\/07\/dip_horns_pro_seo.png\" \/>\n\t<meta property=\"og:image:width\" content=\"1200\" \/>\n\t<meta property=\"og:image:height\" content=\"800\" \/>\n<meta name=\"twitter:card\" content=\"summary_large_image\" \/>\n<script type=\"application\/ld+json\" class=\"yoast-schema-graph\">{\"@context\":\"https:\/\/schema.org\",\"@graph\":[{\"@type\":\"WebSite\",\"@id\":\"https:\/\/wodgear.sk\/en\/#website\",\"url\":\"https:\/\/wodgear.sk\/en\/\",\"name\":\"WODGEAR\",\"description\":\"#MakingLifeHarder\",\"potentialAction\":[{\"@type\":\"SearchAction\",\"target\":\"https:\/\/wodgear.sk\/en\/?s={search_term_string}\",\"query-input\":\"required name=search_term_string\"}],\"inLanguage\":\"en-US\"},{\"@type\":\"ImageObject\",\"@id\":\"https:\/\/wodgear.sk\/produkt\/indoor-dip-horns-pro\/#primaryimage\",\"inLanguage\":\"en-US\",\"url\":\"https:\/\/wodgear.sk\/wp-content\/uploads\/2022\/07\/dip_horns_pro_main.png\",\"width\":1200,\"height\":800},{\"@type\":\"WebPage\",\"@id\":\"https:\/\/wodgear.sk\/produkt\/indoor-dip-horns-pro\/#webpage\",\"url\":\"https:\/\/wodgear.sk\/produkt\/indoor-dip-horns-pro\/\",\"name\":\"WODGEAR | DIP HORNS PRO\",\"isPartOf\":{\"@id\":\"https:\/\/wodgear.sk\/en\/#website\"},\"primaryImageOfPage\":{\"@id\":\"https:\/\/wodgear.sk\/produkt\/indoor-dip-horns-pro\/#primaryimage\"},\"datePublished\":\"2022-07-25T18:32:51+00:00\",\"dateModified\":\"2024-11-14T16:15:40+00:00\",\"description\":\"Bradl\\u00e1 DIP HORNS PRO s\\u00fa navrhnut\\u00e9 tak, aby boli jednoducho premiestnite\\u013en\\u00e9 a z\\u00e1rove\\u0148 ve\\u013emi stabiln\\u00e9 a odoln\\u00e9.\",\"inLanguage\":\"en-US\",\"potentialAction\":[{\"@type\":\"ReadAction\",\"target\":[\"https:\/\/wodgear.sk\/produkt\/indoor-dip-horns-pro\/\"]}]}]}<\/script>\n<!-- \/ Yoast SEO plugin. -->","_links":{"self":[{"href":"https:\/\/wodgear.sk\/en\/wp-json\/wp\/v2\/product\/24184"}],"collection":[{"href":"https:\/\/wodgear.sk\/en\/wp-json\/wp\/v2\/product"}],"about":[{"href":"https:\/\/wodgear.sk\/en\/wp-json\/wp\/v2\/types\/product"}],"wp:featuredmedia":[{"embeddable":true,"href":"https:\/\/wodgear.sk\/en\/wp-json\/wp\/v2\/media\/24186"}],"wp:attachment":[{"href":"https:\/\/wodgear.sk\/en\/wp-json\/wp\/v2\/media?parent=24184"}],"curies":[{"name":"wp","href":"https:\/\/api.w.org\/{rel}","templated":true}]}}