{"id":24249,"date":"2022-07-27T14:17:55","date_gmt":"2022-07-27T12:17:55","guid":{"rendered":"https:\/\/wodgear.sk\/?post_type=product&#038;p=24249"},"modified":"2024-11-14T10:57:30","modified_gmt":"2024-11-14T09:57:30","slug":"indoor-battle-mirror","status":"publish","type":"product","link":"https:\/\/wodgear.sk\/en\/product\/indoor-battle-mirror\/","title":{"rendered":"BATTLE MIRROR"},"content":{"rendered":"<!DOCTYPE html PUBLIC \"-\/\/W3C\/\/DTD HTML 4.0 Transitional\/\/EN\" \"http:\/\/www.w3.org\/TR\/REC-html40\/loose.dtd\">\n<html><head><meta http-equiv=\"content-type\" content=\"text\/html; charset=utf-8\"><\/head><body><p>Kontrolova\u0165 si techniku pri vzpieran\u00ed, alebo len tak , \u010di pumpova\u010dka vy\u0161la \ud83d\ude00 BATTLE MIRROR zrkadlo je tu pre V\u00e1s. R\u00e1m je z mas\u00edvnych oce\u013eov\u00fdch profilov s pieskovan\u00fdm povrchom, epoxidom a pr\u00e1\u0161kov\u00fdm n\u00e1strekom. Zrkadlo je nalepen\u00e9 na pevnej, CNC fr\u00e9zovanej preglejke a cel\u00e1 kon\u0161trukcia stoj\u00ed na mas\u00edvnych a oto\u010dn\u00fdch kolieskach s brzdou. M\u00f4\u017eete sa teda spo\u013eahn\u00fa\u0165 na dlhu \u017eivotnos\u0165 celej kon\u0161trukcie.<\/p>\n<\/body><\/html>","protected":false},"excerpt":{"rendered":"<table>\n<tbody>\n<tr>\n<td>Height:<\/td>\n<td>1825\/na mieru mm<\/td>\n<\/tr>\n<tr>\n<td>Width:<\/td>\n<td>940\/na mieru mm<\/td>\n<\/tr>\n<tr>\n<td>Depth:<\/td>\n<td>640 mm<\/td>\n<\/tr>\n<tr>\n<td>Zrkadlo:<\/td>\n<td>700&#215;1500\/na mieru mm<\/td>\n<\/tr>\n<tr>\n<td>Kolieska:<\/td>\n<td>gumen\u00e9 75 mm<\/td>\n<\/tr>\n<tr>\n<td>Info:<\/td>\n<td>possibility to make with your own logo<\/td>\n<\/tr>\n<tr>\n<td>Color:<\/td>\n<td>pod\u013ea palety <a href=\"https:\/\/wodgear.sk\/wp-content\/uploads\/2024\/11\/vzorkovnik_palety_ral.pdf\"><span style=\"color: #000000;\">RAL<\/span><\/a><\/td>\n<\/tr>\n<tr>\n<td>Manufacturer:<\/td>\n<td>WODGEAR, s.r.o. SVK<\/td>\n<\/tr>\n<\/tbody>\n<\/table>","protected":false},"featured_media":24201,"template":"","meta":[],"yoast_head":"<!-- This site is optimized with the Yoast SEO plugin v14.8.1 - https:\/\/yoast.com\/wordpress\/plugins\/seo\/ -->\n<title>WODGEAR | BATTLE MIRROR<\/title>\n<meta name=\"description\" content=\"Kontrolova\u0165 si techniku pri vzpieran\u00ed, alebo len tak , \u010di pumpova\u010dka vy\u0161la :D BATTLE MIRROR zrkadlo je tu pre V\u00e1s.\" \/>\n<meta name=\"robots\" content=\"index, follow\" \/>\n<meta name=\"googlebot\" content=\"index, follow, max-snippet:-1, max-image-preview:large, max-video-preview:-1\" \/>\n<meta name=\"bingbot\" content=\"index, follow, max-snippet:-1, max-image-preview:large, max-video-preview:-1\" \/>\n<link rel=\"canonical\" href=\"https:\/\/wodgear.sk\/en\/product\/indoor-battle-mirror\/\" \/>\n<meta property=\"og:locale\" content=\"en_US\" \/>\n<meta property=\"og:type\" content=\"article\" \/>\n<meta property=\"og:title\" content=\"WODGEAR | BATTLE MIRROR\" \/>\n<meta property=\"og:description\" content=\"Kontrolova\u0165 si techniku pri vzpieran\u00ed, alebo len tak , \u010di pumpova\u010dka vy\u0161la :D BATTLE MIRROR zrkadlo je tu pre V\u00e1s.\" \/>\n<meta property=\"og:url\" content=\"https:\/\/wodgear.sk\/en\/product\/indoor-battle-mirror\/\" \/>\n<meta property=\"og:site_name\" content=\"WODGEAR\" \/>\n<meta property=\"article:modified_time\" content=\"2024-11-14T09:57:30+00:00\" \/>\n<meta property=\"og:image\" content=\"https:\/\/wodgear.sk\/wp-content\/uploads\/2022\/07\/battle_mirror_seo.png\" \/>\n\t<meta property=\"og:image:width\" content=\"1200\" \/>\n\t<meta property=\"og:image:height\" content=\"800\" \/>\n<meta name=\"twitter:card\" content=\"summary_large_image\" \/>\n<script type=\"application\/ld+json\" class=\"yoast-schema-graph\">{\"@context\":\"https:\/\/schema.org\",\"@graph\":[{\"@type\":\"WebSite\",\"@id\":\"https:\/\/wodgear.sk\/en\/#website\",\"url\":\"https:\/\/wodgear.sk\/en\/\",\"name\":\"WODGEAR\",\"description\":\"#MakingLifeHarder\",\"potentialAction\":[{\"@type\":\"SearchAction\",\"target\":\"https:\/\/wodgear.sk\/en\/?s={search_term_string}\",\"query-input\":\"required name=search_term_string\"}],\"inLanguage\":\"en-US\"},{\"@type\":\"ImageObject\",\"@id\":\"https:\/\/wodgear.sk\/produkt\/indoor-battle-mirror\/#primaryimage\",\"inLanguage\":\"en-US\",\"url\":\"https:\/\/wodgear.sk\/wp-content\/uploads\/2022\/07\/battle_mirror_main.png\",\"width\":1200,\"height\":800},{\"@type\":\"WebPage\",\"@id\":\"https:\/\/wodgear.sk\/produkt\/indoor-battle-mirror\/#webpage\",\"url\":\"https:\/\/wodgear.sk\/produkt\/indoor-battle-mirror\/\",\"name\":\"WODGEAR | BATTLE MIRROR\",\"isPartOf\":{\"@id\":\"https:\/\/wodgear.sk\/en\/#website\"},\"primaryImageOfPage\":{\"@id\":\"https:\/\/wodgear.sk\/produkt\/indoor-battle-mirror\/#primaryimage\"},\"datePublished\":\"2022-07-27T12:17:55+00:00\",\"dateModified\":\"2024-11-14T09:57:30+00:00\",\"description\":\"Kontrolova\\u0165 si techniku pri vzpieran\\u00ed, alebo len tak , \\u010di pumpova\\u010dka vy\\u0161la :D BATTLE MIRROR zrkadlo je tu pre V\\u00e1s.\",\"inLanguage\":\"en-US\",\"potentialAction\":[{\"@type\":\"ReadAction\",\"target\":[\"https:\/\/wodgear.sk\/produkt\/indoor-battle-mirror\/\"]}]}]}<\/script>\n<!-- \/ Yoast SEO plugin. -->","_links":{"self":[{"href":"https:\/\/wodgear.sk\/en\/wp-json\/wp\/v2\/product\/24249"}],"collection":[{"href":"https:\/\/wodgear.sk\/en\/wp-json\/wp\/v2\/product"}],"about":[{"href":"https:\/\/wodgear.sk\/en\/wp-json\/wp\/v2\/types\/product"}],"wp:featuredmedia":[{"embeddable":true,"href":"https:\/\/wodgear.sk\/en\/wp-json\/wp\/v2\/media\/24201"}],"wp:attachment":[{"href":"https:\/\/wodgear.sk\/en\/wp-json\/wp\/v2\/media?parent=24249"}],"curies":[{"name":"wp","href":"https:\/\/api.w.org\/{rel}","templated":true}]}}