{"id":24286,"date":"2022-08-05T16:03:13","date_gmt":"2022-08-05T14:03:13","guid":{"rendered":"https:\/\/wodgear.sk\/?post_type=product&#038;p=24286"},"modified":"2024-11-14T17:14:53","modified_gmt":"2024-11-14T16:14:53","slug":"indoor-jammer-arm-wings","status":"publish","type":"product","link":"https:\/\/wodgear.sk\/en\/product\/indoor-jammer-arm-wings\/","title":{"rendered":"JAMMER ARM <span>WINGS<\/span>"},"content":{"rendered":"<!DOCTYPE html PUBLIC \"-\/\/W3C\/\/DTD HTML 4.0 Transitional\/\/EN\" \"http:\/\/www.w3.org\/TR\/REC-html40\/loose.dtd\">\n<html><head><meta http-equiv=\"content-type\" content=\"text\/html; charset=utf-8\"><\/head><body><p>Pri cvikoch s ramenami JAMMER ARMS ako s\u00fa BENCH PRESS, VIKING PRESS a pod. nie je ide\u00e1lne za\u010da\u0165 pohyb ramena od stojky, ale z ur\u010dit\u00e9ho uhla. Pr\u00e1ve pre tento probl\u00e9m tu m\u00e1me JAMMER ARM WINGS. V\u010faka tomuto UPGRADEu ramien JAMMER AMRS PRO je nastavenie po\u010diato\u010dn\u00e9ho uhla ramien od 22,5\u00b0 a\u017e po 135\u00b0 hra\u010dkou. Kr\u00eddla sa jednoducho naskrutkuj\u00fa na posun ramien a hne\u010f m\u00f4\u017eete za\u010da\u0165 s tr\u00e9ningom. JAMMER ARM WINGS s\u00fa kompletne vyroben\u00e9 z nerezovej ocele ako aj areta\u010dn\u00fd kol\u00edk. Ramen\u00e1 s\u00fa proti po\u0161kodeniu chr\u00e1nen\u00e9 plastov\u00fdm UHMW l\u00f4\u017ekom.<\/p>\n<\/body><\/html>","protected":false},"excerpt":{"rendered":"<p>&nbsp;<\/p>\n<table>\n<tbody>\n<tr>\n<td>Ur\u010denie:<\/td>\n<td>JAMMER ARMS PRO<\/td>\n<\/tr>\n<tr>\n<td>Ramen\u00e1:<\/td>\n<td>880\/1080 mm<\/td>\n<\/tr>\n<tr>\n<td>N\u00e1klon:<\/td>\n<td>22,5\u00b0\/33,75\u00b0\/45\u00b0\/56,25\u00b0\/67,5\u00b0\/78,75\u00b0\/90\u00b0\/101,25\u00b0\/112,5\u00b0\/123,75\u00b0\/135\u00b0<\/td>\n<\/tr>\n<tr>\n<td>Zaistenie:<\/td>\n<td>nerezov\u00fdm kol\u00edkom<\/td>\n<\/tr>\n<tr>\n<td>Material:<\/td>\n<td>stainless<\/td>\n<\/tr>\n<tr>\n<td>Info:<\/td>\n<td>je mo\u017en\u00e9 doda\u0165 aj s magnetick\u00fdmi kol\u00edkmi<\/td>\n<\/tr>\n<tr>\n<td>Manufacturer:<\/td>\n<td>WODGEAR, s.r.o. SVK<\/td>\n<\/tr>\n<\/tbody>\n<\/table>","protected":false},"featured_media":24287,"template":"","meta":[],"yoast_head":"<!-- This site is optimized with the Yoast SEO plugin v14.8.1 - https:\/\/yoast.com\/wordpress\/plugins\/seo\/ -->\n<title>WODGEAR | JAMMER ARM WINGS<\/title>\n<meta name=\"description\" content=\"Pri cvikoch s ramenami JAMMER ARMS ako s\u00fa BENCH PRESS, VIKING PRESS a pod. nie je ide\u00e1lne za\u010da\u0165 pohyb ramena od stojky, ale z ur\u010dit\u00e9ho uhla.\" \/>\n<meta name=\"robots\" content=\"index, follow\" \/>\n<meta name=\"googlebot\" content=\"index, follow, max-snippet:-1, max-image-preview:large, max-video-preview:-1\" \/>\n<meta name=\"bingbot\" content=\"index, follow, max-snippet:-1, max-image-preview:large, max-video-preview:-1\" \/>\n<link rel=\"canonical\" href=\"https:\/\/wodgear.sk\/en\/product\/indoor-jammer-arm-wings\/\" \/>\n<meta property=\"og:locale\" content=\"en_US\" \/>\n<meta property=\"og:type\" content=\"article\" \/>\n<meta property=\"og:title\" content=\"WODGEAR | JAMMER ARM WINGS\" \/>\n<meta property=\"og:description\" content=\"Pri cvikoch s ramenami JAMMER ARMS ako s\u00fa BENCH PRESS, VIKING PRESS a pod. nie je ide\u00e1lne za\u010da\u0165 pohyb ramena od stojky, ale z ur\u010dit\u00e9ho uhla.\" \/>\n<meta property=\"og:url\" content=\"https:\/\/wodgear.sk\/en\/product\/indoor-jammer-arm-wings\/\" \/>\n<meta property=\"og:site_name\" content=\"WODGEAR\" \/>\n<meta property=\"article:modified_time\" content=\"2024-11-14T16:14:53+00:00\" \/>\n<meta property=\"og:image\" content=\"https:\/\/wodgear.sk\/wp-content\/uploads\/2022\/08\/jammer_arm_wings_seo.png\" \/>\n\t<meta property=\"og:image:width\" content=\"1200\" \/>\n\t<meta property=\"og:image:height\" content=\"800\" \/>\n<meta name=\"twitter:card\" content=\"summary_large_image\" \/>\n<script type=\"application\/ld+json\" class=\"yoast-schema-graph\">{\"@context\":\"https:\/\/schema.org\",\"@graph\":[{\"@type\":\"WebSite\",\"@id\":\"https:\/\/wodgear.sk\/en\/#website\",\"url\":\"https:\/\/wodgear.sk\/en\/\",\"name\":\"WODGEAR\",\"description\":\"#MakingLifeHarder\",\"potentialAction\":[{\"@type\":\"SearchAction\",\"target\":\"https:\/\/wodgear.sk\/en\/?s={search_term_string}\",\"query-input\":\"required name=search_term_string\"}],\"inLanguage\":\"en-US\"},{\"@type\":\"ImageObject\",\"@id\":\"https:\/\/wodgear.sk\/produkt\/indoor-jammer-arm-wings\/#primaryimage\",\"inLanguage\":\"en-US\",\"url\":\"https:\/\/wodgear.sk\/wp-content\/uploads\/2022\/08\/jammer_arm_wings_main.png\",\"width\":1200,\"height\":800},{\"@type\":\"WebPage\",\"@id\":\"https:\/\/wodgear.sk\/produkt\/indoor-jammer-arm-wings\/#webpage\",\"url\":\"https:\/\/wodgear.sk\/produkt\/indoor-jammer-arm-wings\/\",\"name\":\"WODGEAR | JAMMER ARM WINGS\",\"isPartOf\":{\"@id\":\"https:\/\/wodgear.sk\/en\/#website\"},\"primaryImageOfPage\":{\"@id\":\"https:\/\/wodgear.sk\/produkt\/indoor-jammer-arm-wings\/#primaryimage\"},\"datePublished\":\"2022-08-05T14:03:13+00:00\",\"dateModified\":\"2024-11-14T16:14:53+00:00\",\"description\":\"Pri cvikoch s ramenami JAMMER ARMS ako s\\u00fa BENCH PRESS, VIKING PRESS a pod. nie je ide\\u00e1lne za\\u010da\\u0165 pohyb ramena od stojky, ale z ur\\u010dit\\u00e9ho uhla.\",\"inLanguage\":\"en-US\",\"potentialAction\":[{\"@type\":\"ReadAction\",\"target\":[\"https:\/\/wodgear.sk\/produkt\/indoor-jammer-arm-wings\/\"]}]}]}<\/script>\n<!-- \/ Yoast SEO plugin. -->","_links":{"self":[{"href":"https:\/\/wodgear.sk\/en\/wp-json\/wp\/v2\/product\/24286"}],"collection":[{"href":"https:\/\/wodgear.sk\/en\/wp-json\/wp\/v2\/product"}],"about":[{"href":"https:\/\/wodgear.sk\/en\/wp-json\/wp\/v2\/types\/product"}],"wp:featuredmedia":[{"embeddable":true,"href":"https:\/\/wodgear.sk\/en\/wp-json\/wp\/v2\/media\/24287"}],"wp:attachment":[{"href":"https:\/\/wodgear.sk\/en\/wp-json\/wp\/v2\/media?parent=24286"}],"curies":[{"name":"wp","href":"https:\/\/api.w.org\/{rel}","templated":true}]}}