{"id":24327,"date":"2022-08-19T10:43:07","date_gmt":"2022-08-19T08:43:07","guid":{"rendered":"https:\/\/wodgear.sk\/?post_type=product&#038;p=24327"},"modified":"2024-11-14T17:14:05","modified_gmt":"2024-11-14T16:14:05","slug":"indoor-jammer-handles-pro","status":"publish","type":"product","link":"https:\/\/wodgear.sk\/en\/product\/indoor-jammer-handles-pro\/","title":{"rendered":"JAMMER HANDLES <span>PRO<\/span>"},"content":{"rendered":"<!DOCTYPE html PUBLIC \"-\/\/W3C\/\/DTD HTML 4.0 Transitional\/\/EN\" \"http:\/\/www.w3.org\/TR\/REC-html40\/loose.dtd\">\n<html><head><meta http-equiv=\"content-type\" content=\"text\/html; charset=utf-8\"><\/head><body><p>Jeden z k\u013e\u00fa\u010dov\u00fdch komponentov JAMMER ARMS ramien k dosiahnutiu ich v\u0161estrannosti s\u00fa madl\u00e1 JAMMER HANDLES. Ide\u00e1lne madl\u00e1 musia pon\u00faknu\u0165 viacero mo\u017enost\u00ed ich \u00fachopu pre \u010do najv\u00e4\u010d\u0161\u00ed po\u010det vykon\u00e1vate\u013en\u00fdch cvikov.\u00a0 JAMMER HANDLES PRO sp\u013a\u0148aj\u00fa presne toto krit\u00e9rium. Manipul\u00e1cia s nimi je v\u010faka poistn\u00e9mu pri\u017einov\u00e9mu kol\u00edku a plastov\u00fdm ko\u013eajniciam bezpe\u010dn\u00e1 a r\u00fdchla. T\u0155\u0148 na kot\u00fa\u010de a jeho doraz s\u00fa rovnako vyroben\u00e9 z UHMW plastu a tak nehroz\u00ed po\u0161kodenie kot\u00fa\u010dov ani samotn\u00fdch madiel.<\/p>\n<\/body><\/html>","protected":false},"excerpt":{"rendered":"<table>\n<tbody>\n<tr>\n<td>Ur\u010denie:<\/td>\n<td>JAMMER ARMS PRO\/SEMI<\/td>\n<\/tr>\n<tr>\n<td>Length:<\/td>\n<td>350 mm<\/td>\n<\/tr>\n<tr>\n<td>Handle:<\/td>\n<td>34 mm<\/td>\n<\/tr>\n<tr>\n<td>T\u0155\u0148:<\/td>\n<td>50 mm<\/td>\n<\/tr>\n<tr>\n<td>Presun:<\/td>\n<td>poistn\u00fdm kol\u00edkom<\/td>\n<\/tr>\n<tr>\n<td>Wear strips:<\/td>\n<td>plast &#8211; UHMW<\/td>\n<\/tr>\n<tr>\n<td>Info:<\/td>\n<td>possible to custom-made the length<\/td>\n<\/tr>\n<tr>\n<td>Color:<\/td>\n<td>pod\u013ea palety <a href=\"https:\/\/wodgear.sk\/wp-content\/uploads\/2024\/11\/vzorkovnik_palety_ral.pdf\"><span style=\"color: #000000;\">RAL<\/span><\/a><\/td>\n<\/tr>\n<tr>\n<td>Manufacturer:<\/td>\n<td>WODGEAR, s.r.o. SVK<\/td>\n<\/tr>\n<\/tbody>\n<\/table>","protected":false},"featured_media":24332,"template":"","meta":[],"yoast_head":"<!-- This site is optimized with the Yoast SEO plugin v14.8.1 - https:\/\/yoast.com\/wordpress\/plugins\/seo\/ -->\n<title>WODGEAR | JAMMER HANDLES PRO<\/title>\n<meta name=\"description\" content=\"Ide\u00e1lne madl\u00e1 musia pon\u00faknu\u0165 viacero mo\u017enost\u00ed ich \u00fachopu pre \u010do najv\u00e4\u010d\u0161\u00ed po\u010det vykon\u00e1vate\u013en\u00fdch cvikov.\u00a0 JAMMER HANDLES PRO to sp\u013a\u0148aj\u00fa.\" \/>\n<meta name=\"robots\" content=\"index, follow\" \/>\n<meta name=\"googlebot\" content=\"index, follow, max-snippet:-1, max-image-preview:large, max-video-preview:-1\" \/>\n<meta name=\"bingbot\" content=\"index, follow, max-snippet:-1, max-image-preview:large, max-video-preview:-1\" \/>\n<link rel=\"canonical\" href=\"https:\/\/wodgear.sk\/en\/product\/indoor-jammer-handles-pro\/\" \/>\n<meta property=\"og:locale\" content=\"en_US\" \/>\n<meta property=\"og:type\" content=\"article\" \/>\n<meta property=\"og:title\" content=\"WODGEAR | JAMMER HANDLES PRO\" \/>\n<meta property=\"og:description\" content=\"Ide\u00e1lne madl\u00e1 musia pon\u00faknu\u0165 viacero mo\u017enost\u00ed ich \u00fachopu pre \u010do najv\u00e4\u010d\u0161\u00ed po\u010det vykon\u00e1vate\u013en\u00fdch cvikov.\u00a0 JAMMER HANDLES PRO to sp\u013a\u0148aj\u00fa.\" \/>\n<meta property=\"og:url\" content=\"https:\/\/wodgear.sk\/en\/product\/indoor-jammer-handles-pro\/\" \/>\n<meta property=\"og:site_name\" content=\"WODGEAR\" \/>\n<meta property=\"article:modified_time\" content=\"2024-11-14T16:14:05+00:00\" \/>\n<meta property=\"og:image\" content=\"https:\/\/wodgear.sk\/wp-content\/uploads\/2022\/08\/jammer_handles_pro_seo.png\" \/>\n\t<meta property=\"og:image:width\" content=\"1200\" \/>\n\t<meta property=\"og:image:height\" content=\"800\" \/>\n<meta name=\"twitter:card\" content=\"summary_large_image\" \/>\n<script type=\"application\/ld+json\" class=\"yoast-schema-graph\">{\"@context\":\"https:\/\/schema.org\",\"@graph\":[{\"@type\":\"WebSite\",\"@id\":\"https:\/\/wodgear.sk\/en\/#website\",\"url\":\"https:\/\/wodgear.sk\/en\/\",\"name\":\"WODGEAR\",\"description\":\"#MakingLifeHarder\",\"potentialAction\":[{\"@type\":\"SearchAction\",\"target\":\"https:\/\/wodgear.sk\/en\/?s={search_term_string}\",\"query-input\":\"required name=search_term_string\"}],\"inLanguage\":\"en-US\"},{\"@type\":\"ImageObject\",\"@id\":\"https:\/\/wodgear.sk\/produkt\/indoor-jammer-handles-pro\/#primaryimage\",\"inLanguage\":\"en-US\",\"url\":\"https:\/\/wodgear.sk\/wp-content\/uploads\/2022\/08\/jammer_handles_pro_main.png\",\"width\":1200,\"height\":800},{\"@type\":\"WebPage\",\"@id\":\"https:\/\/wodgear.sk\/produkt\/indoor-jammer-handles-pro\/#webpage\",\"url\":\"https:\/\/wodgear.sk\/produkt\/indoor-jammer-handles-pro\/\",\"name\":\"WODGEAR | JAMMER HANDLES PRO\",\"isPartOf\":{\"@id\":\"https:\/\/wodgear.sk\/en\/#website\"},\"primaryImageOfPage\":{\"@id\":\"https:\/\/wodgear.sk\/produkt\/indoor-jammer-handles-pro\/#primaryimage\"},\"datePublished\":\"2022-08-19T08:43:07+00:00\",\"dateModified\":\"2024-11-14T16:14:05+00:00\",\"description\":\"Ide\\u00e1lne madl\\u00e1 musia pon\\u00faknu\\u0165 viacero mo\\u017enost\\u00ed ich \\u00fachopu pre \\u010do najv\\u00e4\\u010d\\u0161\\u00ed po\\u010det vykon\\u00e1vate\\u013en\\u00fdch cvikov.\\u00a0 JAMMER HANDLES PRO to sp\\u013a\\u0148aj\\u00fa.\",\"inLanguage\":\"en-US\",\"potentialAction\":[{\"@type\":\"ReadAction\",\"target\":[\"https:\/\/wodgear.sk\/produkt\/indoor-jammer-handles-pro\/\"]}]}]}<\/script>\n<!-- \/ Yoast SEO plugin. -->","_links":{"self":[{"href":"https:\/\/wodgear.sk\/en\/wp-json\/wp\/v2\/product\/24327"}],"collection":[{"href":"https:\/\/wodgear.sk\/en\/wp-json\/wp\/v2\/product"}],"about":[{"href":"https:\/\/wodgear.sk\/en\/wp-json\/wp\/v2\/types\/product"}],"wp:featuredmedia":[{"embeddable":true,"href":"https:\/\/wodgear.sk\/en\/wp-json\/wp\/v2\/media\/24332"}],"wp:attachment":[{"href":"https:\/\/wodgear.sk\/en\/wp-json\/wp\/v2\/media?parent=24327"}],"curies":[{"name":"wp","href":"https:\/\/api.w.org\/{rel}","templated":true}]}}