{"id":24352,"date":"2022-09-14T09:38:59","date_gmt":"2022-09-14T07:38:59","guid":{"rendered":"https:\/\/wodgear.sk\/?post_type=product&#038;p=24352"},"modified":"2024-11-28T15:17:07","modified_gmt":"2024-11-28T14:17:07","slug":"indoor-jammer-arms-semi","status":"publish","type":"product","link":"https:\/\/wodgear.sk\/en\/product\/indoor-jammer-arms-semi\/","title":{"rendered":"JAMMER ARMS <span>SEMI<\/span>"},"content":{"rendered":"<!DOCTYPE html PUBLIC \"-\/\/W3C\/\/DTD HTML 4.0 Transitional\/\/EN\" \"http:\/\/www.w3.org\/TR\/REC-html40\/loose.dtd\">\n<html><head><meta http-equiv=\"content-type\" content=\"text\/html; charset=utf-8\"><\/head><body><p>JAMMER ARMS SEMI s\u00fa modern\u00fdm roz\u0161\u00edren\u00edm na\u0161ich INDOORov\u00fdch kon\u0161trukci\u00ed RACK, RIG a WALLMOUNT. Je to syst\u00e9m madiel a ramien s posuvn\u00fdm mechanizmom. Ide o naozaj v\u0161estrann\u00fa pom\u00f4cku pre silov\u00fd a kondi\u010dn\u00fd tr\u00e9ning. Mo\u017enosti jeho vyu\u017eitia s\u00fa obrovsk\u00e9. Vyu\u017eite ich pri cvikoch ako bench-press, deadlift, v\u00fdpady, viking press a pod. V\u010faka posuvn\u00e9mu mechanizmu si viete nastavi\u0165 v\u00fd\u0161ku uchytenia ramien. Mechanizmus PRO je jednoduch\u00fd a intuit\u00edvny. Plastov\u00e9 vlo\u017eky ochr\u00e1nia nie len kon\u0161trukciu, ale aj samotn\u00fd posun pred po\u0161koden\u00edm. Na v\u00fdber m\u00e1te z viacer\u00fdch druhov madiel, aby ramen\u00e1 \u010do najviac vyhovovali V\u00e1m a V\u00e1\u0161mu tr\u00e9ningu.<\/p>\n<\/body><\/html>","protected":false},"excerpt":{"rendered":"<p><strong>1080<\/strong><\/p>\n<table>\n<tbody>\n<tr>\n<td>Minimal capacity:<\/td>\n<td>280 kg\/ pair<\/td>\n<\/tr>\n<tr>\n<td>Length:<\/td>\n<td>1080 mm<\/td>\n<\/tr>\n<tr>\n<td>Profile:<\/td>\n<td>80x80x3 mm<\/td>\n<\/tr>\n<tr>\n<td>Presun:<\/td>\n<td>skrutkov\u00fd s kol\u00edkom<\/td>\n<\/tr>\n<tr>\n<td>Zaistenie:<\/td>\n<td>ru\u010dnou maticou<\/td>\n<\/tr>\n<tr>\n<td>Wear strips:<\/td>\n<td>plast &#8211; UHMW<\/td>\n<\/tr>\n<tr>\n<td>Lo\u017eisk\u00e1:<\/td>\n<td>klzn\u00e9 p\u00fazdra &#8211; bronzov\u00e9<\/td>\n<\/tr>\n<tr>\n<td>Info:<\/td>\n<td>je mo\u017en\u00e9 vyrobi\u0165 aj s vlastnou d\u013a\u017ekou ramien<\/td>\n<\/tr>\n<tr>\n<td>Color:<\/td>\n<td>pod\u013ea palety <a href=\"https:\/\/wodgear.sk\/wp-content\/uploads\/2024\/11\/vzorkovnik_palety_ral.pdf\"><span style=\"color: #000000;\">RAL<\/span><\/a><\/td>\n<\/tr>\n<tr>\n<td>Manufacturer:<\/td>\n<td>WODGEAR, s.r.o. SVK<\/td>\n<\/tr>\n<\/tbody>\n<\/table>\n<p><strong>880<\/strong><\/p>\n<table>\n<tbody>\n<tr>\n<td>Minimal capacity:<\/td>\n<td>280 kg\/ pair<\/td>\n<\/tr>\n<tr>\n<td>Length:<\/td>\n<td>880 mm<\/td>\n<\/tr>\n<tr>\n<td>Profile:<\/td>\n<td>80x80x3 mm<\/td>\n<\/tr>\n<tr>\n<td>Presun:<\/td>\n<td>skrutkov\u00fd s kol\u00edkom<\/td>\n<\/tr>\n<tr>\n<td>Zaistenie:<\/td>\n<td>ru\u010dnou maticou<\/td>\n<\/tr>\n<tr>\n<td>Wear strips:<\/td>\n<td>plast &#8211; UHMW<\/td>\n<\/tr>\n<tr>\n<td>Lo\u017eisk\u00e1:<\/td>\n<td>klzn\u00e9 p\u00fazdra &#8211; bronzov\u00e9<\/td>\n<\/tr>\n<tr>\n<td>Info:<\/td>\n<td>je mo\u017en\u00e9 vyrobi\u0165 aj s vlastnou d\u013a\u017ekou ramien<\/td>\n<\/tr>\n<tr>\n<td>Color:<\/td>\n<td>pod\u013ea palety <a href=\"https:\/\/wodgear.sk\/wp-content\/uploads\/2024\/11\/vzorkovnik_palety_ral.pdf\"><span style=\"color: #000000;\">RAL<\/span><\/a><\/td>\n<\/tr>\n<tr>\n<td>Manufacturer:<\/td>\n<td>WODGEAR, s.r.o. SVK<\/td>\n<\/tr>\n<\/tbody>\n<\/table>","protected":false},"featured_media":24364,"template":"","meta":[],"yoast_head":"<!-- This site is optimized with the Yoast SEO plugin v14.8.1 - https:\/\/yoast.com\/wordpress\/plugins\/seo\/ -->\n<title>WODGEAR | JAMMER ARMS SEMI<\/title>\n<meta name=\"description\" content=\"JAMMER ARMS SEMI s\u00fa modern\u00fdm roz\u0161\u00edren\u00edm na\u0161ich INDOOR kon\u0161trukci\u00ed RACK, RIG a WALLMOUNT. Je to syst\u00e9m madiel a ramien s posuvn\u00fdm mechanizmom.\" \/>\n<meta name=\"robots\" content=\"index, follow\" \/>\n<meta name=\"googlebot\" content=\"index, follow, max-snippet:-1, max-image-preview:large, max-video-preview:-1\" \/>\n<meta name=\"bingbot\" content=\"index, follow, max-snippet:-1, max-image-preview:large, max-video-preview:-1\" \/>\n<link rel=\"canonical\" href=\"https:\/\/wodgear.sk\/en\/product\/indoor-jammer-arms-semi\/\" \/>\n<meta property=\"og:locale\" content=\"en_US\" \/>\n<meta property=\"og:type\" content=\"article\" \/>\n<meta property=\"og:title\" content=\"WODGEAR | JAMMER ARMS SEMI\" \/>\n<meta property=\"og:description\" content=\"JAMMER ARMS SEMI s\u00fa modern\u00fdm roz\u0161\u00edren\u00edm na\u0161ich INDOOR kon\u0161trukci\u00ed RACK, RIG a WALLMOUNT. Je to syst\u00e9m madiel a ramien s posuvn\u00fdm mechanizmom.\" \/>\n<meta property=\"og:url\" content=\"https:\/\/wodgear.sk\/en\/product\/indoor-jammer-arms-semi\/\" \/>\n<meta property=\"og:site_name\" content=\"WODGEAR\" \/>\n<meta property=\"article:modified_time\" content=\"2024-11-28T14:17:07+00:00\" \/>\n<meta property=\"og:image\" content=\"https:\/\/wodgear.sk\/wp-content\/uploads\/2022\/09\/jammer_arms_semi_seo.png\" \/>\n\t<meta property=\"og:image:width\" content=\"1200\" \/>\n\t<meta property=\"og:image:height\" content=\"800\" \/>\n<meta name=\"twitter:card\" content=\"summary_large_image\" \/>\n<script type=\"application\/ld+json\" class=\"yoast-schema-graph\">{\"@context\":\"https:\/\/schema.org\",\"@graph\":[{\"@type\":\"WebSite\",\"@id\":\"https:\/\/wodgear.sk\/en\/#website\",\"url\":\"https:\/\/wodgear.sk\/en\/\",\"name\":\"WODGEAR\",\"description\":\"#MakingLifeHarder\",\"potentialAction\":[{\"@type\":\"SearchAction\",\"target\":\"https:\/\/wodgear.sk\/en\/?s={search_term_string}\",\"query-input\":\"required name=search_term_string\"}],\"inLanguage\":\"en-US\"},{\"@type\":\"ImageObject\",\"@id\":\"https:\/\/wodgear.sk\/produkt\/indoor-jammer-arms-semi\/#primaryimage\",\"inLanguage\":\"en-US\",\"url\":\"https:\/\/wodgear.sk\/wp-content\/uploads\/2022\/09\/jammer_arms_semi_main.png\",\"width\":1200,\"height\":800},{\"@type\":\"WebPage\",\"@id\":\"https:\/\/wodgear.sk\/produkt\/indoor-jammer-arms-semi\/#webpage\",\"url\":\"https:\/\/wodgear.sk\/produkt\/indoor-jammer-arms-semi\/\",\"name\":\"WODGEAR | JAMMER ARMS SEMI\",\"isPartOf\":{\"@id\":\"https:\/\/wodgear.sk\/en\/#website\"},\"primaryImageOfPage\":{\"@id\":\"https:\/\/wodgear.sk\/produkt\/indoor-jammer-arms-semi\/#primaryimage\"},\"datePublished\":\"2022-09-14T07:38:59+00:00\",\"dateModified\":\"2024-11-28T14:17:07+00:00\",\"description\":\"JAMMER ARMS SEMI s\\u00fa modern\\u00fdm roz\\u0161\\u00edren\\u00edm na\\u0161ich INDOOR kon\\u0161trukci\\u00ed RACK, RIG a WALLMOUNT. Je to syst\\u00e9m madiel a ramien s posuvn\\u00fdm mechanizmom.\",\"inLanguage\":\"en-US\",\"potentialAction\":[{\"@type\":\"ReadAction\",\"target\":[\"https:\/\/wodgear.sk\/produkt\/indoor-jammer-arms-semi\/\"]}]}]}<\/script>\n<!-- \/ Yoast SEO plugin. -->","_links":{"self":[{"href":"https:\/\/wodgear.sk\/en\/wp-json\/wp\/v2\/product\/24352"}],"collection":[{"href":"https:\/\/wodgear.sk\/en\/wp-json\/wp\/v2\/product"}],"about":[{"href":"https:\/\/wodgear.sk\/en\/wp-json\/wp\/v2\/types\/product"}],"wp:featuredmedia":[{"embeddable":true,"href":"https:\/\/wodgear.sk\/en\/wp-json\/wp\/v2\/media\/24364"}],"wp:attachment":[{"href":"https:\/\/wodgear.sk\/en\/wp-json\/wp\/v2\/media?parent=24352"}],"curies":[{"name":"wp","href":"https:\/\/api.w.org\/{rel}","templated":true}]}}