{"id":24384,"date":"2022-09-27T17:12:35","date_gmt":"2022-09-27T15:12:35","guid":{"rendered":"https:\/\/wodgear.sk\/?post_type=product&#038;p=24384"},"modified":"2024-11-13T11:30:41","modified_gmt":"2024-11-13T10:30:41","slug":"outdoor-sit-up","status":"publish","type":"product","link":"https:\/\/wodgear.sk\/en\/product\/outdoor-sit-up\/","title":{"rendered":"SIT-UP"},"content":{"rendered":"<!DOCTYPE html PUBLIC \"-\/\/W3C\/\/DTD HTML 4.0 Transitional\/\/EN\" \"http:\/\/www.w3.org\/TR\/REC-html40\/loose.dtd\">\n<html><head><meta http-equiv=\"content-type\" content=\"text\/html; charset=utf-8\"><\/head><body><p>SIT-UP je na\u0161ou variantou \u0161ikmej lavi\u010dky. Nepova\u017eujeme skl\u00e1pa\u010dky na \u0161ikmej lavi\u010dke za bezpe\u010dn\u00fd tr\u00e9ning bru\u0161n\u00fdch svalov. Ale po mno\u017estve dopytov na tento komponent sme sa rozhodli predsa len povoli\u0165, a zahrn\u00fa\u0165 tento prvok do na\u0161ej ponuky. Ale neboli by sme WODGEAR, keby sme nepridali nie\u010do navy\u0161e \ud83d\ude00 SIT-UP je lavi\u010dkou na sed-\u013eah s mo\u017enos\u0165ou si vybra\u0165 uhol, pod ktor\u00fdm bude nahnut\u00e1. Mas\u00edvny r\u00e1m a sed\u00e1k zo sendvi\u010dov\u00e9ho plastu s UV filtrom zabezpe\u010dia vysok\u00fa stabilitu a dlh\u00fa \u017eivotnos\u0165 celej lavi\u010dky.<\/p>\n<\/body><\/html>","protected":false},"excerpt":{"rendered":"<table>\n<tbody>\n<tr>\n<td>Height:<\/td>\n<td>od 280 mm<\/td>\n<\/tr>\n<tr>\n<td>Width:<\/td>\n<td>400 mm<\/td>\n<\/tr>\n<tr>\n<td>Depth:<\/td>\n<td>1400 mm<\/td>\n<\/tr>\n<tr>\n<td>Uhol:<\/td>\n<td>0\u00b0-45\u00b0<\/td>\n<\/tr>\n<tr>\n<td>Weight:<\/td>\n<td>od 52.0 kg<\/td>\n<\/tr>\n<tr>\n<td>Handle:<\/td>\n<td>34 mm<\/td>\n<\/tr>\n<tr>\n<td>Doska:<\/td>\n<td>19 mm PLAY-TEC<\/td>\n<\/tr>\n<tr>\n<td>Stanovi\u0161tia:<\/td>\n<td>1+<\/td>\n<\/tr>\n<tr>\n<td>Capacity:<\/td>\n<td>1+<\/td>\n<\/tr>\n<tr>\n<td>Info:<\/td>\n<td>je mo\u017en\u00e9 vyrobi\u0165 aj s vlastn\u00fdm uhlom<\/td>\n<\/tr>\n<tr>\n<td>Norm:<\/td>\n<td>STN EN 16630:2015<\/td>\n<\/tr>\n<tr>\n<td>Color:<\/td>\n<td>pod\u013ea palety <a href=\"https:\/\/wodgear.sk\/wp-content\/uploads\/2024\/11\/vzorkovnik_palety_ral.pdf\"><span style=\"color: #000000;\">RAL<\/span><\/a><\/td>\n<\/tr>\n<tr>\n<td>Surface:<\/td>\n<td>sandblasted\/zinc-epoxy\/komaxite<\/td>\n<\/tr>\n<tr>\n<td>Manufacturer:<\/td>\n<td>WODGEAR, s.r.o. SVK<\/td>\n<\/tr>\n<\/tbody>\n<\/table>","protected":false},"featured_media":24385,"template":"","meta":[],"yoast_head":"<!-- This site is optimized with the Yoast SEO plugin v14.8.1 - https:\/\/yoast.com\/wordpress\/plugins\/seo\/ -->\n<title>WODGEAR | SIT-UP<\/title>\n<meta name=\"description\" content=\"SIT-UP je na\u0161ou variantou \u0161ikmej lavi\u010dky. Nepova\u017eujeme skl\u00e1pa\u010dky na \u0161ikmej lavi\u010dke za bezpe\u010dn\u00fd tr\u00e9ning bru\u0161n\u00fdch svalov.\" \/>\n<meta name=\"robots\" content=\"index, follow\" \/>\n<meta name=\"googlebot\" content=\"index, follow, max-snippet:-1, max-image-preview:large, max-video-preview:-1\" \/>\n<meta name=\"bingbot\" content=\"index, follow, max-snippet:-1, max-image-preview:large, max-video-preview:-1\" \/>\n<link rel=\"canonical\" href=\"https:\/\/wodgear.sk\/en\/product\/outdoor-sit-up\/\" \/>\n<meta property=\"og:locale\" content=\"en_US\" \/>\n<meta property=\"og:type\" content=\"article\" \/>\n<meta property=\"og:title\" content=\"WODGEAR | SIT-UP\" \/>\n<meta property=\"og:description\" content=\"SIT-UP je na\u0161ou variantou \u0161ikmej lavi\u010dky. Nepova\u017eujeme skl\u00e1pa\u010dky na \u0161ikmej lavi\u010dke za bezpe\u010dn\u00fd tr\u00e9ning bru\u0161n\u00fdch svalov.\" \/>\n<meta property=\"og:url\" content=\"https:\/\/wodgear.sk\/en\/product\/outdoor-sit-up\/\" \/>\n<meta property=\"og:site_name\" content=\"WODGEAR\" \/>\n<meta property=\"article:modified_time\" content=\"2024-11-13T10:30:41+00:00\" \/>\n<meta property=\"og:image\" content=\"https:\/\/wodgear.sk\/wp-content\/uploads\/2022\/09\/sit-up_main.png\" \/>\n\t<meta property=\"og:image:width\" content=\"1200\" \/>\n\t<meta property=\"og:image:height\" content=\"800\" \/>\n<meta name=\"twitter:card\" content=\"summary_large_image\" \/>\n<script type=\"application\/ld+json\" class=\"yoast-schema-graph\">{\"@context\":\"https:\/\/schema.org\",\"@graph\":[{\"@type\":\"WebSite\",\"@id\":\"https:\/\/wodgear.sk\/en\/#website\",\"url\":\"https:\/\/wodgear.sk\/en\/\",\"name\":\"WODGEAR\",\"description\":\"#MakingLifeHarder\",\"potentialAction\":[{\"@type\":\"SearchAction\",\"target\":\"https:\/\/wodgear.sk\/en\/?s={search_term_string}\",\"query-input\":\"required name=search_term_string\"}],\"inLanguage\":\"en-US\"},{\"@type\":\"ImageObject\",\"@id\":\"https:\/\/wodgear.sk\/produkt\/outdoor-sit-up\/#primaryimage\",\"inLanguage\":\"en-US\",\"url\":\"https:\/\/wodgear.sk\/wp-content\/uploads\/2022\/09\/sit-up_main.png\",\"width\":1200,\"height\":800},{\"@type\":\"WebPage\",\"@id\":\"https:\/\/wodgear.sk\/produkt\/outdoor-sit-up\/#webpage\",\"url\":\"https:\/\/wodgear.sk\/produkt\/outdoor-sit-up\/\",\"name\":\"WODGEAR | SIT-UP\",\"isPartOf\":{\"@id\":\"https:\/\/wodgear.sk\/en\/#website\"},\"primaryImageOfPage\":{\"@id\":\"https:\/\/wodgear.sk\/produkt\/outdoor-sit-up\/#primaryimage\"},\"datePublished\":\"2022-09-27T15:12:35+00:00\",\"dateModified\":\"2024-11-13T10:30:41+00:00\",\"description\":\"SIT-UP je na\\u0161ou variantou \\u0161ikmej lavi\\u010dky. Nepova\\u017eujeme skl\\u00e1pa\\u010dky na \\u0161ikmej lavi\\u010dke za bezpe\\u010dn\\u00fd tr\\u00e9ning bru\\u0161n\\u00fdch svalov.\",\"inLanguage\":\"en-US\",\"potentialAction\":[{\"@type\":\"ReadAction\",\"target\":[\"https:\/\/wodgear.sk\/produkt\/outdoor-sit-up\/\"]}]}]}<\/script>\n<!-- \/ Yoast SEO plugin. -->","_links":{"self":[{"href":"https:\/\/wodgear.sk\/en\/wp-json\/wp\/v2\/product\/24384"}],"collection":[{"href":"https:\/\/wodgear.sk\/en\/wp-json\/wp\/v2\/product"}],"about":[{"href":"https:\/\/wodgear.sk\/en\/wp-json\/wp\/v2\/types\/product"}],"wp:featuredmedia":[{"embeddable":true,"href":"https:\/\/wodgear.sk\/en\/wp-json\/wp\/v2\/media\/24385"}],"wp:attachment":[{"href":"https:\/\/wodgear.sk\/en\/wp-json\/wp\/v2\/media?parent=24384"}],"curies":[{"name":"wp","href":"https:\/\/api.w.org\/{rel}","templated":true}]}}