{"id":245,"date":"2017-07-03T23:01:44","date_gmt":"2017-07-03T21:01:44","guid":{"rendered":"http:\/\/wodgear.sk\/?post_type=product&#038;p=245"},"modified":"2024-12-07T13:20:12","modified_gmt":"2024-12-07T12:20:12","slug":"indoor-dumbbell-storage","status":"publish","type":"product","link":"https:\/\/wodgear.sk\/en\/product\/indoor-dumbbell-storage\/","title":{"rendered":"DUMBBELL STORAGE"},"content":{"rendered":"<!DOCTYPE html PUBLIC \"-\/\/W3C\/\/DTD HTML 4.0 Transitional\/\/EN\" \"http:\/\/www.w3.org\/TR\/REC-html40\/loose.dtd\">\n<html><head><meta http-equiv=\"content-type\" content=\"text\/html; charset=utf-8\"><\/head><body><p>Multifunk\u010dn\u00fd a prisp\u00f4sobite\u013en\u00fd reg\u00e1l DUMBBELL STORAGE je ide\u00e1lnym rie\u0161en\u00edm pre odkladanie jednoru\u010diek, kettlebellov, kot\u00fa\u010dov, cvi\u010debn\u00fdch pom\u00f4cok, n\u00e1radia a doplnkov. M\u00f4\u017eete ho upravi\u0165 na r\u00f4zne \u00fa\u010dely jednoduch\u00fdm preskupen\u00edm komponentov. Reg\u00e1l je mo\u017en\u00e9 doplni\u0165 o gumen\u00e9 podlo\u017eky a tak lep\u0161ie ochr\u00e1ni\u0165 nie len samotn\u00e9 poli\u010dky, ale aj Va\u0161e n\u00e1radie. Tento reg\u00e1l je mo\u017en\u00e9 upevni\u0165 aj o na\u0161e indoorov\u00e9 kon\u0161trukcie. M\u00f4\u017eete ho roz\u0161\u00edri\u0165 o \u010fal\u0161ie poli\u010dky a komponenty ako dr\u017eiak na Olympijsk\u00e9 ty\u010de, Landmine, Anchor a podobne.<\/p>\n<\/body><\/html>","protected":false},"excerpt":{"rendered":"<p><strong>S<\/strong><\/p>\n<table>\n<tbody>\n<tr>\n<td>Height:<\/td>\n<td>1199 mm<\/td>\n<\/tr>\n<tr>\n<td>Width:<\/td>\n<td>1252 mm (1360 mm s kotvami)<\/td>\n<\/tr>\n<tr>\n<td>Depth:<\/td>\n<td>600 mm<\/td>\n<\/tr>\n<tr>\n<td>Polica:<\/td>\n<td>1080 mm<\/td>\n<\/tr>\n<tr>\n<td>Profile:<\/td>\n<td>80x80x3 mm<\/td>\n<\/tr>\n<tr>\n<td>Mounting:<\/td>\n<td>floor mounting \/ unnecessary<\/td>\n<\/tr>\n<tr>\n<td>Info:<\/td>\n<td>je mo\u017en\u00e9 zameni\u0165 prvky pod\u013ea vlastn\u00e9ho v\u00fdberu<\/td>\n<\/tr>\n<tr>\n<td>Color:<\/td>\n<td>pod\u013ea palety <a href=\"https:\/\/wodgear.sk\/wp-content\/uploads\/2024\/11\/vzorkovnik_palety_ral.pdf\"><span style=\"color: #000000;\">RAL<\/span><\/a><\/td>\n<\/tr>\n<tr>\n<td>Manufacturer:<\/td>\n<td>WODGEAR, s.r.o. SVK<\/td>\n<\/tr>\n<\/tbody>\n<\/table>\n<p><strong>M<\/strong><\/p>\n<table>\n<tbody>\n<tr>\n<td>Height:<\/td>\n<td>1199 mm<\/td>\n<\/tr>\n<tr>\n<td>Width:<\/td>\n<td>1652 mm (1760 mm s kotvami)<\/td>\n<\/tr>\n<tr>\n<td>Depth:<\/td>\n<td>600 mm<\/td>\n<\/tr>\n<tr>\n<td>Polica:<\/td>\n<td>1480 mm<\/td>\n<\/tr>\n<tr>\n<td>Profile:<\/td>\n<td>80x80x3 mm<\/td>\n<\/tr>\n<tr>\n<td>Mounting:<\/td>\n<td>floor mounting \/ unnecessary<\/td>\n<\/tr>\n<tr>\n<td>Info:<\/td>\n<td>je mo\u017en\u00e9 zameni\u0165 prvky pod\u013ea vlastn\u00e9ho v\u00fdberu<\/td>\n<\/tr>\n<tr>\n<td>Color:<\/td>\n<td>pod\u013ea palety <a href=\"https:\/\/wodgear.sk\/wp-content\/uploads\/2024\/11\/vzorkovnik_palety_ral.pdf\"><span style=\"color: #000000;\">RAL<\/span><\/a><\/td>\n<\/tr>\n<tr>\n<td>Manufacturer:<\/td>\n<td>WODGEAR, s.r.o. SVK<\/td>\n<\/tr>\n<\/tbody>\n<\/table>\n<p><strong>L<\/strong><\/p>\n<table>\n<tbody>\n<tr>\n<td>Height:<\/td>\n<td>1199 mm<\/td>\n<\/tr>\n<tr>\n<td>Width:<\/td>\n<td>1972 mm (2080 mm s kotvami)<\/td>\n<\/tr>\n<tr>\n<td>Depth:<\/td>\n<td>600 mm<\/td>\n<\/tr>\n<tr>\n<td>Polica:<\/td>\n<td>1800 mm<\/td>\n<\/tr>\n<tr>\n<td>Profile:<\/td>\n<td>80x80x3 mm<\/td>\n<\/tr>\n<tr>\n<td>Mounting:<\/td>\n<td>floor mounting \/ unnecessary<\/td>\n<\/tr>\n<tr>\n<td>Info:<\/td>\n<td>je mo\u017en\u00e9 zameni\u0165 prvky pod\u013ea vlastn\u00e9ho v\u00fdberu<\/td>\n<\/tr>\n<tr>\n<td>Color:<\/td>\n<td>pod\u013ea palety <a href=\"https:\/\/wodgear.sk\/wp-content\/uploads\/2024\/11\/vzorkovnik_palety_ral.pdf\"><span style=\"color: #000000;\">RAL<\/span><\/a><\/td>\n<\/tr>\n<tr>\n<td>Manufacturer:<\/td>\n<td>WODGEAR, s.r.o. SVK<\/td>\n<\/tr>\n<\/tbody>\n<\/table>","protected":false},"featured_media":27446,"template":"","meta":[],"yoast_head":"<!-- This site is optimized with the Yoast SEO plugin v14.8.1 - https:\/\/yoast.com\/wordpress\/plugins\/seo\/ -->\n<title>WODGEAR | DUMBBELL STORAGE<\/title>\n<meta name=\"description\" content=\"Multifunk\u010dn\u00fd a prisp\u00f4sobite\u013en\u00fd reg\u00e1l DUMBBELL STORAGE je ide\u00e1lnym rie\u0161en\u00edm pre odkladanie jednoru\u010diek, kettlebellov, kot\u00fa\u010dov a n\u00e1radia.\" \/>\n<meta name=\"robots\" content=\"index, follow\" \/>\n<meta name=\"googlebot\" content=\"index, follow, max-snippet:-1, max-image-preview:large, max-video-preview:-1\" \/>\n<meta name=\"bingbot\" content=\"index, follow, max-snippet:-1, max-image-preview:large, max-video-preview:-1\" \/>\n<link rel=\"canonical\" href=\"https:\/\/wodgear.sk\/en\/product\/indoor-dumbbell-storage\/\" \/>\n<meta property=\"og:locale\" content=\"en_US\" \/>\n<meta property=\"og:type\" content=\"article\" \/>\n<meta property=\"og:title\" content=\"WODGEAR | DUMBBELL STORAGE\" \/>\n<meta property=\"og:description\" content=\"Multifunk\u010dn\u00fd a prisp\u00f4sobite\u013en\u00fd reg\u00e1l DUMBBELL STORAGE je ide\u00e1lnym rie\u0161en\u00edm pre odkladanie jednoru\u010diek, kettlebellov, kot\u00fa\u010dov a n\u00e1radia.\" \/>\n<meta property=\"og:url\" content=\"https:\/\/wodgear.sk\/en\/product\/indoor-dumbbell-storage\/\" \/>\n<meta property=\"og:site_name\" content=\"WODGEAR\" \/>\n<meta property=\"article:modified_time\" content=\"2024-12-07T12:20:12+00:00\" \/>\n<meta property=\"og:image\" content=\"https:\/\/wodgear.sk\/wp-content\/uploads\/2024\/12\/dumbbell_storage_seo.png\" \/>\n\t<meta property=\"og:image:width\" content=\"1200\" \/>\n\t<meta property=\"og:image:height\" content=\"800\" \/>\n<meta name=\"twitter:card\" content=\"summary_large_image\" \/>\n<script type=\"application\/ld+json\" class=\"yoast-schema-graph\">{\"@context\":\"https:\/\/schema.org\",\"@graph\":[{\"@type\":\"WebSite\",\"@id\":\"https:\/\/wodgear.sk\/en\/#website\",\"url\":\"https:\/\/wodgear.sk\/en\/\",\"name\":\"WODGEAR\",\"description\":\"#MakingLifeHarder\",\"potentialAction\":[{\"@type\":\"SearchAction\",\"target\":\"https:\/\/wodgear.sk\/en\/?s={search_term_string}\",\"query-input\":\"required name=search_term_string\"}],\"inLanguage\":\"en-US\"},{\"@type\":\"ImageObject\",\"@id\":\"https:\/\/wodgear.sk\/produkt\/indoor-dumbbell-storage\/#primaryimage\",\"inLanguage\":\"en-US\",\"url\":\"https:\/\/wodgear.sk\/wp-content\/uploads\/2024\/12\/dumbbell_storage_main.png\",\"width\":1200,\"height\":800},{\"@type\":\"WebPage\",\"@id\":\"https:\/\/wodgear.sk\/produkt\/indoor-dumbbell-storage\/#webpage\",\"url\":\"https:\/\/wodgear.sk\/produkt\/indoor-dumbbell-storage\/\",\"name\":\"WODGEAR | DUMBBELL STORAGE\",\"isPartOf\":{\"@id\":\"https:\/\/wodgear.sk\/en\/#website\"},\"primaryImageOfPage\":{\"@id\":\"https:\/\/wodgear.sk\/produkt\/indoor-dumbbell-storage\/#primaryimage\"},\"datePublished\":\"2017-07-03T21:01:44+00:00\",\"dateModified\":\"2024-12-07T12:20:12+00:00\",\"description\":\"Multifunk\\u010dn\\u00fd a prisp\\u00f4sobite\\u013en\\u00fd reg\\u00e1l DUMBBELL STORAGE je ide\\u00e1lnym rie\\u0161en\\u00edm pre odkladanie jednoru\\u010diek, kettlebellov, kot\\u00fa\\u010dov a n\\u00e1radia.\",\"inLanguage\":\"en-US\",\"potentialAction\":[{\"@type\":\"ReadAction\",\"target\":[\"https:\/\/wodgear.sk\/produkt\/indoor-dumbbell-storage\/\"]}]}]}<\/script>\n<!-- \/ Yoast SEO plugin. -->","_links":{"self":[{"href":"https:\/\/wodgear.sk\/en\/wp-json\/wp\/v2\/product\/245"}],"collection":[{"href":"https:\/\/wodgear.sk\/en\/wp-json\/wp\/v2\/product"}],"about":[{"href":"https:\/\/wodgear.sk\/en\/wp-json\/wp\/v2\/types\/product"}],"wp:featuredmedia":[{"embeddable":true,"href":"https:\/\/wodgear.sk\/en\/wp-json\/wp\/v2\/media\/27446"}],"wp:attachment":[{"href":"https:\/\/wodgear.sk\/en\/wp-json\/wp\/v2\/media?parent=245"}],"curies":[{"name":"wp","href":"https:\/\/api.w.org\/{rel}","templated":true}]}}