{"id":24524,"date":"2022-10-02T14:05:02","date_gmt":"2022-10-02T12:05:02","guid":{"rendered":"https:\/\/wodgear.sk\/?post_type=product&#038;p=24524"},"modified":"2024-11-13T14:39:10","modified_gmt":"2024-11-13T13:39:10","slug":"indoor-indoor-bar-hook-pro","status":"publish","type":"product","link":"https:\/\/wodgear.sk\/en\/product\/indoor-indoor-bar-hook-pro\/","title":{"rendered":"BAR HOOKS <span>PRO<\/span>"},"content":{"rendered":"<!DOCTYPE html PUBLIC \"-\/\/W3C\/\/DTD HTML 4.0 Transitional\/\/EN\" \"http:\/\/www.w3.org\/TR\/REC-html40\/loose.dtd\">\n<html><head><meta http-equiv=\"content-type\" content=\"text\/html; charset=utf-8\"><\/head><body><p>Niet kam r\u00fdchlo odlo\u017ei\u0165 osku na klietke? BAR HOOKS PRO s\u00fa ur\u010den\u00e9 presne pre V\u00e1s. Tieto komponenty je mo\u017en\u00e9 upevni\u0165 o horizont\u00e1lne prie\u010dky alebo o stojky kon\u0161trukcie. V\u010faka UHMW l\u00f4\u017eku nehroz\u00ed po\u0161kodenie h\u00e1kov ani samotnej osky. Oska na h\u00e1koch vie sl\u00fa\u017ei\u0165 napr. aj na pr\u00ed\u0165ahy alebo na odkladanie expanderov a pod.<\/p>\n<\/body><\/html>","protected":false},"excerpt":{"rendered":"<table>\n<tbody>\n<tr>\n<td>Capacity:<\/td>\n<td>olymp. \u010dinka 2x<\/td>\n<\/tr>\n<tr>\n<td>Diameter:<\/td>\n<td>25-50 mm<\/td>\n<\/tr>\n<tr>\n<td>Height:<\/td>\n<td>288 mm<\/td>\n<\/tr>\n<tr>\n<td>Width:<\/td>\n<td>300 mm<\/td>\n<\/tr>\n<tr>\n<td>Material:<\/td>\n<td>steel<\/td>\n<\/tr>\n<tr>\n<td>Wear strips:<\/td>\n<td>plast &#8211; UHMW<\/td>\n<\/tr>\n<tr>\n<td>Surface:<\/td>\n<td>powder coating (komaxit)<\/td>\n<\/tr>\n<tr>\n<td>Info:<\/td>\n<td>possibility to make with your own logo<\/td>\n<\/tr>\n<tr>\n<td>Color:<\/td>\n<td>pod\u013ea palety <a href=\"https:\/\/wodgear.sk\/wp-content\/uploads\/2024\/11\/vzorkovnik_palety_ral.pdf\"><span style=\"color: #000000;\">RAL<\/span><\/a><\/td>\n<\/tr>\n<tr>\n<td>Manufacturer:<\/td>\n<td>WODGEAR, s.r.o. SVK<\/td>\n<\/tr>\n<\/tbody>\n<\/table>","protected":false},"featured_media":24525,"template":"","meta":[],"yoast_head":"<!-- This site is optimized with the Yoast SEO plugin v14.8.1 - https:\/\/yoast.com\/wordpress\/plugins\/seo\/ -->\n<title>WODGEAR | BAR HOOKS PRO<\/title>\n<meta name=\"description\" content=\"Niet kam r\u00fdchlo odlo\u017ei\u0165 osku na klietke? BAR HOOKS PRO s\u00fa ur\u010den\u00e9 presne pre V\u00e1s. Je mo\u017en\u00e9 ich upevni\u0165 o prie\u010dky alebo o stojky kon\u0161trukcie.\" \/>\n<meta name=\"robots\" content=\"index, follow\" \/>\n<meta name=\"googlebot\" content=\"index, follow, max-snippet:-1, max-image-preview:large, max-video-preview:-1\" \/>\n<meta name=\"bingbot\" content=\"index, follow, max-snippet:-1, max-image-preview:large, max-video-preview:-1\" \/>\n<link rel=\"canonical\" href=\"https:\/\/wodgear.sk\/en\/product\/indoor-indoor-bar-hook-pro\/\" \/>\n<meta property=\"og:locale\" content=\"en_US\" \/>\n<meta property=\"og:type\" content=\"article\" \/>\n<meta property=\"og:title\" content=\"WODGEAR | BAR HOOKS PRO\" \/>\n<meta property=\"og:description\" content=\"Niet kam r\u00fdchlo odlo\u017ei\u0165 osku na klietke? BAR HOOKS PRO s\u00fa ur\u010den\u00e9 presne pre V\u00e1s. Je mo\u017en\u00e9 ich upevni\u0165 o prie\u010dky alebo o stojky kon\u0161trukcie.\" \/>\n<meta property=\"og:url\" content=\"https:\/\/wodgear.sk\/en\/product\/indoor-indoor-bar-hook-pro\/\" \/>\n<meta property=\"og:site_name\" content=\"WODGEAR\" \/>\n<meta property=\"article:modified_time\" content=\"2024-11-13T13:39:10+00:00\" \/>\n<meta property=\"og:image\" content=\"https:\/\/wodgear.sk\/wp-content\/uploads\/2022\/10\/bar-hook-pro_main_2.png\" \/>\n\t<meta property=\"og:image:width\" content=\"1200\" \/>\n\t<meta property=\"og:image:height\" content=\"800\" \/>\n<meta name=\"twitter:card\" content=\"summary_large_image\" \/>\n<script type=\"application\/ld+json\" class=\"yoast-schema-graph\">{\"@context\":\"https:\/\/schema.org\",\"@graph\":[{\"@type\":\"WebSite\",\"@id\":\"https:\/\/wodgear.sk\/en\/#website\",\"url\":\"https:\/\/wodgear.sk\/en\/\",\"name\":\"WODGEAR\",\"description\":\"#MakingLifeHarder\",\"potentialAction\":[{\"@type\":\"SearchAction\",\"target\":\"https:\/\/wodgear.sk\/en\/?s={search_term_string}\",\"query-input\":\"required name=search_term_string\"}],\"inLanguage\":\"en-US\"},{\"@type\":\"ImageObject\",\"@id\":\"https:\/\/wodgear.sk\/produkt\/indoor-indoor-bar-hook-pro\/#primaryimage\",\"inLanguage\":\"en-US\",\"url\":\"https:\/\/wodgear.sk\/wp-content\/uploads\/2022\/10\/bar-hook-pro_main_1.png\",\"width\":1200,\"height\":800},{\"@type\":\"WebPage\",\"@id\":\"https:\/\/wodgear.sk\/produkt\/indoor-indoor-bar-hook-pro\/#webpage\",\"url\":\"https:\/\/wodgear.sk\/produkt\/indoor-indoor-bar-hook-pro\/\",\"name\":\"WODGEAR | BAR HOOKS PRO\",\"isPartOf\":{\"@id\":\"https:\/\/wodgear.sk\/en\/#website\"},\"primaryImageOfPage\":{\"@id\":\"https:\/\/wodgear.sk\/produkt\/indoor-indoor-bar-hook-pro\/#primaryimage\"},\"datePublished\":\"2022-10-02T12:05:02+00:00\",\"dateModified\":\"2024-11-13T13:39:10+00:00\",\"description\":\"Niet kam r\\u00fdchlo odlo\\u017ei\\u0165 osku na klietke? BAR HOOKS PRO s\\u00fa ur\\u010den\\u00e9 presne pre V\\u00e1s. Je mo\\u017en\\u00e9 ich upevni\\u0165 o prie\\u010dky alebo o stojky kon\\u0161trukcie.\",\"inLanguage\":\"en-US\",\"potentialAction\":[{\"@type\":\"ReadAction\",\"target\":[\"https:\/\/wodgear.sk\/produkt\/indoor-indoor-bar-hook-pro\/\"]}]}]}<\/script>\n<!-- \/ Yoast SEO plugin. -->","_links":{"self":[{"href":"https:\/\/wodgear.sk\/en\/wp-json\/wp\/v2\/product\/24524"}],"collection":[{"href":"https:\/\/wodgear.sk\/en\/wp-json\/wp\/v2\/product"}],"about":[{"href":"https:\/\/wodgear.sk\/en\/wp-json\/wp\/v2\/types\/product"}],"wp:featuredmedia":[{"embeddable":true,"href":"https:\/\/wodgear.sk\/en\/wp-json\/wp\/v2\/media\/24525"}],"wp:attachment":[{"href":"https:\/\/wodgear.sk\/en\/wp-json\/wp\/v2\/media?parent=24524"}],"curies":[{"name":"wp","href":"https:\/\/api.w.org\/{rel}","templated":true}]}}