{"id":24573,"date":"2022-10-26T10:56:10","date_gmt":"2022-10-26T08:56:10","guid":{"rendered":"https:\/\/wodgear.sk\/?post_type=product&#038;p=24573"},"modified":"2024-11-13T10:09:47","modified_gmt":"2024-11-13T09:09:47","slug":"indoor-plate-holder-squat","status":"publish","type":"product","link":"https:\/\/wodgear.sk\/en\/product\/indoor-plate-holder-squat\/","title":{"rendered":"PLATE HOLDER <span>SQUAT<\/span>"},"content":{"rendered":"<!DOCTYPE html PUBLIC \"-\/\/W3C\/\/DTD HTML 4.0 Transitional\/\/EN\" \"http:\/\/www.w3.org\/TR\/REC-html40\/loose.dtd\">\n<html><head><meta http-equiv=\"content-type\" content=\"text\/html; charset=utf-8\"><\/head><body><p>Tento odklada\u010d na olympijsk\u00e9 kot\u00fa\u010de V\u00e1m pon\u00faka mo\u017enos\u0165 skladova\u0165 si svoje z\u00e1va\u017eia priamo na silovej kon\u0161trukcii alebo na STORAGE reg\u00e1loch. Prim\u00e1rne je ur\u010den\u00fd pre pou\u017eitie na SQUAT kon\u0161trukci\u00e1ch s podlahov\u00fdm r\u00e1mom. Kol\u00edk je osaden\u00fd pod uhlom a tak je odkladanie a vyberanie kot\u00fa\u010dov jednoduch\u0161ie. To ist\u00e9 plat\u00ed pri mont\u00e1\u017ei na vertik\u00e1lnych stojk\u00e1ch. Takto budete ma\u0165 svoje kot\u00fa\u010de okam\u017eite po ruke a na bezpe\u010dnom mieste, kde nebud\u00fa zavadza\u0165.<\/p>\n<\/body><\/html>","protected":false},"excerpt":{"rendered":"<table>\n<tbody>\n<tr>\n<td>Length:<\/td>\n<td>250\/300 mm<\/td>\n<\/tr>\n<tr>\n<td>Diameter:<\/td>\n<td>48 mm<\/td>\n<\/tr>\n<tr>\n<td>Presun:<\/td>\n<td>fixn\u00e9<\/td>\n<\/tr>\n<tr>\n<td>Material:<\/td>\n<td>steel<\/td>\n<\/tr>\n<tr>\n<td>Info:<\/td>\n<td>possibility of size customization<\/td>\n<\/tr>\n<tr>\n<td>Color:<\/td>\n<td>pod\u013ea palety <a href=\"https:\/\/wodgear.sk\/wp-content\/uploads\/2024\/11\/vzorkovnik_palety_ral.pdf\"><span style=\"color: #000000;\">RAL<\/span><\/a><\/td>\n<\/tr>\n<tr>\n<td>Manufacturer:<\/td>\n<td>WODGEAR, s.r.o. SVK<\/td>\n<\/tr>\n<\/tbody>\n<\/table>","protected":false},"featured_media":24574,"template":"","meta":[],"yoast_head":"<!-- This site is optimized with the Yoast SEO plugin v14.8.1 - https:\/\/yoast.com\/wordpress\/plugins\/seo\/ -->\n<title>WODGEAR | PLATE HOLDER SQUAT<\/title>\n<meta name=\"description\" content=\"Tento odklada\u010d na olympijsk\u00e9 kot\u00fa\u010de V\u00e1m pon\u00faka mo\u017enos\u0165 skladova\u0165 si svoje z\u00e1va\u017eia priamo na silovej kon\u0161trukcii alebo na STORAGE reg\u00e1loch.\" \/>\n<meta name=\"robots\" content=\"index, follow\" \/>\n<meta name=\"googlebot\" content=\"index, follow, max-snippet:-1, max-image-preview:large, max-video-preview:-1\" \/>\n<meta name=\"bingbot\" content=\"index, follow, max-snippet:-1, max-image-preview:large, max-video-preview:-1\" \/>\n<link rel=\"canonical\" href=\"https:\/\/wodgear.sk\/en\/product\/indoor-plate-holder-squat\/\" \/>\n<meta property=\"og:locale\" content=\"en_US\" \/>\n<meta property=\"og:type\" content=\"article\" \/>\n<meta property=\"og:title\" content=\"WODGEAR | PLATE HOLDER SQUAT\" \/>\n<meta property=\"og:description\" content=\"Tento odklada\u010d na olympijsk\u00e9 kot\u00fa\u010de V\u00e1m pon\u00faka mo\u017enos\u0165 skladova\u0165 si svoje z\u00e1va\u017eia priamo na silovej kon\u0161trukcii alebo na STORAGE reg\u00e1loch.\" \/>\n<meta property=\"og:url\" content=\"https:\/\/wodgear.sk\/en\/product\/indoor-plate-holder-squat\/\" \/>\n<meta property=\"og:site_name\" content=\"WODGEAR\" \/>\n<meta property=\"article:modified_time\" content=\"2024-11-13T09:09:47+00:00\" \/>\n<meta property=\"og:image\" content=\"https:\/\/wodgear.sk\/wp-content\/uploads\/2022\/10\/plate_holder_squat_seo.png\" \/>\n\t<meta property=\"og:image:width\" content=\"1200\" \/>\n\t<meta property=\"og:image:height\" content=\"800\" \/>\n<meta name=\"twitter:card\" content=\"summary_large_image\" \/>\n<script type=\"application\/ld+json\" class=\"yoast-schema-graph\">{\"@context\":\"https:\/\/schema.org\",\"@graph\":[{\"@type\":\"WebSite\",\"@id\":\"https:\/\/wodgear.sk\/en\/#website\",\"url\":\"https:\/\/wodgear.sk\/en\/\",\"name\":\"WODGEAR\",\"description\":\"#MakingLifeHarder\",\"potentialAction\":[{\"@type\":\"SearchAction\",\"target\":\"https:\/\/wodgear.sk\/en\/?s={search_term_string}\",\"query-input\":\"required name=search_term_string\"}],\"inLanguage\":\"en-US\"},{\"@type\":\"ImageObject\",\"@id\":\"https:\/\/wodgear.sk\/produkt\/indoor-plate-holder-squat\/#primaryimage\",\"inLanguage\":\"en-US\",\"url\":\"https:\/\/wodgear.sk\/wp-content\/uploads\/2022\/10\/plate_holder_squat_main.png\",\"width\":1200,\"height\":800},{\"@type\":\"WebPage\",\"@id\":\"https:\/\/wodgear.sk\/produkt\/indoor-plate-holder-squat\/#webpage\",\"url\":\"https:\/\/wodgear.sk\/produkt\/indoor-plate-holder-squat\/\",\"name\":\"WODGEAR | PLATE HOLDER SQUAT\",\"isPartOf\":{\"@id\":\"https:\/\/wodgear.sk\/en\/#website\"},\"primaryImageOfPage\":{\"@id\":\"https:\/\/wodgear.sk\/produkt\/indoor-plate-holder-squat\/#primaryimage\"},\"datePublished\":\"2022-10-26T08:56:10+00:00\",\"dateModified\":\"2024-11-13T09:09:47+00:00\",\"description\":\"Tento odklada\\u010d na olympijsk\\u00e9 kot\\u00fa\\u010de V\\u00e1m pon\\u00faka mo\\u017enos\\u0165 skladova\\u0165 si svoje z\\u00e1va\\u017eia priamo na silovej kon\\u0161trukcii alebo na STORAGE reg\\u00e1loch.\",\"inLanguage\":\"en-US\",\"potentialAction\":[{\"@type\":\"ReadAction\",\"target\":[\"https:\/\/wodgear.sk\/produkt\/indoor-plate-holder-squat\/\"]}]}]}<\/script>\n<!-- \/ Yoast SEO plugin. -->","_links":{"self":[{"href":"https:\/\/wodgear.sk\/en\/wp-json\/wp\/v2\/product\/24573"}],"collection":[{"href":"https:\/\/wodgear.sk\/en\/wp-json\/wp\/v2\/product"}],"about":[{"href":"https:\/\/wodgear.sk\/en\/wp-json\/wp\/v2\/types\/product"}],"wp:featuredmedia":[{"embeddable":true,"href":"https:\/\/wodgear.sk\/en\/wp-json\/wp\/v2\/media\/24574"}],"wp:attachment":[{"href":"https:\/\/wodgear.sk\/en\/wp-json\/wp\/v2\/media?parent=24573"}],"curies":[{"name":"wp","href":"https:\/\/api.w.org\/{rel}","templated":true}]}}