{"id":24586,"date":"2022-11-03T09:24:09","date_gmt":"2022-11-03T08:24:09","guid":{"rendered":"https:\/\/wodgear.sk\/?post_type=product&#038;p=24586"},"modified":"2024-11-14T17:13:23","modified_gmt":"2024-11-14T16:13:23","slug":"indoor-chalk-bowl","status":"publish","type":"product","link":"https:\/\/wodgear.sk\/en\/product\/indoor-chalk-bowl\/","title":{"rendered":"CHALK BOWL"},"content":{"rendered":"<!DOCTYPE html PUBLIC \"-\/\/W3C\/\/DTD HTML 4.0 Transitional\/\/EN\" \"http:\/\/www.w3.org\/TR\/REC-html40\/loose.dtd\">\n<html><head><meta http-equiv=\"content-type\" content=\"text\/html; charset=utf-8\"><\/head><body><p>U\u017e z obr\u00e1zka je vidie\u0165, \u017ee CHALK BOWL je misku na magn\u00e9zium. T\u00e1to objemn\u00e1 nerezov\u00e1 miska sa jednoducho kotv\u00ed pomocou ru\u010dnej matice o kon\u0161trukciu. \u010ci u\u017e o silov\u00e9 klietky RIG, RACK, WALLMOUNT alebo o reg\u00e1lov\u00e9 kon\u0161trukcie a stojany. Viete si ju nastavi\u0165 do vodorovnej polohy alebo mierne pod uhlom pre lep\u0161iu manipul\u00e1ciu s magn\u00e9ziom.<\/p>\n<\/body><\/html>","protected":false},"excerpt":{"rendered":"<table>\n<tbody>\n<tr>\n<td>Miska:<\/td>\n<td>290&#215;100 mm<\/td>\n<\/tr>\n<tr>\n<td>N\u00e1klon:<\/td>\n<td>0\u00b0\/25\u00b0<\/td>\n<\/tr>\n<tr>\n<td>Presun:<\/td>\n<td>ru\u010dnou maticou<\/td>\n<\/tr>\n<tr>\n<td>Material:<\/td>\n<td>stainless<\/td>\n<\/tr>\n<tr>\n<td>Info:<\/td>\n<td>je mo\u017en\u00e9 vyrobi\u0165 s inou miskou<\/td>\n<\/tr>\n<tr>\n<td>Color:<\/td>\n<td>pod\u013ea palety <a href=\"https:\/\/wodgear.sk\/wp-content\/uploads\/2024\/11\/vzorkovnik_palety_ral.pdf\"><span style=\"color: #000000;\">RAL<\/span><\/a><\/td>\n<\/tr>\n<tr>\n<td>Manufacturer:<\/td>\n<td>WODGEAR, s.r.o. SVK<\/td>\n<\/tr>\n<\/tbody>\n<\/table>","protected":false},"featured_media":24580,"template":"","meta":[],"yoast_head":"<!-- This site is optimized with the Yoast SEO plugin v14.8.1 - https:\/\/yoast.com\/wordpress\/plugins\/seo\/ -->\n<title>WODGEAR | CHALK BOWL<\/title>\n<meta name=\"description\" content=\"U\u017e z obr\u00e1zka je vidie\u0165, \u017ee CHALK BOWL je misku na magn\u00e9zium. T\u00e1to objemn\u00e1 nerezov\u00e1 miska sa jednoducho kotv\u00ed o kon\u0161trukciu.\" \/>\n<meta name=\"robots\" content=\"index, follow\" \/>\n<meta name=\"googlebot\" content=\"index, follow, max-snippet:-1, max-image-preview:large, max-video-preview:-1\" \/>\n<meta name=\"bingbot\" content=\"index, follow, max-snippet:-1, max-image-preview:large, max-video-preview:-1\" \/>\n<link rel=\"canonical\" href=\"https:\/\/wodgear.sk\/en\/product\/indoor-chalk-bowl\/\" \/>\n<meta property=\"og:locale\" content=\"en_US\" \/>\n<meta property=\"og:type\" content=\"article\" \/>\n<meta property=\"og:title\" content=\"WODGEAR | CHALK BOWL\" \/>\n<meta property=\"og:description\" content=\"U\u017e z obr\u00e1zka je vidie\u0165, \u017ee CHALK BOWL je misku na magn\u00e9zium. T\u00e1to objemn\u00e1 nerezov\u00e1 miska sa jednoducho kotv\u00ed o kon\u0161trukciu.\" \/>\n<meta property=\"og:url\" content=\"https:\/\/wodgear.sk\/en\/product\/indoor-chalk-bowl\/\" \/>\n<meta property=\"og:site_name\" content=\"WODGEAR\" \/>\n<meta property=\"article:modified_time\" content=\"2024-11-14T16:13:23+00:00\" \/>\n<meta property=\"og:image\" content=\"https:\/\/wodgear.sk\/wp-content\/uploads\/2022\/11\/chalk_bowl_seo.png\" \/>\n\t<meta property=\"og:image:width\" content=\"1200\" \/>\n\t<meta property=\"og:image:height\" content=\"800\" \/>\n<meta name=\"twitter:card\" content=\"summary_large_image\" \/>\n<script type=\"application\/ld+json\" class=\"yoast-schema-graph\">{\"@context\":\"https:\/\/schema.org\",\"@graph\":[{\"@type\":\"WebSite\",\"@id\":\"https:\/\/wodgear.sk\/en\/#website\",\"url\":\"https:\/\/wodgear.sk\/en\/\",\"name\":\"WODGEAR\",\"description\":\"#MakingLifeHarder\",\"potentialAction\":[{\"@type\":\"SearchAction\",\"target\":\"https:\/\/wodgear.sk\/en\/?s={search_term_string}\",\"query-input\":\"required name=search_term_string\"}],\"inLanguage\":\"en-US\"},{\"@type\":\"ImageObject\",\"@id\":\"https:\/\/wodgear.sk\/produkt\/indoor-chalk-bowl\/#primaryimage\",\"inLanguage\":\"en-US\",\"url\":\"https:\/\/wodgear.sk\/wp-content\/uploads\/2022\/11\/chalk_bowl_var_main.png\",\"width\":1200,\"height\":800},{\"@type\":\"WebPage\",\"@id\":\"https:\/\/wodgear.sk\/produkt\/indoor-chalk-bowl\/#webpage\",\"url\":\"https:\/\/wodgear.sk\/produkt\/indoor-chalk-bowl\/\",\"name\":\"WODGEAR | CHALK BOWL\",\"isPartOf\":{\"@id\":\"https:\/\/wodgear.sk\/en\/#website\"},\"primaryImageOfPage\":{\"@id\":\"https:\/\/wodgear.sk\/produkt\/indoor-chalk-bowl\/#primaryimage\"},\"datePublished\":\"2022-11-03T08:24:09+00:00\",\"dateModified\":\"2024-11-14T16:13:23+00:00\",\"description\":\"U\\u017e z obr\\u00e1zka je vidie\\u0165, \\u017ee CHALK BOWL je misku na magn\\u00e9zium. T\\u00e1to objemn\\u00e1 nerezov\\u00e1 miska sa jednoducho kotv\\u00ed o kon\\u0161trukciu.\",\"inLanguage\":\"en-US\",\"potentialAction\":[{\"@type\":\"ReadAction\",\"target\":[\"https:\/\/wodgear.sk\/produkt\/indoor-chalk-bowl\/\"]}]}]}<\/script>\n<!-- \/ Yoast SEO plugin. -->","_links":{"self":[{"href":"https:\/\/wodgear.sk\/en\/wp-json\/wp\/v2\/product\/24586"}],"collection":[{"href":"https:\/\/wodgear.sk\/en\/wp-json\/wp\/v2\/product"}],"about":[{"href":"https:\/\/wodgear.sk\/en\/wp-json\/wp\/v2\/types\/product"}],"wp:featuredmedia":[{"embeddable":true,"href":"https:\/\/wodgear.sk\/en\/wp-json\/wp\/v2\/media\/24580"}],"wp:attachment":[{"href":"https:\/\/wodgear.sk\/en\/wp-json\/wp\/v2\/media?parent=24586"}],"curies":[{"name":"wp","href":"https:\/\/api.w.org\/{rel}","templated":true}]}}