{"id":250,"date":"2017-07-03T23:05:55","date_gmt":"2017-07-03T21:05:55","guid":{"rendered":"http:\/\/wodgear.sk\/?post_type=product&#038;p=250"},"modified":"2025-01-11T10:47:07","modified_gmt":"2025-01-11T09:47:07","slug":"indoor-plate-storage","status":"publish","type":"product","link":"https:\/\/wodgear.sk\/en\/product\/indoor-plate-storage\/","title":{"rendered":"PLATE STORAGE"},"content":{"rendered":"<!DOCTYPE html PUBLIC \"-\/\/W3C\/\/DTD HTML 4.0 Transitional\/\/EN\" \"http:\/\/www.w3.org\/TR\/REC-html40\/loose.dtd\">\n<html><head><meta http-equiv=\"content-type\" content=\"text\/html; charset=utf-8\"><\/head><body><p>This storage can carry a large number of weight plates and is easily portable. It\u2019s not necessary to mount it to the floor. You can use it for classic olympic weights, but also smaller plates with 50mm inner diameter. In PRO versions pins are made of plastic so no weight plate gets damaged being put on.<\/p>\n<\/body><\/html>","protected":false},"excerpt":{"rendered":"<p><strong>PRO<\/strong><\/p>\n<table>\n<tbody>\n<tr>\n<td>Storage:<\/td>\n<td>6x<\/td>\n<\/tr>\n<tr>\n<td>Height:<\/td>\n<td>1287 mm<\/td>\n<\/tr>\n<tr>\n<td>Width:<\/td>\n<td>720 mm<\/td>\n<\/tr>\n<tr>\n<td>Depth:<\/td>\n<td>800 mm<\/td>\n<\/tr>\n<tr>\n<td>Diameter:<\/td>\n<td>50 mm<\/td>\n<\/tr>\n<tr>\n<td>Profile:<\/td>\n<td>80x80x3 mm<\/td>\n<\/tr>\n<tr>\n<td>Mounting:<\/td>\n<td>unnecessary<\/td>\n<\/tr>\n<tr>\n<td>Info:<\/td>\n<td>possibility to make with your own logo<\/td>\n<\/tr>\n<tr>\n<td>Color:<\/td>\n<td>pod\u013ea palety <a href=\"https:\/\/wodgear.sk\/wp-content\/uploads\/2024\/11\/vzorkovnik_palety_ral.pdf\"><span style=\"color: #000000;\">RAL<\/span><\/a><\/td>\n<\/tr>\n<tr>\n<td>Manufacturer:<\/td>\n<td>WODGEAR, s.r.o. SVK<\/td>\n<\/tr>\n<\/tbody>\n<\/table>\n<p><strong>SEMI<\/strong><\/p>\n<table>\n<tbody>\n<tr>\n<td>Storage:<\/td>\n<td>6x<\/td>\n<\/tr>\n<tr>\n<td>Height:<\/td>\n<td>1287 mm<\/td>\n<\/tr>\n<tr>\n<td>Width:<\/td>\n<td>720 mm<\/td>\n<\/tr>\n<tr>\n<td>Depth:<\/td>\n<td>800 mm<\/td>\n<\/tr>\n<tr>\n<td>Diameter:<\/td>\n<td>43 mm<\/td>\n<\/tr>\n<tr>\n<td>Profile:<\/td>\n<td>80x80x3 mm<\/td>\n<\/tr>\n<tr>\n<td>Mounting:<\/td>\n<td>unnecessary<\/td>\n<\/tr>\n<tr>\n<td>Info:<\/td>\n<td>possibility to make with your own logo<\/td>\n<\/tr>\n<tr>\n<td>Color:<\/td>\n<td>pod\u013ea palety <a href=\"https:\/\/wodgear.sk\/wp-content\/uploads\/2024\/11\/vzorkovnik_palety_ral.pdf\"><span style=\"color: #000000;\">RAL<\/span><\/a><\/td>\n<\/tr>\n<tr>\n<td>Manufacturer:<\/td>\n<td>WODGEAR, s.r.o. SVK<\/td>\n<\/tr>\n<\/tbody>\n<\/table>","protected":false},"featured_media":27584,"template":"","meta":[],"yoast_head":"<!-- This site is optimized with the Yoast SEO plugin v14.8.1 - https:\/\/yoast.com\/wordpress\/plugins\/seo\/ -->\n<title>WODGEAR | PLATE STORAGE<\/title>\n<meta name=\"description\" content=\"Na tento stojan viete odlo\u017ei\u0165 ve\u013ek\u00e9 mno\u017estvo kot\u00fa\u010dov a je \u013eahko prenosn\u00fd. Je mo\u017en\u00e9 na\u0148 odlo\u017ei\u0165 klasick\u00e9 olympijsk\u00e9 kot\u00fa\u010de, ale aj men\u0161ie pr\u00eddavn\u00e9 kot\u00fa\u010de.\" \/>\n<meta name=\"robots\" content=\"index, follow\" \/>\n<meta name=\"googlebot\" content=\"index, follow, max-snippet:-1, max-image-preview:large, max-video-preview:-1\" \/>\n<meta name=\"bingbot\" content=\"index, follow, max-snippet:-1, max-image-preview:large, max-video-preview:-1\" \/>\n<link rel=\"canonical\" href=\"https:\/\/wodgear.sk\/en\/product\/indoor-plate-storage\/\" \/>\n<meta property=\"og:locale\" content=\"en_US\" \/>\n<meta property=\"og:type\" content=\"article\" \/>\n<meta property=\"og:title\" content=\"WODGEAR | PLATE STORAGE\" \/>\n<meta property=\"og:description\" content=\"Na tento stojan viete odlo\u017ei\u0165 ve\u013ek\u00e9 mno\u017estvo kot\u00fa\u010dov a je \u013eahko prenosn\u00fd. Je mo\u017en\u00e9 na\u0148 odlo\u017ei\u0165 klasick\u00e9 olympijsk\u00e9 kot\u00fa\u010de, ale aj men\u0161ie pr\u00eddavn\u00e9 kot\u00fa\u010de.\" \/>\n<meta property=\"og:url\" content=\"https:\/\/wodgear.sk\/en\/product\/indoor-plate-storage\/\" \/>\n<meta property=\"og:site_name\" content=\"WODGEAR\" \/>\n<meta property=\"article:modified_time\" content=\"2025-01-11T09:47:07+00:00\" \/>\n<meta property=\"og:image\" content=\"https:\/\/wodgear.sk\/wp-content\/uploads\/2025\/01\/plate-storage_var_seo.png\" \/>\n\t<meta property=\"og:image:width\" content=\"1199\" \/>\n\t<meta property=\"og:image:height\" content=\"800\" \/>\n<meta name=\"twitter:card\" content=\"summary_large_image\" \/>\n<script type=\"application\/ld+json\" class=\"yoast-schema-graph\">{\"@context\":\"https:\/\/schema.org\",\"@graph\":[{\"@type\":\"WebSite\",\"@id\":\"https:\/\/wodgear.sk\/en\/#website\",\"url\":\"https:\/\/wodgear.sk\/en\/\",\"name\":\"WODGEAR\",\"description\":\"#MakingLifeHarder\",\"potentialAction\":[{\"@type\":\"SearchAction\",\"target\":\"https:\/\/wodgear.sk\/en\/?s={search_term_string}\",\"query-input\":\"required name=search_term_string\"}],\"inLanguage\":\"en-US\"},{\"@type\":\"ImageObject\",\"@id\":\"https:\/\/wodgear.sk\/produkt\/indoor-plate-storage\/#primaryimage\",\"inLanguage\":\"en-US\",\"url\":\"https:\/\/wodgear.sk\/wp-content\/uploads\/2025\/01\/plate-storage_var_main-1.png\",\"width\":1199,\"height\":800},{\"@type\":\"WebPage\",\"@id\":\"https:\/\/wodgear.sk\/produkt\/indoor-plate-storage\/#webpage\",\"url\":\"https:\/\/wodgear.sk\/produkt\/indoor-plate-storage\/\",\"name\":\"WODGEAR | PLATE STORAGE\",\"isPartOf\":{\"@id\":\"https:\/\/wodgear.sk\/en\/#website\"},\"primaryImageOfPage\":{\"@id\":\"https:\/\/wodgear.sk\/produkt\/indoor-plate-storage\/#primaryimage\"},\"datePublished\":\"2017-07-03T21:05:55+00:00\",\"dateModified\":\"2025-01-11T09:47:07+00:00\",\"description\":\"Na tento stojan viete odlo\\u017ei\\u0165 ve\\u013ek\\u00e9 mno\\u017estvo kot\\u00fa\\u010dov a je \\u013eahko prenosn\\u00fd. Je mo\\u017en\\u00e9 na\\u0148 odlo\\u017ei\\u0165 klasick\\u00e9 olympijsk\\u00e9 kot\\u00fa\\u010de, ale aj men\\u0161ie pr\\u00eddavn\\u00e9 kot\\u00fa\\u010de.\",\"inLanguage\":\"en-US\",\"potentialAction\":[{\"@type\":\"ReadAction\",\"target\":[\"https:\/\/wodgear.sk\/produkt\/indoor-plate-storage\/\"]}]}]}<\/script>\n<!-- \/ Yoast SEO plugin. -->","_links":{"self":[{"href":"https:\/\/wodgear.sk\/en\/wp-json\/wp\/v2\/product\/250"}],"collection":[{"href":"https:\/\/wodgear.sk\/en\/wp-json\/wp\/v2\/product"}],"about":[{"href":"https:\/\/wodgear.sk\/en\/wp-json\/wp\/v2\/types\/product"}],"wp:featuredmedia":[{"embeddable":true,"href":"https:\/\/wodgear.sk\/en\/wp-json\/wp\/v2\/media\/27584"}],"wp:attachment":[{"href":"https:\/\/wodgear.sk\/en\/wp-json\/wp\/v2\/media?parent=250"}],"curies":[{"name":"wp","href":"https:\/\/api.w.org\/{rel}","templated":true}]}}