{"id":25104,"date":"2022-11-05T17:07:20","date_gmt":"2022-11-05T16:07:20","guid":{"rendered":"https:\/\/wodgear.sk\/?post_type=product&#038;p=25104"},"modified":"2024-11-14T17:13:09","modified_gmt":"2024-11-14T16:13:09","slug":"indoor-squat-storage","status":"publish","type":"product","link":"https:\/\/wodgear.sk\/en\/product\/indoor-squat-storage\/","title":{"rendered":"SQUAT STORAGE"},"content":{"rendered":"<!DOCTYPE html PUBLIC \"-\/\/W3C\/\/DTD HTML 4.0 Transitional\/\/EN\" \"http:\/\/www.w3.org\/TR\/REC-html40\/loose.dtd\">\n<html><head><meta http-equiv=\"content-type\" content=\"text\/html; charset=utf-8\"><\/head><body><p>So SQUAT STORAGE premen\u00edte svoj \u0161tandardn\u00fd SQUAT STATION na SQUAT RACK S a tak prid\u00e1te ku svojej drepovacej stanici s hrazdou plnohodnotn\u00fd reg\u00e1l s policami na kot\u00fa\u010de a r\u00f4zne in\u00e9 n\u00e1radie.SQUAT STORAGE je samozrejme mo\u017en\u00e9 doplni\u0165 aj ku SQUAT STAND kon\u0161trukcii.<\/p>\n<\/body><\/html>","protected":false},"excerpt":{"rendered":"<table>\n<tbody>\n<tr>\n<td>Ur\u010denie:<\/td>\n<td>SQUAT STATION\/STAND<\/td>\n<\/tr>\n<tr>\n<td>\u00daprava:<\/td>\n<td>na SQUAT RACK S<\/td>\n<\/tr>\n<tr>\n<td>Height:<\/td>\n<td>1000mm \/custom-made<\/td>\n<\/tr>\n<tr>\n<td>Info:<\/td>\n<td>je mo\u017en\u00e9 zameni\u0165 prvky pod\u013ea vlastn\u00e9ho v\u00fdberu<\/td>\n<\/tr>\n<tr>\n<td>Color:<\/td>\n<td>pod\u013ea palety <a href=\"https:\/\/wodgear.sk\/wp-content\/uploads\/2024\/11\/vzorkovnik_palety_ral.pdf\"><span style=\"color: #000000;\">RAL<\/span><\/a><\/td>\n<\/tr>\n<tr>\n<td>Manufacturer:<\/td>\n<td>WODGEAR, s.r.o. SVK<\/td>\n<\/tr>\n<\/tbody>\n<\/table>","protected":false},"featured_media":25094,"template":"","meta":[],"yoast_head":"<!-- This site is optimized with the Yoast SEO plugin v14.8.1 - https:\/\/yoast.com\/wordpress\/plugins\/seo\/ -->\n<title>WODGEAR | SQUAT STORAGE<\/title>\n<meta name=\"description\" content=\"So SQUAT STORAGE premen\u00edte svoj SQUAT STATION na SQUAT RACK S a tak prid\u00e1te ku svojej drepovacej stanici s hrazdou plnohodnotn\u00fd reg\u00e1l.\" \/>\n<meta name=\"robots\" content=\"index, follow\" \/>\n<meta name=\"googlebot\" content=\"index, follow, max-snippet:-1, max-image-preview:large, max-video-preview:-1\" \/>\n<meta name=\"bingbot\" content=\"index, follow, max-snippet:-1, max-image-preview:large, max-video-preview:-1\" \/>\n<link rel=\"canonical\" href=\"https:\/\/wodgear.sk\/en\/product\/indoor-squat-storage\/\" \/>\n<meta property=\"og:locale\" content=\"en_US\" \/>\n<meta property=\"og:type\" content=\"article\" \/>\n<meta property=\"og:title\" content=\"WODGEAR | SQUAT STORAGE\" \/>\n<meta property=\"og:description\" content=\"So SQUAT STORAGE premen\u00edte svoj SQUAT STATION na SQUAT RACK S a tak prid\u00e1te ku svojej drepovacej stanici s hrazdou plnohodnotn\u00fd reg\u00e1l.\" \/>\n<meta property=\"og:url\" content=\"https:\/\/wodgear.sk\/en\/product\/indoor-squat-storage\/\" \/>\n<meta property=\"og:site_name\" content=\"WODGEAR\" \/>\n<meta property=\"article:modified_time\" content=\"2024-11-14T16:13:09+00:00\" \/>\n<meta property=\"og:image\" content=\"https:\/\/wodgear.sk\/wp-content\/uploads\/2022\/11\/squat_storage_seo.png\" \/>\n\t<meta property=\"og:image:width\" content=\"1200\" \/>\n\t<meta property=\"og:image:height\" content=\"800\" \/>\n<meta name=\"twitter:card\" content=\"summary_large_image\" \/>\n<script type=\"application\/ld+json\" class=\"yoast-schema-graph\">{\"@context\":\"https:\/\/schema.org\",\"@graph\":[{\"@type\":\"WebSite\",\"@id\":\"https:\/\/wodgear.sk\/en\/#website\",\"url\":\"https:\/\/wodgear.sk\/en\/\",\"name\":\"WODGEAR\",\"description\":\"#MakingLifeHarder\",\"potentialAction\":[{\"@type\":\"SearchAction\",\"target\":\"https:\/\/wodgear.sk\/en\/?s={search_term_string}\",\"query-input\":\"required name=search_term_string\"}],\"inLanguage\":\"en-US\"},{\"@type\":\"ImageObject\",\"@id\":\"https:\/\/wodgear.sk\/produkt\/indoor-squat-storage\/#primaryimage\",\"inLanguage\":\"en-US\",\"url\":\"https:\/\/wodgear.sk\/wp-content\/uploads\/2022\/11\/squat_storage_main.png\",\"width\":1200,\"height\":800},{\"@type\":\"WebPage\",\"@id\":\"https:\/\/wodgear.sk\/produkt\/indoor-squat-storage\/#webpage\",\"url\":\"https:\/\/wodgear.sk\/produkt\/indoor-squat-storage\/\",\"name\":\"WODGEAR | SQUAT STORAGE\",\"isPartOf\":{\"@id\":\"https:\/\/wodgear.sk\/en\/#website\"},\"primaryImageOfPage\":{\"@id\":\"https:\/\/wodgear.sk\/produkt\/indoor-squat-storage\/#primaryimage\"},\"datePublished\":\"2022-11-05T16:07:20+00:00\",\"dateModified\":\"2024-11-14T16:13:09+00:00\",\"description\":\"So SQUAT STORAGE premen\\u00edte svoj SQUAT STATION na SQUAT RACK S a tak prid\\u00e1te ku svojej drepovacej stanici s hrazdou plnohodnotn\\u00fd reg\\u00e1l.\",\"inLanguage\":\"en-US\",\"potentialAction\":[{\"@type\":\"ReadAction\",\"target\":[\"https:\/\/wodgear.sk\/produkt\/indoor-squat-storage\/\"]}]}]}<\/script>\n<!-- \/ Yoast SEO plugin. -->","_links":{"self":[{"href":"https:\/\/wodgear.sk\/en\/wp-json\/wp\/v2\/product\/25104"}],"collection":[{"href":"https:\/\/wodgear.sk\/en\/wp-json\/wp\/v2\/product"}],"about":[{"href":"https:\/\/wodgear.sk\/en\/wp-json\/wp\/v2\/types\/product"}],"wp:featuredmedia":[{"embeddable":true,"href":"https:\/\/wodgear.sk\/en\/wp-json\/wp\/v2\/media\/25094"}],"wp:attachment":[{"href":"https:\/\/wodgear.sk\/en\/wp-json\/wp\/v2\/media?parent=25104"}],"curies":[{"name":"wp","href":"https:\/\/api.w.org\/{rel}","templated":true}]}}