{"id":25194,"date":"2022-12-13T15:52:44","date_gmt":"2022-12-13T14:52:44","guid":{"rendered":"https:\/\/wodgear.sk\/?post_type=product&#038;p=25194"},"modified":"2024-11-14T17:12:42","modified_gmt":"2024-11-14T16:12:42","slug":"indoor-plate-shelf","status":"publish","type":"product","link":"https:\/\/wodgear.sk\/en\/product\/indoor-plate-shelf\/","title":{"rendered":"PLATE SHELF"},"content":{"rendered":"<!DOCTYPE html PUBLIC \"-\/\/W3C\/\/DTD HTML 4.0 Transitional\/\/EN\" \"http:\/\/www.w3.org\/TR\/REC-html40\/loose.dtd\">\n<html><head><meta http-equiv=\"content-type\" content=\"text\/html; charset=utf-8\"><\/head><body><p>PLATE SHELF je \u0161pecializovan\u00e1 polica, ktor\u00fa si viete upevni\u0165 o v\u0161etky na\u0161e RIG, RACK a WALLMOUNT kon\u0161trukcie. Je ur\u010den\u00e1 pre skladovanie klasick\u00fdch 45cm kot\u00fa\u010dov. V\u010faka odn\u00edmate\u013en\u00fdm nerezov\u00fdm deliacim sten\u00e1m si viete jednoducho a r\u00fdchlo oddeli\u0165 priestor pre r\u00f4zne v\u00e1hy kot\u00fa\u010dov.<\/p>\n<\/body><\/html>","protected":false},"excerpt":{"rendered":"<table>\n<tbody>\n<tr>\n<td>Length:<\/td>\n<td>1080\/1480\/1800 na mieru mm<\/td>\n<\/tr>\n<tr>\n<td>Profile:<\/td>\n<td>60x60x3 mm<\/td>\n<\/tr>\n<tr>\n<td>Kot\u00fa\u010de:<\/td>\n<td>450 mm<\/td>\n<\/tr>\n<tr>\n<td>Prie\u010dky:<\/td>\n<td>stainless<\/td>\n<\/tr>\n<tr>\n<td>Presun:<\/td>\n<td>fixn\u00fd<\/td>\n<\/tr>\n<tr>\n<td>Info:<\/td>\n<td>je mo\u017en\u00e9 doda\u0165 s vlastn\u00fdm po\u010dtom deliacich prie\u010dok<\/td>\n<\/tr>\n<tr>\n<td>Color:<\/td>\n<td>pod\u013ea palety <a href=\"https:\/\/wodgear.sk\/wp-content\/uploads\/2024\/11\/vzorkovnik_palety_ral.pdf\"><span style=\"color: #000000;\">RAL<\/span><\/a><\/td>\n<\/tr>\n<tr>\n<td>Manufacturer:<\/td>\n<td>WODGEAR, s.r.o. SVK<\/td>\n<\/tr>\n<\/tbody>\n<\/table>","protected":false},"featured_media":25186,"template":"","meta":[],"yoast_head":"<!-- This site is optimized with the Yoast SEO plugin v14.8.1 - https:\/\/yoast.com\/wordpress\/plugins\/seo\/ -->\n<title>WODGEAR | PLATE SHELF<\/title>\n<meta name=\"description\" content=\"PLATE SHELF je \u0161pecializovan\u00e1 polica, ktor\u00fa si viete upevni\u0165 o v\u0161etky na\u0161e INDOORov\u00e9 kon\u0161trukcie. Je ur\u010den\u00e1 pre skladovanie kot\u00fa\u010dov.\" \/>\n<meta name=\"robots\" content=\"index, follow\" \/>\n<meta name=\"googlebot\" content=\"index, follow, max-snippet:-1, max-image-preview:large, max-video-preview:-1\" \/>\n<meta name=\"bingbot\" content=\"index, follow, max-snippet:-1, max-image-preview:large, max-video-preview:-1\" \/>\n<link rel=\"canonical\" href=\"https:\/\/wodgear.sk\/en\/product\/indoor-plate-shelf\/\" \/>\n<meta property=\"og:locale\" content=\"en_US\" \/>\n<meta property=\"og:type\" content=\"article\" \/>\n<meta property=\"og:title\" content=\"WODGEAR | PLATE SHELF\" \/>\n<meta property=\"og:description\" content=\"PLATE SHELF je \u0161pecializovan\u00e1 polica, ktor\u00fa si viete upevni\u0165 o v\u0161etky na\u0161e INDOORov\u00e9 kon\u0161trukcie. Je ur\u010den\u00e1 pre skladovanie kot\u00fa\u010dov.\" \/>\n<meta property=\"og:url\" content=\"https:\/\/wodgear.sk\/en\/product\/indoor-plate-shelf\/\" \/>\n<meta property=\"og:site_name\" content=\"WODGEAR\" \/>\n<meta property=\"article:modified_time\" content=\"2024-11-14T16:12:42+00:00\" \/>\n<meta property=\"og:image\" content=\"https:\/\/wodgear.sk\/wp-content\/uploads\/2022\/12\/plate_shelf_seo.png\" \/>\n\t<meta property=\"og:image:width\" content=\"1200\" \/>\n\t<meta property=\"og:image:height\" content=\"800\" \/>\n<meta name=\"twitter:card\" content=\"summary_large_image\" \/>\n<script type=\"application\/ld+json\" class=\"yoast-schema-graph\">{\"@context\":\"https:\/\/schema.org\",\"@graph\":[{\"@type\":\"WebSite\",\"@id\":\"https:\/\/wodgear.sk\/en\/#website\",\"url\":\"https:\/\/wodgear.sk\/en\/\",\"name\":\"WODGEAR\",\"description\":\"#MakingLifeHarder\",\"potentialAction\":[{\"@type\":\"SearchAction\",\"target\":\"https:\/\/wodgear.sk\/en\/?s={search_term_string}\",\"query-input\":\"required name=search_term_string\"}],\"inLanguage\":\"en-US\"},{\"@type\":\"ImageObject\",\"@id\":\"https:\/\/wodgear.sk\/produkt\/indoor-plate-shelf\/#primaryimage\",\"inLanguage\":\"en-US\",\"url\":\"https:\/\/wodgear.sk\/wp-content\/uploads\/2022\/12\/plate_shelf_main.png\",\"width\":1200,\"height\":800},{\"@type\":\"WebPage\",\"@id\":\"https:\/\/wodgear.sk\/produkt\/indoor-plate-shelf\/#webpage\",\"url\":\"https:\/\/wodgear.sk\/produkt\/indoor-plate-shelf\/\",\"name\":\"WODGEAR | PLATE SHELF\",\"isPartOf\":{\"@id\":\"https:\/\/wodgear.sk\/en\/#website\"},\"primaryImageOfPage\":{\"@id\":\"https:\/\/wodgear.sk\/produkt\/indoor-plate-shelf\/#primaryimage\"},\"datePublished\":\"2022-12-13T14:52:44+00:00\",\"dateModified\":\"2024-11-14T16:12:42+00:00\",\"description\":\"PLATE SHELF je \\u0161pecializovan\\u00e1 polica, ktor\\u00fa si viete upevni\\u0165 o v\\u0161etky na\\u0161e INDOORov\\u00e9 kon\\u0161trukcie. Je ur\\u010den\\u00e1 pre skladovanie kot\\u00fa\\u010dov.\",\"inLanguage\":\"en-US\",\"potentialAction\":[{\"@type\":\"ReadAction\",\"target\":[\"https:\/\/wodgear.sk\/produkt\/indoor-plate-shelf\/\"]}]}]}<\/script>\n<!-- \/ Yoast SEO plugin. -->","_links":{"self":[{"href":"https:\/\/wodgear.sk\/en\/wp-json\/wp\/v2\/product\/25194"}],"collection":[{"href":"https:\/\/wodgear.sk\/en\/wp-json\/wp\/v2\/product"}],"about":[{"href":"https:\/\/wodgear.sk\/en\/wp-json\/wp\/v2\/types\/product"}],"wp:featuredmedia":[{"embeddable":true,"href":"https:\/\/wodgear.sk\/en\/wp-json\/wp\/v2\/media\/25186"}],"wp:attachment":[{"href":"https:\/\/wodgear.sk\/en\/wp-json\/wp\/v2\/media?parent=25194"}],"curies":[{"name":"wp","href":"https:\/\/api.w.org\/{rel}","templated":true}]}}