{"id":25475,"date":"2023-03-12T12:39:32","date_gmt":"2023-03-12T11:39:32","guid":{"rendered":"https:\/\/wodgear.sk\/?post_type=product&#038;p=25475"},"modified":"2024-12-19T14:58:12","modified_gmt":"2024-12-19T13:58:12","slug":"indoor-multipad","status":"publish","type":"product","link":"https:\/\/wodgear.sk\/en\/product\/indoor-multipad\/","title":{"rendered":"MULTIPAD"},"content":{"rendered":"<!DOCTYPE html PUBLIC \"-\/\/W3C\/\/DTD HTML 4.0 Transitional\/\/EN\" \"http:\/\/www.w3.org\/TR\/REC-html40\/loose.dtd\">\n<html><head><meta http-equiv=\"content-type\" content=\"text\/html; charset=utf-8\"><\/head><body><p>MULTIPAD je MULTI-funk\u010dn\u00fd sed\u00e1k-opierka pre na\u0161e INDOOR kon\u0161trukcie. Pou\u017ei\u0165 ich m\u00f4\u017eete k na\u0161im kladk\u00e1m PULLEY 2\u00d71 a 1\u00d71 ako sed\u00e1k, opierku pri cvikoch s \u010dinkami, lavi\u010dku pri sit-up drepoch a pod. Nastavenie uhla a v\u00fd\u0161ku ukotvenia je v\u010faka nerezov\u00fdm kol\u00edkom r\u00fdchle a bezpe\u010dn\u00e9. Ve\u013ek\u00fd sed\u00e1k s rozmerom 500x220mm pon\u00faka viac ako dos\u0165 miesta pre v\u0161etky postavy.<\/p>\n<\/body><\/html>","protected":false},"excerpt":{"rendered":"<table>\n<tbody>\n<tr>\n<td>Sed\u00e1k:<\/td>\n<td>500&#215;220 mm<\/td>\n<\/tr>\n<tr>\n<td>Material:<\/td>\n<td>ko\u017ea\/ko\u017eenka\/l\u00e1tka<\/td>\n<\/tr>\n<tr>\n<td>Presun:<\/td>\n<td>nerezov\u00fdm kol\u00edkom<\/td>\n<\/tr>\n<tr>\n<td>Wear strips:<\/td>\n<td>plast &#8211; UHMW<\/td>\n<\/tr>\n<tr>\n<td>Info:<\/td>\n<td>je mo\u017en\u00e9 doda\u0165 aj s magnetick\u00fdmi kol\u00edkmi<\/td>\n<\/tr>\n<tr>\n<td>Color:<\/td>\n<td>pod\u013ea palety <a href=\"https:\/\/wodgear.sk\/wp-content\/uploads\/2024\/11\/vzorkovnik_palety_ral.pdf\"><span style=\"color: #000000;\">RAL<\/span><\/a><\/td>\n<\/tr>\n<tr>\n<td>Manufacturer:<\/td>\n<td>WODGEAR, s.r.o. SVK<\/td>\n<\/tr>\n<\/tbody>\n<\/table>","protected":false},"featured_media":25481,"template":"","meta":[],"yoast_head":"<!-- This site is optimized with the Yoast SEO plugin v14.8.1 - https:\/\/yoast.com\/wordpress\/plugins\/seo\/ -->\n<title>WODGEAR | MULTIPAD<\/title>\n<meta name=\"description\" content=\"MULTIPAD je MULTI-funk\u010dn\u00fd sed\u00e1k-opierka pre na\u0161e INDOOR kon\u0161trukcie. Ve\u013ek\u00fd sed\u00e1k s rozmerom 500x220mm pon\u00faka dos\u0165 miesta pre v\u0161etky postavy.\u00a0\" \/>\n<meta name=\"robots\" content=\"index, follow\" \/>\n<meta name=\"googlebot\" content=\"index, follow, max-snippet:-1, max-image-preview:large, max-video-preview:-1\" \/>\n<meta name=\"bingbot\" content=\"index, follow, max-snippet:-1, max-image-preview:large, max-video-preview:-1\" \/>\n<link rel=\"canonical\" href=\"https:\/\/wodgear.sk\/en\/product\/indoor-multipad\/\" \/>\n<meta property=\"og:locale\" content=\"en_US\" \/>\n<meta property=\"og:type\" content=\"article\" \/>\n<meta property=\"og:title\" content=\"WODGEAR | MULTIPAD\" \/>\n<meta property=\"og:description\" content=\"MULTIPAD je MULTI-funk\u010dn\u00fd sed\u00e1k-opierka pre na\u0161e INDOOR kon\u0161trukcie. Ve\u013ek\u00fd sed\u00e1k s rozmerom 500x220mm pon\u00faka dos\u0165 miesta pre v\u0161etky postavy.\u00a0\" \/>\n<meta property=\"og:url\" content=\"https:\/\/wodgear.sk\/en\/product\/indoor-multipad\/\" \/>\n<meta property=\"og:site_name\" content=\"WODGEAR\" \/>\n<meta property=\"article:modified_time\" content=\"2024-12-19T13:58:12+00:00\" \/>\n<meta property=\"og:image\" content=\"https:\/\/wodgear.sk\/wp-content\/uploads\/2023\/03\/multipad_seo.png\" \/>\n\t<meta property=\"og:image:width\" content=\"1200\" \/>\n\t<meta property=\"og:image:height\" content=\"800\" \/>\n<meta name=\"twitter:card\" content=\"summary_large_image\" \/>\n<script type=\"application\/ld+json\" class=\"yoast-schema-graph\">{\"@context\":\"https:\/\/schema.org\",\"@graph\":[{\"@type\":\"WebSite\",\"@id\":\"https:\/\/wodgear.sk\/en\/#website\",\"url\":\"https:\/\/wodgear.sk\/en\/\",\"name\":\"WODGEAR\",\"description\":\"#MakingLifeHarder\",\"potentialAction\":[{\"@type\":\"SearchAction\",\"target\":\"https:\/\/wodgear.sk\/en\/?s={search_term_string}\",\"query-input\":\"required name=search_term_string\"}],\"inLanguage\":\"en-US\"},{\"@type\":\"ImageObject\",\"@id\":\"https:\/\/wodgear.sk\/produkt\/indoor-multipad\/#primaryimage\",\"inLanguage\":\"en-US\",\"url\":\"https:\/\/wodgear.sk\/wp-content\/uploads\/2023\/03\/multipad_main.png\",\"width\":1200,\"height\":800},{\"@type\":\"WebPage\",\"@id\":\"https:\/\/wodgear.sk\/produkt\/indoor-multipad\/#webpage\",\"url\":\"https:\/\/wodgear.sk\/produkt\/indoor-multipad\/\",\"name\":\"WODGEAR | MULTIPAD\",\"isPartOf\":{\"@id\":\"https:\/\/wodgear.sk\/en\/#website\"},\"primaryImageOfPage\":{\"@id\":\"https:\/\/wodgear.sk\/produkt\/indoor-multipad\/#primaryimage\"},\"datePublished\":\"2023-03-12T11:39:32+00:00\",\"dateModified\":\"2024-12-19T13:58:12+00:00\",\"description\":\"MULTIPAD je MULTI-funk\\u010dn\\u00fd sed\\u00e1k-opierka pre na\\u0161e INDOOR kon\\u0161trukcie. Ve\\u013ek\\u00fd sed\\u00e1k s rozmerom 500x220mm pon\\u00faka dos\\u0165 miesta pre v\\u0161etky postavy.\\u00a0\",\"inLanguage\":\"en-US\",\"potentialAction\":[{\"@type\":\"ReadAction\",\"target\":[\"https:\/\/wodgear.sk\/produkt\/indoor-multipad\/\"]}]}]}<\/script>\n<!-- \/ Yoast SEO plugin. -->","_links":{"self":[{"href":"https:\/\/wodgear.sk\/en\/wp-json\/wp\/v2\/product\/25475"}],"collection":[{"href":"https:\/\/wodgear.sk\/en\/wp-json\/wp\/v2\/product"}],"about":[{"href":"https:\/\/wodgear.sk\/en\/wp-json\/wp\/v2\/types\/product"}],"wp:featuredmedia":[{"embeddable":true,"href":"https:\/\/wodgear.sk\/en\/wp-json\/wp\/v2\/media\/25481"}],"wp:attachment":[{"href":"https:\/\/wodgear.sk\/en\/wp-json\/wp\/v2\/media?parent=25475"}],"curies":[{"name":"wp","href":"https:\/\/api.w.org\/{rel}","templated":true}]}}