{"id":255,"date":"2017-07-03T23:08:30","date_gmt":"2017-07-03T21:08:30","guid":{"rendered":"http:\/\/wodgear.sk\/?post_type=product&#038;p=255"},"modified":"2024-11-14T17:08:06","modified_gmt":"2024-11-14T16:08:06","slug":"indoor-wall-storage","status":"publish","type":"product","link":"https:\/\/wodgear.sk\/en\/product\/indoor-wall-storage\/","title":{"rendered":"WALL STORAGE"},"content":{"rendered":"<!DOCTYPE html PUBLIC \"-\/\/W3C\/\/DTD HTML 4.0 Transitional\/\/EN\" \"http:\/\/www.w3.org\/TR\/REC-html40\/loose.dtd\">\n<html><head><meta http-equiv=\"content-type\" content=\"text\/html; charset=utf-8\"><\/head><body><p>If you are looking for an universal shelving to put your balls, barbells, hexagons, plates and tools, WALL STORAGE is the ideal solution for you. You can mount it to the wall and even on your workout construction. It is a unique solution for extending the options of your construction and space. You can add shelves and use them to store your kettlebells and other tools. These wall shelves can also be used as fully functional horizontal bars!<\/p>\n<\/body><\/html>","protected":false},"excerpt":{"rendered":"<table>\n<tbody>\n<tr>\n<td>Capacity:<\/td>\n<td>min. nosnos\u0165 150 kg<\/td>\n<\/tr>\n<tr>\n<td>Height:<\/td>\n<td>450 mm<\/td>\n<\/tr>\n<tr>\n<td>Width:<\/td>\n<td>1240\/11640\/1960\/na mieru mm<\/td>\n<\/tr>\n<tr>\n<td>Depth:<\/td>\n<td>440 mm<\/td>\n<\/tr>\n<tr>\n<td>Diameter:<\/td>\n<td>43 mm<\/td>\n<\/tr>\n<tr>\n<td>Polica:<\/td>\n<td>1080\/1480\/1800mm \/custom-made<\/td>\n<\/tr>\n<tr>\n<td>Distance:<\/td>\n<td>200\/300 mm<\/td>\n<\/tr>\n<tr>\n<td>Mounting:<\/td>\n<td>wall \/ construction<\/td>\n<\/tr>\n<tr>\n<td>Info:<\/td>\n<td>possibility to make with your own logo<\/td>\n<\/tr>\n<tr>\n<td>Color:<\/td>\n<td>pod\u013ea palety <a href=\"https:\/\/wodgear.sk\/wp-content\/uploads\/2024\/11\/vzorkovnik_palety_ral.pdf\"><span style=\"color: #000000;\">RAL<\/span><\/a><\/td>\n<\/tr>\n<tr>\n<td>Manufacturer:<\/td>\n<td>WODGEAR, s.r.o. SVK<\/td>\n<\/tr>\n<\/tbody>\n<\/table>","protected":false},"featured_media":9206,"template":"","meta":[],"yoast_head":"<!-- This site is optimized with the Yoast SEO plugin v14.8.1 - https:\/\/yoast.com\/wordpress\/plugins\/seo\/ -->\n<title>WODGEAR | WALL STORAGE<\/title>\n<meta name=\"description\" content=\"Ak h\u013ead\u00e1te univerz\u00e1lne police na stenu na odkladanie svojich l\u00f4pt, jednoru\u010diek, hexag\u00f3nov, kot\u00fa\u010dov a n\u00e1radia, tak WALL STORAGE je ide\u00e1lnym rie\u0161en\u00edm.\" \/>\n<meta name=\"robots\" content=\"index, follow\" \/>\n<meta name=\"googlebot\" content=\"index, follow, max-snippet:-1, max-image-preview:large, max-video-preview:-1\" \/>\n<meta name=\"bingbot\" content=\"index, follow, max-snippet:-1, max-image-preview:large, max-video-preview:-1\" \/>\n<link rel=\"canonical\" href=\"https:\/\/wodgear.sk\/en\/product\/indoor-wall-storage\/\" \/>\n<meta property=\"og:locale\" content=\"en_US\" \/>\n<meta property=\"og:type\" content=\"article\" \/>\n<meta property=\"og:title\" content=\"WODGEAR | WALL STORAGE\" \/>\n<meta property=\"og:description\" content=\"Ak h\u013ead\u00e1te univerz\u00e1lne police na stenu na odkladanie svojich l\u00f4pt, jednoru\u010diek, hexag\u00f3nov, kot\u00fa\u010dov a n\u00e1radia, tak WALL STORAGE je ide\u00e1lnym rie\u0161en\u00edm.\" \/>\n<meta property=\"og:url\" content=\"https:\/\/wodgear.sk\/en\/product\/indoor-wall-storage\/\" \/>\n<meta property=\"og:site_name\" content=\"WODGEAR\" \/>\n<meta property=\"article:modified_time\" content=\"2024-11-14T16:08:06+00:00\" \/>\n<meta property=\"og:image\" content=\"https:\/\/wodgear.sk\/wp-content\/uploads\/2017\/07\/seo_wall-storage.png\" \/>\n\t<meta property=\"og:image:width\" content=\"1620\" \/>\n\t<meta property=\"og:image:height\" content=\"1080\" \/>\n<meta name=\"twitter:card\" content=\"summary_large_image\" \/>\n<script type=\"application\/ld+json\" class=\"yoast-schema-graph\">{\"@context\":\"https:\/\/schema.org\",\"@graph\":[{\"@type\":\"WebSite\",\"@id\":\"https:\/\/wodgear.sk\/en\/#website\",\"url\":\"https:\/\/wodgear.sk\/en\/\",\"name\":\"WODGEAR\",\"description\":\"#MakingLifeHarder\",\"potentialAction\":[{\"@type\":\"SearchAction\",\"target\":\"https:\/\/wodgear.sk\/en\/?s={search_term_string}\",\"query-input\":\"required name=search_term_string\"}],\"inLanguage\":\"en-US\"},{\"@type\":\"ImageObject\",\"@id\":\"https:\/\/wodgear.sk\/produkt\/indoor-wall-storage\/#primaryimage\",\"inLanguage\":\"en-US\",\"url\":\"https:\/\/wodgear.sk\/wp-content\/uploads\/2019\/04\/wall_storage_var_0a.png\",\"width\":1620,\"height\":1080},{\"@type\":\"WebPage\",\"@id\":\"https:\/\/wodgear.sk\/produkt\/indoor-wall-storage\/#webpage\",\"url\":\"https:\/\/wodgear.sk\/produkt\/indoor-wall-storage\/\",\"name\":\"WODGEAR | WALL STORAGE\",\"isPartOf\":{\"@id\":\"https:\/\/wodgear.sk\/en\/#website\"},\"primaryImageOfPage\":{\"@id\":\"https:\/\/wodgear.sk\/produkt\/indoor-wall-storage\/#primaryimage\"},\"datePublished\":\"2017-07-03T21:08:30+00:00\",\"dateModified\":\"2024-11-14T16:08:06+00:00\",\"description\":\"Ak h\\u013ead\\u00e1te univerz\\u00e1lne police na stenu na odkladanie svojich l\\u00f4pt, jednoru\\u010diek, hexag\\u00f3nov, kot\\u00fa\\u010dov a n\\u00e1radia, tak WALL STORAGE je ide\\u00e1lnym rie\\u0161en\\u00edm.\",\"inLanguage\":\"en-US\",\"potentialAction\":[{\"@type\":\"ReadAction\",\"target\":[\"https:\/\/wodgear.sk\/produkt\/indoor-wall-storage\/\"]}]}]}<\/script>\n<!-- \/ Yoast SEO plugin. -->","_links":{"self":[{"href":"https:\/\/wodgear.sk\/en\/wp-json\/wp\/v2\/product\/255"}],"collection":[{"href":"https:\/\/wodgear.sk\/en\/wp-json\/wp\/v2\/product"}],"about":[{"href":"https:\/\/wodgear.sk\/en\/wp-json\/wp\/v2\/types\/product"}],"wp:featuredmedia":[{"embeddable":true,"href":"https:\/\/wodgear.sk\/en\/wp-json\/wp\/v2\/media\/9206"}],"wp:attachment":[{"href":"https:\/\/wodgear.sk\/en\/wp-json\/wp\/v2\/media?parent=255"}],"curies":[{"name":"wp","href":"https:\/\/api.w.org\/{rel}","templated":true}]}}