{"id":25581,"date":"2023-07-12T16:26:24","date_gmt":"2023-07-12T14:26:24","guid":{"rendered":"https:\/\/wodgear.sk\/?post_type=product&#038;p=25581"},"modified":"2024-11-14T17:11:32","modified_gmt":"2024-11-14T16:11:32","slug":"indoor-crossmember-uhmw","status":"publish","type":"product","link":"https:\/\/wodgear.sk\/en\/product\/indoor-crossmember-uhmw\/","title":{"rendered":"CROSSMEMBER <span>UHMW<\/span>"},"content":{"rendered":"<!DOCTYPE html PUBLIC \"-\/\/W3C\/\/DTD HTML 4.0 Transitional\/\/EN\" \"http:\/\/www.w3.org\/TR\/REC-html40\/loose.dtd\">\n<html><head><meta http-equiv=\"content-type\" content=\"text\/html; charset=utf-8\"><\/head><body><p>Prie\u010dky CROSSMEMBER s\u00fa navrhnut\u00e9 tak, aby roz\u0161\u00edrili mo\u017enosti ka\u017edej z na\u0161ich indoorov\u00fdch kon\u0161trukci\u00ed. Je mo\u017en\u00e9 o ne upevni\u0165 r\u00f4zne doplnky ako PULL-UP BALLS, RING HANGER, ADD-ON BAR a podobne. Prie\u010dka je vyroben\u00e1 z mas\u00edvnych profilov 80\u00d780 s hr\u00fabkou steny 3mm alebo 4mm a tak je odolnej\u0161ia ako klasick\u00e9 spojnice. Pon\u00fakame ich vo viacer\u00fdch rozmeroch, a tak si m\u00f4\u017eete vybra\u0165 t\u00fa, ktor\u00e1 V\u00e1m bude najviac vyhovova\u0165. Verzia UHMW je navy\u0161e chr\u00e1nen\u00e1 UHMW plastovou vlo\u017ekou. T\u00e1 zaru\u010d\u00ed, \u017ee si pri cvi\u010den\u00ed nepo\u0161kod\u00edte prie\u010dku a ani samotn\u00fa olymp. \u010dinku.<\/p>\n<\/body><\/html>","protected":false},"excerpt":{"rendered":"<table>\n<tbody>\n<tr>\n<td>Length:<\/td>\n<td>640\/1080\/1480\/1800\/2080mm \/custom-made<\/td>\n<\/tr>\n<tr>\n<td>Profile:<\/td>\n<td>80x80x3\/4 mm<\/td>\n<\/tr>\n<tr>\n<td>Wear strips:<\/td>\n<td>plast &#8211; UHMW<\/td>\n<\/tr>\n<tr>\n<td>Presun:<\/td>\n<td>fixn\u00e9<\/td>\n<\/tr>\n<tr>\n<td>Info:<\/td>\n<td>possible to custom-made the length<\/td>\n<\/tr>\n<tr>\n<td>Color:<\/td>\n<td>pod\u013ea palety <a href=\"https:\/\/wodgear.sk\/wp-content\/uploads\/2024\/11\/vzorkovnik_palety_ral.pdf\"><span style=\"color: #000000;\">RAL<\/span><\/a><\/td>\n<\/tr>\n<tr>\n<td>Manufacturer:<\/td>\n<td>WODGEAR, s.r.o. SVK<\/td>\n<\/tr>\n<\/tbody>\n<\/table>","protected":false},"featured_media":25583,"template":"","meta":[],"yoast_head":"<!-- This site is optimized with the Yoast SEO plugin v14.8.1 - https:\/\/yoast.com\/wordpress\/plugins\/seo\/ -->\n<title>WODGEAR | CROSSMEMBER UHMW<\/title>\n<meta name=\"description\" content=\"Prie\u010dky CROSSMEMBER UHMW s\u00fa navrhnut\u00e9 tak, aby roz\u0161\u00edrili mo\u017enosti ka\u017edej z na\u0161ich indoorov\u00fdch kon\u0161trukci\u00ed. Plastov\u00e9 l\u00f4\u017eko chr\u00e1ni va\u0161u \u010dinku.\" \/>\n<meta name=\"robots\" content=\"index, follow\" \/>\n<meta name=\"googlebot\" content=\"index, follow, max-snippet:-1, max-image-preview:large, max-video-preview:-1\" \/>\n<meta name=\"bingbot\" content=\"index, follow, max-snippet:-1, max-image-preview:large, max-video-preview:-1\" \/>\n<link rel=\"canonical\" href=\"https:\/\/wodgear.sk\/en\/product\/indoor-crossmember-uhmw\/\" \/>\n<meta property=\"og:locale\" content=\"en_US\" \/>\n<meta property=\"og:type\" content=\"article\" \/>\n<meta property=\"og:title\" content=\"WODGEAR | CROSSMEMBER UHMW\" \/>\n<meta property=\"og:description\" content=\"Prie\u010dky CROSSMEMBER UHMW s\u00fa navrhnut\u00e9 tak, aby roz\u0161\u00edrili mo\u017enosti ka\u017edej z na\u0161ich indoorov\u00fdch kon\u0161trukci\u00ed. Plastov\u00e9 l\u00f4\u017eko chr\u00e1ni va\u0161u \u010dinku.\" \/>\n<meta property=\"og:url\" content=\"https:\/\/wodgear.sk\/en\/product\/indoor-crossmember-uhmw\/\" \/>\n<meta property=\"og:site_name\" content=\"WODGEAR\" \/>\n<meta property=\"article:modified_time\" content=\"2024-11-14T16:11:32+00:00\" \/>\n<meta property=\"og:image\" content=\"https:\/\/wodgear.sk\/wp-content\/uploads\/2023\/07\/crossmember_uhmw_seo.png\" \/>\n\t<meta property=\"og:image:width\" content=\"1200\" \/>\n\t<meta property=\"og:image:height\" content=\"800\" \/>\n<meta name=\"twitter:card\" content=\"summary_large_image\" \/>\n<script type=\"application\/ld+json\" class=\"yoast-schema-graph\">{\"@context\":\"https:\/\/schema.org\",\"@graph\":[{\"@type\":\"WebSite\",\"@id\":\"https:\/\/wodgear.sk\/en\/#website\",\"url\":\"https:\/\/wodgear.sk\/en\/\",\"name\":\"WODGEAR\",\"description\":\"#MakingLifeHarder\",\"potentialAction\":[{\"@type\":\"SearchAction\",\"target\":\"https:\/\/wodgear.sk\/en\/?s={search_term_string}\",\"query-input\":\"required name=search_term_string\"}],\"inLanguage\":\"en-US\"},{\"@type\":\"ImageObject\",\"@id\":\"https:\/\/wodgear.sk\/produkt\/indoor-crossmember-uhmw\/#primaryimage\",\"inLanguage\":\"en-US\",\"url\":\"https:\/\/wodgear.sk\/wp-content\/uploads\/2023\/07\/crossmember_uhmw_main.png\",\"width\":1200,\"height\":800},{\"@type\":\"WebPage\",\"@id\":\"https:\/\/wodgear.sk\/produkt\/indoor-crossmember-uhmw\/#webpage\",\"url\":\"https:\/\/wodgear.sk\/produkt\/indoor-crossmember-uhmw\/\",\"name\":\"WODGEAR | CROSSMEMBER UHMW\",\"isPartOf\":{\"@id\":\"https:\/\/wodgear.sk\/en\/#website\"},\"primaryImageOfPage\":{\"@id\":\"https:\/\/wodgear.sk\/produkt\/indoor-crossmember-uhmw\/#primaryimage\"},\"datePublished\":\"2023-07-12T14:26:24+00:00\",\"dateModified\":\"2024-11-14T16:11:32+00:00\",\"description\":\"Prie\\u010dky CROSSMEMBER UHMW s\\u00fa navrhnut\\u00e9 tak, aby roz\\u0161\\u00edrili mo\\u017enosti ka\\u017edej z na\\u0161ich indoorov\\u00fdch kon\\u0161trukci\\u00ed. Plastov\\u00e9 l\\u00f4\\u017eko chr\\u00e1ni va\\u0161u \\u010dinku.\",\"inLanguage\":\"en-US\",\"potentialAction\":[{\"@type\":\"ReadAction\",\"target\":[\"https:\/\/wodgear.sk\/produkt\/indoor-crossmember-uhmw\/\"]}]}]}<\/script>\n<!-- \/ Yoast SEO plugin. -->","_links":{"self":[{"href":"https:\/\/wodgear.sk\/en\/wp-json\/wp\/v2\/product\/25581"}],"collection":[{"href":"https:\/\/wodgear.sk\/en\/wp-json\/wp\/v2\/product"}],"about":[{"href":"https:\/\/wodgear.sk\/en\/wp-json\/wp\/v2\/types\/product"}],"wp:featuredmedia":[{"embeddable":true,"href":"https:\/\/wodgear.sk\/en\/wp-json\/wp\/v2\/media\/25583"}],"wp:attachment":[{"href":"https:\/\/wodgear.sk\/en\/wp-json\/wp\/v2\/media?parent=25581"}],"curies":[{"name":"wp","href":"https:\/\/api.w.org\/{rel}","templated":true}]}}