{"id":25653,"date":"2023-12-21T10:23:55","date_gmt":"2023-12-21T09:23:55","guid":{"rendered":"https:\/\/wodgear.sk\/?post_type=product&#038;p=25653"},"modified":"2024-11-12T16:09:29","modified_gmt":"2024-11-12T15:09:29","slug":"outdoor-single-bar","status":"publish","type":"product","link":"https:\/\/wodgear.sk\/en\/product\/outdoor-single-bar\/","title":{"rendered":"SINGLE BAR"},"content":{"rendered":"<!DOCTYPE html PUBLIC \"-\/\/W3C\/\/DTD HTML 4.0 Transitional\/\/EN\" \"http:\/\/www.w3.org\/TR\/REC-html40\/loose.dtd\">\n<html><head><meta http-equiv=\"content-type\" content=\"text\/html; charset=utf-8\"><\/head><body><p>Hrazda je z\u00e1kladom ka\u017ed\u00e9ho kvalitn\u00e9ho tr\u00e9ningu. Je to multifunk\u010dn\u00fd komponent, ktor\u00fd sl\u00fa\u017ei na cvi\u010denie pr\u00ed\u0165ahov, v\u00fdmykov a in\u00fdch cvikov, ale aj na upevnenie pom\u00f4cok na cvi\u010denie ako TRX, lano alebo expander. Pon\u00fakame tri z\u00e1kladn\u00e9 varianty (TOP, DOWN, CENTER) a r\u00f4zne d\u013a\u017eky pre \u010do najv\u0161estrannej\u0161ie vyu\u017eitie. S\u00fa vyroben\u00e9 z odolnej hrubostennej ocele s kvalitnou povrchovou \u00fapravou a vydr\u017eia aj ten naj\u0165a\u017e\u0161\u00ed tr\u00e9ning.<\/p>\n<\/body><\/html>","protected":false},"excerpt":{"rendered":"<table>\n<tbody>\n<tr>\n<td>Height:<\/td>\n<td>2400\/na mieru mm<\/td>\n<\/tr>\n<tr>\n<td>Width:<\/td>\n<td>1080\/1200\/1400\/1800mm \/custom-made<\/td>\n<\/tr>\n<tr>\n<td>Depth:<\/td>\n<td>80 mm<\/td>\n<\/tr>\n<tr>\n<td>Diameter:<\/td>\n<td>34 mm<\/td>\n<\/tr>\n<tr>\n<td>Weight:<\/td>\n<td>od 8.0 kg<\/td>\n<\/tr>\n<tr>\n<td>Stanovi\u0161tia:<\/td>\n<td>1+<\/td>\n<\/tr>\n<tr>\n<td>Capacity:<\/td>\n<td>1+<\/td>\n<\/tr>\n<tr>\n<td>Info:<\/td>\n<td>possibility of diameter customization<\/td>\n<\/tr>\n<tr>\n<td>Norm:<\/td>\n<td>EN STN 16630:2015<\/td>\n<\/tr>\n<tr>\n<td>Color:<\/td>\n<td>pod\u013ea palety <a href=\"https:\/\/wodgear.sk\/wp-content\/uploads\/2024\/11\/vzorkovnik_palety_ral.pdf\"><span style=\"color: #000000;\">RAL<\/span><\/a><\/td>\n<\/tr>\n<tr>\n<td>Surface:<\/td>\n<td>sandblasted\/zinc-epoxy\/komaxite<\/td>\n<\/tr>\n<tr>\n<td>Manufacturer:<\/td>\n<td>WODGEAR, s.r.o. SVK<\/td>\n<\/tr>\n<\/tbody>\n<\/table>","protected":false},"featured_media":25640,"template":"","meta":[],"yoast_head":"<!-- This site is optimized with the Yoast SEO plugin v14.8.1 - https:\/\/yoast.com\/wordpress\/plugins\/seo\/ -->\n<title>WODGEAR | SINGLE BAR<\/title>\n<meta name=\"description\" content=\"Hrazda je z\u00e1kladom ka\u017ed\u00e9ho kvalitn\u00e9ho tr\u00e9ningu. Je to multifunk\u010dn\u00fd komponent, ktor\u00fd sl\u00fa\u017ei na cvi\u010denie pr\u00ed\u0165ahov, v\u00fdmykov a in\u00fdch cvikov.\" \/>\n<meta name=\"robots\" content=\"index, follow\" \/>\n<meta name=\"googlebot\" content=\"index, follow, max-snippet:-1, max-image-preview:large, max-video-preview:-1\" \/>\n<meta name=\"bingbot\" content=\"index, follow, max-snippet:-1, max-image-preview:large, max-video-preview:-1\" \/>\n<link rel=\"canonical\" href=\"https:\/\/wodgear.sk\/en\/product\/outdoor-single-bar\/\" \/>\n<meta property=\"og:locale\" content=\"en_US\" \/>\n<meta property=\"og:type\" content=\"article\" \/>\n<meta property=\"og:title\" content=\"WODGEAR | SINGLE BAR\" \/>\n<meta property=\"og:description\" content=\"Hrazda je z\u00e1kladom ka\u017ed\u00e9ho kvalitn\u00e9ho tr\u00e9ningu. Je to multifunk\u010dn\u00fd komponent, ktor\u00fd sl\u00fa\u017ei na cvi\u010denie pr\u00ed\u0165ahov, v\u00fdmykov a in\u00fdch cvikov.\" \/>\n<meta property=\"og:url\" content=\"https:\/\/wodgear.sk\/en\/product\/outdoor-single-bar\/\" \/>\n<meta property=\"og:site_name\" content=\"WODGEAR\" \/>\n<meta property=\"article:modified_time\" content=\"2024-11-12T15:09:29+00:00\" \/>\n<meta property=\"og:image\" content=\"https:\/\/wodgear.sk\/wp-content\/uploads\/2023\/12\/single_bar_seo.png\" \/>\n\t<meta property=\"og:image:width\" content=\"1200\" \/>\n\t<meta property=\"og:image:height\" content=\"800\" \/>\n<meta name=\"twitter:card\" content=\"summary_large_image\" \/>\n<script type=\"application\/ld+json\" class=\"yoast-schema-graph\">{\"@context\":\"https:\/\/schema.org\",\"@graph\":[{\"@type\":\"WebSite\",\"@id\":\"https:\/\/wodgear.sk\/en\/#website\",\"url\":\"https:\/\/wodgear.sk\/en\/\",\"name\":\"WODGEAR\",\"description\":\"#MakingLifeHarder\",\"potentialAction\":[{\"@type\":\"SearchAction\",\"target\":\"https:\/\/wodgear.sk\/en\/?s={search_term_string}\",\"query-input\":\"required name=search_term_string\"}],\"inLanguage\":\"en-US\"},{\"@type\":\"ImageObject\",\"@id\":\"https:\/\/wodgear.sk\/produkt\/outdoor-single-bar\/#primaryimage\",\"inLanguage\":\"en-US\",\"url\":\"https:\/\/wodgear.sk\/wp-content\/uploads\/2023\/12\/single_bar_main.png\",\"width\":1200,\"height\":800},{\"@type\":\"WebPage\",\"@id\":\"https:\/\/wodgear.sk\/produkt\/outdoor-single-bar\/#webpage\",\"url\":\"https:\/\/wodgear.sk\/produkt\/outdoor-single-bar\/\",\"name\":\"WODGEAR | SINGLE BAR\",\"isPartOf\":{\"@id\":\"https:\/\/wodgear.sk\/en\/#website\"},\"primaryImageOfPage\":{\"@id\":\"https:\/\/wodgear.sk\/produkt\/outdoor-single-bar\/#primaryimage\"},\"datePublished\":\"2023-12-21T09:23:55+00:00\",\"dateModified\":\"2024-11-12T15:09:29+00:00\",\"description\":\"Hrazda je z\\u00e1kladom ka\\u017ed\\u00e9ho kvalitn\\u00e9ho tr\\u00e9ningu. Je to multifunk\\u010dn\\u00fd komponent, ktor\\u00fd sl\\u00fa\\u017ei na cvi\\u010denie pr\\u00ed\\u0165ahov, v\\u00fdmykov a in\\u00fdch cvikov.\",\"inLanguage\":\"en-US\",\"potentialAction\":[{\"@type\":\"ReadAction\",\"target\":[\"https:\/\/wodgear.sk\/produkt\/outdoor-single-bar\/\"]}]}]}<\/script>\n<!-- \/ Yoast SEO plugin. -->","_links":{"self":[{"href":"https:\/\/wodgear.sk\/en\/wp-json\/wp\/v2\/product\/25653"}],"collection":[{"href":"https:\/\/wodgear.sk\/en\/wp-json\/wp\/v2\/product"}],"about":[{"href":"https:\/\/wodgear.sk\/en\/wp-json\/wp\/v2\/types\/product"}],"wp:featuredmedia":[{"embeddable":true,"href":"https:\/\/wodgear.sk\/en\/wp-json\/wp\/v2\/media\/25640"}],"wp:attachment":[{"href":"https:\/\/wodgear.sk\/en\/wp-json\/wp\/v2\/media?parent=25653"}],"curies":[{"name":"wp","href":"https:\/\/api.w.org\/{rel}","templated":true}]}}