{"id":25769,"date":"2024-06-18T09:48:27","date_gmt":"2024-06-18T07:48:27","guid":{"rendered":"https:\/\/wodgear.sk\/?post_type=product&#038;p=25769"},"modified":"2024-11-13T15:00:59","modified_gmt":"2024-11-13T14:00:59","slug":"outdoor-poledance-mini","status":"publish","type":"product","link":"https:\/\/wodgear.sk\/en\/product\/outdoor-poledance-mini\/","title":{"rendered":"POLEDANCE <span>MINI<\/span>"},"content":{"rendered":"<!DOCTYPE html PUBLIC \"-\/\/W3C\/\/DTD HTML 4.0 Transitional\/\/EN\" \"http:\/\/www.w3.org\/TR\/REC-html40\/loose.dtd\">\n<html><head><meta http-equiv=\"content-type\" content=\"text\/html; charset=utf-8\"><\/head><body><p>POLEDANCE je vertik\u00e1lna ty\u010d ur\u010den\u00e1 pre r\u00f4zne druhy silov\u00fdch a stre\u010dingov\u00fdch cvikov. Je to multifunk\u010dn\u00fd prvok vhodn\u00fd hlavne pre cvi\u010denie POLEDANCE, r\u00f4znych druhov cvikov kalisteniky a street workoutu ako je vlajka a podobne. P\u00f4dorys varianty MINI je men\u0161\u00ed ako u \u0161tandardnej verzii a je tak vhodnej\u0161ia pre men\u0161ie kon\u0161trukcie a zostavy.<\/p>\n<\/body><\/html>","protected":false},"excerpt":{"rendered":"<table>\n<tbody>\n<tr>\n<td>Height:<\/td>\n<td>2800\/na mieru mm<\/td>\n<\/tr>\n<tr>\n<td>Width:<\/td>\n<td>700 mm<\/td>\n<\/tr>\n<tr>\n<td>Depth:<\/td>\n<td>620 mm<\/td>\n<\/tr>\n<tr>\n<td>Diameter:<\/td>\n<td>43 mm<\/td>\n<\/tr>\n<tr>\n<td>Weight:<\/td>\n<td>25.0 kg<\/td>\n<\/tr>\n<tr>\n<td>Stanovi\u0161tia:<\/td>\n<td>1+<\/td>\n<\/tr>\n<tr>\n<td>Capacity:<\/td>\n<td>1+<\/td>\n<\/tr>\n<tr>\n<td>Info:<\/td>\n<td>je mo\u017en\u00e9 vyrobi\u0165 aj s vlastnou v\u00fd\u0161kou<\/td>\n<\/tr>\n<tr>\n<td>Norm:<\/td>\n<td>EN STN 16630:2015<\/td>\n<\/tr>\n<tr>\n<td>Color:<\/td>\n<td>pod\u013ea palety <a href=\"https:\/\/wodgear.sk\/wp-content\/uploads\/2024\/11\/vzorkovnik_palety_ral.pdf\"><span style=\"color: #000000;\">RAL<\/span><\/a><\/td>\n<\/tr>\n<tr>\n<td>Surface:<\/td>\n<td>sandblasted\/zinc-epoxy\/komaxite<\/td>\n<\/tr>\n<tr>\n<td>Manufacturer:<\/td>\n<td>WODGEAR, s.r.o. SVK<\/td>\n<\/tr>\n<\/tbody>\n<\/table>","protected":false},"featured_media":25774,"template":"","meta":[],"yoast_head":"<!-- This site is optimized with the Yoast SEO plugin v14.8.1 - https:\/\/yoast.com\/wordpress\/plugins\/seo\/ -->\n<title>WODGEAR | POLEDANCE MINI<\/title>\n<meta name=\"description\" content=\"POLEDANCE MINI je vertik\u00e1lna ty\u010d ur\u010den\u00e1 pre r\u00f4zne silov\u00e9 a stre\u010dingov\u00e9 cviky. Je ide\u00e1lna aj pre cvi\u010denie kalisteniky, street workoutu a pod.\" \/>\n<meta name=\"robots\" content=\"index, follow\" \/>\n<meta name=\"googlebot\" content=\"index, follow, max-snippet:-1, max-image-preview:large, max-video-preview:-1\" \/>\n<meta name=\"bingbot\" content=\"index, follow, max-snippet:-1, max-image-preview:large, max-video-preview:-1\" \/>\n<link rel=\"canonical\" href=\"https:\/\/wodgear.sk\/en\/product\/outdoor-poledance-mini\/\" \/>\n<meta property=\"og:locale\" content=\"en_US\" \/>\n<meta property=\"og:type\" content=\"article\" \/>\n<meta property=\"og:title\" content=\"WODGEAR | POLEDANCE MINI\" \/>\n<meta property=\"og:description\" content=\"POLEDANCE MINI je vertik\u00e1lna ty\u010d ur\u010den\u00e1 pre r\u00f4zne silov\u00e9 a stre\u010dingov\u00e9 cviky. Je ide\u00e1lna aj pre cvi\u010denie kalisteniky, street workoutu a pod.\" \/>\n<meta property=\"og:url\" content=\"https:\/\/wodgear.sk\/en\/product\/outdoor-poledance-mini\/\" \/>\n<meta property=\"og:site_name\" content=\"WODGEAR\" \/>\n<meta property=\"article:modified_time\" content=\"2024-11-13T14:00:59+00:00\" \/>\n<meta property=\"og:image\" content=\"https:\/\/wodgear.sk\/wp-content\/uploads\/2024\/06\/poledance_mini_seo.png\" \/>\n\t<meta property=\"og:image:width\" content=\"1200\" \/>\n\t<meta property=\"og:image:height\" content=\"800\" \/>\n<meta name=\"twitter:card\" content=\"summary_large_image\" \/>\n<script type=\"application\/ld+json\" class=\"yoast-schema-graph\">{\"@context\":\"https:\/\/schema.org\",\"@graph\":[{\"@type\":\"WebSite\",\"@id\":\"https:\/\/wodgear.sk\/en\/#website\",\"url\":\"https:\/\/wodgear.sk\/en\/\",\"name\":\"WODGEAR\",\"description\":\"#MakingLifeHarder\",\"potentialAction\":[{\"@type\":\"SearchAction\",\"target\":\"https:\/\/wodgear.sk\/en\/?s={search_term_string}\",\"query-input\":\"required name=search_term_string\"}],\"inLanguage\":\"en-US\"},{\"@type\":\"ImageObject\",\"@id\":\"https:\/\/wodgear.sk\/produkt\/outdoor-poledance-mini\/#primaryimage\",\"inLanguage\":\"en-US\",\"url\":\"https:\/\/wodgear.sk\/wp-content\/uploads\/2024\/06\/poledance_mini_var_0b.png\",\"width\":1200,\"height\":800},{\"@type\":\"WebPage\",\"@id\":\"https:\/\/wodgear.sk\/produkt\/outdoor-poledance-mini\/#webpage\",\"url\":\"https:\/\/wodgear.sk\/produkt\/outdoor-poledance-mini\/\",\"name\":\"WODGEAR | POLEDANCE MINI\",\"isPartOf\":{\"@id\":\"https:\/\/wodgear.sk\/en\/#website\"},\"primaryImageOfPage\":{\"@id\":\"https:\/\/wodgear.sk\/produkt\/outdoor-poledance-mini\/#primaryimage\"},\"datePublished\":\"2024-06-18T07:48:27+00:00\",\"dateModified\":\"2024-11-13T14:00:59+00:00\",\"description\":\"POLEDANCE MINI je vertik\\u00e1lna ty\\u010d ur\\u010den\\u00e1 pre r\\u00f4zne silov\\u00e9 a stre\\u010dingov\\u00e9 cviky. Je ide\\u00e1lna aj pre cvi\\u010denie kalisteniky, street workoutu a pod.\",\"inLanguage\":\"en-US\",\"potentialAction\":[{\"@type\":\"ReadAction\",\"target\":[\"https:\/\/wodgear.sk\/produkt\/outdoor-poledance-mini\/\"]}]}]}<\/script>\n<!-- \/ Yoast SEO plugin. -->","_links":{"self":[{"href":"https:\/\/wodgear.sk\/en\/wp-json\/wp\/v2\/product\/25769"}],"collection":[{"href":"https:\/\/wodgear.sk\/en\/wp-json\/wp\/v2\/product"}],"about":[{"href":"https:\/\/wodgear.sk\/en\/wp-json\/wp\/v2\/types\/product"}],"wp:featuredmedia":[{"embeddable":true,"href":"https:\/\/wodgear.sk\/en\/wp-json\/wp\/v2\/media\/25774"}],"wp:attachment":[{"href":"https:\/\/wodgear.sk\/en\/wp-json\/wp\/v2\/media?parent=25769"}],"curies":[{"name":"wp","href":"https:\/\/api.w.org\/{rel}","templated":true}]}}