{"id":25798,"date":"2024-07-11T10:37:47","date_gmt":"2024-07-11T08:37:47","guid":{"rendered":"https:\/\/wodgear.sk\/?post_type=product&#038;p=25798"},"modified":"2024-11-13T09:11:21","modified_gmt":"2024-11-13T08:11:21","slug":"indoor-jammer-arm-joints","status":"publish","type":"product","link":"https:\/\/wodgear.sk\/en\/product\/indoor-jammer-arm-joints\/","title":{"rendered":"JAMMER ARM <span>JOINTS<\/span>"},"content":{"rendered":"<!DOCTYPE html PUBLIC \"-\/\/W3C\/\/DTD HTML 4.0 Transitional\/\/EN\" \"http:\/\/www.w3.org\/TR\/REC-html40\/loose.dtd\">\n<html><head><meta http-equiv=\"content-type\" content=\"text\/html; charset=utf-8\"><\/head><body><p>JAMMER ARM JOINTS pridaj\u00fa \u010fal\u0161\u00ed k\u013ab k ramen\u00e1m JAMMER ARMS SEMI a JAMMER ARMS PRO. V\u010faka tomu je mo\u017en\u00e9 ramenami pohybova\u0165 nie len smerom dopredu a sp\u00e4\u0165 ale aj do str\u00e1n. V\u010faka tomu si zna\u010dne roz\u0161\u00edrite paletu mo\u017en\u00fdch cvikov a ich prevedenie. V\u010faka magnetick\u00e9mu istiacemu kol\u00edku je mo\u017en\u00e9 tento pohyb do str\u00e1n zablokova\u0165.<\/p>\n<\/body><\/html>","protected":false},"excerpt":{"rendered":"<table>\n<tbody>\n<tr>\n<td>Ur\u010denie:<\/td>\n<td>JAMMER ARMS PRO\/SEMI<\/td>\n<\/tr>\n<tr>\n<td>Ramen\u00e1:<\/td>\n<td>880\/1080 mm<\/td>\n<\/tr>\n<tr>\n<td>Pred\u013a\u017eenie:<\/td>\n<td>o 180 mm<\/td>\n<\/tr>\n<tr>\n<td>Zaistenie:<\/td>\n<td>magnetick\u00fdm kol\u00edkom<\/td>\n<\/tr>\n<tr>\n<td>Info:<\/td>\n<td>je mo\u017en\u00e9 pou\u017ei\u0165 aj s JAMMER ARM WINGS<\/td>\n<\/tr>\n<tr>\n<td>Color:<\/td>\n<td>pod\u013ea palety <a href=\"https:\/\/wodgear.sk\/wp-content\/uploads\/2024\/11\/vzorkovnik_palety_ral.pdf\"><span style=\"color: #000000;\">RAL<\/span><\/a><\/td>\n<\/tr>\n<tr>\n<td>Manufacturer:<\/td>\n<td>WODGEAR, s.r.o. SVK<\/td>\n<\/tr>\n<\/tbody>\n<\/table>","protected":false},"featured_media":25793,"template":"","meta":[],"yoast_head":"<!-- This site is optimized with the Yoast SEO plugin v14.8.1 - https:\/\/yoast.com\/wordpress\/plugins\/seo\/ -->\n<title>WODGEAR | JAMMER ARM JOINTS<\/title>\n<meta name=\"description\" content=\"JAMMER ARM JOINTS pridaj\u00fa \u010fal\u0161\u00ed k\u013ab k ramen\u00e1m JAMMER ARMS SEMI a PRO. V\u010faka tomu je mo\u017en\u00e9 ramenami pohybova\u0165 nie len smerom dopredu ale aj do str\u00e1n.\" \/>\n<meta name=\"robots\" content=\"index, follow\" \/>\n<meta name=\"googlebot\" content=\"index, follow, max-snippet:-1, max-image-preview:large, max-video-preview:-1\" \/>\n<meta name=\"bingbot\" content=\"index, follow, max-snippet:-1, max-image-preview:large, max-video-preview:-1\" \/>\n<link rel=\"canonical\" href=\"https:\/\/wodgear.sk\/en\/product\/indoor-jammer-arm-joints\/\" \/>\n<meta property=\"og:locale\" content=\"en_US\" \/>\n<meta property=\"og:type\" content=\"article\" \/>\n<meta property=\"og:title\" content=\"WODGEAR | JAMMER ARM JOINTS\" \/>\n<meta property=\"og:description\" content=\"JAMMER ARM JOINTS pridaj\u00fa \u010fal\u0161\u00ed k\u013ab k ramen\u00e1m JAMMER ARMS SEMI a PRO. V\u010faka tomu je mo\u017en\u00e9 ramenami pohybova\u0165 nie len smerom dopredu ale aj do str\u00e1n.\" \/>\n<meta property=\"og:url\" content=\"https:\/\/wodgear.sk\/en\/product\/indoor-jammer-arm-joints\/\" \/>\n<meta property=\"og:site_name\" content=\"WODGEAR\" \/>\n<meta property=\"article:modified_time\" content=\"2024-11-13T08:11:21+00:00\" \/>\n<meta property=\"og:image\" content=\"https:\/\/wodgear.sk\/wp-content\/uploads\/2024\/07\/jammer_arm_joints_seo.png\" \/>\n\t<meta property=\"og:image:width\" content=\"1200\" \/>\n\t<meta property=\"og:image:height\" content=\"800\" \/>\n<meta name=\"twitter:card\" content=\"summary_large_image\" \/>\n<script type=\"application\/ld+json\" class=\"yoast-schema-graph\">{\"@context\":\"https:\/\/schema.org\",\"@graph\":[{\"@type\":\"WebSite\",\"@id\":\"https:\/\/wodgear.sk\/en\/#website\",\"url\":\"https:\/\/wodgear.sk\/en\/\",\"name\":\"WODGEAR\",\"description\":\"#MakingLifeHarder\",\"potentialAction\":[{\"@type\":\"SearchAction\",\"target\":\"https:\/\/wodgear.sk\/en\/?s={search_term_string}\",\"query-input\":\"required name=search_term_string\"}],\"inLanguage\":\"en-US\"},{\"@type\":\"ImageObject\",\"@id\":\"https:\/\/wodgear.sk\/produkt\/indoor-jammer-arm-joints\/#primaryimage\",\"inLanguage\":\"en-US\",\"url\":\"https:\/\/wodgear.sk\/wp-content\/uploads\/2024\/07\/jammer_arm_joints_main.png\",\"width\":1200,\"height\":800},{\"@type\":\"WebPage\",\"@id\":\"https:\/\/wodgear.sk\/produkt\/indoor-jammer-arm-joints\/#webpage\",\"url\":\"https:\/\/wodgear.sk\/produkt\/indoor-jammer-arm-joints\/\",\"name\":\"WODGEAR | JAMMER ARM JOINTS\",\"isPartOf\":{\"@id\":\"https:\/\/wodgear.sk\/en\/#website\"},\"primaryImageOfPage\":{\"@id\":\"https:\/\/wodgear.sk\/produkt\/indoor-jammer-arm-joints\/#primaryimage\"},\"datePublished\":\"2024-07-11T08:37:47+00:00\",\"dateModified\":\"2024-11-13T08:11:21+00:00\",\"description\":\"JAMMER ARM JOINTS pridaj\\u00fa \\u010fal\\u0161\\u00ed k\\u013ab k ramen\\u00e1m JAMMER ARMS SEMI a PRO. V\\u010faka tomu je mo\\u017en\\u00e9 ramenami pohybova\\u0165 nie len smerom dopredu ale aj do str\\u00e1n.\",\"inLanguage\":\"en-US\",\"potentialAction\":[{\"@type\":\"ReadAction\",\"target\":[\"https:\/\/wodgear.sk\/produkt\/indoor-jammer-arm-joints\/\"]}]}]}<\/script>\n<!-- \/ Yoast SEO plugin. -->","_links":{"self":[{"href":"https:\/\/wodgear.sk\/en\/wp-json\/wp\/v2\/product\/25798"}],"collection":[{"href":"https:\/\/wodgear.sk\/en\/wp-json\/wp\/v2\/product"}],"about":[{"href":"https:\/\/wodgear.sk\/en\/wp-json\/wp\/v2\/types\/product"}],"wp:featuredmedia":[{"embeddable":true,"href":"https:\/\/wodgear.sk\/en\/wp-json\/wp\/v2\/media\/25793"}],"wp:attachment":[{"href":"https:\/\/wodgear.sk\/en\/wp-json\/wp\/v2\/media?parent=25798"}],"curies":[{"name":"wp","href":"https:\/\/api.w.org\/{rel}","templated":true}]}}