{"id":25847,"date":"2024-09-12T09:58:03","date_gmt":"2024-09-12T07:58:03","guid":{"rendered":"https:\/\/wodgear.sk\/?post_type=product&#038;p=25847"},"modified":"2024-11-13T09:56:14","modified_gmt":"2024-11-13T08:56:14","slug":"indoor-pin-mag","status":"publish","type":"product","link":"https:\/\/wodgear.sk\/en\/product\/indoor-pin-mag\/","title":{"rendered":"PIN <span>MAG<\/span>"},"content":{"rendered":"<!DOCTYPE html PUBLIC \"-\/\/W3C\/\/DTD HTML 4.0 Transitional\/\/EN\" \"http:\/\/www.w3.org\/TR\/REC-html40\/loose.dtd\">\n<html><head><meta http-equiv=\"content-type\" content=\"text\/html; charset=utf-8\"><\/head><body><p>PIN MAG je pom\u00f4cka pre osadenie komponentov ako s\u00fa bradl\u00e1 DIP HORNS, ramen\u00e1 SAFETY ARMS, opierku MULTIPAD a podobne na na\u0161e interi\u00e9rov\u00e9 kon\u0161trukcie. Telo kol\u00edka je vyroben\u00e9 z nerezovej ocele a madlo z odolnej hlin\u00edkovej zliatiny s dr\u00e1\u017ekovan\u00edm. V\u010faka siln\u00e9mu magnetu kol\u00edk dr\u017e\u00ed bezpe\u010dne na svojom mieste. Komu by to nesta\u010dilo, kol\u00edk je vybaven\u00fd pru\u017enou poistkou.<\/p>\n<\/body><\/html>","protected":false},"excerpt":{"rendered":"<table>\n<tbody>\n<tr>\n<td>Length:<\/td>\n<td>140 mm<\/td>\n<\/tr>\n<tr>\n<td>Diameter:<\/td>\n<td>18 mm<\/td>\n<\/tr>\n<tr>\n<td>Handle:<\/td>\n<td>50 mm<\/td>\n<\/tr>\n<tr>\n<td>Fixing:<\/td>\n<td>magnet<\/td>\n<\/tr>\n<tr>\n<td>Material:<\/td>\n<td>nerez\/hlin\u00edk<\/td>\n<\/tr>\n<tr>\n<td>Surface:<\/td>\n<td>s\u00fastru\u017een\u00fd &#8211; dr\u00e1\u017ekovan\u00fd<\/td>\n<\/tr>\n<tr>\n<td>Info:<\/td>\n<td>pru\u017en\u00e1 poistka je v balen\u00ed<\/td>\n<\/tr>\n<tr>\n<td>Color:<\/td>\n<td>black<\/td>\n<\/tr>\n<tr>\n<td>Manufacturer:<\/td>\n<td>WODGEAR, s.r.o. SVK<\/td>\n<\/tr>\n<\/tbody>\n<\/table>","protected":false},"featured_media":25856,"template":"","meta":[],"yoast_head":"<!-- This site is optimized with the Yoast SEO plugin v14.8.1 - https:\/\/yoast.com\/wordpress\/plugins\/seo\/ -->\n<title>WODGEAR | PIN MAG<\/title>\n<meta name=\"description\" content=\"PIN MAG je pom\u00f4cka pre osadenie komponentov ako s\u00fa bradl\u00e1 DIP HORNS, ramen\u00e1 SAFETY ARMS a pod. na na\u0161e interi\u00e9rov\u00e9 kon\u0161trukcie.\" \/>\n<meta name=\"robots\" content=\"index, follow\" \/>\n<meta name=\"googlebot\" content=\"index, follow, max-snippet:-1, max-image-preview:large, max-video-preview:-1\" \/>\n<meta name=\"bingbot\" content=\"index, follow, max-snippet:-1, max-image-preview:large, max-video-preview:-1\" \/>\n<link rel=\"canonical\" href=\"https:\/\/wodgear.sk\/en\/product\/indoor-pin-mag\/\" \/>\n<meta property=\"og:locale\" content=\"en_US\" \/>\n<meta property=\"og:type\" content=\"article\" \/>\n<meta property=\"og:title\" content=\"WODGEAR | PIN MAG\" \/>\n<meta property=\"og:description\" content=\"PIN MAG je pom\u00f4cka pre osadenie komponentov ako s\u00fa bradl\u00e1 DIP HORNS, ramen\u00e1 SAFETY ARMS a pod. na na\u0161e interi\u00e9rov\u00e9 kon\u0161trukcie.\" \/>\n<meta property=\"og:url\" content=\"https:\/\/wodgear.sk\/en\/product\/indoor-pin-mag\/\" \/>\n<meta property=\"og:site_name\" content=\"WODGEAR\" \/>\n<meta property=\"article:modified_time\" content=\"2024-11-13T08:56:14+00:00\" \/>\n<meta property=\"og:image\" content=\"https:\/\/wodgear.sk\/wp-content\/uploads\/2024\/09\/pin_mag_main.png\" \/>\n\t<meta property=\"og:image:width\" content=\"1200\" \/>\n\t<meta property=\"og:image:height\" content=\"800\" \/>\n<meta name=\"twitter:card\" content=\"summary_large_image\" \/>\n<script type=\"application\/ld+json\" class=\"yoast-schema-graph\">{\"@context\":\"https:\/\/schema.org\",\"@graph\":[{\"@type\":\"WebSite\",\"@id\":\"https:\/\/wodgear.sk\/en\/#website\",\"url\":\"https:\/\/wodgear.sk\/en\/\",\"name\":\"WODGEAR\",\"description\":\"#MakingLifeHarder\",\"potentialAction\":[{\"@type\":\"SearchAction\",\"target\":\"https:\/\/wodgear.sk\/en\/?s={search_term_string}\",\"query-input\":\"required name=search_term_string\"}],\"inLanguage\":\"en-US\"},{\"@type\":\"ImageObject\",\"@id\":\"https:\/\/wodgear.sk\/produkt\/indoor-pin-mag\/#primaryimage\",\"inLanguage\":\"en-US\",\"url\":\"https:\/\/wodgear.sk\/wp-content\/uploads\/2024\/09\/pin_mag_main-1.png\",\"width\":1200,\"height\":800},{\"@type\":\"WebPage\",\"@id\":\"https:\/\/wodgear.sk\/produkt\/indoor-pin-mag\/#webpage\",\"url\":\"https:\/\/wodgear.sk\/produkt\/indoor-pin-mag\/\",\"name\":\"WODGEAR | PIN MAG\",\"isPartOf\":{\"@id\":\"https:\/\/wodgear.sk\/en\/#website\"},\"primaryImageOfPage\":{\"@id\":\"https:\/\/wodgear.sk\/produkt\/indoor-pin-mag\/#primaryimage\"},\"datePublished\":\"2024-09-12T07:58:03+00:00\",\"dateModified\":\"2024-11-13T08:56:14+00:00\",\"description\":\"PIN MAG je pom\\u00f4cka pre osadenie komponentov ako s\\u00fa bradl\\u00e1 DIP HORNS, ramen\\u00e1 SAFETY ARMS a pod. na na\\u0161e interi\\u00e9rov\\u00e9 kon\\u0161trukcie.\",\"inLanguage\":\"en-US\",\"potentialAction\":[{\"@type\":\"ReadAction\",\"target\":[\"https:\/\/wodgear.sk\/produkt\/indoor-pin-mag\/\"]}]}]}<\/script>\n<!-- \/ Yoast SEO plugin. -->","_links":{"self":[{"href":"https:\/\/wodgear.sk\/en\/wp-json\/wp\/v2\/product\/25847"}],"collection":[{"href":"https:\/\/wodgear.sk\/en\/wp-json\/wp\/v2\/product"}],"about":[{"href":"https:\/\/wodgear.sk\/en\/wp-json\/wp\/v2\/types\/product"}],"wp:featuredmedia":[{"embeddable":true,"href":"https:\/\/wodgear.sk\/en\/wp-json\/wp\/v2\/media\/25856"}],"wp:attachment":[{"href":"https:\/\/wodgear.sk\/en\/wp-json\/wp\/v2\/media?parent=25847"}],"curies":[{"name":"wp","href":"https:\/\/api.w.org\/{rel}","templated":true}]}}