{"id":25862,"date":"2024-09-16T16:27:24","date_gmt":"2024-09-16T14:27:24","guid":{"rendered":"https:\/\/wodgear.sk\/?post_type=product&#038;p=25862"},"modified":"2024-11-12T15:20:04","modified_gmt":"2024-11-12T14:20:04","slug":"outdoor-nest","status":"publish","type":"product","link":"https:\/\/wodgear.sk\/en\/product\/outdoor-nest\/","title":{"rendered":"NEST"},"content":{"rendered":"<!DOCTYPE html PUBLIC \"-\/\/W3C\/\/DTD HTML 4.0 Transitional\/\/EN\" \"http:\/\/www.w3.org\/TR\/REC-html40\/loose.dtd\">\n<html><head><meta http-equiv=\"content-type\" content=\"text\/html; charset=utf-8\"><\/head><body><p>NEST je robustn\u00e1 hojda\u010dka pre v\u0161etky vekov\u00e9 kateg\u00f3rie. Hniezdo s priemerom 1m pon\u00faka dostatok miesta na poriadny relax. V\u00fd\u0161ka v ktorej bude sed\u00e1k osaden\u00fd si je mo\u017en\u00e9 upravi\u0165 pod\u013ea seba.<\/p>\n<\/body><\/html>","protected":false},"excerpt":{"rendered":"<table>\n<tbody>\n<tr>\n<td>Height:<\/td>\n<td>od 1000 mm<\/td>\n<\/tr>\n<tr>\n<td>Width:<\/td>\n<td>od 1400 mm<\/td>\n<\/tr>\n<tr>\n<td>Depth:<\/td>\n<td>1000 mm<\/td>\n<\/tr>\n<tr>\n<td>Weight:<\/td>\n<td>30.0 kg<\/td>\n<\/tr>\n<tr>\n<td>Stanovi\u0161tia:<\/td>\n<td>1+<\/td>\n<\/tr>\n<tr>\n<td>Capacity:<\/td>\n<td>1+<\/td>\n<\/tr>\n<tr>\n<td>Info:<\/td>\n<td>kotvy na kon\u0161trukciu s\u00fa v balen\u00ed<\/td>\n<\/tr>\n<tr>\n<td>Norm:<\/td>\n<td>EN STN 16630:2015<\/td>\n<\/tr>\n<tr>\n<td>Color:<\/td>\n<td>\u010dierna\/modro-\u010derven\u00e1<\/td>\n<\/tr>\n<tr>\n<td>Material:<\/td>\n<td>lano<\/td>\n<\/tr>\n<tr>\n<td>Manufacturer:<\/td>\n<td>FUN&amp;PLAY, s.r.o. SVK<\/td>\n<\/tr>\n<\/tbody>\n<\/table>","protected":false},"featured_media":25858,"template":"","meta":[],"yoast_head":"<!-- This site is optimized with the Yoast SEO plugin v14.8.1 - https:\/\/yoast.com\/wordpress\/plugins\/seo\/ -->\n<title>WODGEAR | NEST<\/title>\n<meta name=\"description\" content=\"NEST je robustn\u00e1 hojda\u010dka pre v\u0161etky vekov\u00e9 kateg\u00f3rie. Hniezdo s priemerom 1m pon\u00faka dostatok miesta na poriadny relax.\" \/>\n<meta name=\"robots\" content=\"index, follow\" \/>\n<meta name=\"googlebot\" content=\"index, follow, max-snippet:-1, max-image-preview:large, max-video-preview:-1\" \/>\n<meta name=\"bingbot\" content=\"index, follow, max-snippet:-1, max-image-preview:large, max-video-preview:-1\" \/>\n<link rel=\"canonical\" href=\"https:\/\/wodgear.sk\/en\/product\/outdoor-nest\/\" \/>\n<meta property=\"og:locale\" content=\"en_US\" \/>\n<meta property=\"og:type\" content=\"article\" \/>\n<meta property=\"og:title\" content=\"WODGEAR | NEST\" \/>\n<meta property=\"og:description\" content=\"NEST je robustn\u00e1 hojda\u010dka pre v\u0161etky vekov\u00e9 kateg\u00f3rie. Hniezdo s priemerom 1m pon\u00faka dostatok miesta na poriadny relax.\" \/>\n<meta property=\"og:url\" content=\"https:\/\/wodgear.sk\/en\/product\/outdoor-nest\/\" \/>\n<meta property=\"og:site_name\" content=\"WODGEAR\" \/>\n<meta property=\"article:modified_time\" content=\"2024-11-12T14:20:04+00:00\" \/>\n<meta property=\"og:image\" content=\"https:\/\/wodgear.sk\/wp-content\/uploads\/2024\/09\/nest_seo.png\" \/>\n\t<meta property=\"og:image:width\" content=\"1200\" \/>\n\t<meta property=\"og:image:height\" content=\"800\" \/>\n<meta name=\"twitter:card\" content=\"summary_large_image\" \/>\n<script type=\"application\/ld+json\" class=\"yoast-schema-graph\">{\"@context\":\"https:\/\/schema.org\",\"@graph\":[{\"@type\":\"WebSite\",\"@id\":\"https:\/\/wodgear.sk\/en\/#website\",\"url\":\"https:\/\/wodgear.sk\/en\/\",\"name\":\"WODGEAR\",\"description\":\"#MakingLifeHarder\",\"potentialAction\":[{\"@type\":\"SearchAction\",\"target\":\"https:\/\/wodgear.sk\/en\/?s={search_term_string}\",\"query-input\":\"required name=search_term_string\"}],\"inLanguage\":\"en-US\"},{\"@type\":\"ImageObject\",\"@id\":\"https:\/\/wodgear.sk\/produkt\/outdoor-nest\/#primaryimage\",\"inLanguage\":\"en-US\",\"url\":\"https:\/\/wodgear.sk\/wp-content\/uploads\/2024\/09\/nest_main.png\",\"width\":1200,\"height\":800},{\"@type\":\"WebPage\",\"@id\":\"https:\/\/wodgear.sk\/produkt\/outdoor-nest\/#webpage\",\"url\":\"https:\/\/wodgear.sk\/produkt\/outdoor-nest\/\",\"name\":\"WODGEAR | NEST\",\"isPartOf\":{\"@id\":\"https:\/\/wodgear.sk\/en\/#website\"},\"primaryImageOfPage\":{\"@id\":\"https:\/\/wodgear.sk\/produkt\/outdoor-nest\/#primaryimage\"},\"datePublished\":\"2024-09-16T14:27:24+00:00\",\"dateModified\":\"2024-11-12T14:20:04+00:00\",\"description\":\"NEST je robustn\\u00e1 hojda\\u010dka pre v\\u0161etky vekov\\u00e9 kateg\\u00f3rie. Hniezdo s priemerom 1m pon\\u00faka dostatok miesta na poriadny relax.\",\"inLanguage\":\"en-US\",\"potentialAction\":[{\"@type\":\"ReadAction\",\"target\":[\"https:\/\/wodgear.sk\/produkt\/outdoor-nest\/\"]}]}]}<\/script>\n<!-- \/ Yoast SEO plugin. -->","_links":{"self":[{"href":"https:\/\/wodgear.sk\/en\/wp-json\/wp\/v2\/product\/25862"}],"collection":[{"href":"https:\/\/wodgear.sk\/en\/wp-json\/wp\/v2\/product"}],"about":[{"href":"https:\/\/wodgear.sk\/en\/wp-json\/wp\/v2\/types\/product"}],"wp:featuredmedia":[{"embeddable":true,"href":"https:\/\/wodgear.sk\/en\/wp-json\/wp\/v2\/media\/25858"}],"wp:attachment":[{"href":"https:\/\/wodgear.sk\/en\/wp-json\/wp\/v2\/media?parent=25862"}],"curies":[{"name":"wp","href":"https:\/\/api.w.org\/{rel}","templated":true}]}}