{"id":25997,"date":"2024-10-23T08:59:26","date_gmt":"2024-10-23T06:59:26","guid":{"rendered":"https:\/\/wodgear.sk\/?post_type=product&#038;p=25997"},"modified":"2024-11-25T16:19:29","modified_gmt":"2024-11-25T15:19:29","slug":"indoor-hip-thrust-bar","status":"publish","type":"product","link":"https:\/\/wodgear.sk\/en\/product\/indoor-hip-thrust-bar\/","title":{"rendered":"HIP THRUST BAR"},"content":{"rendered":"<!DOCTYPE html PUBLIC \"-\/\/W3C\/\/DTD HTML 4.0 Transitional\/\/EN\" \"http:\/\/www.w3.org\/TR\/REC-html40\/loose.dtd\">\n<html><head><meta http-equiv=\"content-type\" content=\"text\/html; charset=utf-8\"><\/head><body><p>HIP THRUST BAR je oska s opierkou, pomocou ktorej si na ka\u017edej drepovacej stanici zacvi\u010d\u00edte HIP THRUSTy. Jednoducho si ju polo\u017ete na h\u00e1ky JCUPS a v\u0161etko je pripraven\u00e9.<\/p>\n<\/body><\/html>","protected":false},"excerpt":{"rendered":"<table>\n<tbody>\n<tr>\n<td>Height:<\/td>\n<td>135 mm<\/td>\n<\/tr>\n<tr>\n<td>Width:<\/td>\n<td>1404 mm<\/td>\n<\/tr>\n<tr>\n<td>Depth:<\/td>\n<td>220 mm<\/td>\n<\/tr>\n<tr>\n<td>Profile:<\/td>\n<td>50 mm<\/td>\n<\/tr>\n<tr>\n<td>Material:<\/td>\n<td>steel\/stainless<\/td>\n<\/tr>\n<tr>\n<td>Opierka:<\/td>\n<td>ko\u017ea\/ko\u017eenka\/l\u00e1tka<\/td>\n<\/tr>\n<tr>\n<td>Rozmery:<\/td>\n<td>500&#215;220 mm<\/td>\n<\/tr>\n<tr>\n<td>Info:<\/td>\n<td>je mo\u017en\u00e9 vyrobi\u0165 aj z nerezu<\/td>\n<\/tr>\n<tr>\n<td>Color:<\/td>\n<td>pod\u013ea palety <a href=\"https:\/\/wodgear.sk\/wp-content\/uploads\/2024\/11\/vzorkovnik_palety_ral.pdf\"><span style=\"color: #000000;\">RAL<\/span><\/a><\/td>\n<\/tr>\n<tr>\n<td>Manufacturer:<\/td>\n<td>WODGEAR, s.r.o. SVK<\/td>\n<\/tr>\n<\/tbody>\n<\/table>","protected":false},"featured_media":26007,"template":"","meta":[],"yoast_head":"<!-- This site is optimized with the Yoast SEO plugin v14.8.1 - https:\/\/yoast.com\/wordpress\/plugins\/seo\/ -->\n<title>WODGEAR | HIP THRUST BAR<\/title>\n<meta name=\"description\" content=\"HIP THRUST BAR je jednoduch\u00e1 oska s opierkou, pomocou ktorej si na ka\u017edej drepovacej stanici zacvi\u010d\u00edte HIP THRUSTy.\" \/>\n<meta name=\"robots\" content=\"index, follow\" \/>\n<meta name=\"googlebot\" content=\"index, follow, max-snippet:-1, max-image-preview:large, max-video-preview:-1\" \/>\n<meta name=\"bingbot\" content=\"index, follow, max-snippet:-1, max-image-preview:large, max-video-preview:-1\" \/>\n<link rel=\"canonical\" href=\"https:\/\/wodgear.sk\/en\/product\/indoor-hip-thrust-bar\/\" \/>\n<meta property=\"og:locale\" content=\"en_US\" \/>\n<meta property=\"og:type\" content=\"article\" \/>\n<meta property=\"og:title\" content=\"WODGEAR | HIP THRUST BAR\" \/>\n<meta property=\"og:description\" content=\"HIP THRUST BAR je jednoduch\u00e1 oska s opierkou, pomocou ktorej si na ka\u017edej drepovacej stanici zacvi\u010d\u00edte HIP THRUSTy.\" \/>\n<meta property=\"og:url\" content=\"https:\/\/wodgear.sk\/en\/product\/indoor-hip-thrust-bar\/\" \/>\n<meta property=\"og:site_name\" content=\"WODGEAR\" \/>\n<meta property=\"article:modified_time\" content=\"2024-11-25T15:19:29+00:00\" \/>\n<meta property=\"og:image\" content=\"https:\/\/wodgear.sk\/wp-content\/uploads\/2024\/10\/hip_thrust_bar_seo.png\" \/>\n\t<meta property=\"og:image:width\" content=\"1200\" \/>\n\t<meta property=\"og:image:height\" content=\"800\" \/>\n<meta name=\"twitter:card\" content=\"summary_large_image\" \/>\n<script type=\"application\/ld+json\" class=\"yoast-schema-graph\">{\"@context\":\"https:\/\/schema.org\",\"@graph\":[{\"@type\":\"WebSite\",\"@id\":\"https:\/\/wodgear.sk\/en\/#website\",\"url\":\"https:\/\/wodgear.sk\/en\/\",\"name\":\"WODGEAR\",\"description\":\"#MakingLifeHarder\",\"potentialAction\":[{\"@type\":\"SearchAction\",\"target\":\"https:\/\/wodgear.sk\/en\/?s={search_term_string}\",\"query-input\":\"required name=search_term_string\"}],\"inLanguage\":\"en-US\"},{\"@type\":\"ImageObject\",\"@id\":\"https:\/\/wodgear.sk\/produkt\/indoor-hip-thrust-bar\/#primaryimage\",\"inLanguage\":\"en-US\",\"url\":\"https:\/\/wodgear.sk\/wp-content\/uploads\/2024\/10\/hip_thrust_bar_main.png\",\"width\":1200,\"height\":800},{\"@type\":\"WebPage\",\"@id\":\"https:\/\/wodgear.sk\/produkt\/indoor-hip-thrust-bar\/#webpage\",\"url\":\"https:\/\/wodgear.sk\/produkt\/indoor-hip-thrust-bar\/\",\"name\":\"WODGEAR | HIP THRUST BAR\",\"isPartOf\":{\"@id\":\"https:\/\/wodgear.sk\/en\/#website\"},\"primaryImageOfPage\":{\"@id\":\"https:\/\/wodgear.sk\/produkt\/indoor-hip-thrust-bar\/#primaryimage\"},\"datePublished\":\"2024-10-23T06:59:26+00:00\",\"dateModified\":\"2024-11-25T15:19:29+00:00\",\"description\":\"HIP THRUST BAR je jednoduch\\u00e1 oska s opierkou, pomocou ktorej si na ka\\u017edej drepovacej stanici zacvi\\u010d\\u00edte HIP THRUSTy.\",\"inLanguage\":\"en-US\",\"potentialAction\":[{\"@type\":\"ReadAction\",\"target\":[\"https:\/\/wodgear.sk\/produkt\/indoor-hip-thrust-bar\/\"]}]}]}<\/script>\n<!-- \/ Yoast SEO plugin. -->","_links":{"self":[{"href":"https:\/\/wodgear.sk\/en\/wp-json\/wp\/v2\/product\/25997"}],"collection":[{"href":"https:\/\/wodgear.sk\/en\/wp-json\/wp\/v2\/product"}],"about":[{"href":"https:\/\/wodgear.sk\/en\/wp-json\/wp\/v2\/types\/product"}],"wp:featuredmedia":[{"embeddable":true,"href":"https:\/\/wodgear.sk\/en\/wp-json\/wp\/v2\/media\/26007"}],"wp:attachment":[{"href":"https:\/\/wodgear.sk\/en\/wp-json\/wp\/v2\/media?parent=25997"}],"curies":[{"name":"wp","href":"https:\/\/api.w.org\/{rel}","templated":true}]}}