{"id":27140,"date":"2024-11-19T10:05:19","date_gmt":"2024-11-19T09:05:19","guid":{"rendered":"https:\/\/wodgear.sk\/?post_type=product&#038;p=27140"},"modified":"2024-11-28T15:03:17","modified_gmt":"2024-11-28T14:03:17","slug":"spider-legs","status":"publish","type":"product","link":"https:\/\/wodgear.sk\/en\/product\/spider-legs\/","title":{"rendered":"SPIDER LEGS"},"content":{"rendered":"<!DOCTYPE html PUBLIC \"-\/\/W3C\/\/DTD HTML 4.0 Transitional\/\/EN\" \"http:\/\/www.w3.org\/TR\/REC-html40\/loose.dtd\">\n<html><head><meta http-equiv=\"content-type\" content=\"text\/html; charset=utf-8\"><\/head><body><p>SPIDER LEGS s\u00fa vysunut\u00e9 prie\u010dky klietok, ktor\u00fdch hlavnou \u00falohou je zv\u00fd\u0161i\u0165 stabilitu celej kon\u0161trukcie. V\u010faka dierovanej prie\u010dke viete tieto komponenty roz\u0161\u00edri\u0165 o \u010fal\u0161ie komponenty ako s\u00fa ok\u00e1 na lano alebo PIN komponenty pre pou\u017eitie s expandermi.<\/p>\n<\/body><\/html>","protected":false},"excerpt":{"rendered":"<table>\n<tbody>\n<tr>\n<td>Length:<\/td>\n<td>660\/740\/na mieru mm<\/td>\n<\/tr>\n<tr>\n<td>Profile:<\/td>\n<td>80x80x3\/4 mm<\/td>\n<\/tr>\n<tr>\n<td>Presun:<\/td>\n<td>fixn\u00e9<\/td>\n<\/tr>\n<tr>\n<td>Info:<\/td>\n<td>possible to custom-made the length<\/td>\n<\/tr>\n<tr>\n<td>Color:<\/td>\n<td>pod\u013ea palety <a href=\"https:\/\/wodgear.sk\/wp-content\/uploads\/2024\/11\/vzorkovnik_palety_ral.pdf\"><span style=\"color: #000000;\">RAL<\/span><\/a><\/td>\n<\/tr>\n<tr>\n<td>Manufacturer:<\/td>\n<td>WODGEAR, s.r.o. SVK<\/td>\n<\/tr>\n<\/tbody>\n<\/table>","protected":false},"featured_media":25055,"template":"","meta":[],"yoast_head":"<!-- This site is optimized with the Yoast SEO plugin v14.8.1 - https:\/\/yoast.com\/wordpress\/plugins\/seo\/ -->\n<title>WODGEAR | SPIDER LEGS<\/title>\n<meta name=\"description\" content=\"SPIDER LEGS s\u00fa vysunut\u00e9 prie\u010dky klietok, ktor\u00fdch \u00falohou je zv\u00fd\u0161i\u0165 stabilitu kon\u0161trukcie. V\u010faka dierovanej prie\u010dke viete roz\u0161\u00edri\u0165 ich funkcie.\" \/>\n<meta name=\"robots\" content=\"index, follow\" \/>\n<meta name=\"googlebot\" content=\"index, follow, max-snippet:-1, max-image-preview:large, max-video-preview:-1\" \/>\n<meta name=\"bingbot\" content=\"index, follow, max-snippet:-1, max-image-preview:large, max-video-preview:-1\" \/>\n<link rel=\"canonical\" href=\"https:\/\/wodgear.sk\/en\/product\/spider-legs\/\" \/>\n<meta property=\"og:locale\" content=\"en_US\" \/>\n<meta property=\"og:type\" content=\"article\" \/>\n<meta property=\"og:title\" content=\"WODGEAR | SPIDER LEGS UHMW\" \/>\n<meta property=\"og:description\" content=\"SPIDER LEGS s\u00fa vysunut\u00e9 prie\u010dky klietok, ktor\u00fdch \u00falohou je zv\u00fd\u0161i\u0165 stabilitu kon\u0161trukcie. V\u010faka dierovanej prie\u010dke viete roz\u0161\u00edri\u0165 ich funkcie.\" \/>\n<meta property=\"og:url\" content=\"https:\/\/wodgear.sk\/en\/product\/spider-legs\/\" \/>\n<meta property=\"og:site_name\" content=\"WODGEAR\" \/>\n<meta property=\"article:modified_time\" content=\"2024-11-28T14:03:17+00:00\" \/>\n<meta property=\"og:image\" content=\"https:\/\/wodgear.sk\/wp-content\/uploads\/2022\/11\/leg_spider_seo.png\" \/>\n\t<meta property=\"og:image:width\" content=\"1200\" \/>\n\t<meta property=\"og:image:height\" content=\"800\" \/>\n<meta name=\"twitter:card\" content=\"summary_large_image\" \/>\n<script type=\"application\/ld+json\" class=\"yoast-schema-graph\">{\"@context\":\"https:\/\/schema.org\",\"@graph\":[{\"@type\":\"WebSite\",\"@id\":\"https:\/\/wodgear.sk\/en\/#website\",\"url\":\"https:\/\/wodgear.sk\/en\/\",\"name\":\"WODGEAR\",\"description\":\"#MakingLifeHarder\",\"potentialAction\":[{\"@type\":\"SearchAction\",\"target\":\"https:\/\/wodgear.sk\/en\/?s={search_term_string}\",\"query-input\":\"required name=search_term_string\"}],\"inLanguage\":\"en-US\"},{\"@type\":\"ImageObject\",\"@id\":\"https:\/\/wodgear.sk\/produkt\/spider-legs\/#primaryimage\",\"inLanguage\":\"en-US\",\"url\":\"https:\/\/wodgear.sk\/wp-content\/uploads\/2022\/11\/leg_spider_main.png\",\"width\":1200,\"height\":800},{\"@type\":\"WebPage\",\"@id\":\"https:\/\/wodgear.sk\/produkt\/spider-legs\/#webpage\",\"url\":\"https:\/\/wodgear.sk\/produkt\/spider-legs\/\",\"name\":\"WODGEAR | SPIDER LEGS\",\"isPartOf\":{\"@id\":\"https:\/\/wodgear.sk\/en\/#website\"},\"primaryImageOfPage\":{\"@id\":\"https:\/\/wodgear.sk\/produkt\/spider-legs\/#primaryimage\"},\"datePublished\":\"2024-11-19T09:05:19+00:00\",\"dateModified\":\"2024-11-28T14:03:17+00:00\",\"description\":\"SPIDER LEGS s\\u00fa vysunut\\u00e9 prie\\u010dky klietok, ktor\\u00fdch \\u00falohou je zv\\u00fd\\u0161i\\u0165 stabilitu kon\\u0161trukcie. V\\u010faka dierovanej prie\\u010dke viete roz\\u0161\\u00edri\\u0165 ich funkcie.\",\"inLanguage\":\"en-US\",\"potentialAction\":[{\"@type\":\"ReadAction\",\"target\":[\"https:\/\/wodgear.sk\/produkt\/spider-legs\/\"]}]}]}<\/script>\n<!-- \/ Yoast SEO plugin. -->","_links":{"self":[{"href":"https:\/\/wodgear.sk\/en\/wp-json\/wp\/v2\/product\/27140"}],"collection":[{"href":"https:\/\/wodgear.sk\/en\/wp-json\/wp\/v2\/product"}],"about":[{"href":"https:\/\/wodgear.sk\/en\/wp-json\/wp\/v2\/types\/product"}],"wp:featuredmedia":[{"embeddable":true,"href":"https:\/\/wodgear.sk\/en\/wp-json\/wp\/v2\/media\/25055"}],"wp:attachment":[{"href":"https:\/\/wodgear.sk\/en\/wp-json\/wp\/v2\/media?parent=27140"}],"curies":[{"name":"wp","href":"https:\/\/api.w.org\/{rel}","templated":true}]}}