{"id":27588,"date":"2025-02-11T14:23:19","date_gmt":"2025-02-11T13:23:19","guid":{"rendered":"https:\/\/wodgear.sk\/?post_type=product&#038;p=27588"},"modified":"2025-07-24T10:51:37","modified_gmt":"2025-07-24T08:51:37","slug":"indoor-double-roll","status":"publish","type":"product","link":"https:\/\/wodgear.sk\/en\/product\/indoor-double-roll\/","title":{"rendered":"DOUBLE ROLL"},"content":{"rendered":"<!DOCTYPE html PUBLIC \"-\/\/W3C\/\/DTD HTML 4.0 Transitional\/\/EN\" \"http:\/\/www.w3.org\/TR\/REC-html40\/loose.dtd\">\n<html><head><meta http-equiv=\"content-type\" content=\"text\/html; charset=utf-8\"><\/head><body><p>DOUBLE ROLL je \u010dal\u00fanen\u00fd dvojit\u00fd valec, ktor\u00fd v kombin\u00e1cii so sed\u00e1kom-opierkou MULTIPADom tvoria ide\u00e1lne roz\u0161\u00edrenie pre na\u0161e kladky WEIGHT PULLEY a FYZIO PULLEY. DOUBLE ROLL funguje ako opierka na nohy pri r\u00f4znych cvikoch ako s\u00fa pull-down a pod. O kon\u0161trukciu sa upev\u0148uje pomocou nerezov\u00e9ho kol\u00edka alebo magnetick\u00e9ho kol\u00edka MAG PIN.<\/p>\n<\/body><\/html>","protected":false},"excerpt":{"rendered":"<table>\n<tbody>\n<tr>\n<td>Valec:<\/td>\n<td>250&#215;125 mm 2x<\/td>\n<\/tr>\n<tr>\n<td>Material:<\/td>\n<td>ko\u017ea\/ko\u017eenka\/l\u00e1tka<\/td>\n<\/tr>\n<tr>\n<td>Presun:<\/td>\n<td>nerezov\u00fdm kol\u00edkom<\/td>\n<\/tr>\n<tr>\n<td>Wear strips:<\/td>\n<td>plast &#8211; UHMW<\/td>\n<\/tr>\n<tr>\n<td>Info:<\/td>\n<td>je mo\u017en\u00e9 doda\u0165 aj s magnetick\u00fdm kol\u00edkom<\/td>\n<\/tr>\n<tr>\n<td>Color:<\/td>\n<td>pod\u013ea palety <a href=\"https:\/\/wodgear.sk\/wp-content\/uploads\/2024\/11\/vzorkovnik_palety_ral.pdf\"><span style=\"color: #000000;\">RAL<\/span><\/a><\/td>\n<\/tr>\n<tr>\n<td>Manufacturer:<\/td>\n<td>WODGEAR, s.r.o. SVK<\/td>\n<\/tr>\n<\/tbody>\n<\/table>","protected":false},"featured_media":27593,"template":"","meta":[],"yoast_head":"<!-- This site is optimized with the Yoast SEO plugin v14.8.1 - https:\/\/yoast.com\/wordpress\/plugins\/seo\/ -->\n<title>WODGEAR | DOUBLE ROLL<\/title>\n<meta name=\"description\" content=\"DOUBLE ROLL je \u010dal\u00fanen\u00fd dvojit\u00fd valec, ktor\u00fd v kombin\u00e1cii so sed\u00e1kom-opierkou MULTIPADom tvoria ide\u00e1lne roz\u0161\u00edrenie pre na\u0161e kladky.\" \/>\n<meta name=\"robots\" content=\"index, follow\" \/>\n<meta name=\"googlebot\" content=\"index, follow, max-snippet:-1, max-image-preview:large, max-video-preview:-1\" \/>\n<meta name=\"bingbot\" content=\"index, follow, max-snippet:-1, max-image-preview:large, max-video-preview:-1\" \/>\n<link rel=\"canonical\" href=\"https:\/\/wodgear.sk\/en\/product\/indoor-double-roll\/\" \/>\n<meta property=\"og:locale\" content=\"en_US\" \/>\n<meta property=\"og:type\" content=\"article\" \/>\n<meta property=\"og:title\" content=\"WODGEAR | DOUBLE ROLL\" \/>\n<meta property=\"og:description\" content=\"DOUBLE ROLL je \u010dal\u00fanen\u00fd dvojit\u00fd valec, ktor\u00fd v kombin\u00e1cii so sed\u00e1kom-opierkou MULTIPADom tvoria ide\u00e1lne roz\u0161\u00edrenie pre na\u0161e kladky.\" \/>\n<meta property=\"og:url\" content=\"https:\/\/wodgear.sk\/en\/product\/indoor-double-roll\/\" \/>\n<meta property=\"og:site_name\" content=\"WODGEAR\" \/>\n<meta property=\"article:modified_time\" content=\"2025-07-24T08:51:37+00:00\" \/>\n<meta property=\"og:image\" content=\"https:\/\/wodgear.sk\/wp-content\/uploads\/2025\/02\/double-roll_var_seo.png\" \/>\n\t<meta property=\"og:image:width\" content=\"1200\" \/>\n\t<meta property=\"og:image:height\" content=\"800\" \/>\n<meta name=\"twitter:card\" content=\"summary_large_image\" \/>\n<script type=\"application\/ld+json\" class=\"yoast-schema-graph\">{\"@context\":\"https:\/\/schema.org\",\"@graph\":[{\"@type\":\"WebSite\",\"@id\":\"https:\/\/wodgear.sk\/en\/#website\",\"url\":\"https:\/\/wodgear.sk\/en\/\",\"name\":\"WODGEAR\",\"description\":\"#MakingLifeHarder\",\"potentialAction\":[{\"@type\":\"SearchAction\",\"target\":\"https:\/\/wodgear.sk\/en\/?s={search_term_string}\",\"query-input\":\"required name=search_term_string\"}],\"inLanguage\":\"en-US\"},{\"@type\":\"ImageObject\",\"@id\":\"https:\/\/wodgear.sk\/produkt\/indoor-double-roll\/#primaryimage\",\"inLanguage\":\"en-US\",\"url\":\"https:\/\/wodgear.sk\/wp-content\/uploads\/2025\/02\/double-roll_var_main.png\",\"width\":1200,\"height\":800},{\"@type\":\"WebPage\",\"@id\":\"https:\/\/wodgear.sk\/produkt\/indoor-double-roll\/#webpage\",\"url\":\"https:\/\/wodgear.sk\/produkt\/indoor-double-roll\/\",\"name\":\"WODGEAR | DOUBLE ROLL\",\"isPartOf\":{\"@id\":\"https:\/\/wodgear.sk\/en\/#website\"},\"primaryImageOfPage\":{\"@id\":\"https:\/\/wodgear.sk\/produkt\/indoor-double-roll\/#primaryimage\"},\"datePublished\":\"2025-02-11T13:23:19+00:00\",\"dateModified\":\"2025-07-24T08:51:37+00:00\",\"description\":\"DOUBLE ROLL je \\u010dal\\u00fanen\\u00fd dvojit\\u00fd valec, ktor\\u00fd v kombin\\u00e1cii so sed\\u00e1kom-opierkou MULTIPADom tvoria ide\\u00e1lne roz\\u0161\\u00edrenie pre na\\u0161e kladky.\",\"inLanguage\":\"en-US\",\"potentialAction\":[{\"@type\":\"ReadAction\",\"target\":[\"https:\/\/wodgear.sk\/produkt\/indoor-double-roll\/\"]}]}]}<\/script>\n<!-- \/ Yoast SEO plugin. -->","_links":{"self":[{"href":"https:\/\/wodgear.sk\/en\/wp-json\/wp\/v2\/product\/27588"}],"collection":[{"href":"https:\/\/wodgear.sk\/en\/wp-json\/wp\/v2\/product"}],"about":[{"href":"https:\/\/wodgear.sk\/en\/wp-json\/wp\/v2\/types\/product"}],"wp:featuredmedia":[{"embeddable":true,"href":"https:\/\/wodgear.sk\/en\/wp-json\/wp\/v2\/media\/27593"}],"wp:attachment":[{"href":"https:\/\/wodgear.sk\/en\/wp-json\/wp\/v2\/media?parent=27588"}],"curies":[{"name":"wp","href":"https:\/\/api.w.org\/{rel}","templated":true}]}}