{"id":276,"date":"2017-07-03T23:26:25","date_gmt":"2017-07-03T21:26:25","guid":{"rendered":"http:\/\/wodgear.sk\/?post_type=product&#038;p=276"},"modified":"2025-05-09T14:28:26","modified_gmt":"2025-05-09T12:28:26","slug":"outdoor-gorilla-s","status":"publish","type":"product","link":"https:\/\/wodgear.sk\/en\/product\/outdoor-gorilla-s\/","title":{"rendered":"GORILLA <span>S<\/span>"},"content":{"rendered":"<!DOCTYPE html PUBLIC \"-\/\/W3C\/\/DTD HTML 4.0 Transitional\/\/EN\" \"http:\/\/www.w3.org\/TR\/REC-html40\/loose.dtd\">\n<html><head><meta http-equiv=\"content-type\" content=\"text\/html; charset=utf-8\"><\/head><body><p>GORILLA S je najefekt\u00edvnej\u0161ou workoutovou kon\u0161trukciou z na\u0161ej outdoorovej ponuky. Pon\u00faka ve\u013ek\u00e9 mno\u017estvo r\u00f4znych komponentov na ve\u013emi kompaktnej ploche a z\u00e1rove\u0148 je v\u010faka volite\u013en\u00fdm roz\u0161\u00edreniam naozaj v\u0161estrann\u00e1. Pon\u00faka viac ako 2m dlh\u00fa r\u00fa\u010dkovaciu dr\u00e1hu, hrazdu pre pr\u00ed\u0165ahy na \u0161iroko, trojicu klasick\u00fdch hr\u00e1zd s rozdielnou v\u00fd\u0161kou, dvojicu paraleln\u00fdch bradiel, vertik\u00e1lny rebr\u00edk, ve\u0161iak na kruhy a vertik\u00e1lne bradlo. Je tak vhodn\u00e1 pre street workout, funk\u010dn\u00fd tr\u00e9ning, freeletics, klasick\u00fd fitness, stre\u010ding, freestyle a mnoho \u010fal\u0161\u00edch druhov tr\u00e9ningu. Na kon\u0161trukciu si m\u00f4\u017eete doobjedna\u0165 aj ve\u013ek\u00e9 mno\u017estvo doplnkov\u00fdch komponentov a v\u010faka nim zna\u010dne roz\u0161\u00edrite jej mo\u017enosti.<\/p>\n<\/body><\/html>","protected":false},"excerpt":{"rendered":"<table>\n<tbody>\n<tr>\n<td>Size:<\/td>\n<td>8860&#215;5070 mm<\/td>\n<\/tr>\n<tr>\n<td>Length:<\/td>\n<td>5860 mm<\/td>\n<\/tr>\n<tr>\n<td>Width:<\/td>\n<td>2070 mm<\/td>\n<\/tr>\n<tr>\n<td>Height:<\/td>\n<td>2800 mm<\/td>\n<\/tr>\n<tr>\n<td>Weight:<\/td>\n<td>384.5 kg<\/td>\n<\/tr>\n<tr>\n<td>Stanovi\u0161tia:<\/td>\n<td>9+<\/td>\n<\/tr>\n<tr>\n<td>Capacity:<\/td>\n<td>8+<\/td>\n<\/tr>\n<tr>\n<td>Info:<\/td>\n<td>je mo\u017en\u00e9 zameni\u0165 prvky pod\u013ea vlastn\u00e9ho v\u00fdberu<\/td>\n<\/tr>\n<tr>\n<td>Norm:<\/td>\n<td>EN STN 16630:2015<\/td>\n<\/tr>\n<tr>\n<td>Color:<\/td>\n<td>pod\u013ea palety <a href=\"https:\/\/wodgear.sk\/wp-content\/uploads\/2024\/11\/vzorkovnik_palety_ral.pdf\"><span style=\"color: #000000;\">RAL<\/span><\/a><\/td>\n<\/tr>\n<tr>\n<td>Surface:<\/td>\n<td>sandblasted\/zinc-epoxy\/komaxite<\/td>\n<\/tr>\n<tr>\n<td>Manufacturer:<\/td>\n<td>WODGEAR, s.r.o. SVK<\/td>\n<\/tr>\n<\/tbody>\n<\/table>","protected":false},"featured_media":27735,"template":"","meta":[],"yoast_head":"<!-- This site is optimized with the Yoast SEO plugin v14.8.1 - https:\/\/yoast.com\/wordpress\/plugins\/seo\/ -->\n<title>WODGEAR | GORILLA S<\/title>\n<meta name=\"description\" content=\"GORILLA S je najefekt\u00edvnej\u0161ou workoutovou kon\u0161trukciou z na\u0161ej outdoorovej ponuky. Pon\u00faka najv\u00e4\u010d\u0161ie mno\u017estvo r\u00f4znych komponentov na ve\u013emi kompaktnej ploche.\" \/>\n<meta name=\"robots\" content=\"index, follow\" \/>\n<meta name=\"googlebot\" content=\"index, follow, max-snippet:-1, max-image-preview:large, max-video-preview:-1\" \/>\n<meta name=\"bingbot\" content=\"index, follow, max-snippet:-1, max-image-preview:large, max-video-preview:-1\" \/>\n<link rel=\"canonical\" href=\"https:\/\/wodgear.sk\/en\/product\/outdoor-gorilla-s\/\" \/>\n<meta property=\"og:locale\" content=\"en_US\" \/>\n<meta property=\"og:type\" content=\"article\" \/>\n<meta property=\"og:title\" content=\"WODGEAR | GORILLA S\" \/>\n<meta property=\"og:description\" content=\"GORILLA S je najefekt\u00edvnej\u0161ou workoutovou kon\u0161trukciou z na\u0161ej outdoorovej ponuky. Pon\u00faka najv\u00e4\u010d\u0161ie mno\u017estvo r\u00f4znych komponentov na ve\u013emi kompaktnej ploche.\" \/>\n<meta property=\"og:url\" content=\"https:\/\/wodgear.sk\/en\/product\/outdoor-gorilla-s\/\" \/>\n<meta property=\"og:site_name\" content=\"WODGEAR\" \/>\n<meta property=\"article:modified_time\" content=\"2025-05-09T12:28:26+00:00\" \/>\n<meta property=\"og:image\" content=\"https:\/\/wodgear.sk\/wp-content\/uploads\/2025\/05\/gorilla_s_seo.png\" \/>\n\t<meta property=\"og:image:width\" content=\"1200\" \/>\n\t<meta property=\"og:image:height\" content=\"800\" \/>\n<meta name=\"twitter:card\" content=\"summary_large_image\" \/>\n<script type=\"application\/ld+json\" class=\"yoast-schema-graph\">{\"@context\":\"https:\/\/schema.org\",\"@graph\":[{\"@type\":\"WebSite\",\"@id\":\"https:\/\/wodgear.sk\/en\/#website\",\"url\":\"https:\/\/wodgear.sk\/en\/\",\"name\":\"WODGEAR\",\"description\":\"#MakingLifeHarder\",\"potentialAction\":[{\"@type\":\"SearchAction\",\"target\":\"https:\/\/wodgear.sk\/en\/?s={search_term_string}\",\"query-input\":\"required name=search_term_string\"}],\"inLanguage\":\"en-US\"},{\"@type\":\"ImageObject\",\"@id\":\"https:\/\/wodgear.sk\/produkt\/outdoor-gorilla-s\/#primaryimage\",\"inLanguage\":\"en-US\",\"url\":\"https:\/\/wodgear.sk\/wp-content\/uploads\/2025\/05\/gorilla_var_0a_white.png\",\"width\":1200,\"height\":800},{\"@type\":\"WebPage\",\"@id\":\"https:\/\/wodgear.sk\/produkt\/outdoor-gorilla-s\/#webpage\",\"url\":\"https:\/\/wodgear.sk\/produkt\/outdoor-gorilla-s\/\",\"name\":\"WODGEAR | GORILLA S\",\"isPartOf\":{\"@id\":\"https:\/\/wodgear.sk\/en\/#website\"},\"primaryImageOfPage\":{\"@id\":\"https:\/\/wodgear.sk\/produkt\/outdoor-gorilla-s\/#primaryimage\"},\"datePublished\":\"2017-07-03T21:26:25+00:00\",\"dateModified\":\"2025-05-09T12:28:26+00:00\",\"description\":\"GORILLA S je najefekt\\u00edvnej\\u0161ou workoutovou kon\\u0161trukciou z na\\u0161ej outdoorovej ponuky. Pon\\u00faka najv\\u00e4\\u010d\\u0161ie mno\\u017estvo r\\u00f4znych komponentov na ve\\u013emi kompaktnej ploche.\",\"inLanguage\":\"en-US\",\"potentialAction\":[{\"@type\":\"ReadAction\",\"target\":[\"https:\/\/wodgear.sk\/produkt\/outdoor-gorilla-s\/\"]}]}]}<\/script>\n<!-- \/ Yoast SEO plugin. -->","_links":{"self":[{"href":"https:\/\/wodgear.sk\/en\/wp-json\/wp\/v2\/product\/276"}],"collection":[{"href":"https:\/\/wodgear.sk\/en\/wp-json\/wp\/v2\/product"}],"about":[{"href":"https:\/\/wodgear.sk\/en\/wp-json\/wp\/v2\/types\/product"}],"wp:featuredmedia":[{"embeddable":true,"href":"https:\/\/wodgear.sk\/en\/wp-json\/wp\/v2\/media\/27735"}],"wp:attachment":[{"href":"https:\/\/wodgear.sk\/en\/wp-json\/wp\/v2\/media?parent=276"}],"curies":[{"name":"wp","href":"https:\/\/api.w.org\/{rel}","templated":true}]}}