{"id":27641,"date":"2025-05-05T13:45:22","date_gmt":"2025-05-05T11:45:22","guid":{"rendered":"https:\/\/wodgear.sk\/?post_type=product&#038;p=27641"},"modified":"2025-05-05T14:11:27","modified_gmt":"2025-05-05T12:11:27","slug":"outdoor-kliker","status":"publish","type":"product","link":"https:\/\/wodgear.sk\/en\/product\/outdoor-kliker\/","title":{"rendered":"KLIKER"},"content":{"rendered":"<!DOCTYPE html PUBLIC \"-\/\/W3C\/\/DTD HTML 4.0 Transitional\/\/EN\" \"http:\/\/www.w3.org\/TR\/REC-html40\/loose.dtd\">\n<html><head><meta http-equiv=\"content-type\" content=\"text\/html; charset=utf-8\"><\/head><body><p>KLIKER je pom\u00f4cka pre cvi\u010denie klikov (ako u\u017e samotn\u00fd n\u00e1zov nazna\u010duje :D). Pomocou madiel v troch r\u00f4znych v\u00fd\u0161kach si viete zvoli\u0165 obtia\u017enos\u0165 prevedenia cviku. KLIKER je ur\u010den\u00fd pre na\u0161e vonkaj\u0161ie kon\u0161trukcie zo s\u00e9rie OUTDOOR a GARDEN.<\/p>\n<\/body><\/html>","protected":false},"excerpt":{"rendered":"<table>\n<tbody>\n<tr>\n<td>Height:<\/td>\n<td>1200mm \/custom-made<\/td>\n<\/tr>\n<tr>\n<td>Width:<\/td>\n<td>1200 mm<\/td>\n<\/tr>\n<tr>\n<td>Depth:<\/td>\n<td>420 mm<\/td>\n<\/tr>\n<tr>\n<td>Distance:<\/td>\n<td>1160 mm<\/td>\n<\/tr>\n<tr>\n<td>Diameter:<\/td>\n<td>43 mm<\/td>\n<\/tr>\n<tr>\n<td>Weight:<\/td>\n<td>28.5 kg<\/td>\n<\/tr>\n<tr>\n<td>Stanovi\u0161tia:<\/td>\n<td>1+<\/td>\n<\/tr>\n<tr>\n<td>Capacity:<\/td>\n<td>1+<\/td>\n<\/tr>\n<tr>\n<td>Info:<\/td>\n<td>je mo\u017en\u00e9 vyrobi\u0165 aj s vlastn\u00fdmi rozmermi<\/td>\n<\/tr>\n<tr>\n<td>Norm:<\/td>\n<td>EN STN 16630:2015<\/td>\n<\/tr>\n<tr>\n<td>Color:<\/td>\n<td>pod\u013ea palety <a href=\"https:\/\/wodgear.sk\/wp-content\/uploads\/2024\/11\/vzorkovnik_palety_ral.pdf\"><span style=\"color: #000000;\">RAL<\/span><\/a><\/td>\n<\/tr>\n<tr>\n<td>Surface:<\/td>\n<td>sandblasted\/zinc-epoxy\/komaxite<\/td>\n<\/tr>\n<tr>\n<td>Manufacturer:<\/td>\n<td>WODGEAR, s.r.o. SVK<\/td>\n<\/tr>\n<\/tbody>\n<\/table>\n<p>&nbsp;<\/p>","protected":false},"featured_media":27642,"template":"","meta":[],"yoast_head":"<!-- This site is optimized with the Yoast SEO plugin v14.8.1 - https:\/\/yoast.com\/wordpress\/plugins\/seo\/ -->\n<title>WODGEAR | KLIKER<\/title>\n<meta name=\"description\" content=\"KLIKER je pom\u00f4cka pre cvi\u010denie klikov. Pomocou madiel v troch r\u00f4znych v\u00fd\u0161kach si viete zvoli\u0165 obtia\u017enos\u0165 prevedenia cviku.\" \/>\n<meta name=\"robots\" content=\"index, follow\" \/>\n<meta name=\"googlebot\" content=\"index, follow, max-snippet:-1, max-image-preview:large, max-video-preview:-1\" \/>\n<meta name=\"bingbot\" content=\"index, follow, max-snippet:-1, max-image-preview:large, max-video-preview:-1\" \/>\n<link rel=\"canonical\" href=\"https:\/\/wodgear.sk\/en\/product\/outdoor-kliker\/\" \/>\n<meta property=\"og:locale\" content=\"en_US\" \/>\n<meta property=\"og:type\" content=\"article\" \/>\n<meta property=\"og:title\" content=\"WODGEAR | KLIKER\" \/>\n<meta property=\"og:description\" content=\"KLIKER je pom\u00f4cka pre cvi\u010denie klikov. Pomocou madiel v troch r\u00f4znych v\u00fd\u0161kach si viete zvoli\u0165 obtia\u017enos\u0165 prevedenia cviku.\" \/>\n<meta property=\"og:url\" content=\"https:\/\/wodgear.sk\/en\/product\/outdoor-kliker\/\" \/>\n<meta property=\"og:site_name\" content=\"WODGEAR\" \/>\n<meta property=\"article:modified_time\" content=\"2025-05-05T12:11:27+00:00\" \/>\n<meta property=\"og:image\" content=\"https:\/\/wodgear.sk\/wp-content\/uploads\/2025\/05\/kliker_seo.png\" \/>\n\t<meta property=\"og:image:width\" content=\"1200\" \/>\n\t<meta property=\"og:image:height\" content=\"800\" \/>\n<meta name=\"twitter:card\" content=\"summary_large_image\" \/>\n<script type=\"application\/ld+json\" class=\"yoast-schema-graph\">{\"@context\":\"https:\/\/schema.org\",\"@graph\":[{\"@type\":\"WebSite\",\"@id\":\"https:\/\/wodgear.sk\/en\/#website\",\"url\":\"https:\/\/wodgear.sk\/en\/\",\"name\":\"WODGEAR\",\"description\":\"#MakingLifeHarder\",\"potentialAction\":[{\"@type\":\"SearchAction\",\"target\":\"https:\/\/wodgear.sk\/en\/?s={search_term_string}\",\"query-input\":\"required name=search_term_string\"}],\"inLanguage\":\"en-US\"},{\"@type\":\"ImageObject\",\"@id\":\"https:\/\/wodgear.sk\/produkt\/outdoor-kliker\/#primaryimage\",\"inLanguage\":\"en-US\",\"url\":\"https:\/\/wodgear.sk\/wp-content\/uploads\/2025\/05\/kliker_main.png\",\"width\":1200,\"height\":800},{\"@type\":\"WebPage\",\"@id\":\"https:\/\/wodgear.sk\/produkt\/outdoor-kliker\/#webpage\",\"url\":\"https:\/\/wodgear.sk\/produkt\/outdoor-kliker\/\",\"name\":\"WODGEAR | KLIKER\",\"isPartOf\":{\"@id\":\"https:\/\/wodgear.sk\/en\/#website\"},\"primaryImageOfPage\":{\"@id\":\"https:\/\/wodgear.sk\/produkt\/outdoor-kliker\/#primaryimage\"},\"datePublished\":\"2025-05-05T11:45:22+00:00\",\"dateModified\":\"2025-05-05T12:11:27+00:00\",\"description\":\"KLIKER je pom\\u00f4cka pre cvi\\u010denie klikov. Pomocou madiel v troch r\\u00f4znych v\\u00fd\\u0161kach si viete zvoli\\u0165 obtia\\u017enos\\u0165 prevedenia cviku.\",\"inLanguage\":\"en-US\",\"potentialAction\":[{\"@type\":\"ReadAction\",\"target\":[\"https:\/\/wodgear.sk\/produkt\/outdoor-kliker\/\"]}]}]}<\/script>\n<!-- \/ Yoast SEO plugin. -->","_links":{"self":[{"href":"https:\/\/wodgear.sk\/en\/wp-json\/wp\/v2\/product\/27641"}],"collection":[{"href":"https:\/\/wodgear.sk\/en\/wp-json\/wp\/v2\/product"}],"about":[{"href":"https:\/\/wodgear.sk\/en\/wp-json\/wp\/v2\/types\/product"}],"wp:featuredmedia":[{"embeddable":true,"href":"https:\/\/wodgear.sk\/en\/wp-json\/wp\/v2\/media\/27642"}],"wp:attachment":[{"href":"https:\/\/wodgear.sk\/en\/wp-json\/wp\/v2\/media?parent=27641"}],"curies":[{"name":"wp","href":"https:\/\/api.w.org\/{rel}","templated":true}]}}