{"id":27864,"date":"2025-05-09T11:20:56","date_gmt":"2025-05-09T09:20:56","guid":{"rendered":"https:\/\/wodgear.sk\/?post_type=product&#038;p=27864"},"modified":"2025-05-09T14:28:40","modified_gmt":"2025-05-09T12:28:40","slug":"outdoor-monkey-m","status":"publish","type":"product","link":"https:\/\/wodgear.sk\/en\/product\/outdoor-monkey-m\/","title":{"rendered":"MONKEY <span>M<\/span>"},"content":{"rendered":"<!DOCTYPE html PUBLIC \"-\/\/W3C\/\/DTD HTML 4.0 Transitional\/\/EN\" \"http:\/\/www.w3.org\/TR\/REC-html40\/loose.dtd\">\n<html><head><meta http-equiv=\"content-type\" content=\"text\/html; charset=utf-8\"><\/head><body><p>Viac ako 3m dlh\u00e1 MONKEY S nie je be\u017en\u00e1 r\u00fa\u010dkovacia dr\u00e1ha. Mo\u017enosti jej \u00faprav s\u00fa nekone\u010dn\u00e9. Horizont\u00e1lny rebr\u00edk je mo\u017en\u00e9 nastavi\u0165 do \u0161tyroch poz\u00edci\u00ed pre r\u00f4zne v\u00fd\u0161ky madiel na r\u00fa\u010dkovanie. Na kon\u0161trukcii si precvi\u010d\u00edte r\u00f4zne druhy pr\u00ed\u0165ahov, v\u00fdmykov nad hrazdu a skl\u00e1pa\u010diek. Na kon\u0161trukciu si m\u00f4\u017eete doobjedna\u0165 aj ve\u013ek\u00e9 mno\u017estvo doplnkov\u00fdch komponentov a v\u010faka nim zna\u010dne roz\u0161\u00edrite jej mo\u017enosti.<\/p>\n<\/body><\/html>","protected":false},"excerpt":{"rendered":"<table>\n<tbody>\n<tr>\n<td>Size:<\/td>\n<td>6100&#215;4600 mm<\/td>\n<\/tr>\n<tr>\n<td>Length:<\/td>\n<td>3100 mm<\/td>\n<\/tr>\n<tr>\n<td>Width:<\/td>\n<td>1600 mm<\/td>\n<\/tr>\n<tr>\n<td>Height:<\/td>\n<td>2400 mm<\/td>\n<\/tr>\n<tr>\n<td>Weight:<\/td>\n<td>306.0 kg<\/td>\n<\/tr>\n<tr>\n<td>Stanovi\u0161tia:<\/td>\n<td>5+<\/td>\n<\/tr>\n<tr>\n<td>Capacity:<\/td>\n<td>5+<\/td>\n<\/tr>\n<tr>\n<td>Info:<\/td>\n<td>je mo\u017en\u00e9 zameni\u0165 prvky pod\u013ea vlastn\u00e9ho v\u00fdberu<\/td>\n<\/tr>\n<tr>\n<td>Norm:<\/td>\n<td>EN STN 16630:2015<\/td>\n<\/tr>\n<tr>\n<td>Color:<\/td>\n<td>pod\u013ea palety <a href=\"https:\/\/wodgear.sk\/wp-content\/uploads\/2024\/11\/vzorkovnik_palety_ral.pdf\"><span style=\"color: #000000;\">RAL<\/span><\/a><\/td>\n<\/tr>\n<tr>\n<td>Surface:<\/td>\n<td>sandblasted\/zinc-epoxy\/komaxite<\/td>\n<\/tr>\n<tr>\n<td>Manufacturer:<\/td>\n<td>WODGEAR, s.r.o. SVK<\/td>\n<\/tr>\n<\/tbody>\n<\/table>","protected":false},"featured_media":27846,"template":"","meta":[],"yoast_head":"<!-- This site is optimized with the Yoast SEO plugin v14.8.1 - https:\/\/yoast.com\/wordpress\/plugins\/seo\/ -->\n<title>WODGEAR | MONKEY M<\/title>\n<meta name=\"description\" content=\"Viac ako 3m dlh\u00e1 MONKEY nie je be\u017en\u00e1 r\u00fa\u010dkovacia dr\u00e1ha. Mo\u017enosti jej \u00faprav s\u00fa nekone\u010dn\u00e9 a r\u00f4zne doplky dok\u00e1\u017eu roz\u0161\u00edri\u0165 jej mo\u017enosti.\" \/>\n<meta name=\"robots\" content=\"index, follow\" \/>\n<meta name=\"googlebot\" content=\"index, follow, max-snippet:-1, max-image-preview:large, max-video-preview:-1\" \/>\n<meta name=\"bingbot\" content=\"index, follow, max-snippet:-1, max-image-preview:large, max-video-preview:-1\" \/>\n<link rel=\"canonical\" href=\"https:\/\/wodgear.sk\/en\/product\/outdoor-monkey-m\/\" \/>\n<meta property=\"og:locale\" content=\"en_US\" \/>\n<meta property=\"og:type\" content=\"article\" \/>\n<meta property=\"og:title\" content=\"WODGEAR | MONKEY M\" \/>\n<meta property=\"og:description\" content=\"Viac ako 3m dlh\u00e1 MONKEY nie je be\u017en\u00e1 r\u00fa\u010dkovacia dr\u00e1ha. Mo\u017enosti jej \u00faprav s\u00fa nekone\u010dn\u00e9 a r\u00f4zne doplky dok\u00e1\u017eu roz\u0161\u00edri\u0165 jej mo\u017enosti.\" \/>\n<meta property=\"og:url\" content=\"https:\/\/wodgear.sk\/en\/product\/outdoor-monkey-m\/\" \/>\n<meta property=\"og:site_name\" content=\"WODGEAR\" \/>\n<meta property=\"article:modified_time\" content=\"2025-05-09T12:28:40+00:00\" \/>\n<meta property=\"og:image\" content=\"https:\/\/wodgear.sk\/wp-content\/uploads\/2025\/05\/monkey_m_seo.png\" \/>\n\t<meta property=\"og:image:width\" content=\"1200\" \/>\n\t<meta property=\"og:image:height\" content=\"800\" \/>\n<meta name=\"twitter:card\" content=\"summary_large_image\" \/>\n<script type=\"application\/ld+json\" class=\"yoast-schema-graph\">{\"@context\":\"https:\/\/schema.org\",\"@graph\":[{\"@type\":\"WebSite\",\"@id\":\"https:\/\/wodgear.sk\/en\/#website\",\"url\":\"https:\/\/wodgear.sk\/en\/\",\"name\":\"WODGEAR\",\"description\":\"#MakingLifeHarder\",\"potentialAction\":[{\"@type\":\"SearchAction\",\"target\":\"https:\/\/wodgear.sk\/en\/?s={search_term_string}\",\"query-input\":\"required name=search_term_string\"}],\"inLanguage\":\"en-US\"},{\"@type\":\"ImageObject\",\"@id\":\"https:\/\/wodgear.sk\/produkt\/outdoor-monkey-m\/#primaryimage\",\"inLanguage\":\"en-US\",\"url\":\"https:\/\/wodgear.sk\/wp-content\/uploads\/2025\/05\/monkey_var_1a_green.png\",\"width\":1200,\"height\":800},{\"@type\":\"WebPage\",\"@id\":\"https:\/\/wodgear.sk\/produkt\/outdoor-monkey-m\/#webpage\",\"url\":\"https:\/\/wodgear.sk\/produkt\/outdoor-monkey-m\/\",\"name\":\"WODGEAR | MONKEY M\",\"isPartOf\":{\"@id\":\"https:\/\/wodgear.sk\/en\/#website\"},\"primaryImageOfPage\":{\"@id\":\"https:\/\/wodgear.sk\/produkt\/outdoor-monkey-m\/#primaryimage\"},\"datePublished\":\"2025-05-09T09:20:56+00:00\",\"dateModified\":\"2025-05-09T12:28:40+00:00\",\"description\":\"Viac ako 3m dlh\\u00e1 MONKEY nie je be\\u017en\\u00e1 r\\u00fa\\u010dkovacia dr\\u00e1ha. Mo\\u017enosti jej \\u00faprav s\\u00fa nekone\\u010dn\\u00e9 a r\\u00f4zne doplky dok\\u00e1\\u017eu roz\\u0161\\u00edri\\u0165 jej mo\\u017enosti.\",\"inLanguage\":\"en-US\",\"potentialAction\":[{\"@type\":\"ReadAction\",\"target\":[\"https:\/\/wodgear.sk\/produkt\/outdoor-monkey-m\/\"]}]}]}<\/script>\n<!-- \/ Yoast SEO plugin. -->","_links":{"self":[{"href":"https:\/\/wodgear.sk\/en\/wp-json\/wp\/v2\/product\/27864"}],"collection":[{"href":"https:\/\/wodgear.sk\/en\/wp-json\/wp\/v2\/product"}],"about":[{"href":"https:\/\/wodgear.sk\/en\/wp-json\/wp\/v2\/types\/product"}],"wp:featuredmedia":[{"embeddable":true,"href":"https:\/\/wodgear.sk\/en\/wp-json\/wp\/v2\/media\/27846"}],"wp:attachment":[{"href":"https:\/\/wodgear.sk\/en\/wp-json\/wp\/v2\/media?parent=27864"}],"curies":[{"name":"wp","href":"https:\/\/api.w.org\/{rel}","templated":true}]}}