{"id":2804,"date":"2018-02-16T23:13:10","date_gmt":"2018-02-16T22:13:10","guid":{"rendered":"http:\/\/wodgear.sk\/?post_type=product&#038;p=2804"},"modified":"2024-11-15T08:19:05","modified_gmt":"2024-11-15T07:19:05","slug":"outdoor-workzone-1-0","status":"publish","type":"product","link":"https:\/\/wodgear.sk\/en\/product\/outdoor-workzone-1-0\/","title":{"rendered":"WORKZONE <span>1.0<\/span>"},"content":{"rendered":"<!DOCTYPE html PUBLIC \"-\/\/W3C\/\/DTD HTML 4.0 Transitional\/\/EN\" \"http:\/\/www.w3.org\/TR\/REC-html40\/loose.dtd\">\n<html><head><meta http-equiv=\"content-type\" content=\"text\/html; charset=utf-8\"><\/head><body><p>WORKZONE 1.0 je rozmerovo najmen\u0161ie z na\u0161ich workoutov\u00fdch ihr\u00edsk rady WORKZONE. Pon\u00faka v\u0161ak v\u0161etky z\u00e1kladn\u00e9 prvky a stanovi\u0161tia, ktor\u00e9 potrebujete pre kvalitn\u00fd tr\u00e9ning. Hrazdy s\u00a0rozdielnou v\u00fd\u0161kou, paraleln\u00e9 bradl\u00e1, ribstol, stalky, lavi\u010dku s\u00a0bradlami a\u00a0pod. Ihrisko je ur\u010den\u00e9 pre obce, s\u00eddlisk\u00e1, \u0161koly, hotely, \u0161portov\u00e9 are\u00e1ly a in\u00e9 \u0161portovo orientovan\u00e9 objekty. Je vhodn\u00e9 pre street workout, funk\u010dn\u00fd tr\u00e9ning, freeletics, klasick\u00fd fitness, stre\u010ding, freestyle a mnoho \u010fal\u0161\u00edch druhov tr\u00e9ningu. K ihrisku si m\u00f4\u017eete doobjedna\u0165 aj \u010fal\u0161ie kon\u0161trukcie a\u00a0doplnky z\u00a0n\u00e1\u0161ho OUTDOOR sortimentu.<\/p>\n<\/body><\/html>","protected":false},"excerpt":{"rendered":"<table>\n<tbody>\n<tr>\n<td>Expanse:<\/td>\n<td>43 m2<\/td>\n<\/tr>\n<tr>\n<td>Length:<\/td>\n<td>6700 mm<\/td>\n<\/tr>\n<tr>\n<td>Width:<\/td>\n<td>6400 mm<\/td>\n<\/tr>\n<tr>\n<td>Height:<\/td>\n<td>2400 mm<\/td>\n<\/tr>\n<tr>\n<td>Stanovi\u0161tia:<\/td>\n<td>9+<\/td>\n<\/tr>\n<tr>\n<td>Capacity:<\/td>\n<td>9+<\/td>\n<\/tr>\n<tr>\n<td>Dopadovka:<\/td>\n<td>wetpour rubber\/river gravel\/wood chips<\/td>\n<\/tr>\n<tr>\n<td>Info:<\/td>\n<td>je mo\u017en\u00e9 zameni\u0165 prvky pod\u013ea vlastn\u00e9ho v\u00fdberu<\/td>\n<\/tr>\n<tr>\n<td>Norm:<\/td>\n<td>EN STN 16630:2015<\/td>\n<\/tr>\n<tr>\n<td>Color:<\/td>\n<td>pod\u013ea palety <a href=\"https:\/\/wodgear.sk\/wp-content\/uploads\/2024\/11\/vzorkovnik_palety_ral.pdf\"><span style=\"color: #000000;\">RAL<\/span><\/a><\/td>\n<\/tr>\n<tr>\n<td>Manufacturer:<\/td>\n<td>WODGEAR, s.r.o. SVK<\/td>\n<\/tr>\n<\/tbody>\n<\/table>","protected":false},"featured_media":22875,"template":"","meta":[],"yoast_head":"<!-- This site is optimized with the Yoast SEO plugin v14.8.1 - https:\/\/yoast.com\/wordpress\/plugins\/seo\/ -->\n<title>WODGEAR | WORKZONE 1.0<\/title>\n<meta name=\"description\" content=\"WORKZONE 1.0 je rozmerovo najmen\u0161ie z na\u0161ich workoutov\u00fdch ihr\u00edsk rady WORKZONE. Ihrisko dod\u00e1vame na k\u013e\u00fa\u010d so z\u00e1kladmi a dopadovou plochou.\" \/>\n<meta name=\"robots\" content=\"index, follow\" \/>\n<meta name=\"googlebot\" content=\"index, follow, max-snippet:-1, max-image-preview:large, max-video-preview:-1\" \/>\n<meta name=\"bingbot\" content=\"index, follow, max-snippet:-1, max-image-preview:large, max-video-preview:-1\" \/>\n<link rel=\"canonical\" href=\"https:\/\/wodgear.sk\/en\/product\/outdoor-workzone-1-0\/\" \/>\n<meta property=\"og:locale\" content=\"en_US\" \/>\n<meta property=\"og:type\" content=\"article\" \/>\n<meta property=\"og:title\" content=\"WODGEAR | WORKZONE 1.0\" \/>\n<meta property=\"og:description\" content=\"WORKZONE 1.0 je rozmerovo najmen\u0161ie z na\u0161ich workoutov\u00fdch ihr\u00edsk rady WORKZONE. Ihrisko dod\u00e1vame na k\u013e\u00fa\u010d so z\u00e1kladmi a dopadovou plochou.\" \/>\n<meta property=\"og:url\" content=\"https:\/\/wodgear.sk\/en\/product\/outdoor-workzone-1-0\/\" \/>\n<meta property=\"og:site_name\" content=\"WODGEAR\" \/>\n<meta property=\"article:modified_time\" content=\"2024-11-15T07:19:05+00:00\" \/>\n<meta property=\"og:image\" content=\"https:\/\/wodgear.sk\/wp-content\/uploads\/2021\/07\/workzone_1_0_seo.png\" \/>\n\t<meta property=\"og:image:width\" content=\"1200\" \/>\n\t<meta property=\"og:image:height\" content=\"800\" \/>\n<meta name=\"twitter:card\" content=\"summary_large_image\" \/>\n<script type=\"application\/ld+json\" class=\"yoast-schema-graph\">{\"@context\":\"https:\/\/schema.org\",\"@graph\":[{\"@type\":\"WebSite\",\"@id\":\"https:\/\/wodgear.sk\/en\/#website\",\"url\":\"https:\/\/wodgear.sk\/en\/\",\"name\":\"WODGEAR\",\"description\":\"#MakingLifeHarder\",\"potentialAction\":[{\"@type\":\"SearchAction\",\"target\":\"https:\/\/wodgear.sk\/en\/?s={search_term_string}\",\"query-input\":\"required name=search_term_string\"}],\"inLanguage\":\"en-US\"},{\"@type\":\"ImageObject\",\"@id\":\"https:\/\/wodgear.sk\/produkt\/outdoor-workzone-1-0\/#primaryimage\",\"inLanguage\":\"en-US\",\"url\":\"https:\/\/wodgear.sk\/wp-content\/uploads\/2021\/07\/workzone_1_0_var_0a_green.png\",\"width\":1200,\"height\":800},{\"@type\":\"WebPage\",\"@id\":\"https:\/\/wodgear.sk\/produkt\/outdoor-workzone-1-0\/#webpage\",\"url\":\"https:\/\/wodgear.sk\/produkt\/outdoor-workzone-1-0\/\",\"name\":\"WODGEAR | WORKZONE 1.0\",\"isPartOf\":{\"@id\":\"https:\/\/wodgear.sk\/en\/#website\"},\"primaryImageOfPage\":{\"@id\":\"https:\/\/wodgear.sk\/produkt\/outdoor-workzone-1-0\/#primaryimage\"},\"datePublished\":\"2018-02-16T22:13:10+00:00\",\"dateModified\":\"2024-11-15T07:19:05+00:00\",\"description\":\"WORKZONE 1.0 je rozmerovo najmen\\u0161ie z na\\u0161ich workoutov\\u00fdch ihr\\u00edsk rady WORKZONE. Ihrisko dod\\u00e1vame na k\\u013e\\u00fa\\u010d so z\\u00e1kladmi a dopadovou plochou.\",\"inLanguage\":\"en-US\",\"potentialAction\":[{\"@type\":\"ReadAction\",\"target\":[\"https:\/\/wodgear.sk\/produkt\/outdoor-workzone-1-0\/\"]}]}]}<\/script>\n<!-- \/ Yoast SEO plugin. -->","_links":{"self":[{"href":"https:\/\/wodgear.sk\/en\/wp-json\/wp\/v2\/product\/2804"}],"collection":[{"href":"https:\/\/wodgear.sk\/en\/wp-json\/wp\/v2\/product"}],"about":[{"href":"https:\/\/wodgear.sk\/en\/wp-json\/wp\/v2\/types\/product"}],"wp:featuredmedia":[{"embeddable":true,"href":"https:\/\/wodgear.sk\/en\/wp-json\/wp\/v2\/media\/22875"}],"wp:attachment":[{"href":"https:\/\/wodgear.sk\/en\/wp-json\/wp\/v2\/media?parent=2804"}],"curies":[{"name":"wp","href":"https:\/\/api.w.org\/{rel}","templated":true}]}}