{"id":2813,"date":"2018-02-16T23:33:35","date_gmt":"2018-02-16T22:33:35","guid":{"rendered":"http:\/\/wodgear.sk\/?post_type=product&#038;p=2813"},"modified":"2024-11-15T08:19:23","modified_gmt":"2024-11-15T07:19:23","slug":"outdoor-workzone-2-0","status":"publish","type":"product","link":"https:\/\/wodgear.sk\/en\/product\/outdoor-workzone-2-0\/","title":{"rendered":"WORKZONE <span>2.0<\/span>"},"content":{"rendered":"<!DOCTYPE html PUBLIC \"-\/\/W3C\/\/DTD HTML 4.0 Transitional\/\/EN\" \"http:\/\/www.w3.org\/TR\/REC-html40\/loose.dtd\">\n<html><head><meta http-equiv=\"content-type\" content=\"text\/html; charset=utf-8\"><\/head><body><p>WORKZONE 2.0 je stredne ve\u013ek\u00e9 workoutov\u00e9 ihrisko. Pon\u00faka ve\u013ek\u00e9 mno\u017estvo prvkov a stanov\u00ed\u0161\u0165 pre plnohodnotn\u00fd tr\u00e9ning cel\u00e9ho tela. Hrazdy s rozdielnou v\u00fd\u0161kou, paraleln\u00e9 bradl\u00e1, ribstol, r\u00fa\u010dkovac\u00ed rebr\u00edk, stalky, ve\u0161iak na kruhy, lavi\u010dku s bradlami a pod. Je ur\u010den\u00e9 pre v\u00e4\u010d\u0161ie obce, men\u0161ie mest\u00e1, s\u00eddlisk\u00e1, \u0161koly, hotely, \u0161portov\u00e9 are\u00e1ly a in\u00e9 \u0161portovo orientovan\u00e9 objekty. Je vhodn\u00e9 pre street workout, funk\u010dn\u00fd tr\u00e9ning, freeletics, klasick\u00fd fitness, stre\u010ding, freestyle a mnoho \u010fal\u0161\u00edch druhov tr\u00e9ningu. K ihrisku si m\u00f4\u017eete doobjedna\u0165 aj \u010fal\u0161ie kon\u0161trukcie a doplnky z n\u00e1\u0161ho OUTDOOR sortimentu.<\/p>\n<\/body><\/html>","protected":false},"excerpt":{"rendered":"<table>\n<tbody>\n<tr>\n<td>Expanse:<\/td>\n<td>68 m2<\/td>\n<\/tr>\n<tr>\n<td>Length:<\/td>\n<td>11150 mm<\/td>\n<\/tr>\n<tr>\n<td>Width:<\/td>\n<td>6100 mm<\/td>\n<\/tr>\n<tr>\n<td>Height:<\/td>\n<td>2800 mm<\/td>\n<\/tr>\n<tr>\n<td>Stanovi\u0161tia:<\/td>\n<td>17+<\/td>\n<\/tr>\n<tr>\n<td>Capacity:<\/td>\n<td>16+<\/td>\n<\/tr>\n<tr>\n<td>Dopadovka:<\/td>\n<td>wetpour rubber\/river gravel\/wood chips<\/td>\n<\/tr>\n<tr>\n<td>Info:<\/td>\n<td>je mo\u017en\u00e9 zameni\u0165 prvky pod\u013ea vlastn\u00e9ho v\u00fdberu<\/td>\n<\/tr>\n<tr>\n<td>Norm:<\/td>\n<td>EN STN 16630:2015<\/td>\n<\/tr>\n<tr>\n<td>Color:<\/td>\n<td>pod\u013ea palety <a href=\"https:\/\/wodgear.sk\/wp-content\/uploads\/2024\/11\/vzorkovnik_palety_ral.pdf\"><span style=\"color: #000000;\">RAL<\/span><\/a><\/td>\n<\/tr>\n<tr>\n<td>Manufacturer:<\/td>\n<td>WODGEAR, s.r.o. SVK<\/td>\n<\/tr>\n<\/tbody>\n<\/table>","protected":false},"featured_media":23760,"template":"","meta":[],"yoast_head":"<!-- This site is optimized with the Yoast SEO plugin v14.8.1 - https:\/\/yoast.com\/wordpress\/plugins\/seo\/ -->\n<title>WODGEAR | WORKZONE 2.0<\/title>\n<meta name=\"description\" content=\"WORKZONE 2.0 je ihrisko pre street workout a fitness. Ide\u00e1lne pre stredne ve\u013ek\u00e9 plochy a are\u00e1ly. Dod\u00e1vame komplet aj s dopadovou plochou.\" \/>\n<meta name=\"robots\" content=\"index, follow\" \/>\n<meta name=\"googlebot\" content=\"index, follow, max-snippet:-1, max-image-preview:large, max-video-preview:-1\" \/>\n<meta name=\"bingbot\" content=\"index, follow, max-snippet:-1, max-image-preview:large, max-video-preview:-1\" \/>\n<link rel=\"canonical\" href=\"https:\/\/wodgear.sk\/en\/product\/outdoor-workzone-2-0\/\" \/>\n<meta property=\"og:locale\" content=\"en_US\" \/>\n<meta property=\"og:type\" content=\"article\" \/>\n<meta property=\"og:title\" content=\"WODGEAR | WORKZONE 2.0\" \/>\n<meta property=\"og:description\" content=\"WORKZONE 2.0 je ihrisko pre street workout a fitness. Ide\u00e1lne pre stredne ve\u013ek\u00e9 plochy a are\u00e1ly. Dod\u00e1vame komplet aj s dopadovou plochou.\" \/>\n<meta property=\"og:url\" content=\"https:\/\/wodgear.sk\/en\/product\/outdoor-workzone-2-0\/\" \/>\n<meta property=\"og:site_name\" content=\"WODGEAR\" \/>\n<meta property=\"article:modified_time\" content=\"2024-11-15T07:19:23+00:00\" \/>\n<meta property=\"og:image\" content=\"https:\/\/wodgear.sk\/wp-content\/uploads\/2022\/03\/workzone_2_0_seo.png\" \/>\n\t<meta property=\"og:image:width\" content=\"1200\" \/>\n\t<meta property=\"og:image:height\" content=\"800\" \/>\n<meta name=\"twitter:card\" content=\"summary_large_image\" \/>\n<script type=\"application\/ld+json\" class=\"yoast-schema-graph\">{\"@context\":\"https:\/\/schema.org\",\"@graph\":[{\"@type\":\"WebSite\",\"@id\":\"https:\/\/wodgear.sk\/en\/#website\",\"url\":\"https:\/\/wodgear.sk\/en\/\",\"name\":\"WODGEAR\",\"description\":\"#MakingLifeHarder\",\"potentialAction\":[{\"@type\":\"SearchAction\",\"target\":\"https:\/\/wodgear.sk\/en\/?s={search_term_string}\",\"query-input\":\"required name=search_term_string\"}],\"inLanguage\":\"en-US\"},{\"@type\":\"ImageObject\",\"@id\":\"https:\/\/wodgear.sk\/produkt\/outdoor-workzone-2-0\/#primaryimage\",\"inLanguage\":\"en-US\",\"url\":\"https:\/\/wodgear.sk\/wp-content\/uploads\/2022\/03\/workzone_2_0_var_0a_red.png\",\"width\":1200,\"height\":800},{\"@type\":\"WebPage\",\"@id\":\"https:\/\/wodgear.sk\/produkt\/outdoor-workzone-2-0\/#webpage\",\"url\":\"https:\/\/wodgear.sk\/produkt\/outdoor-workzone-2-0\/\",\"name\":\"WODGEAR | WORKZONE 2.0\",\"isPartOf\":{\"@id\":\"https:\/\/wodgear.sk\/en\/#website\"},\"primaryImageOfPage\":{\"@id\":\"https:\/\/wodgear.sk\/produkt\/outdoor-workzone-2-0\/#primaryimage\"},\"datePublished\":\"2018-02-16T22:33:35+00:00\",\"dateModified\":\"2024-11-15T07:19:23+00:00\",\"description\":\"WORKZONE 2.0 je ihrisko pre street workout a fitness. Ide\\u00e1lne pre stredne ve\\u013ek\\u00e9 plochy a are\\u00e1ly. Dod\\u00e1vame komplet aj s dopadovou plochou.\",\"inLanguage\":\"en-US\",\"potentialAction\":[{\"@type\":\"ReadAction\",\"target\":[\"https:\/\/wodgear.sk\/produkt\/outdoor-workzone-2-0\/\"]}]}]}<\/script>\n<!-- \/ Yoast SEO plugin. -->","_links":{"self":[{"href":"https:\/\/wodgear.sk\/en\/wp-json\/wp\/v2\/product\/2813"}],"collection":[{"href":"https:\/\/wodgear.sk\/en\/wp-json\/wp\/v2\/product"}],"about":[{"href":"https:\/\/wodgear.sk\/en\/wp-json\/wp\/v2\/types\/product"}],"wp:featuredmedia":[{"embeddable":true,"href":"https:\/\/wodgear.sk\/en\/wp-json\/wp\/v2\/media\/23760"}],"wp:attachment":[{"href":"https:\/\/wodgear.sk\/en\/wp-json\/wp\/v2\/media?parent=2813"}],"curies":[{"name":"wp","href":"https:\/\/api.w.org\/{rel}","templated":true}]}}