{"id":288,"date":"2017-07-03T23:31:06","date_gmt":"2017-07-03T21:31:06","guid":{"rendered":"http:\/\/wodgear.sk\/?post_type=product&#038;p=288"},"modified":"2025-05-09T14:28:36","modified_gmt":"2025-05-09T12:28:36","slug":"outdoor-mammoth-s","status":"publish","type":"product","link":"https:\/\/wodgear.sk\/en\/product\/outdoor-mammoth-s\/","title":{"rendered":"MAMMOTH <span>S<\/span>"},"content":{"rendered":"<!DOCTYPE html PUBLIC \"-\/\/W3C\/\/DTD HTML 4.0 Transitional\/\/EN\" \"http:\/\/www.w3.org\/TR\/REC-html40\/loose.dtd\">\n<html><head><meta http-equiv=\"content-type\" content=\"text\/html; charset=utf-8\"><\/head><body><p>MAMMOTH S je na\u0161a najob\u013e\u00fabenej\u0161ia outdoorov\u00e1 workoutov\u00e1 kon\u0161trukcia. Pon\u00faka v\u0161etky z\u00e1kladn\u00e9 prvky pre kvalitn\u00fd tr\u00e9ning a to na minim\u00e1lnom priestore. Komponenty s\u00fa ve\u013ekoryso dimenzovan\u00e9, aby si ka\u017ed\u00fd zacvi\u010dil bez kompromisov. T\u00e1to kon\u0161trukcia je ur\u010den\u00e1 pre street workout, funk\u010dn\u00fd tr\u00e9ning, freeletics, klasick\u00fd fitness, stre\u010ding a podobne. Ka\u017ed\u00e1 zo z\u00e1kladn\u00fdch variant pon\u00faka dvojicu hr\u00e1zd s r\u00f4znou v\u00fd\u0161kou, paraleln\u00e9 bradl\u00e1 a vertik\u00e1lny rebr\u00edk. V\u010faka tomu si viete precvi\u010di\u0165 r\u00f4zne druhy pri\u0165ahov k hrazde, v\u00fdmyky na hrazde, skl\u00e1pa\u010dky na rebrine, tricepsov\u00e9 kliky o madlo, spodn\u00e9 pr\u00ed\u0165ahy, k\u013euky na bradl\u00e1ch a podobne. Na kon\u0161trukciu si m\u00f4\u017eete doobjedna\u0165 aj ve\u013ek\u00e9 mno\u017estvo doplnkov\u00fdch komponentov a v\u010faka nim zna\u010dne roz\u0161\u00edrite jej mo\u017enosti.<\/p>\n<\/body><\/html>","protected":false},"excerpt":{"rendered":"<table>\n<tbody>\n<tr>\n<td>Size:<\/td>\n<td>6760&#215;4400 mm<\/td>\n<\/tr>\n<tr>\n<td>Length:<\/td>\n<td>3760 mm<\/td>\n<\/tr>\n<tr>\n<td>Width:<\/td>\n<td>1400 mm<\/td>\n<\/tr>\n<tr>\n<td>Height:<\/td>\n<td>2400 mm<\/td>\n<\/tr>\n<tr>\n<td>Weight:<\/td>\n<td>227.5 kg<\/td>\n<\/tr>\n<tr>\n<td>Stanovi\u0161tia:<\/td>\n<td>4+<\/td>\n<\/tr>\n<tr>\n<td>Capacity:<\/td>\n<td>4+<\/td>\n<\/tr>\n<tr>\n<td>Info:<\/td>\n<td>je mo\u017en\u00e9 zameni\u0165 prvky pod\u013ea vlastn\u00e9ho v\u00fdberu<\/td>\n<\/tr>\n<tr>\n<td>Norm:<\/td>\n<td>EN STN 16630:2015<\/td>\n<\/tr>\n<tr>\n<td>Color:<\/td>\n<td>pod\u013ea palety <a href=\"https:\/\/wodgear.sk\/wp-content\/uploads\/2024\/11\/vzorkovnik_palety_ral.pdf\"><span style=\"color: #000000;\">RAL<\/span><\/a><\/td>\n<\/tr>\n<tr>\n<td>Surface:<\/td>\n<td>sandblasted\/zinc-epoxy\/komaxite<\/td>\n<\/tr>\n<tr>\n<td>Manufacturer:<\/td>\n<td>WODGEAR, s.r.o. SVK<\/td>\n<\/tr>\n<\/tbody>\n<\/table>","protected":false},"featured_media":27779,"template":"","meta":[],"yoast_head":"<!-- This site is optimized with the Yoast SEO plugin v14.8.1 - https:\/\/yoast.com\/wordpress\/plugins\/seo\/ -->\n<title>WODGEAR | MAMMOTH S<\/title>\n<meta name=\"description\" content=\"MAMMOTH S je na\u0161a najob\u013e\u00fabenej\u0161ia outdoorov\u00e1 workoutov\u00e1 kon\u0161trukcia. Pon\u00faka v\u0161etky z\u00e1kladn\u00e9 prvky pre kvalitn\u00fd tr\u00e9ning a to na minim\u00e1lnom priestore.\" \/>\n<meta name=\"robots\" content=\"index, follow\" \/>\n<meta name=\"googlebot\" content=\"index, follow, max-snippet:-1, max-image-preview:large, max-video-preview:-1\" \/>\n<meta name=\"bingbot\" content=\"index, follow, max-snippet:-1, max-image-preview:large, max-video-preview:-1\" \/>\n<link rel=\"canonical\" href=\"https:\/\/wodgear.sk\/en\/product\/outdoor-mammoth-s\/\" \/>\n<meta property=\"og:locale\" content=\"en_US\" \/>\n<meta property=\"og:type\" content=\"article\" \/>\n<meta property=\"og:title\" content=\"WODGEAR | MAMMOTH S\" \/>\n<meta property=\"og:description\" content=\"MAMMOTH S je na\u0161a najob\u013e\u00fabenej\u0161ia outdoorov\u00e1 workoutov\u00e1 kon\u0161trukcia. Pon\u00faka v\u0161etky z\u00e1kladn\u00e9 prvky pre kvalitn\u00fd tr\u00e9ning a to na minim\u00e1lnom priestore.\" \/>\n<meta property=\"og:url\" content=\"https:\/\/wodgear.sk\/en\/product\/outdoor-mammoth-s\/\" \/>\n<meta property=\"og:site_name\" content=\"WODGEAR\" \/>\n<meta property=\"article:modified_time\" content=\"2025-05-09T12:28:36+00:00\" \/>\n<meta property=\"og:image\" content=\"https:\/\/wodgear.sk\/wp-content\/uploads\/2025\/05\/mamoth_s_seo.png\" \/>\n\t<meta property=\"og:image:width\" content=\"1200\" \/>\n\t<meta property=\"og:image:height\" content=\"800\" \/>\n<meta name=\"twitter:card\" content=\"summary_large_image\" \/>\n<script type=\"application\/ld+json\" class=\"yoast-schema-graph\">{\"@context\":\"https:\/\/schema.org\",\"@graph\":[{\"@type\":\"WebSite\",\"@id\":\"https:\/\/wodgear.sk\/en\/#website\",\"url\":\"https:\/\/wodgear.sk\/en\/\",\"name\":\"WODGEAR\",\"description\":\"#MakingLifeHarder\",\"potentialAction\":[{\"@type\":\"SearchAction\",\"target\":\"https:\/\/wodgear.sk\/en\/?s={search_term_string}\",\"query-input\":\"required name=search_term_string\"}],\"inLanguage\":\"en-US\"},{\"@type\":\"ImageObject\",\"@id\":\"https:\/\/wodgear.sk\/produkt\/outdoor-mammoth-s\/#primaryimage\",\"inLanguage\":\"en-US\",\"url\":\"https:\/\/wodgear.sk\/wp-content\/uploads\/2025\/05\/mamoth_var_0a_grey.png\",\"width\":1200,\"height\":800},{\"@type\":\"WebPage\",\"@id\":\"https:\/\/wodgear.sk\/produkt\/outdoor-mammoth-s\/#webpage\",\"url\":\"https:\/\/wodgear.sk\/produkt\/outdoor-mammoth-s\/\",\"name\":\"WODGEAR | MAMMOTH S\",\"isPartOf\":{\"@id\":\"https:\/\/wodgear.sk\/en\/#website\"},\"primaryImageOfPage\":{\"@id\":\"https:\/\/wodgear.sk\/produkt\/outdoor-mammoth-s\/#primaryimage\"},\"datePublished\":\"2017-07-03T21:31:06+00:00\",\"dateModified\":\"2025-05-09T12:28:36+00:00\",\"description\":\"MAMMOTH S je na\\u0161a najob\\u013e\\u00fabenej\\u0161ia outdoorov\\u00e1 workoutov\\u00e1 kon\\u0161trukcia. Pon\\u00faka v\\u0161etky z\\u00e1kladn\\u00e9 prvky pre kvalitn\\u00fd tr\\u00e9ning a to na minim\\u00e1lnom priestore.\",\"inLanguage\":\"en-US\",\"potentialAction\":[{\"@type\":\"ReadAction\",\"target\":[\"https:\/\/wodgear.sk\/produkt\/outdoor-mammoth-s\/\"]}]}]}<\/script>\n<!-- \/ Yoast SEO plugin. -->","_links":{"self":[{"href":"https:\/\/wodgear.sk\/en\/wp-json\/wp\/v2\/product\/288"}],"collection":[{"href":"https:\/\/wodgear.sk\/en\/wp-json\/wp\/v2\/product"}],"about":[{"href":"https:\/\/wodgear.sk\/en\/wp-json\/wp\/v2\/types\/product"}],"wp:featuredmedia":[{"embeddable":true,"href":"https:\/\/wodgear.sk\/en\/wp-json\/wp\/v2\/media\/27779"}],"wp:attachment":[{"href":"https:\/\/wodgear.sk\/en\/wp-json\/wp\/v2\/media?parent=288"}],"curies":[{"name":"wp","href":"https:\/\/api.w.org\/{rel}","templated":true}]}}