{"id":313,"date":"2017-07-03T23:42:46","date_gmt":"2017-07-03T21:42:46","guid":{"rendered":"http:\/\/wodgear.sk\/?post_type=product&#038;p=313"},"modified":"2025-05-09T11:30:43","modified_gmt":"2025-05-09T09:30:43","slug":"outdoor-balance-balls","status":"publish","type":"product","link":"https:\/\/wodgear.sk\/en\/product\/outdoor-balance-balls\/","title":{"rendered":"BALANCE BALLS"},"content":{"rendered":"<!DOCTYPE html PUBLIC \"-\/\/W3C\/\/DTD HTML 4.0 Transitional\/\/EN\" \"http:\/\/www.w3.org\/TR\/REC-html40\/loose.dtd\">\n<html><head><meta http-equiv=\"content-type\" content=\"text\/html; charset=utf-8\"><\/head><body><p>BALANCE BALLS je mal\u00e1 kon\u0161trukcia ur\u010den\u00e1 pre workoutov\u00e9 ihrisk\u00e1. S\u00fa to n\u00edzke paraleln\u00e9 st\u013apy ukon\u010den\u00e9 plnou gu\u013eou o priemere 120mm. Sl\u00fa\u017eia pre tr\u00e9ning rovnov\u00e1hy, r\u00f4znych balan\u010dn\u00fdch, silov\u00fdch a gymnastick\u00fdch cvikov. S\u00fa ide\u00e1lnou pom\u00f4ckou pri cvi\u010den\u00ed r\u00f4znych vari\u00e1ci\u00ed klikov, k\u013eukov, stojok na ruk\u00e1ch, L-sit, planche a podobne.<\/p>\n<\/body><\/html>","protected":false},"excerpt":{"rendered":"<table>\n<tbody>\n<tr>\n<td>Size:<\/td>\n<td>3600&#215;3120 mm<\/td>\n<\/tr>\n<tr>\n<td>Length:<\/td>\n<td>600 mm<\/td>\n<\/tr>\n<tr>\n<td>Diameter:<\/td>\n<td>100\/120 mm<\/td>\n<\/tr>\n<tr>\n<td>Height:<\/td>\n<td>1000 mm<\/td>\n<\/tr>\n<tr>\n<td>Weight:<\/td>\n<td>14.0 kg<\/td>\n<\/tr>\n<tr>\n<td>Stanovi\u0161tia:<\/td>\n<td>1+<\/td>\n<\/tr>\n<tr>\n<td>Capacity:<\/td>\n<td>1+<\/td>\n<\/tr>\n<tr>\n<td>Info:<\/td>\n<td>je mo\u017en\u00e9 vyrobi\u0165 aj s vlastnou v\u00fd\u0161kou<\/td>\n<\/tr>\n<tr>\n<td>Norm:<\/td>\n<td>EN STN 16630:2015<\/td>\n<\/tr>\n<tr>\n<td>Color:<\/td>\n<td>pod\u013ea palety <a href=\"https:\/\/wodgear.sk\/wp-content\/uploads\/2024\/11\/vzorkovnik_palety_ral.pdf\"><span style=\"color: #000000;\">RAL<\/span><\/a><\/td>\n<\/tr>\n<tr>\n<td>Surface:<\/td>\n<td>sandblasted\/zinc-epoxy\/komaxite<\/td>\n<\/tr>\n<tr>\n<td>Manufacturer:<\/td>\n<td>WODGEAR, s.r.o. SVK<\/td>\n<\/tr>\n<\/tbody>\n<\/table>","protected":false},"featured_media":8565,"template":"","meta":[],"yoast_head":"<!-- This site is optimized with the Yoast SEO plugin v14.8.1 - https:\/\/yoast.com\/wordpress\/plugins\/seo\/ -->\n<title>WODGEAR | BALANCE BALLS<\/title>\n<meta name=\"description\" content=\"BALANCE BALLS je mal\u00e1 kon\u0161trukcia ur\u010den\u00e1 pre workoutov\u00e9 ihrisk\u00e1. Sl\u00fa\u017ei pre tr\u00e9ning rovnov\u00e1hy, r\u00f4znych balan\u010dn\u00fdch, silov\u00fdch a gymnastick\u00fdch cvikov.\" \/>\n<meta name=\"robots\" content=\"index, follow\" \/>\n<meta name=\"googlebot\" content=\"index, follow, max-snippet:-1, max-image-preview:large, max-video-preview:-1\" \/>\n<meta name=\"bingbot\" content=\"index, follow, max-snippet:-1, max-image-preview:large, max-video-preview:-1\" \/>\n<link rel=\"canonical\" href=\"https:\/\/wodgear.sk\/en\/product\/outdoor-balance-balls\/\" \/>\n<meta property=\"og:locale\" content=\"en_US\" \/>\n<meta property=\"og:type\" content=\"article\" \/>\n<meta property=\"og:title\" content=\"WODGEAR | BALANCE BALLS\" \/>\n<meta property=\"og:description\" content=\"BALANCE BALLS je mal\u00e1 kon\u0161trukcia ur\u010den\u00e1 pre workoutov\u00e9 ihrisk\u00e1. Sl\u00fa\u017ei pre tr\u00e9ning rovnov\u00e1hy, r\u00f4znych balan\u010dn\u00fdch, silov\u00fdch a gymnastick\u00fdch cvikov.\" \/>\n<meta property=\"og:url\" content=\"https:\/\/wodgear.sk\/en\/product\/outdoor-balance-balls\/\" \/>\n<meta property=\"og:site_name\" content=\"WODGEAR\" \/>\n<meta property=\"article:modified_time\" content=\"2025-05-09T09:30:43+00:00\" \/>\n<meta property=\"og:image\" content=\"https:\/\/wodgear.sk\/wp-content\/uploads\/2017\/07\/seo_balance-balls.png\" \/>\n\t<meta property=\"og:image:width\" content=\"1620\" \/>\n\t<meta property=\"og:image:height\" content=\"1080\" \/>\n<meta name=\"twitter:card\" content=\"summary_large_image\" \/>\n<script type=\"application\/ld+json\" class=\"yoast-schema-graph\">{\"@context\":\"https:\/\/schema.org\",\"@graph\":[{\"@type\":\"WebSite\",\"@id\":\"https:\/\/wodgear.sk\/en\/#website\",\"url\":\"https:\/\/wodgear.sk\/en\/\",\"name\":\"WODGEAR\",\"description\":\"#MakingLifeHarder\",\"potentialAction\":[{\"@type\":\"SearchAction\",\"target\":\"https:\/\/wodgear.sk\/en\/?s={search_term_string}\",\"query-input\":\"required name=search_term_string\"}],\"inLanguage\":\"en-US\"},{\"@type\":\"ImageObject\",\"@id\":\"https:\/\/wodgear.sk\/produkt\/outdoor-balance-balls\/#primaryimage\",\"inLanguage\":\"en-US\",\"url\":\"https:\/\/wodgear.sk\/wp-content\/uploads\/2019\/03\/balance_balls_var_0b.png\",\"width\":1620,\"height\":1080},{\"@type\":\"WebPage\",\"@id\":\"https:\/\/wodgear.sk\/produkt\/outdoor-balance-balls\/#webpage\",\"url\":\"https:\/\/wodgear.sk\/produkt\/outdoor-balance-balls\/\",\"name\":\"WODGEAR | BALANCE BALLS\",\"isPartOf\":{\"@id\":\"https:\/\/wodgear.sk\/en\/#website\"},\"primaryImageOfPage\":{\"@id\":\"https:\/\/wodgear.sk\/produkt\/outdoor-balance-balls\/#primaryimage\"},\"datePublished\":\"2017-07-03T21:42:46+00:00\",\"dateModified\":\"2025-05-09T09:30:43+00:00\",\"description\":\"BALANCE BALLS je mal\\u00e1 kon\\u0161trukcia ur\\u010den\\u00e1 pre workoutov\\u00e9 ihrisk\\u00e1. Sl\\u00fa\\u017ei pre tr\\u00e9ning rovnov\\u00e1hy, r\\u00f4znych balan\\u010dn\\u00fdch, silov\\u00fdch a gymnastick\\u00fdch cvikov.\",\"inLanguage\":\"en-US\",\"potentialAction\":[{\"@type\":\"ReadAction\",\"target\":[\"https:\/\/wodgear.sk\/produkt\/outdoor-balance-balls\/\"]}]}]}<\/script>\n<!-- \/ Yoast SEO plugin. -->","_links":{"self":[{"href":"https:\/\/wodgear.sk\/en\/wp-json\/wp\/v2\/product\/313"}],"collection":[{"href":"https:\/\/wodgear.sk\/en\/wp-json\/wp\/v2\/product"}],"about":[{"href":"https:\/\/wodgear.sk\/en\/wp-json\/wp\/v2\/types\/product"}],"wp:featuredmedia":[{"embeddable":true,"href":"https:\/\/wodgear.sk\/en\/wp-json\/wp\/v2\/media\/8565"}],"wp:attachment":[{"href":"https:\/\/wodgear.sk\/en\/wp-json\/wp\/v2\/media?parent=313"}],"curies":[{"name":"wp","href":"https:\/\/api.w.org\/{rel}","templated":true}]}}