{"id":321,"date":"2017-07-03T23:47:17","date_gmt":"2017-07-03T21:47:17","guid":{"rendered":"http:\/\/wodgear.sk\/?post_type=product&#038;p=321"},"modified":"2025-05-09T11:52:47","modified_gmt":"2025-05-09T09:52:47","slug":"outdoor-dip-bench","status":"publish","type":"product","link":"https:\/\/wodgear.sk\/en\/product\/outdoor-dip-bench\/","title":{"rendered":"DIP BENCH"},"content":{"rendered":"<!DOCTYPE html PUBLIC \"-\/\/W3C\/\/DTD HTML 4.0 Transitional\/\/EN\" \"http:\/\/www.w3.org\/TR\/REC-html40\/loose.dtd\">\n<html><head><meta http-equiv=\"content-type\" content=\"text\/html; charset=utf-8\"><\/head><body><p>DIP BENCH je outdoorov\u00e1 lavi\u010dka ur\u010den\u00e1 pre na\u0161e workoutov\u00e9 ihrisk\u00e1. Vyzer\u00e1 ako klasick\u00e1 parkov\u00e1 lavi\u010dka, ale oproti nim je vyroben\u00e1 pre naozaj tvrd\u00e9 zaobch\u00e1dzanie. R\u00e1m je zhotoven\u00fd z profilov 60x40mm s 3mm hrubou stenou a sed\u00e1kom z 19mm hrub\u00e9ho tvrden\u00e9ho plastu TOP kvality PLAY-TEC. Cel\u00e1 kon\u0161trukcia je pieskovan\u00e1, o\u0161etren\u00e1 epoxidov\u00fdm z\u00e1kladom a pr\u00e1\u0161kov\u00fdm n\u00e1strekom s volite\u013enou farbou. T\u00e1to lavi\u010dka vydr\u017e\u00ed naozaj v\u0161etko. Oproti lavi\u010dke BENCH disponuje t\u00e1to lavi\u010dka \u0161tvoricou bradiel pre v\u00e4\u010d\u0161ie mno\u017estvo cvikov, ktor\u00e9 je mo\u017en\u00e9 na nej odcvi\u010di\u0165. Napr\u00edklad L-sit, k\u013euky na bradl\u00e1ch, stojky a podobne.<\/p>\n<\/body><\/html>","protected":false},"excerpt":{"rendered":"<table>\n<tbody>\n<tr>\n<td>Size:<\/td>\n<td>4600&#215;3400 mm<\/td>\n<\/tr>\n<tr>\n<td>Length:<\/td>\n<td>1600 mm<\/td>\n<\/tr>\n<tr>\n<td>Width:<\/td>\n<td>400 mm<\/td>\n<\/tr>\n<tr>\n<td>Height:<\/td>\n<td>757 mm<\/td>\n<\/tr>\n<tr>\n<td>Weight:<\/td>\n<td>73.5 kg<\/td>\n<\/tr>\n<tr>\n<td>Stanovi\u0161tia:<\/td>\n<td>3+<\/td>\n<\/tr>\n<tr>\n<td>Capacity:<\/td>\n<td>3+<\/td>\n<\/tr>\n<tr>\n<td>Doska:<\/td>\n<td>19 mm PLAY-TEC<\/td>\n<\/tr>\n<tr>\n<td>Info:<\/td>\n<td>possibility to make with your own logo<\/td>\n<\/tr>\n<tr>\n<td>Norm:<\/td>\n<td>EN STN 16630:2015<\/td>\n<\/tr>\n<tr>\n<td>Color:<\/td>\n<td>pod\u013ea palety <a href=\"https:\/\/wodgear.sk\/wp-content\/uploads\/2024\/11\/vzorkovnik_palety_ral.pdf\"><span style=\"color: #000000;\">RAL<\/span><\/a><\/td>\n<\/tr>\n<tr>\n<td>Surface:<\/td>\n<td>sandblasted\/zinc-epoxy\/komaxite<\/td>\n<\/tr>\n<tr>\n<td>Manufacturer:<\/td>\n<td>WODGEAR, s.r.o. SVK<\/td>\n<\/tr>\n<\/tbody>\n<\/table>","protected":false},"featured_media":24417,"template":"","meta":[],"yoast_head":"<!-- This site is optimized with the Yoast SEO plugin v14.8.1 - https:\/\/yoast.com\/wordpress\/plugins\/seo\/ -->\n<title>WODGEAR | DIP BENCH<\/title>\n<meta name=\"description\" content=\"DIP BENCH je outdoorov\u00e1 lavi\u010dka ur\u010den\u00e1 pre na\u0161e workoutov\u00e9 ihrisk\u00e1. Vyzer\u00e1 ako klasick\u00e1 parkov\u00e1 lavi\u010dka, ale je vyroben\u00e1 pre naozaj tvrd\u00e9 zaobch\u00e1dzanie.\" \/>\n<meta name=\"robots\" content=\"index, follow\" \/>\n<meta name=\"googlebot\" content=\"index, follow, max-snippet:-1, max-image-preview:large, max-video-preview:-1\" \/>\n<meta name=\"bingbot\" content=\"index, follow, max-snippet:-1, max-image-preview:large, max-video-preview:-1\" \/>\n<link rel=\"canonical\" href=\"https:\/\/wodgear.sk\/en\/product\/outdoor-dip-bench\/\" \/>\n<meta property=\"og:locale\" content=\"en_US\" \/>\n<meta property=\"og:type\" content=\"article\" \/>\n<meta property=\"og:title\" content=\"WODGEAR | DIP BENCH\" \/>\n<meta property=\"og:description\" content=\"DIP BENCH je outdoorov\u00e1 lavi\u010dka ur\u010den\u00e1 pre na\u0161e workoutov\u00e9 ihrisk\u00e1. Vyzer\u00e1 ako klasick\u00e1 parkov\u00e1 lavi\u010dka, ale je vyroben\u00e1 pre naozaj tvrd\u00e9 zaobch\u00e1dzanie.\" \/>\n<meta property=\"og:url\" content=\"https:\/\/wodgear.sk\/en\/product\/outdoor-dip-bench\/\" \/>\n<meta property=\"og:site_name\" content=\"WODGEAR\" \/>\n<meta property=\"article:modified_time\" content=\"2025-05-09T09:52:47+00:00\" \/>\n<meta property=\"og:image\" content=\"https:\/\/wodgear.sk\/wp-content\/uploads\/2017\/07\/seo_dip-bench.png\" \/>\n\t<meta property=\"og:image:width\" content=\"1200\" \/>\n\t<meta property=\"og:image:height\" content=\"800\" \/>\n<meta name=\"twitter:card\" content=\"summary_large_image\" \/>\n<script type=\"application\/ld+json\" class=\"yoast-schema-graph\">{\"@context\":\"https:\/\/schema.org\",\"@graph\":[{\"@type\":\"WebSite\",\"@id\":\"https:\/\/wodgear.sk\/en\/#website\",\"url\":\"https:\/\/wodgear.sk\/en\/\",\"name\":\"WODGEAR\",\"description\":\"#MakingLifeHarder\",\"potentialAction\":[{\"@type\":\"SearchAction\",\"target\":\"https:\/\/wodgear.sk\/en\/?s={search_term_string}\",\"query-input\":\"required name=search_term_string\"}],\"inLanguage\":\"en-US\"},{\"@type\":\"ImageObject\",\"@id\":\"https:\/\/wodgear.sk\/produkt\/outdoor-dip-bench\/#primaryimage\",\"inLanguage\":\"en-US\",\"url\":\"https:\/\/wodgear.sk\/wp-content\/uploads\/2022\/09\/dip_bench_var_0a_yelow.png\",\"width\":1200,\"height\":800},{\"@type\":\"WebPage\",\"@id\":\"https:\/\/wodgear.sk\/produkt\/outdoor-dip-bench\/#webpage\",\"url\":\"https:\/\/wodgear.sk\/produkt\/outdoor-dip-bench\/\",\"name\":\"WODGEAR | DIP BENCH\",\"isPartOf\":{\"@id\":\"https:\/\/wodgear.sk\/en\/#website\"},\"primaryImageOfPage\":{\"@id\":\"https:\/\/wodgear.sk\/produkt\/outdoor-dip-bench\/#primaryimage\"},\"datePublished\":\"2017-07-03T21:47:17+00:00\",\"dateModified\":\"2025-05-09T09:52:47+00:00\",\"description\":\"DIP BENCH je outdoorov\\u00e1 lavi\\u010dka ur\\u010den\\u00e1 pre na\\u0161e workoutov\\u00e9 ihrisk\\u00e1. Vyzer\\u00e1 ako klasick\\u00e1 parkov\\u00e1 lavi\\u010dka, ale je vyroben\\u00e1 pre naozaj tvrd\\u00e9 zaobch\\u00e1dzanie.\",\"inLanguage\":\"en-US\",\"potentialAction\":[{\"@type\":\"ReadAction\",\"target\":[\"https:\/\/wodgear.sk\/produkt\/outdoor-dip-bench\/\"]}]}]}<\/script>\n<!-- \/ Yoast SEO plugin. -->","_links":{"self":[{"href":"https:\/\/wodgear.sk\/en\/wp-json\/wp\/v2\/product\/321"}],"collection":[{"href":"https:\/\/wodgear.sk\/en\/wp-json\/wp\/v2\/product"}],"about":[{"href":"https:\/\/wodgear.sk\/en\/wp-json\/wp\/v2\/types\/product"}],"wp:featuredmedia":[{"embeddable":true,"href":"https:\/\/wodgear.sk\/en\/wp-json\/wp\/v2\/media\/24417"}],"wp:attachment":[{"href":"https:\/\/wodgear.sk\/en\/wp-json\/wp\/v2\/media?parent=321"}],"curies":[{"name":"wp","href":"https:\/\/api.w.org\/{rel}","templated":true}]}}