{"id":329,"date":"2017-07-03T23:50:13","date_gmt":"2017-07-03T21:50:13","guid":{"rendered":"http:\/\/wodgear.sk\/?post_type=product&#038;p=329"},"modified":"2025-05-09T11:56:11","modified_gmt":"2025-05-09T09:56:11","slug":"outdoor-info-board","status":"publish","type":"product","link":"https:\/\/wodgear.sk\/en\/product\/outdoor-info-board\/","title":{"rendered":"INFO BOARD"},"content":{"rendered":"<!DOCTYPE html PUBLIC \"-\/\/W3C\/\/DTD HTML 4.0 Transitional\/\/EN\" \"http:\/\/www.w3.org\/TR\/REC-html40\/loose.dtd\">\n<html><head><meta http-equiv=\"content-type\" content=\"text\/html; charset=utf-8\"><\/head><body><p>INFO BOARD is intended to stand by our workout parks. It has general operating instructions, regulations during exercising, important contact info and other information. On the other side you\u2019ll find instructions with various exercises. Its construction is made of steel and surface treatment durable to mechanical damage and weather conditions.<\/p>\n<\/body><\/html>","protected":false},"excerpt":{"rendered":"<table>\n<tbody>\n<tr>\n<td>Size:<\/td>\n<td>3650&#215;3200 mm<\/td>\n<\/tr>\n<tr>\n<td>Length:<\/td>\n<td>650 mm<\/td>\n<\/tr>\n<tr>\n<td>Width:<\/td>\n<td>200 mm<\/td>\n<\/tr>\n<tr>\n<td>Height:<\/td>\n<td>2000 mm<\/td>\n<\/tr>\n<tr>\n<td>Weight:<\/td>\n<td>30.5 kg<\/td>\n<\/tr>\n<tr>\n<td>Stanovi\u0161tia:<\/td>\n<td>0<\/td>\n<\/tr>\n<tr>\n<td>Capacity:<\/td>\n<td>0<\/td>\n<\/tr>\n<tr>\n<td>Info:<\/td>\n<td>je mo\u017en\u00e9 vyrobi\u0165 aj s individu\u00e1lnou tabu\u013eou<\/td>\n<\/tr>\n<tr>\n<td>Norm:<\/td>\n<td>EN STN 16630:2015<\/td>\n<\/tr>\n<tr>\n<td>Color:<\/td>\n<td>pod\u013ea palety <a href=\"https:\/\/wodgear.sk\/wp-content\/uploads\/2024\/11\/vzorkovnik_palety_ral.pdf\"><span style=\"color: #000000;\">RAL<\/span><\/a><\/td>\n<\/tr>\n<tr>\n<td>Surface:<\/td>\n<td>sandblasted\/zinc-epoxy\/komaxite<\/td>\n<\/tr>\n<tr>\n<td>Manufacturer:<\/td>\n<td>WODGEAR, s.r.o. SVK<\/td>\n<\/tr>\n<\/tbody>\n<\/table>","protected":false},"featured_media":8675,"template":"","meta":[],"yoast_head":"<!-- This site is optimized with the Yoast SEO plugin v14.8.1 - https:\/\/yoast.com\/wordpress\/plugins\/seo\/ -->\n<title>WODGEAR | INFO BOARD<\/title>\n<meta name=\"description\" content=\"INFO BOARD je informa\u010dn\u00e1 tabu\u013ea ur\u010den\u00e1 k na\u0161im workoutov\u00fdm ihrisk\u00e1m. Obsahuje v\u0161eobecn\u00e9 prev\u00e1dzkov\u00e9 pokyny, pravidl\u00e1 pri cvi\u010den\u00ed a r\u00f4zne in\u00e9 inform\u00e1cie.\" \/>\n<meta name=\"robots\" content=\"index, follow\" \/>\n<meta name=\"googlebot\" content=\"index, follow, max-snippet:-1, max-image-preview:large, max-video-preview:-1\" \/>\n<meta name=\"bingbot\" content=\"index, follow, max-snippet:-1, max-image-preview:large, max-video-preview:-1\" \/>\n<link rel=\"canonical\" href=\"https:\/\/wodgear.sk\/en\/product\/outdoor-info-board\/\" \/>\n<meta property=\"og:locale\" content=\"en_US\" \/>\n<meta property=\"og:type\" content=\"article\" \/>\n<meta property=\"og:title\" content=\"WODGEAR | INFO BOARD\" \/>\n<meta property=\"og:description\" content=\"INFO BOARD je informa\u010dn\u00e1 tabu\u013ea ur\u010den\u00e1 k na\u0161im workoutov\u00fdm ihrisk\u00e1m. Obsahuje v\u0161eobecn\u00e9 prev\u00e1dzkov\u00e9 pokyny, pravidl\u00e1 pri cvi\u010den\u00ed a r\u00f4zne in\u00e9 inform\u00e1cie.\" \/>\n<meta property=\"og:url\" content=\"https:\/\/wodgear.sk\/en\/product\/outdoor-info-board\/\" \/>\n<meta property=\"og:site_name\" content=\"WODGEAR\" \/>\n<meta property=\"article:modified_time\" content=\"2025-05-09T09:56:11+00:00\" \/>\n<meta property=\"og:image\" content=\"https:\/\/wodgear.sk\/wp-content\/uploads\/2017\/07\/seo_info-board.png\" \/>\n\t<meta property=\"og:image:width\" content=\"1620\" \/>\n\t<meta property=\"og:image:height\" content=\"1080\" \/>\n<meta name=\"twitter:card\" content=\"summary_large_image\" \/>\n<script type=\"application\/ld+json\" class=\"yoast-schema-graph\">{\"@context\":\"https:\/\/schema.org\",\"@graph\":[{\"@type\":\"WebSite\",\"@id\":\"https:\/\/wodgear.sk\/en\/#website\",\"url\":\"https:\/\/wodgear.sk\/en\/\",\"name\":\"WODGEAR\",\"description\":\"#MakingLifeHarder\",\"potentialAction\":[{\"@type\":\"SearchAction\",\"target\":\"https:\/\/wodgear.sk\/en\/?s={search_term_string}\",\"query-input\":\"required name=search_term_string\"}],\"inLanguage\":\"en-US\"},{\"@type\":\"ImageObject\",\"@id\":\"https:\/\/wodgear.sk\/produkt\/outdoor-info-board\/#primaryimage\",\"inLanguage\":\"en-US\",\"url\":\"https:\/\/wodgear.sk\/wp-content\/uploads\/2019\/03\/info_board_var_0a.png\",\"width\":1620,\"height\":1080},{\"@type\":\"WebPage\",\"@id\":\"https:\/\/wodgear.sk\/produkt\/outdoor-info-board\/#webpage\",\"url\":\"https:\/\/wodgear.sk\/produkt\/outdoor-info-board\/\",\"name\":\"WODGEAR | INFO BOARD\",\"isPartOf\":{\"@id\":\"https:\/\/wodgear.sk\/en\/#website\"},\"primaryImageOfPage\":{\"@id\":\"https:\/\/wodgear.sk\/produkt\/outdoor-info-board\/#primaryimage\"},\"datePublished\":\"2017-07-03T21:50:13+00:00\",\"dateModified\":\"2025-05-09T09:56:11+00:00\",\"description\":\"INFO BOARD je informa\\u010dn\\u00e1 tabu\\u013ea ur\\u010den\\u00e1 k na\\u0161im workoutov\\u00fdm ihrisk\\u00e1m. Obsahuje v\\u0161eobecn\\u00e9 prev\\u00e1dzkov\\u00e9 pokyny, pravidl\\u00e1 pri cvi\\u010den\\u00ed a r\\u00f4zne in\\u00e9 inform\\u00e1cie.\",\"inLanguage\":\"en-US\",\"potentialAction\":[{\"@type\":\"ReadAction\",\"target\":[\"https:\/\/wodgear.sk\/produkt\/outdoor-info-board\/\"]}]}]}<\/script>\n<!-- \/ Yoast SEO plugin. -->","_links":{"self":[{"href":"https:\/\/wodgear.sk\/en\/wp-json\/wp\/v2\/product\/329"}],"collection":[{"href":"https:\/\/wodgear.sk\/en\/wp-json\/wp\/v2\/product"}],"about":[{"href":"https:\/\/wodgear.sk\/en\/wp-json\/wp\/v2\/types\/product"}],"wp:featuredmedia":[{"embeddable":true,"href":"https:\/\/wodgear.sk\/en\/wp-json\/wp\/v2\/media\/8675"}],"wp:attachment":[{"href":"https:\/\/wodgear.sk\/en\/wp-json\/wp\/v2\/media?parent=329"}],"curies":[{"name":"wp","href":"https:\/\/api.w.org\/{rel}","templated":true}]}}