{"id":342,"date":"2017-07-04T08:11:07","date_gmt":"2017-07-04T06:11:07","guid":{"rendered":"http:\/\/wodgear.sk\/?post_type=product&#038;p=342"},"modified":"2024-11-14T14:49:01","modified_gmt":"2024-11-14T13:49:01","slug":"home-paralety","status":"publish","type":"product","link":"https:\/\/wodgear.sk\/en\/product\/home-paralety\/","title":{"rendered":"PARALETY"},"content":{"rendered":"<!DOCTYPE html PUBLIC \"-\/\/W3C\/\/DTD HTML 4.0 Transitional\/\/EN\" \"http:\/\/www.w3.org\/TR\/REC-html40\/loose.dtd\">\n<html><head><meta http-equiv=\"content-type\" content=\"text\/html; charset=utf-8\"><\/head><body><p>PARALETY are great gadgets for functional training and street workout. They are intended mainly for push ups, planches and L-sits. They are made of the highest quality material with emphasis on stability and durability.<\/p>\n<\/body><\/html>","protected":false},"excerpt":{"rendered":"<table>\n<tbody>\n<tr>\n<td>Height:<\/td>\n<td>250 \/custom-made<\/td>\n<\/tr>\n<tr>\n<td>Width:<\/td>\n<td>550\/na mieru mm<\/td>\n<\/tr>\n<tr>\n<td>Depth:<\/td>\n<td>400\/na mieru mm<\/td>\n<\/tr>\n<tr>\n<td>Diameter:<\/td>\n<td>43 mm<\/td>\n<\/tr>\n<tr>\n<td>Info:<\/td>\n<td>je mo\u017en\u00e9 vyrobi\u0165 aj s vlastn\u00fdmi rozmermi<\/td>\n<\/tr>\n<tr>\n<td>Color:<\/td>\n<td>pod\u013ea palety <a href=\"https:\/\/wodgear.sk\/wp-content\/uploads\/2024\/11\/vzorkovnik_palety_ral.pdf\"><span style=\"color: #000000;\">RAL<\/span><\/a><\/td>\n<\/tr>\n<tr>\n<td>Manufacturer:<\/td>\n<td>WODGEAR, s.r.o. SVK<\/td>\n<\/tr>\n<\/tbody>\n<\/table>","protected":false},"featured_media":16598,"template":"","meta":[],"yoast_head":"<!-- This site is optimized with the Yoast SEO plugin v14.8.1 - https:\/\/yoast.com\/wordpress\/plugins\/seo\/ -->\n<title>WODGEAR | PARALETY<\/title>\n<meta name=\"description\" content=\"Paralety s\u00fa mal\u00e9 bradl\u00e1 s mo\u017enos\u0165ou \u00fapravy rozmerov a povrchovej \u00fapravy. Ide\u00e1lne pre street workout, funk\u010dn\u00fd tr\u00e9ning alebo fitness.\" \/>\n<meta name=\"robots\" content=\"index, follow\" \/>\n<meta name=\"googlebot\" content=\"index, follow, max-snippet:-1, max-image-preview:large, max-video-preview:-1\" \/>\n<meta name=\"bingbot\" content=\"index, follow, max-snippet:-1, max-image-preview:large, max-video-preview:-1\" \/>\n<link rel=\"canonical\" href=\"https:\/\/wodgear.sk\/en\/product\/home-paralety\/\" \/>\n<meta property=\"og:locale\" content=\"en_US\" \/>\n<meta property=\"og:type\" content=\"article\" \/>\n<meta property=\"og:title\" content=\"WODGEAR | PARALETY\" \/>\n<meta property=\"og:description\" content=\"Paralety s\u00fa mal\u00e9 bradl\u00e1 s mo\u017enos\u0165ou \u00fapravy rozmerov a povrchovej \u00fapravy. Ide\u00e1lne pre street workout, funk\u010dn\u00fd tr\u00e9ning alebo fitness.\" \/>\n<meta property=\"og:url\" content=\"https:\/\/wodgear.sk\/en\/product\/home-paralety\/\" \/>\n<meta property=\"og:site_name\" content=\"WODGEAR\" \/>\n<meta property=\"article:modified_time\" content=\"2024-11-14T13:49:01+00:00\" \/>\n<meta property=\"og:image\" content=\"https:\/\/wodgear.sk\/wp-content\/uploads\/2020\/04\/paralety_seo.png\" \/>\n\t<meta property=\"og:image:width\" content=\"1200\" \/>\n\t<meta property=\"og:image:height\" content=\"800\" \/>\n<meta name=\"twitter:card\" content=\"summary_large_image\" \/>\n<script type=\"application\/ld+json\" class=\"yoast-schema-graph\">{\"@context\":\"https:\/\/schema.org\",\"@graph\":[{\"@type\":\"WebSite\",\"@id\":\"https:\/\/wodgear.sk\/en\/#website\",\"url\":\"https:\/\/wodgear.sk\/en\/\",\"name\":\"WODGEAR\",\"description\":\"#MakingLifeHarder\",\"potentialAction\":[{\"@type\":\"SearchAction\",\"target\":\"https:\/\/wodgear.sk\/en\/?s={search_term_string}\",\"query-input\":\"required name=search_term_string\"}],\"inLanguage\":\"en-US\"},{\"@type\":\"ImageObject\",\"@id\":\"https:\/\/wodgear.sk\/produkt\/home-paralety\/#primaryimage\",\"inLanguage\":\"en-US\",\"url\":\"https:\/\/wodgear.sk\/wp-content\/uploads\/2020\/04\/paralety_var_0a_black.png\",\"width\":1200,\"height\":800},{\"@type\":\"WebPage\",\"@id\":\"https:\/\/wodgear.sk\/produkt\/home-paralety\/#webpage\",\"url\":\"https:\/\/wodgear.sk\/produkt\/home-paralety\/\",\"name\":\"WODGEAR | PARALETY\",\"isPartOf\":{\"@id\":\"https:\/\/wodgear.sk\/en\/#website\"},\"primaryImageOfPage\":{\"@id\":\"https:\/\/wodgear.sk\/produkt\/home-paralety\/#primaryimage\"},\"datePublished\":\"2017-07-04T06:11:07+00:00\",\"dateModified\":\"2024-11-14T13:49:01+00:00\",\"description\":\"Paralety s\\u00fa mal\\u00e9 bradl\\u00e1 s mo\\u017enos\\u0165ou \\u00fapravy rozmerov a povrchovej \\u00fapravy. Ide\\u00e1lne pre street workout, funk\\u010dn\\u00fd tr\\u00e9ning alebo fitness.\",\"inLanguage\":\"en-US\",\"potentialAction\":[{\"@type\":\"ReadAction\",\"target\":[\"https:\/\/wodgear.sk\/produkt\/home-paralety\/\"]}]}]}<\/script>\n<!-- \/ Yoast SEO plugin. -->","_links":{"self":[{"href":"https:\/\/wodgear.sk\/en\/wp-json\/wp\/v2\/product\/342"}],"collection":[{"href":"https:\/\/wodgear.sk\/en\/wp-json\/wp\/v2\/product"}],"about":[{"href":"https:\/\/wodgear.sk\/en\/wp-json\/wp\/v2\/types\/product"}],"wp:featuredmedia":[{"embeddable":true,"href":"https:\/\/wodgear.sk\/en\/wp-json\/wp\/v2\/media\/16598"}],"wp:attachment":[{"href":"https:\/\/wodgear.sk\/en\/wp-json\/wp\/v2\/media?parent=342"}],"curies":[{"name":"wp","href":"https:\/\/api.w.org\/{rel}","templated":true}]}}