{"id":346,"date":"2017-07-04T08:13:24","date_gmt":"2017-07-04T06:13:24","guid":{"rendered":"http:\/\/wodgear.sk\/?post_type=product&#038;p=346"},"modified":"2024-11-14T14:49:45","modified_gmt":"2024-11-14T13:49:45","slug":"home-roof-bar","status":"publish","type":"product","link":"https:\/\/wodgear.sk\/en\/product\/home-roof-bar\/","title":{"rendered":"ROOF BAR"},"content":{"rendered":"<!DOCTYPE html PUBLIC \"-\/\/W3C\/\/DTD HTML 4.0 Transitional\/\/EN\" \"http:\/\/www.w3.org\/TR\/REC-html40\/loose.dtd\">\n<html><head><meta http-equiv=\"content-type\" content=\"text\/html; charset=utf-8\"><\/head><body><p>Pull-up, chin-up, muscle-up...a bar is simply the base of every commercial or home gym. Our horizontal bar ROOF BAR is sophisticated with emphasis on stability and durability even in the most challenging circumstances. This bar is mounted primarily to the ceiling, but it\u2019s possible to mount it to the wall too.<\/p>\n<\/body><\/html>","protected":false},"excerpt":{"rendered":"<table>\n<tbody>\n<tr>\n<td>Height:<\/td>\n<td>500\/na mieru mm<\/td>\n<\/tr>\n<tr>\n<td>Width:<\/td>\n<td>1200mm \/custom-made<\/td>\n<\/tr>\n<tr>\n<td>Depth:<\/td>\n<td>500 mm<\/td>\n<\/tr>\n<tr>\n<td>Horizontal bar:<\/td>\n<td>1080mm \/custom-made<\/td>\n<\/tr>\n<tr>\n<td>Mounting:<\/td>\n<td>do stropu\/do steny<\/td>\n<\/tr>\n<tr>\n<td>Info:<\/td>\n<td>je mo\u017en\u00e9 vyrobi\u0165 aj s vlastn\u00fdmi rozmermi<\/td>\n<\/tr>\n<tr>\n<td>Color:<\/td>\n<td>pod\u013ea palety <a href=\"https:\/\/wodgear.sk\/wp-content\/uploads\/2024\/11\/vzorkovnik_palety_ral.pdf\"><span style=\"color: #000000;\">RAL<\/span><\/a><\/td>\n<\/tr>\n<tr>\n<td>Manufacturer:<\/td>\n<td>WODGEAR, s.r.o. SVK<\/td>\n<\/tr>\n<\/tbody>\n<\/table>","protected":false},"featured_media":16635,"template":"","meta":[],"yoast_head":"<!-- This site is optimized with the Yoast SEO plugin v14.8.1 - https:\/\/yoast.com\/wordpress\/plugins\/seo\/ -->\n<title>WODGEAR | ROOF BAR<\/title>\n<meta name=\"description\" content=\"Hrazda na strop alebo na stenu. Ide\u00e1lna pre cvi\u010denie v\u0161etk\u00fdch druhov pr\u00ed\u0165ahov s vlastnou alebo pr\u00eddavnou v\u00e1hou.\" \/>\n<meta name=\"robots\" content=\"index, follow\" \/>\n<meta name=\"googlebot\" content=\"index, follow, max-snippet:-1, max-image-preview:large, max-video-preview:-1\" \/>\n<meta name=\"bingbot\" content=\"index, follow, max-snippet:-1, max-image-preview:large, max-video-preview:-1\" \/>\n<link rel=\"canonical\" href=\"https:\/\/wodgear.sk\/en\/product\/home-roof-bar\/\" \/>\n<meta property=\"og:locale\" content=\"en_US\" \/>\n<meta property=\"og:type\" content=\"article\" \/>\n<meta property=\"og:title\" content=\"WODGEAR | ROOF BAR\" \/>\n<meta property=\"og:description\" content=\"Hrazda na strop alebo na stenu. Ide\u00e1lna pre cvi\u010denie v\u0161etk\u00fdch druhov pr\u00ed\u0165ahov s vlastnou alebo pr\u00eddavnou v\u00e1hou.\" \/>\n<meta property=\"og:url\" content=\"https:\/\/wodgear.sk\/en\/product\/home-roof-bar\/\" \/>\n<meta property=\"og:site_name\" content=\"WODGEAR\" \/>\n<meta property=\"article:modified_time\" content=\"2024-11-14T13:49:45+00:00\" \/>\n<meta property=\"og:image\" content=\"https:\/\/wodgear.sk\/wp-content\/uploads\/2020\/04\/roof_bar_seo.png\" \/>\n\t<meta property=\"og:image:width\" content=\"1200\" \/>\n\t<meta property=\"og:image:height\" content=\"800\" \/>\n<meta name=\"twitter:card\" content=\"summary_large_image\" \/>\n<script type=\"application\/ld+json\" class=\"yoast-schema-graph\">{\"@context\":\"https:\/\/schema.org\",\"@graph\":[{\"@type\":\"WebSite\",\"@id\":\"https:\/\/wodgear.sk\/en\/#website\",\"url\":\"https:\/\/wodgear.sk\/en\/\",\"name\":\"WODGEAR\",\"description\":\"#MakingLifeHarder\",\"potentialAction\":[{\"@type\":\"SearchAction\",\"target\":\"https:\/\/wodgear.sk\/en\/?s={search_term_string}\",\"query-input\":\"required name=search_term_string\"}],\"inLanguage\":\"en-US\"},{\"@type\":\"ImageObject\",\"@id\":\"https:\/\/wodgear.sk\/produkt\/home-roof-bar\/#primaryimage\",\"inLanguage\":\"en-US\",\"url\":\"https:\/\/wodgear.sk\/wp-content\/uploads\/2020\/04\/roof_bar_var_0a_red.png\",\"width\":1200,\"height\":800},{\"@type\":\"WebPage\",\"@id\":\"https:\/\/wodgear.sk\/produkt\/home-roof-bar\/#webpage\",\"url\":\"https:\/\/wodgear.sk\/produkt\/home-roof-bar\/\",\"name\":\"WODGEAR | ROOF BAR\",\"isPartOf\":{\"@id\":\"https:\/\/wodgear.sk\/en\/#website\"},\"primaryImageOfPage\":{\"@id\":\"https:\/\/wodgear.sk\/produkt\/home-roof-bar\/#primaryimage\"},\"datePublished\":\"2017-07-04T06:13:24+00:00\",\"dateModified\":\"2024-11-14T13:49:45+00:00\",\"description\":\"Hrazda na strop alebo na stenu. Ide\\u00e1lna pre cvi\\u010denie v\\u0161etk\\u00fdch druhov pr\\u00ed\\u0165ahov s vlastnou alebo pr\\u00eddavnou v\\u00e1hou.\",\"inLanguage\":\"en-US\",\"potentialAction\":[{\"@type\":\"ReadAction\",\"target\":[\"https:\/\/wodgear.sk\/produkt\/home-roof-bar\/\"]}]}]}<\/script>\n<!-- \/ Yoast SEO plugin. -->","_links":{"self":[{"href":"https:\/\/wodgear.sk\/en\/wp-json\/wp\/v2\/product\/346"}],"collection":[{"href":"https:\/\/wodgear.sk\/en\/wp-json\/wp\/v2\/product"}],"about":[{"href":"https:\/\/wodgear.sk\/en\/wp-json\/wp\/v2\/types\/product"}],"wp:featuredmedia":[{"embeddable":true,"href":"https:\/\/wodgear.sk\/en\/wp-json\/wp\/v2\/media\/16635"}],"wp:attachment":[{"href":"https:\/\/wodgear.sk\/en\/wp-json\/wp\/v2\/media?parent=346"}],"curies":[{"name":"wp","href":"https:\/\/api.w.org\/{rel}","templated":true}]}}