{"id":3490,"date":"2018-03-19T09:39:23","date_gmt":"2018-03-19T08:39:23","guid":{"rendered":"http:\/\/wodgear.sk\/?post_type=product&#038;p=3490"},"modified":"2024-11-14T17:23:23","modified_gmt":"2024-11-14T16:23:23","slug":"indoor-wing-bars","status":"publish","type":"product","link":"https:\/\/wodgear.sk\/en\/product\/indoor-wing-bars\/","title":{"rendered":"WING BARS"},"content":{"rendered":"<!DOCTYPE html PUBLIC \"-\/\/W3C\/\/DTD HTML 4.0 Transitional\/\/EN\" \"http:\/\/www.w3.org\/TR\/REC-html40\/loose.dtd\">\n<html><head><meta http-equiv=\"content-type\" content=\"text\/html; charset=utf-8\"><\/head><body><p>Sloping ladder WING BARS is an ideal extension of our indoor RIG, WALLMOUNT and RACK constructions. It is intended for explosive pull-ups training and it can help you gain explosive strength and better form. You can also use it to hang the rope, heavy bag or rings. Thanks to a modern design it\u2019s not necessary to use higher uprights and additional installation of the ladder is simple. This ladder will be an irreplaceable part of your construction.<\/p>\n<\/body><\/html>","protected":false},"excerpt":{"rendered":"<table>\n<tbody>\n<tr>\n<td>N\u00e1klon:<\/td>\n<td>45\u00b0<\/td>\n<\/tr>\n<tr>\n<td>Width:<\/td>\n<td>1080\/1480mm\/ custom made<\/td>\n<\/tr>\n<tr>\n<td>Profile:<\/td>\n<td>80x60x3 mm<\/td>\n<\/tr>\n<tr>\n<td>Diameter:<\/td>\n<td>34 mm<\/td>\n<\/tr>\n<tr>\n<td>Presun:<\/td>\n<td>fixn\u00e9<\/td>\n<\/tr>\n<tr>\n<td>Info:<\/td>\n<td>je mo\u017en\u00e9 vyrobi\u0165 aj s vlastn\u00fdmi rozmermi<\/td>\n<\/tr>\n<tr>\n<td>Color:<\/td>\n<td>pod\u013ea palety <a href=\"https:\/\/wodgear.sk\/wp-content\/uploads\/2024\/11\/vzorkovnik_palety_ral.pdf\"><span style=\"color: #000000;\">RAL<\/span><\/a><\/td>\n<\/tr>\n<tr>\n<td>Manufacturer:<\/td>\n<td>WODGEAR, s.r.o. SVK<\/td>\n<\/tr>\n<\/tbody>\n<\/table>","protected":false},"featured_media":20430,"template":"","meta":[],"yoast_head":"<!-- This site is optimized with the Yoast SEO plugin v14.8.1 - https:\/\/yoast.com\/wordpress\/plugins\/seo\/ -->\n<title>WODGEAR | WING BARS<\/title>\n<meta name=\"description\" content=\"\u0160ikm\u00fd rebr\u00edk WING BARS je ide\u00e1lnym roz\u0161\u00edren\u00edm na\u0161ich indoorov\u00fdch RIG, WALLMOUNT a RACK kon\u0161trukci\u00ed. Je ur\u010den\u00fd pre tr\u00e9ning exploz\u00edvnych pr\u00ed\u0165ahov.\" \/>\n<meta name=\"robots\" content=\"index, follow\" \/>\n<meta name=\"googlebot\" content=\"index, follow, max-snippet:-1, max-image-preview:large, max-video-preview:-1\" \/>\n<meta name=\"bingbot\" content=\"index, follow, max-snippet:-1, max-image-preview:large, max-video-preview:-1\" \/>\n<link rel=\"canonical\" href=\"https:\/\/wodgear.sk\/en\/product\/indoor-wing-bars\/\" \/>\n<meta property=\"og:locale\" content=\"en_US\" \/>\n<meta property=\"og:type\" content=\"article\" \/>\n<meta property=\"og:title\" content=\"WODGEAR | WING BARS\" \/>\n<meta property=\"og:description\" content=\"\u0160ikm\u00fd rebr\u00edk WING BARS je ide\u00e1lnym roz\u0161\u00edren\u00edm na\u0161ich indoorov\u00fdch RIG, WALLMOUNT a RACK kon\u0161trukci\u00ed. Je ur\u010den\u00fd pre tr\u00e9ning exploz\u00edvnych pr\u00ed\u0165ahov.\" \/>\n<meta property=\"og:url\" content=\"https:\/\/wodgear.sk\/en\/product\/indoor-wing-bars\/\" \/>\n<meta property=\"og:site_name\" content=\"WODGEAR\" \/>\n<meta property=\"article:modified_time\" content=\"2024-11-14T16:23:23+00:00\" \/>\n<meta property=\"og:image\" content=\"https:\/\/wodgear.sk\/wp-content\/uploads\/2020\/08\/wing_bars_seo.png\" \/>\n\t<meta property=\"og:image:width\" content=\"1200\" \/>\n\t<meta property=\"og:image:height\" content=\"800\" \/>\n<meta name=\"twitter:card\" content=\"summary_large_image\" \/>\n<script type=\"application\/ld+json\" class=\"yoast-schema-graph\">{\"@context\":\"https:\/\/schema.org\",\"@graph\":[{\"@type\":\"WebSite\",\"@id\":\"https:\/\/wodgear.sk\/en\/#website\",\"url\":\"https:\/\/wodgear.sk\/en\/\",\"name\":\"WODGEAR\",\"description\":\"#MakingLifeHarder\",\"potentialAction\":[{\"@type\":\"SearchAction\",\"target\":\"https:\/\/wodgear.sk\/en\/?s={search_term_string}\",\"query-input\":\"required name=search_term_string\"}],\"inLanguage\":\"en-US\"},{\"@type\":\"ImageObject\",\"@id\":\"https:\/\/wodgear.sk\/produkt\/indoor-wing-bars\/#primaryimage\",\"inLanguage\":\"en-US\",\"url\":\"https:\/\/wodgear.sk\/wp-content\/uploads\/2020\/08\/wing_bars_main.png\",\"width\":1200,\"height\":800},{\"@type\":\"WebPage\",\"@id\":\"https:\/\/wodgear.sk\/produkt\/indoor-wing-bars\/#webpage\",\"url\":\"https:\/\/wodgear.sk\/produkt\/indoor-wing-bars\/\",\"name\":\"WODGEAR | WING BARS\",\"isPartOf\":{\"@id\":\"https:\/\/wodgear.sk\/en\/#website\"},\"primaryImageOfPage\":{\"@id\":\"https:\/\/wodgear.sk\/produkt\/indoor-wing-bars\/#primaryimage\"},\"datePublished\":\"2018-03-19T08:39:23+00:00\",\"dateModified\":\"2024-11-14T16:23:23+00:00\",\"description\":\"\\u0160ikm\\u00fd rebr\\u00edk WING BARS je ide\\u00e1lnym roz\\u0161\\u00edren\\u00edm na\\u0161ich indoorov\\u00fdch RIG, WALLMOUNT a RACK kon\\u0161trukci\\u00ed. Je ur\\u010den\\u00fd pre tr\\u00e9ning exploz\\u00edvnych pr\\u00ed\\u0165ahov.\",\"inLanguage\":\"en-US\",\"potentialAction\":[{\"@type\":\"ReadAction\",\"target\":[\"https:\/\/wodgear.sk\/produkt\/indoor-wing-bars\/\"]}]}]}<\/script>\n<!-- \/ Yoast SEO plugin. -->","_links":{"self":[{"href":"https:\/\/wodgear.sk\/en\/wp-json\/wp\/v2\/product\/3490"}],"collection":[{"href":"https:\/\/wodgear.sk\/en\/wp-json\/wp\/v2\/product"}],"about":[{"href":"https:\/\/wodgear.sk\/en\/wp-json\/wp\/v2\/types\/product"}],"wp:featuredmedia":[{"embeddable":true,"href":"https:\/\/wodgear.sk\/en\/wp-json\/wp\/v2\/media\/20430"}],"wp:attachment":[{"href":"https:\/\/wodgear.sk\/en\/wp-json\/wp\/v2\/media?parent=3490"}],"curies":[{"name":"wp","href":"https:\/\/api.w.org\/{rel}","templated":true}]}}