{"id":360,"date":"2017-07-04T08:38:20","date_gmt":"2017-07-04T06:38:20","guid":{"rendered":"http:\/\/wodgear.sk\/?post_type=product&#038;p=360"},"modified":"2026-03-19T09:29:24","modified_gmt":"2026-03-19T08:29:24","slug":"indoor-leg-basic","status":"publish","type":"product","link":"https:\/\/wodgear.sk\/en\/product\/indoor-leg-basic\/","title":{"rendered":"LEG <span>BASIC<\/span>"},"content":{"rendered":"<!DOCTYPE html PUBLIC \"-\/\/W3C\/\/DTD HTML 4.0 Transitional\/\/EN\" \"http:\/\/www.w3.org\/TR\/REC-html40\/loose.dtd\">\n<html><head><meta http-equiv=\"content-type\" content=\"text\/html; charset=utf-8\"><\/head><body><p>LEG BASIC je na\u0161ou z\u00e1kladnou verziou stojky. Je vyroben\u00e1 z mas\u00edvnych profilov 80\u00d780 s hr\u00fabkou steny 3mm alebo 4mm. Otvory na uchytenie doplnkov ako s\u00fa JCUPS, DIP HORNS alebo SAFETY ARMS s\u00fa z dvoch hlavn\u00fdch str\u00e1n stojky. Ka\u017ed\u00e1 \u0161tvrt\u00e1 diera je ozna\u010den\u00e1 ov\u00e1lnou zna\u010dkou pre jednoduch\u0161ie nastavovanie v\u00fd\u0161ky doplnkov. Otvory na uchytenie komponentov ako s\u00fa CROSSMEMBER alebo MONKEY BARS s\u00fa zo v\u0161etk\u00fdch \u0161tyroch str\u00e1n stojky.<\/p>\n<\/body><\/html>","protected":false},"excerpt":{"rendered":"<p><strong>RIG<\/strong><\/p>\n<table>\n<tbody>\n<tr>\n<td>Height:<\/td>\n<td>2000\/2200\/2400\/2800\/3200\/na mieru mm<\/td>\n<\/tr>\n<tr>\n<td>Profile:<\/td>\n<td>80x80x3\/4 mm<\/td>\n<\/tr>\n<tr>\n<td>Material:<\/td>\n<td>steel\/stainless<\/td>\n<\/tr>\n<tr>\n<td>Holes:<\/td>\n<td>from 140 psc<\/td>\n<\/tr>\n<tr>\n<td>Additional:<\/td>\n<td>80 ks<\/td>\n<\/tr>\n<tr>\n<td>Platni\u010dka:<\/td>\n<td>200&#215;200 mm pre \u0161tyri kotvy<\/td>\n<\/tr>\n<tr>\n<td>Info:<\/td>\n<td>accessories can be installed into any holes<\/td>\n<\/tr>\n<tr>\n<td>Color:<\/td>\n<td>pod\u013ea palety <a href=\"https:\/\/wodgear.sk\/wp-content\/uploads\/2024\/11\/vzorkovnik_palety_ral.pdf\"><span style=\"color: #000000;\">RAL<\/span><\/a><\/td>\n<\/tr>\n<tr>\n<td>Manufacturer:<\/td>\n<td>WODGEAR, s.r.o. SVK<\/td>\n<\/tr>\n<\/tbody>\n<\/table>\n<p><strong>RACK<\/strong><\/p>\n<table>\n<tbody>\n<tr>\n<td>Height:<\/td>\n<td>2000\/2200\/2400\/2800\/3200\/na mieru mm<\/td>\n<\/tr>\n<tr>\n<td>Profile:<\/td>\n<td>80x80x3\/4 mm<\/td>\n<\/tr>\n<tr>\n<td>Material:<\/td>\n<td>steel\/stainless<\/td>\n<\/tr>\n<tr>\n<td>Holes:<\/td>\n<td>from 140 psc<\/td>\n<\/tr>\n<tr>\n<td>Additional:<\/td>\n<td>80 ks<\/td>\n<\/tr>\n<tr>\n<td>Platni\u010dka:<\/td>\n<td>150&#215;100 mm pre jednu kotvu<\/td>\n<\/tr>\n<tr>\n<td>Info:<\/td>\n<td>accessories can be installed into any holes<\/td>\n<\/tr>\n<tr>\n<td>Color:<\/td>\n<td>pod\u013ea palety <a href=\"https:\/\/wodgear.sk\/wp-content\/uploads\/2024\/11\/vzorkovnik_palety_ral.pdf\"><span style=\"color: #000000;\">RAL<\/span><\/a><\/td>\n<\/tr>\n<tr>\n<td>Manufacturer:<\/td>\n<td>WODGEAR, s.r.o. SVK<\/td>\n<\/tr>\n<\/tbody>\n<\/table>","protected":false},"featured_media":24067,"template":"","meta":[],"yoast_head":"<!-- This site is optimized with the Yoast SEO plugin v14.8.1 - https:\/\/yoast.com\/wordpress\/plugins\/seo\/ -->\n<title>WODGEAR | LEG BASIC<\/title>\n<meta name=\"description\" content=\"Stojky LEG s\u00fa z\u00e1kladn\u00fdm stavebn\u00fdm prvkom ka\u017edej indoorovej workoutovej kon\u0161trukcie. S\u00fa ur\u010den\u00e9 pre kon\u0161trukcie typu RIG, WALLMOUNT a RACK.\" \/>\n<meta name=\"robots\" content=\"index, follow\" \/>\n<meta name=\"googlebot\" content=\"index, follow, max-snippet:-1, max-image-preview:large, max-video-preview:-1\" \/>\n<meta name=\"bingbot\" content=\"index, follow, max-snippet:-1, max-image-preview:large, max-video-preview:-1\" \/>\n<link rel=\"canonical\" href=\"https:\/\/wodgear.sk\/en\/product\/indoor-leg-basic\/\" \/>\n<meta property=\"og:locale\" content=\"en_US\" \/>\n<meta property=\"og:type\" content=\"article\" \/>\n<meta property=\"og:title\" content=\"WODGEAR | LEG BASIC\" \/>\n<meta property=\"og:description\" content=\"Stojky LEG s\u00fa z\u00e1kladn\u00fdm stavebn\u00fdm prvkom ka\u017edej indoorovej workoutovej kon\u0161trukcie. S\u00fa ur\u010den\u00e9 pre kon\u0161trukcie typu RIG, WALLMOUNT a RACK.\" \/>\n<meta property=\"og:url\" content=\"https:\/\/wodgear.sk\/en\/product\/indoor-leg-basic\/\" \/>\n<meta property=\"og:site_name\" content=\"WODGEAR\" \/>\n<meta property=\"article:modified_time\" content=\"2026-03-19T08:29:24+00:00\" \/>\n<meta name=\"twitter:card\" content=\"summary_large_image\" \/>\n<meta name=\"twitter:image\" content=\"https:\/\/wodgear.sk\/wp-content\/uploads\/2022\/06\/leg_basic_main.png\" \/>\n<script type=\"application\/ld+json\" class=\"yoast-schema-graph\">{\"@context\":\"https:\/\/schema.org\",\"@graph\":[{\"@type\":\"WebSite\",\"@id\":\"https:\/\/wodgear.sk\/en\/#website\",\"url\":\"https:\/\/wodgear.sk\/en\/\",\"name\":\"WODGEAR\",\"description\":\"#MakingLifeHarder\",\"potentialAction\":[{\"@type\":\"SearchAction\",\"target\":\"https:\/\/wodgear.sk\/en\/?s={search_term_string}\",\"query-input\":\"required name=search_term_string\"}],\"inLanguage\":\"en-US\"},{\"@type\":\"ImageObject\",\"@id\":\"https:\/\/wodgear.sk\/produkt\/indoor-leg-basic\/#primaryimage\",\"inLanguage\":\"en-US\",\"url\":\"https:\/\/wodgear.sk\/wp-content\/uploads\/2022\/06\/leg_basic_main.png\",\"width\":1200,\"height\":800},{\"@type\":\"WebPage\",\"@id\":\"https:\/\/wodgear.sk\/produkt\/indoor-leg-basic\/#webpage\",\"url\":\"https:\/\/wodgear.sk\/produkt\/indoor-leg-basic\/\",\"name\":\"WODGEAR | LEG BASIC\",\"isPartOf\":{\"@id\":\"https:\/\/wodgear.sk\/en\/#website\"},\"primaryImageOfPage\":{\"@id\":\"https:\/\/wodgear.sk\/produkt\/indoor-leg-basic\/#primaryimage\"},\"datePublished\":\"2017-07-04T06:38:20+00:00\",\"dateModified\":\"2026-03-19T08:29:24+00:00\",\"description\":\"Stojky LEG s\\u00fa z\\u00e1kladn\\u00fdm stavebn\\u00fdm prvkom ka\\u017edej indoorovej workoutovej kon\\u0161trukcie. S\\u00fa ur\\u010den\\u00e9 pre kon\\u0161trukcie typu RIG, WALLMOUNT a RACK.\",\"inLanguage\":\"en-US\",\"potentialAction\":[{\"@type\":\"ReadAction\",\"target\":[\"https:\/\/wodgear.sk\/produkt\/indoor-leg-basic\/\"]}]}]}<\/script>\n<!-- \/ Yoast SEO plugin. -->","_links":{"self":[{"href":"https:\/\/wodgear.sk\/en\/wp-json\/wp\/v2\/product\/360"}],"collection":[{"href":"https:\/\/wodgear.sk\/en\/wp-json\/wp\/v2\/product"}],"about":[{"href":"https:\/\/wodgear.sk\/en\/wp-json\/wp\/v2\/types\/product"}],"wp:featuredmedia":[{"embeddable":true,"href":"https:\/\/wodgear.sk\/en\/wp-json\/wp\/v2\/media\/24067"}],"wp:attachment":[{"href":"https:\/\/wodgear.sk\/en\/wp-json\/wp\/v2\/media?parent=360"}],"curies":[{"name":"wp","href":"https:\/\/api.w.org\/{rel}","templated":true}]}}