{"id":385,"date":"2017-07-04T09:20:59","date_gmt":"2017-07-04T07:20:59","guid":{"rendered":"http:\/\/wodgear.sk\/?post_type=product&#038;p=385"},"modified":"2024-11-14T17:35:50","modified_gmt":"2024-11-14T16:35:50","slug":"indoor-multigrip","status":"publish","type":"product","link":"https:\/\/wodgear.sk\/en\/product\/indoor-multigrip\/","title":{"rendered":"MULTIGRIP"},"content":{"rendered":"<!DOCTYPE html PUBLIC \"-\/\/W3C\/\/DTD HTML 4.0 Transitional\/\/EN\" \"http:\/\/www.w3.org\/TR\/REC-html40\/loose.dtd\">\n<html><head><meta http-equiv=\"content-type\" content=\"text\/html; charset=utf-8\"><\/head><body><p>MULTIGRIP je hrazda s r\u00f4znymi mo\u017enos\u0165ami \u00fachopu. \u010ci u\u017e pr\u00ed\u0165ahy na \u0161iroko, alebo s neutr\u00e1lnym \u00fachopom\u2026 s na\u0161im multigripom \u017eiaden probl\u00e9m. Pon\u00fakame tri z\u00e1kladn\u00e9 d\u013a\u017eky nosn\u00edka a to 1080mm, 1480mm a 1800mm. S\u00fa vyroben\u00e9 z odolnej hrubostennej ocele s kvalitnou povrchovou \u00fapravou a vydr\u017eia aj ten naj\u0165a\u017e\u0161\u00ed tr\u00e9ning.<\/p>\n<\/body><\/html>","protected":false},"excerpt":{"rendered":"<table>\n<tbody>\n<tr>\n<td>Length:<\/td>\n<td>1080\/1480\/1800mm \/custom-made<\/td>\n<\/tr>\n<tr>\n<td>Profile:<\/td>\n<td>80x80x3 mm<\/td>\n<\/tr>\n<tr>\n<td>Handle:<\/td>\n<td>34 mm<\/td>\n<\/tr>\n<tr>\n<td>Presun:<\/td>\n<td>fixn\u00e9<\/td>\n<\/tr>\n<tr>\n<td>Info:<\/td>\n<td>possible to custom-made the length<\/td>\n<\/tr>\n<tr>\n<td>Color:<\/td>\n<td>pod\u013ea palety <a href=\"https:\/\/wodgear.sk\/wp-content\/uploads\/2024\/11\/vzorkovnik_palety_ral.pdf\"><span style=\"color: #000000;\">RAL<\/span><\/a><\/td>\n<\/tr>\n<tr>\n<td>Manufacturer:<\/td>\n<td>WODGEAR, s.r.o. SVK<\/td>\n<\/tr>\n<\/tbody>\n<\/table>","protected":false},"featured_media":16892,"template":"","meta":[],"yoast_head":"<!-- This site is optimized with the Yoast SEO plugin v14.8.1 - https:\/\/yoast.com\/wordpress\/plugins\/seo\/ -->\n<title>WODGEAR | MULTIGRIP<\/title>\n<meta name=\"description\" content=\"MULTIGRIP je hrazda s r\u00f4znymi mo\u017enos\u0165ami \u00fachopu. \u010ci u\u017e pr\u00ed\u0165ahy na \u0161iroko, alebo s neutr\u00e1lnym \u00fachopom... s na\u0161im multigripom \u017eiaden probl\u00e9m.\" \/>\n<meta name=\"robots\" content=\"index, follow\" \/>\n<meta name=\"googlebot\" content=\"index, follow, max-snippet:-1, max-image-preview:large, max-video-preview:-1\" \/>\n<meta name=\"bingbot\" content=\"index, follow, max-snippet:-1, max-image-preview:large, max-video-preview:-1\" \/>\n<link rel=\"canonical\" href=\"https:\/\/wodgear.sk\/en\/product\/indoor-multigrip\/\" \/>\n<meta property=\"og:locale\" content=\"en_US\" \/>\n<meta property=\"og:type\" content=\"article\" \/>\n<meta property=\"og:title\" content=\"WODGEAR | MULTIGRIP\" \/>\n<meta property=\"og:description\" content=\"MULTIGRIP je hrazda s r\u00f4znymi mo\u017enos\u0165ami \u00fachopu. \u010ci u\u017e pr\u00ed\u0165ahy na \u0161iroko, alebo s neutr\u00e1lnym \u00fachopom... s na\u0161im multigripom \u017eiaden probl\u00e9m.\" \/>\n<meta property=\"og:url\" content=\"https:\/\/wodgear.sk\/en\/product\/indoor-multigrip\/\" \/>\n<meta property=\"og:site_name\" content=\"WODGEAR\" \/>\n<meta property=\"article:modified_time\" content=\"2024-11-14T16:35:50+00:00\" \/>\n<meta property=\"og:image\" content=\"https:\/\/wodgear.sk\/wp-content\/uploads\/2020\/04\/multigrip_var_seo.png\" \/>\n\t<meta property=\"og:image:width\" content=\"1200\" \/>\n\t<meta property=\"og:image:height\" content=\"800\" \/>\n<meta name=\"twitter:card\" content=\"summary_large_image\" \/>\n<script type=\"application\/ld+json\" class=\"yoast-schema-graph\">{\"@context\":\"https:\/\/schema.org\",\"@graph\":[{\"@type\":\"WebSite\",\"@id\":\"https:\/\/wodgear.sk\/en\/#website\",\"url\":\"https:\/\/wodgear.sk\/en\/\",\"name\":\"WODGEAR\",\"description\":\"#MakingLifeHarder\",\"potentialAction\":[{\"@type\":\"SearchAction\",\"target\":\"https:\/\/wodgear.sk\/en\/?s={search_term_string}\",\"query-input\":\"required name=search_term_string\"}],\"inLanguage\":\"en-US\"},{\"@type\":\"ImageObject\",\"@id\":\"https:\/\/wodgear.sk\/produkt\/indoor-multigrip\/#primaryimage\",\"inLanguage\":\"en-US\",\"url\":\"https:\/\/wodgear.sk\/wp-content\/uploads\/2020\/04\/multigrip_var_main.png\",\"width\":1200,\"height\":800},{\"@type\":\"WebPage\",\"@id\":\"https:\/\/wodgear.sk\/produkt\/indoor-multigrip\/#webpage\",\"url\":\"https:\/\/wodgear.sk\/produkt\/indoor-multigrip\/\",\"name\":\"WODGEAR | MULTIGRIP\",\"isPartOf\":{\"@id\":\"https:\/\/wodgear.sk\/en\/#website\"},\"primaryImageOfPage\":{\"@id\":\"https:\/\/wodgear.sk\/produkt\/indoor-multigrip\/#primaryimage\"},\"datePublished\":\"2017-07-04T07:20:59+00:00\",\"dateModified\":\"2024-11-14T16:35:50+00:00\",\"description\":\"MULTIGRIP je hrazda s r\\u00f4znymi mo\\u017enos\\u0165ami \\u00fachopu. \\u010ci u\\u017e pr\\u00ed\\u0165ahy na \\u0161iroko, alebo s neutr\\u00e1lnym \\u00fachopom... s na\\u0161im multigripom \\u017eiaden probl\\u00e9m.\",\"inLanguage\":\"en-US\",\"potentialAction\":[{\"@type\":\"ReadAction\",\"target\":[\"https:\/\/wodgear.sk\/produkt\/indoor-multigrip\/\"]}]}]}<\/script>\n<!-- \/ Yoast SEO plugin. -->","_links":{"self":[{"href":"https:\/\/wodgear.sk\/en\/wp-json\/wp\/v2\/product\/385"}],"collection":[{"href":"https:\/\/wodgear.sk\/en\/wp-json\/wp\/v2\/product"}],"about":[{"href":"https:\/\/wodgear.sk\/en\/wp-json\/wp\/v2\/types\/product"}],"wp:featuredmedia":[{"embeddable":true,"href":"https:\/\/wodgear.sk\/en\/wp-json\/wp\/v2\/media\/16892"}],"wp:attachment":[{"href":"https:\/\/wodgear.sk\/en\/wp-json\/wp\/v2\/media?parent=385"}],"curies":[{"name":"wp","href":"https:\/\/api.w.org\/{rel}","templated":true}]}}