{"id":390,"date":"2017-07-04T09:22:28","date_gmt":"2017-07-04T07:22:28","guid":{"rendered":"http:\/\/wodgear.sk\/?post_type=product&#038;p=390"},"modified":"2024-11-14T17:35:39","modified_gmt":"2024-11-14T16:35:39","slug":"indoor-monkey-bars","status":"publish","type":"product","link":"https:\/\/wodgear.sk\/en\/product\/indoor-monkey-bars\/","title":{"rendered":"MONKEY BARS"},"content":{"rendered":"<!DOCTYPE html PUBLIC \"-\/\/W3C\/\/DTD HTML 4.0 Transitional\/\/EN\" \"http:\/\/www.w3.org\/TR\/REC-html40\/loose.dtd\">\n<html><head><meta http-equiv=\"content-type\" content=\"text\/html; charset=utf-8\"><\/head><body><p>MONKEY BARS are a perfect extension of our indoor RIG, WALLMOUNT and DOUBLE RACK constructions. Whether for strength or conditioning training this track will be an irreplaceable part of your construction. You can choose the inclination angle, as well as the spacing and diameter of the bars.<\/p>\n<\/body><\/html>","protected":false},"excerpt":{"rendered":"<table>\n<tbody>\n<tr>\n<td>Width:<\/td>\n<td>1080\/1480\/1800mm \/custom-made<\/td>\n<\/tr>\n<tr>\n<td>Depth:<\/td>\n<td>1080\/1480mm\/ custom made<\/td>\n<\/tr>\n<tr>\n<td>Profile:<\/td>\n<td>80x80x3 mm<\/td>\n<\/tr>\n<tr>\n<td>Diameter:<\/td>\n<td>34 mm<\/td>\n<\/tr>\n<tr>\n<td>Presun:<\/td>\n<td>fixn\u00e9<\/td>\n<\/tr>\n<tr>\n<td>Info:<\/td>\n<td>je mo\u017en\u00e9 vyrobi\u0165 aj s vlastn\u00fdmi rozmermi<\/td>\n<\/tr>\n<tr>\n<td>Color:<\/td>\n<td>pod\u013ea palety <a href=\"https:\/\/wodgear.sk\/wp-content\/uploads\/2024\/11\/vzorkovnik_palety_ral.pdf\"><span style=\"color: #000000;\">RAL<\/span><\/a><\/td>\n<\/tr>\n<tr>\n<td>Manufacturer:<\/td>\n<td>WODGEAR, s.r.o. SVK<\/td>\n<\/tr>\n<\/tbody>\n<\/table>","protected":false},"featured_media":21822,"template":"","meta":[],"yoast_head":"<!-- This site is optimized with the Yoast SEO plugin v14.8.1 - https:\/\/yoast.com\/wordpress\/plugins\/seo\/ -->\n<title>WODGEAR | MONKEY BARS<\/title>\n<meta name=\"description\" content=\"R\u00fa\u010dkovacia dr\u00e1ha MONKEY BARS je ide\u00e1lnym roz\u0161\u00edren\u00edm na\u0161ich indoorov\u00fdch kon\u0161trukci\u00ed. T\u00e1to dr\u00e1ha bude nepostr\u00e1date\u013enou s\u00fa\u010das\u0165ou Va\u0161ej kon\u0161trukcie.\" \/>\n<meta name=\"robots\" content=\"index, follow\" \/>\n<meta name=\"googlebot\" content=\"index, follow, max-snippet:-1, max-image-preview:large, max-video-preview:-1\" \/>\n<meta name=\"bingbot\" content=\"index, follow, max-snippet:-1, max-image-preview:large, max-video-preview:-1\" \/>\n<link rel=\"canonical\" href=\"https:\/\/wodgear.sk\/en\/product\/indoor-monkey-bars\/\" \/>\n<meta property=\"og:locale\" content=\"en_US\" \/>\n<meta property=\"og:type\" content=\"article\" \/>\n<meta property=\"og:title\" content=\"WODGEAR | MONKEY BARS\" \/>\n<meta property=\"og:description\" content=\"R\u00fa\u010dkovacia dr\u00e1ha MONKEY BARS je ide\u00e1lnym roz\u0161\u00edren\u00edm na\u0161ich indoorov\u00fdch kon\u0161trukci\u00ed. T\u00e1to dr\u00e1ha bude nepostr\u00e1date\u013enou s\u00fa\u010das\u0165ou Va\u0161ej kon\u0161trukcie.\" \/>\n<meta property=\"og:url\" content=\"https:\/\/wodgear.sk\/en\/product\/indoor-monkey-bars\/\" \/>\n<meta property=\"og:site_name\" content=\"WODGEAR\" \/>\n<meta property=\"article:modified_time\" content=\"2024-11-14T16:35:39+00:00\" \/>\n<meta property=\"og:image\" content=\"https:\/\/wodgear.sk\/wp-content\/uploads\/2020\/11\/monkey_bars_seo.png\" \/>\n\t<meta property=\"og:image:width\" content=\"1200\" \/>\n\t<meta property=\"og:image:height\" content=\"800\" \/>\n<meta name=\"twitter:card\" content=\"summary_large_image\" \/>\n<script type=\"application\/ld+json\" class=\"yoast-schema-graph\">{\"@context\":\"https:\/\/schema.org\",\"@graph\":[{\"@type\":\"WebSite\",\"@id\":\"https:\/\/wodgear.sk\/en\/#website\",\"url\":\"https:\/\/wodgear.sk\/en\/\",\"name\":\"WODGEAR\",\"description\":\"#MakingLifeHarder\",\"potentialAction\":[{\"@type\":\"SearchAction\",\"target\":\"https:\/\/wodgear.sk\/en\/?s={search_term_string}\",\"query-input\":\"required name=search_term_string\"}],\"inLanguage\":\"en-US\"},{\"@type\":\"ImageObject\",\"@id\":\"https:\/\/wodgear.sk\/produkt\/indoor-monkey-bars\/#primaryimage\",\"inLanguage\":\"en-US\",\"url\":\"https:\/\/wodgear.sk\/wp-content\/uploads\/2020\/11\/monkey_bars_main.png\",\"width\":1200,\"height\":800},{\"@type\":\"WebPage\",\"@id\":\"https:\/\/wodgear.sk\/produkt\/indoor-monkey-bars\/#webpage\",\"url\":\"https:\/\/wodgear.sk\/produkt\/indoor-monkey-bars\/\",\"name\":\"WODGEAR | MONKEY BARS\",\"isPartOf\":{\"@id\":\"https:\/\/wodgear.sk\/en\/#website\"},\"primaryImageOfPage\":{\"@id\":\"https:\/\/wodgear.sk\/produkt\/indoor-monkey-bars\/#primaryimage\"},\"datePublished\":\"2017-07-04T07:22:28+00:00\",\"dateModified\":\"2024-11-14T16:35:39+00:00\",\"description\":\"R\\u00fa\\u010dkovacia dr\\u00e1ha MONKEY BARS je ide\\u00e1lnym roz\\u0161\\u00edren\\u00edm na\\u0161ich indoorov\\u00fdch kon\\u0161trukci\\u00ed. T\\u00e1to dr\\u00e1ha bude nepostr\\u00e1date\\u013enou s\\u00fa\\u010das\\u0165ou Va\\u0161ej kon\\u0161trukcie.\",\"inLanguage\":\"en-US\",\"potentialAction\":[{\"@type\":\"ReadAction\",\"target\":[\"https:\/\/wodgear.sk\/produkt\/indoor-monkey-bars\/\"]}]}]}<\/script>\n<!-- \/ Yoast SEO plugin. -->","_links":{"self":[{"href":"https:\/\/wodgear.sk\/en\/wp-json\/wp\/v2\/product\/390"}],"collection":[{"href":"https:\/\/wodgear.sk\/en\/wp-json\/wp\/v2\/product"}],"about":[{"href":"https:\/\/wodgear.sk\/en\/wp-json\/wp\/v2\/types\/product"}],"wp:featuredmedia":[{"embeddable":true,"href":"https:\/\/wodgear.sk\/en\/wp-json\/wp\/v2\/media\/21822"}],"wp:attachment":[{"href":"https:\/\/wodgear.sk\/en\/wp-json\/wp\/v2\/media?parent=390"}],"curies":[{"name":"wp","href":"https:\/\/api.w.org\/{rel}","templated":true}]}}