{"id":400,"date":"2017-07-04T09:29:19","date_gmt":"2017-07-04T07:29:19","guid":{"rendered":"http:\/\/wodgear.sk\/?post_type=product&#038;p=400"},"modified":"2024-11-14T17:33:13","modified_gmt":"2024-11-14T16:33:13","slug":"indoor-jcups-xl","status":"publish","type":"product","link":"https:\/\/wodgear.sk\/en\/product\/indoor-jcups-xl\/","title":{"rendered":"JCUPS XL"},"content":{"rendered":"<!DOCTYPE html PUBLIC \"-\/\/W3C\/\/DTD HTML 4.0 Transitional\/\/EN\" \"http:\/\/www.w3.org\/TR\/REC-html40\/loose.dtd\">\n<html><head><meta http-equiv=\"content-type\" content=\"text\/html; charset=utf-8\"><\/head><body><p>Odklada\u010de na \u010dinku s\u00fa jedn\u00fdm zo z\u00e1kladn\u00fdch doplnkov pre na\u0161e silov\u00e9 kon\u0161trukcie. S\u00fa ur\u010den\u00e9 pre drepovacie stanovi\u0161tia na odkladanie \u010diniek pri cvi\u010den\u00ed. V\u010faka modern\u00e9mu dizajnu ich u\u017e nemus\u00edte premiest\u0148ova\u0165 pri zmene tr\u00e9ningu. Pon\u00fakaj\u00fa 5 v\u00fd\u0161ok na odkladanie \u010diniek, a tak posl\u00fa\u017eia pri Bench-press aj pri drepoch. JCUPS XL sa skrutkuj\u00fa priamo ku kon\u0161trukcii. V\u010faka tomu ich m\u00f4\u017eete za\u0165a\u017ei\u0165 naozaj vysokou v\u00e1hou. Pon\u00fakame oce\u013eov\u00fa verziu a pre vonkaj\u0161ie pou\u017eitie a odolnos\u0165 aj verziu nerezov\u00fa.<\/p>\n<\/body><\/html>","protected":false},"excerpt":{"rendered":"<table>\n<tbody>\n<tr>\n<td>Minimal capacity:<\/td>\n<td>450 kg\/pair<\/td>\n<\/tr>\n<tr>\n<td>\u010cinky:<\/td>\n<td>do 50 mm<\/td>\n<\/tr>\n<tr>\n<td>Presun:<\/td>\n<td>fixn\u00e9<\/td>\n<\/tr>\n<tr>\n<td>Material:<\/td>\n<td>stainless<\/td>\n<\/tr>\n<tr>\n<td>Info:<\/td>\n<td>je mo\u017en\u00e9 vyrobi\u0165 aj v dvojn\u00e1sobnej v\u00fd\u0161ke<\/td>\n<\/tr>\n<tr>\n<td>Color:<\/td>\n<td>pod\u013ea palety <a href=\"https:\/\/wodgear.sk\/wp-content\/uploads\/2024\/11\/vzorkovnik_palety_ral.pdf\"><span style=\"color: #000000;\">RAL<\/span><\/a><\/td>\n<\/tr>\n<tr>\n<td>Manufacturer:<\/td>\n<td>WODGEAR, s.r.o. SVK<\/td>\n<\/tr>\n<\/tbody>\n<\/table>","protected":false},"featured_media":15113,"template":"","meta":[],"yoast_head":"<!-- This site is optimized with the Yoast SEO plugin v14.8.1 - https:\/\/yoast.com\/wordpress\/plugins\/seo\/ -->\n<title>WODGEAR | JUCPS XL<\/title>\n<meta name=\"description\" content=\"Odklada\u010de na \u010dinku s\u00fa jedn\u00fdm zo z\u00e1kladn\u00fdch doplnkov pre na\u0161e silov\u00e9 kon\u0161trukcie. S\u00fa ur\u010den\u00e9 pre drepovacie stanovi\u0161tia na odkladanie \u010diniek pri cvi\u010den\u00ed.\" \/>\n<meta name=\"robots\" content=\"index, follow\" \/>\n<meta name=\"googlebot\" content=\"index, follow, max-snippet:-1, max-image-preview:large, max-video-preview:-1\" \/>\n<meta name=\"bingbot\" content=\"index, follow, max-snippet:-1, max-image-preview:large, max-video-preview:-1\" \/>\n<link rel=\"canonical\" href=\"https:\/\/wodgear.sk\/en\/product\/indoor-jcups-xl\/\" \/>\n<meta property=\"og:locale\" content=\"en_US\" \/>\n<meta property=\"og:type\" content=\"article\" \/>\n<meta property=\"og:title\" content=\"WODGEAR | JUCPS XL\" \/>\n<meta property=\"og:description\" content=\"Odklada\u010de na \u010dinku s\u00fa jedn\u00fdm zo z\u00e1kladn\u00fdch doplnkov pre na\u0161e silov\u00e9 kon\u0161trukcie. S\u00fa ur\u010den\u00e9 pre drepovacie stanovi\u0161tia na odkladanie \u010diniek pri cvi\u010den\u00ed.\" \/>\n<meta property=\"og:url\" content=\"https:\/\/wodgear.sk\/en\/product\/indoor-jcups-xl\/\" \/>\n<meta property=\"og:site_name\" content=\"WODGEAR\" \/>\n<meta property=\"article:modified_time\" content=\"2024-11-14T16:33:13+00:00\" \/>\n<meta property=\"og:image\" content=\"https:\/\/wodgear.sk\/wp-content\/uploads\/2020\/02\/jcups_xl_seo.png\" \/>\n\t<meta property=\"og:image:width\" content=\"1200\" \/>\n\t<meta property=\"og:image:height\" content=\"800\" \/>\n<meta name=\"twitter:card\" content=\"summary_large_image\" \/>\n<script type=\"application\/ld+json\" class=\"yoast-schema-graph\">{\"@context\":\"https:\/\/schema.org\",\"@graph\":[{\"@type\":\"WebSite\",\"@id\":\"https:\/\/wodgear.sk\/en\/#website\",\"url\":\"https:\/\/wodgear.sk\/en\/\",\"name\":\"WODGEAR\",\"description\":\"#MakingLifeHarder\",\"potentialAction\":[{\"@type\":\"SearchAction\",\"target\":\"https:\/\/wodgear.sk\/en\/?s={search_term_string}\",\"query-input\":\"required name=search_term_string\"}],\"inLanguage\":\"en-US\"},{\"@type\":\"ImageObject\",\"@id\":\"https:\/\/wodgear.sk\/produkt\/indoor-jcups-xl\/#primaryimage\",\"inLanguage\":\"en-US\",\"url\":\"https:\/\/wodgear.sk\/wp-content\/uploads\/2020\/02\/jcups_xl_var_main.png\",\"width\":1200,\"height\":800},{\"@type\":\"WebPage\",\"@id\":\"https:\/\/wodgear.sk\/produkt\/indoor-jcups-xl\/#webpage\",\"url\":\"https:\/\/wodgear.sk\/produkt\/indoor-jcups-xl\/\",\"name\":\"WODGEAR | JUCPS XL\",\"isPartOf\":{\"@id\":\"https:\/\/wodgear.sk\/en\/#website\"},\"primaryImageOfPage\":{\"@id\":\"https:\/\/wodgear.sk\/produkt\/indoor-jcups-xl\/#primaryimage\"},\"datePublished\":\"2017-07-04T07:29:19+00:00\",\"dateModified\":\"2024-11-14T16:33:13+00:00\",\"description\":\"Odklada\\u010de na \\u010dinku s\\u00fa jedn\\u00fdm zo z\\u00e1kladn\\u00fdch doplnkov pre na\\u0161e silov\\u00e9 kon\\u0161trukcie. S\\u00fa ur\\u010den\\u00e9 pre drepovacie stanovi\\u0161tia na odkladanie \\u010diniek pri cvi\\u010den\\u00ed.\",\"inLanguage\":\"en-US\",\"potentialAction\":[{\"@type\":\"ReadAction\",\"target\":[\"https:\/\/wodgear.sk\/produkt\/indoor-jcups-xl\/\"]}]}]}<\/script>\n<!-- \/ Yoast SEO plugin. -->","_links":{"self":[{"href":"https:\/\/wodgear.sk\/en\/wp-json\/wp\/v2\/product\/400"}],"collection":[{"href":"https:\/\/wodgear.sk\/en\/wp-json\/wp\/v2\/product"}],"about":[{"href":"https:\/\/wodgear.sk\/en\/wp-json\/wp\/v2\/types\/product"}],"wp:featuredmedia":[{"embeddable":true,"href":"https:\/\/wodgear.sk\/en\/wp-json\/wp\/v2\/media\/15113"}],"wp:attachment":[{"href":"https:\/\/wodgear.sk\/en\/wp-json\/wp\/v2\/media?parent=400"}],"curies":[{"name":"wp","href":"https:\/\/api.w.org\/{rel}","templated":true}]}}